{"id":10642,"date":"2018-11-13T12:01:47","date_gmt":"2018-11-13T11:01:47","guid":{"rendered":"https:\/\/staging.esa-automation.com\/en\/?page_id=10642"},"modified":"2025-01-30T09:30:46","modified_gmt":"2025-01-30T08:30:46","slug":"minieco-3","status":"publish","type":"page","link":"https:\/\/staging.esa-automation.com\/de\/produkte\/en-drive-2\/minieco\/","title":{"rendered":"MINIECO"},"content":{"rendered":"<div class=\"wpb-content-wrapper\"><p>[vc_section full_width=&#8220;stretch_row&#8220; css=&#8220;.vc_custom_1710233875963{background-color: #000000 !important;}&#8220;][vc_row][vc_column css=&#8220;.vc_custom_1728921388138{padding-right: 0px !important;padding-left: 0px !important;}&#8220;][vc_single_image image=&#8220;17550&#8243; img_size=&#8220;full&#8220; alignment=&#8220;center&#8220; css_animation=&#8220;fadeIn&#8220; parallax_speed_bg=&#8220;1.2&#8243;][\/vc_column][\/vc_row][\/vc_section][vc_row full_width=&#8220;stretch_row&#8220; equal_height=&#8220;yes&#8220; content_placement=&#8220;middle&#8220; css=&#8220;.vc_custom_1707228003784{background-color: #000000 !important;}&#8220;][vc_column width=&#8220;1\/2&#8243; css=&#8220;.vc_custom_1707228026491{padding-top: 0px !important;padding-right: 0px !important;padding-bottom: 0px !important;padding-left: 0px !important;}&#8220;][vc_column_text]<\/p>\n<h1><span style=\"color: #ffffff;\">MiniECO<\/span><\/h1>\n<h3><span style=\"color: #ffffff;\">Antrieb f\u00fcr kleine Servomotoren<\/span><\/h3>\n<p><span style=\"color: #ffffff;\">Der miniECO drive wurde als ausgezeichneter Kompromiss zwischen Leistung und Preis zur Steuerung kleiner\/mittelgro\u00dfer b\u00fcrstenloser Servomotoren mit 230 Vac und einer Leistung von bis zu 1 kW entwickelt. Dieser Drive ist mit einer Nennstromst\u00e4rke von 4 A erh\u00e4ltlich und erm\u00f6glicht eine dezentralisierte Bewegungssteuerung, die \u00fcber die Feldbusse CANopen, Modbus oder EtherCAT ausgef\u00fchrt wird.<\/span>[\/vc_column_text][\/vc_column][vc_column width=&#8220;1\/2&#8243; el_class=&#8220;puntato-bianco&#8220;][vc_gallery interval=&#8220;3&#8243; images=&#8220;11681,11682&#8243; img_size=&#8220;full&#8220; onclick=&#8220;&#8220;][\/vc_column][\/vc_row][vc_section full_width=&#8220;stretch_row&#8220; css=&#8220;.vc_custom_1707236036063{background-color: #00bab3 !important;}&#8220;][vc_row][vc_column css=&#8220;.vc_custom_1707239661132{margin-bottom: 0px !important;}&#8220;][vc_column_text css=&#8220;.vc_custom_1707240059708{margin-bottom: 0px !important;}&#8220;]<\/p>\n<h1><span style=\"color: #ffffff;\">Features<\/span><\/h1>\n<p>[\/vc_column_text][\/vc_column][\/vc_row][vc_row full_width=&#8220;stretch_row&#8220; equal_height=&#8220;yes&#8220; css=&#8220;.vc_custom_1707231915168{background-color: #00bab3 !important;}&#8220;][vc_column width=&#8220;1\/2&#8243; el_class=&#8220;puntato-bianco&#8220; css=&#8220;.vc_custom_1707239671058{padding-top: 0px !important;}&#8220;][vc_column_text]<\/p>\n<ul>\n<li>Stromversorgung 230Vac Ein-\/Dreiphasig<\/li>\n<li>Motor-R\u00fcckmeldungen: Inkrementalgeber, Absolut BiSS-C<\/li>\n<li>Verf\u00fcgbare Feldbusse: CANopen DS402 &#8211; EtherCAT<\/li>\n<li>Verschiedene Onboard-I\/Os: 2 Digitaleing\u00e4nge und 3 Digitalausg\u00e4nge plus 2 Analogeing\u00e4nge<\/li>\n<li>Schutzart: IP20<\/li>\n<\/ul>\n<p>[\/vc_column_text][\/vc_column][vc_column width=&#8220;1\/2&#8243; el_class=&#8220;puntato-bianco&#8220; css=&#8220;.vc_custom_1707240047809{padding-top: 0px !important;}&#8220;][vc_column_text]<\/p>\n<ul>\n<li>CE \/ UL Zertifizierung<\/li>\n<li>Safety Torque Off SIL2<\/li>\n<li>Konfiguration mit Drivewatcher<\/li>\n<li>Vorinstallierte Motordatenbank, optimiert f\u00fcr alle Anwendungen<\/li>\n<\/ul>\n<p>[\/vc_column_text][\/vc_column][\/vc_row][\/vc_section][vc_row equal_height=&#8220;yes&#8220; content_placement=&#8220;middle&#8220;][vc_column][vc_single_image image=&#8220;18056&#8243; img_size=&#8220;full&#8220; alignment=&#8220;center&#8220;][\/vc_column][\/vc_row][vc_row][vc_column][vc_empty_space][vc_accordion active_tab=&#8220;false&#8220; collapsible=&#8220;yes&#8220; el_class=&#8220;.accordionHMI&#8220;][vc_accordion_tab title=&#8220;miniECO&#8220; el_id=&#8220;miniECO&#8220;][vc_column_text el_class=&#8220;tableDownloadPDF&#8220;]\n<table id=\"tablepress-270\" class=\"tablepress tablepress-id-270\">\n<thead>\n<tr class=\"row-1\">\n\t<td class=\"column-1\"><\/td><th class=\"column-2\">MINIECO0408xx<\/th><th class=\"column-3\">MINIECO0409xx<\/th>\n<\/tr>\n<\/thead>\n<tbody class=\"row-striping row-hover\">\n<tr class=\"row-2\">\n\t<td class=\"column-1\">Supply Voltage Power Stage (Vac)<\/td><td class=\"column-2\">1\/3 x 230<\/td><td class=\"column-3\">1\/3 x 230<\/td>\n<\/tr>\n<tr class=\"row-3\">\n\t<td class=\"column-1\">Supply Frequency (Hz)<\/td><td class=\"column-2\">50\/60<\/td><td class=\"column-3\">50\/60<\/td>\n<\/tr>\n<tr class=\"row-4\">\n\t<td class=\"column-1\">Voltage Supply Control Stage (Vdc)<\/td><td class=\"column-2\">24<\/td><td class=\"column-3\">24<\/td>\n<\/tr>\n<tr class=\"row-5\">\n\t<td class=\"column-1\">Output Power (W)<\/td><td class=\"column-2\">1.05<\/td><td class=\"column-3\">1.05<\/td>\n<\/tr>\n<tr class=\"row-6\">\n\t<td class=\"column-1\">Continuous Output Current (ARMS)<\/td><td class=\"column-2\">4<\/td><td class=\"column-3\">4<\/td>\n<\/tr>\n<tr class=\"row-7\">\n\t<td class=\"column-1\">Peak Output Current (for 2 s) (ARMS)<\/td><td class=\"column-2\">8<\/td><td class=\"column-3\">9<\/td>\n<\/tr>\n<tr class=\"row-8\">\n\t<td class=\"column-1\">Output Frequency (Hz)<\/td><td class=\"column-2\">Up to 300<\/td><td class=\"column-3\">Up to 300<\/td>\n<\/tr>\n<tr class=\"row-9\">\n\t<td class=\"column-1\">Switching Frequency PWM (kHz)<\/td><td class=\"column-2\">8<\/td><td class=\"column-3\">8<\/td>\n<\/tr>\n<tr class=\"row-10\">\n\t<td class=\"column-1\">Analogue Input<\/td><td class=\"column-2\">1 x +\/- 10 V and 1 x 0 - 10 V<\/td><td class=\"column-3\">1 x +\/- 10 V and 1 x 0 - 10 V<\/td>\n<\/tr>\n<tr class=\"row-11\">\n\t<td class=\"column-1\">Analogue Output<\/td><td class=\"column-2\">No<\/td><td class=\"column-3\">No<\/td>\n<\/tr>\n<tr class=\"row-12\">\n\t<td class=\"column-1\">Digital Input<\/td><td class=\"column-2\">2 x +24 Vdc (DIR \/ PULSE)<\/td><td class=\"column-3\">2 x +24 Vdc (DIR \/ PULSE)<\/td>\n<\/tr>\n<tr class=\"row-13\">\n\t<td class=\"column-1\">Digital Output<\/td><td class=\"column-2\">3 x +24 Vdc 0,5 A<br \/>\n(Drive OK - EOJ - Brake Control)<\/td><td class=\"column-3\">3 x +24 Vdc 0,5 A<br \/>\n(Drive OK - EOJ - Brake Control)<\/td>\n<\/tr>\n<tr class=\"row-14\">\n\t<td class=\"column-1\">Keypad<\/td><td class=\"column-2\">Yes<\/td><td class=\"column-3\">Yes<\/td>\n<\/tr>\n<tr class=\"row-15\">\n\t<td class=\"column-1\">Encoder Input<\/td><td class=\"column-2\">TTL Incremental 5V LD (2048 - 5000 - 4096 ppr) or BiSS absolute (with option board)<\/td><td class=\"column-3\">TTL Incremental 5V LD (2048 - 5000 - 4096 ppr) or BiSS absolute (with option board)<\/td>\n<\/tr>\n<tr class=\"row-16\">\n\t<td class=\"column-1\">Encoder Output<\/td><td class=\"column-2\">Only for CANOpen version<\/td><td class=\"column-3\">Only for CANOpen version<\/td>\n<\/tr>\n<tr class=\"row-17\">\n\t<td class=\"column-1\">FieldBUS<\/td><td class=\"column-2\">EtherCAT, CANOpen, MODBUS<\/td><td class=\"column-3\">EtherCAT, CANOpen, MODBUS<\/td>\n<\/tr>\n<tr class=\"row-18\">\n\t<td class=\"column-1\">Functions<\/td><td class=\"column-2\">Analog Input - Pulse -<\/td><td class=\"column-3\">Analog Input - Pulse -<\/td>\n<\/tr>\n<tr class=\"row-19\">\n\t<td class=\"column-1\">Protection<\/td><td class=\"column-2\">I2T, thermal, overvoltage, undervoltage, short-circuit<\/td><td class=\"column-3\">I2T, thermal, overvoltage, undervoltage, short-circuit<\/td>\n<\/tr>\n<tr class=\"row-20\">\n\t<td class=\"column-1\">Connection Type<\/td><td class=\"column-2\">Connectors<\/td><td class=\"column-3\">Connectors<\/td>\n<\/tr>\n<tr class=\"row-21\">\n\t<td class=\"column-1\">Brake management<\/td><td class=\"column-2\">On integrated brake resistor or external brake resistor<\/td><td class=\"column-3\">On integrated brake resistor or external brake resistor<\/td>\n<\/tr>\n<tr class=\"row-22\">\n\t<td class=\"column-1\">Motor types<\/td><td class=\"column-2\">Brushless sinusoidal<\/td><td class=\"column-3\">Brushless sinusoidal<\/td>\n<\/tr>\n<tr class=\"row-23\">\n\t<td class=\"column-1\">Configuration drive<\/td><td class=\"column-2\">With Drivewatcher Software or keypad on board<\/td><td class=\"column-3\">With Drivewatcher Software or keypad on board<\/td>\n<\/tr>\n<tr class=\"row-24\">\n\t<td class=\"column-1\">Power Loss (W)<\/td><td class=\"column-2\">55 \u00a9 I nominal<\/td><td class=\"column-3\">55 \u00a9 I nominal<\/td>\n<\/tr>\n<tr class=\"row-25\">\n\t<td class=\"column-1\">Operating Temperature (\u00b0C)<\/td><td class=\"column-2\">0 ... + 40 (de-rate by 50% up to 55\u00b0C)<\/td><td class=\"column-3\">0 ... + 40 (de-rate by 50% up to 55\u00b0C)<\/td>\n<\/tr>\n<tr class=\"row-26\">\n\t<td class=\"column-1\">Storage Temperature (\u00b0C)<\/td><td class=\"column-2\">-25 ... + 85<\/td><td class=\"column-3\">-25 ... + 85<\/td>\n<\/tr>\n<tr class=\"row-27\">\n\t<td class=\"column-1\">Humidity<\/td><td class=\"column-2\">5% .. 95% (not condensing)<\/td><td class=\"column-3\">5% .. 95% (not condensing)<\/td>\n<\/tr>\n<tr class=\"row-28\">\n\t<td class=\"column-1\">Altitude<\/td><td class=\"column-2\">Up to 1000 m above sea level without derating<\/td><td class=\"column-3\">Up to 1000 m above sea level without derating<\/td>\n<\/tr>\n<tr class=\"row-29\">\n\t<td class=\"column-1\">Weight (kg)<\/td><td class=\"column-2\">1.06<\/td><td class=\"column-3\">1.06<\/td>\n<\/tr>\n<tr class=\"row-30\">\n\t<td class=\"column-1\">Protection degree<\/td><td class=\"column-2\">IP 20<\/td><td class=\"column-3\">IP 20<\/td>\n<\/tr>\n<tr class=\"row-31\">\n\t<td class=\"column-1\">Certifications<\/td><td class=\"column-2\">2014\/35\/UE - 2014\/30\/UE - CEI EN 61800-3 2005 - CEI EN 61800-2 - El EN 61800-5-1 2009<\/td><td class=\"column-3\">2014\/35\/UE - 2014\/30\/UE - CEI EN 61800-3 2005 - CEI EN 61800-2 - El EN 61800-5-1 2009<\/td>\n<\/tr>\n<tr class=\"row-32\">\n\t<td class=\"column-1\">UL Certification<\/td><td class=\"column-2\">YES<\/td><td class=\"column-3\">YES<\/td>\n<\/tr>\n<\/tbody>\n<\/table>\n<!-- #tablepress-270 from cache -->[\/vc_column_text][\/vc_accordion_tab][\/vc_accordion][vc_empty_space height=&#8220;40px&#8220;][\/vc_column][\/vc_row]<\/p>\n<\/div>","protected":false},"excerpt":{"rendered":"<p>F\u00fcr Kleinformatige Servomotoren<\/p>\n","protected":false},"author":40404,"featured_media":17555,"parent":17092,"menu_order":67,"comment_status":"open","ping_status":"open","template":"tmpprodotti.php","meta":{"_acf_changed":false,"footnotes":""},"tags":[188,189,21],"class_list":["post-10642","page","type-page","status-publish","has-post-thumbnail","hentry","tag-minieco","tag-minieco-prodotti","tag-prodotti"],"acf":[],"aioseo_notices":[],"_links":{"self":[{"href":"https:\/\/staging.esa-automation.com\/de\/wp-json\/wp\/v2\/pages\/10642","targetHints":{"allow":["GET"]}}],"collection":[{"href":"https:\/\/staging.esa-automation.com\/de\/wp-json\/wp\/v2\/pages"}],"about":[{"href":"https:\/\/staging.esa-automation.com\/de\/wp-json\/wp\/v2\/types\/page"}],"author":[{"embeddable":true,"href":"https:\/\/staging.esa-automation.com\/de\/wp-json\/wp\/v2\/users\/40404"}],"replies":[{"embeddable":true,"href":"https:\/\/staging.esa-automation.com\/de\/wp-json\/wp\/v2\/comments?post=10642"}],"version-history":[{"count":0,"href":"https:\/\/staging.esa-automation.com\/de\/wp-json\/wp\/v2\/pages\/10642\/revisions"}],"up":[{"embeddable":true,"href":"https:\/\/staging.esa-automation.com\/de\/wp-json\/wp\/v2\/pages\/17092"}],"wp:featuredmedia":[{"embeddable":true,"href":"https:\/\/staging.esa-automation.com\/de\/wp-json\/wp\/v2\/media\/17555"}],"wp:attachment":[{"href":"https:\/\/staging.esa-automation.com\/de\/wp-json\/wp\/v2\/media?parent=10642"}],"wp:term":[{"taxonomy":"post_tag","embeddable":true,"href":"https:\/\/staging.esa-automation.com\/de\/wp-json\/wp\/v2\/tags?post=10642"}],"curies":[{"name":"wp","href":"https:\/\/api.w.org\/{rel}","templated":true}]}}