{"id":1534,"date":"2015-10-18T17:25:03","date_gmt":"2015-10-18T15:25:03","guid":{"rendered":"https:\/\/staging.esa-automation.com\/en\/?page_id=1534"},"modified":"2025-01-30T10:22:12","modified_gmt":"2025-01-30T09:22:12","slug":"ew800","status":"publish","type":"page","link":"https:\/\/staging.esa-automation.com\/de\/produkte\/energy-management\/ew800\/","title":{"rendered":"EW800 SMART METER"},"content":{"rendered":"<div class=\"wpb-content-wrapper\"><p>[vc_section full_width=&#8220;stretch_row&#8220; css=&#8220;.vc_custom_1710233875963{background-color: #000000 !important;}&#8220;][vc_row][vc_column css=&#8220;.vc_custom_1728921388138{padding-right: 0px !important;padding-left: 0px !important;}&#8220;][vc_single_image image=&#8220;17594&#8243; img_size=&#8220;full&#8220; alignment=&#8220;center&#8220; css_animation=&#8220;fadeIn&#8220;][\/vc_column][\/vc_row][\/vc_section][vc_row full_width=&#8220;stretch_row&#8220; equal_height=&#8220;yes&#8220; content_placement=&#8220;middle&#8220; css=&#8220;.vc_custom_1707228003784{background-color: #000000 !important;}&#8220;][vc_column width=&#8220;1\/2&#8243; css=&#8220;.vc_custom_1707228026491{padding-top: 0px !important;padding-right: 0px !important;padding-bottom: 0px !important;padding-left: 0px !important;}&#8220;][vc_column_text]<\/p>\n<h1><span style=\"color: #ffffff;\">EW800<\/span><\/h1>\n<h3><span style=\"color: #ffffff;\">Energiemessger\u00e4t<\/span><\/h3>\n<p><span style=\"color: #ffffff;\">Energiemessger\u00e4te f\u00fcr eine pr\u00e4zisen Messung des Energieverbrauchs von Ger\u00e4ten und Maschinen. Es sendet selbstst\u00e4ndig die gesammelten Informationen an den ESA Datenmanager. Auf diese Weise werden Energieeffizienz und Digitalisierung der Anlagen gef\u00f6rdert.[\/vc_column_text][\/vc_column][vc_column width=&#8220;1\/2&#8243; el_class=&#8220;puntato-bianco&#8220;][vc_gallery interval=&#8220;3&#8243; images=&#8220;12401,12402,12403&#8243; img_size=&#8220;full&#8220; onclick=&#8220;&#8220;][\/vc_column][\/vc_row][vc_section full_width=&#8220;stretch_row&#8220; css=&#8220;.vc_custom_1707236036063{background-color: #00bab3 !important;}&#8220;][vc_row][vc_column css=&#8220;.vc_custom_1707239661132{margin-bottom: 0px !important;}&#8220;][vc_column_text css=&#8220;.vc_custom_1707240059708{margin-bottom: 0px !important;}&#8220;]<\/span><\/p>\n<h1><span style=\"color: #ffffff;\">Features<\/span><\/h1>\n<p>[\/vc_column_text][\/vc_column][\/vc_row][vc_row full_width=&#8220;stretch_row&#8220; equal_height=&#8220;yes&#8220; css=&#8220;.vc_custom_1707231915168{background-color: #00bab3 !important;}&#8220;][vc_column width=&#8220;1\/2&#8243; el_class=&#8220;puntato-bianco&#8220; css=&#8220;.vc_custom_1707239671058{padding-top: 0px !important;}&#8220;][vc_column_text]<\/p>\n<ul>\n<li>Grafikdisplay mit 256\u00d796 Pixeln und wei\u00dfer LED-Hintergrundbeleuchtung.<\/li>\n<li>Intuitives Men\u00fc mit resistiver Touchscreen-Oberfl\u00e4che.<\/li>\n<li>Senden von Daten an den Datenmanager \u00fcber ModBus RS485 oder \u00fcber Funk Sub1Ghz (868 MHz).<\/li>\n<li>M\u00f6glichkeit, bis zu 250 Z\u00e4hler an einem einzigen Datenmanager anzuschlie\u00dfen.<\/li>\n<li>Dreiphasen-\/Einphasen-Energiemessger\u00e4t.<\/li>\n<li>Messung der Wirk-, Blind- und Scheinenergie.<\/li>\n<\/ul>\n<p>[\/vc_column_text][\/vc_column][vc_column width=&#8220;1\/2&#8243; el_class=&#8220;puntato-bianco&#8220; css=&#8220;.vc_custom_1707240047809{padding-top: 0px !important;}&#8220;][vc_column_text]<\/p>\n<ul>\n<li>Messung der Wirk-, Blind- und Scheinleistung.<\/li>\n<li>Messung elektrischer Parameter: Strom, Spannung, Wirkleistung, Blindleistung, Scheinleistung, Leistungsfaktor.<\/li>\n<li>Messung der Netzqualit\u00e4t: Oberschwingungen (1.\u2026 51.), THD.<\/li>\n<li>Pr\u00e4zision: Klasse 1.<\/li>\n<li>Datenaktualisierung: 1 Sekunde.<\/li>\n<\/ul>\n<p>[\/vc_column_text][\/vc_column][\/vc_row][\/vc_section][vc_row][vc_column][vc_row_inner][vc_column_inner][vc_empty_space][\/vc_column_inner][\/vc_row_inner][vc_accordion active_tab=&#8220;false&#8220; collapsible=&#8220;yes&#8220; el_class=&#8220;.accordionSmartMeter&#8220;][vc_accordion_tab title=&#8220;EW800A&#8220; el_id=&#8220;EW800A&#8220;][vc_column_text el_class=&#8220;productTextBoxContainer&#8220;]DEM (Distributed Embedded Meter) verf\u00fcgen \u00fcber interne Shunts f\u00fcr direkte Strommessung bis zu 64A und einen LCD Touch Display. Folgende Ausstattung ist optional:<\/p>\n<ul>\n<li>integrierte I\/O Module mit 2 digitale Ein- und Ausg\u00e4ngen<\/li>\n<li>serielle Schnittstelle RS485<\/li>\n<li>Funk Schnittstelle RF868 MHz<\/li>\n<\/ul>\n<p>[\/vc_column_text][vc_column_text el_class=&#8220;tableDownloadPDF&#8220;]<a href=\"https:\/\/staging.esa-automation.com\/wp-content\/uploads\/2018\/03\/EW800.pdf\" target=\"_blank\" rel=\"noopener noreferrer\">Download pdf<\/a><\/p>\n<p>\n<table id=\"tablepress-24\" class=\"tablepress tablepress-id-24\">\n<thead>\n<tr class=\"row-1\">\n\t<td class=\"column-1\"><\/td><th class=\"column-2\">EW800A DEM<\/th>\n<\/tr>\n<\/thead>\n<tbody class=\"row-striping row-hover\">\n<tr class=\"row-2\">\n\t<td class=\"column-1\">Connections<\/td><td class=\"column-2\">Single-phase<br \/>\nThree-phase 4 wires with Y load<br \/>\nThree-phase 4 wires with D load<\/td>\n<\/tr>\n<tr class=\"row-3\">\n\t<td class=\"column-1\">Measuring inputs - Current Channels<\/td><td class=\"column-2\">Direct<br \/>\nup to 64A (45kW) three-phase connection,<br \/>\nup to 21A (15kW) single-phase connection<\/td>\n<\/tr>\n<tr class=\"row-4\">\n\t<td class=\"column-1\">Measuring inputs - Voltage Channels<\/td><td class=\"column-2\">Direct<br \/>\n(max rated voltage phase-neutral 230Vac)<\/td>\n<\/tr>\n<tr class=\"row-5\">\n\t<td class=\"column-1\">Power supply<\/td><td class=\"column-2\">self-powered<\/td>\n<\/tr>\n<tr class=\"row-6\">\n\t<td class=\"column-1\">Communication<\/td><td class=\"column-2\">RS485 ModBus (in all EW800\u2026 models)<br \/>\nRadio RF868 MHz (only in EW800\u2026200 models)<br \/>\nEthernet (only in EW800\u2026300 models)<\/td>\n<\/tr>\n<tr class=\"row-7\">\n\t<td class=\"column-1\">Digital Isolated Input\/Output<\/td><td class=\"column-2\">2 I\/O module option (configurable by Data Manager)<br \/>\nTHD<\/td>\n<\/tr>\n<tr class=\"row-8\">\n\t<td class=\"column-1\">Measures<\/td><td class=\"column-2\">Voltage (phase-neutral and phase-phase)<br \/>\nCurrent (phase values and neutral value)<br \/>\nImported Active Energy (phase values and total value)<br \/>\nExported Active Energy (phase values and total value)<br \/>\nImported Active Power (phase values and total value)<br \/>\nExported Active Power (phase values and total value)<br \/>\nReactive Power with sign (phase values and total value)<br \/>\nApparent Power (phase values and total value)<br \/>\nPower Factor (phase values and total value)<br \/>\nFrequency<\/td>\n<\/tr>\n<tr class=\"row-9\">\n\t<td class=\"column-1\">Harmonic analysis<\/td><td class=\"column-2\">THD (in voltage \/ current signal) Harmonics 1st ...51st (in voltage \/ current signal)<\/td>\n<\/tr>\n<tr class=\"row-10\">\n\t<td class=\"column-1\">Accuracy - Active Energy<br \/>\n(according to IED 62053-21)<\/td><td class=\"column-2\">Class 1<\/td>\n<\/tr>\n<tr class=\"row-11\">\n\t<td class=\"column-1\">Accuracy - Reactive Energy<br \/>\n(according to IED 62053-23)<\/td><td class=\"column-2\">Class 2<\/td>\n<\/tr>\n<tr class=\"row-12\">\n\t<td class=\"column-1\">Accuracy - Current and Voltage<\/td><td class=\"column-2\">\u2264 0,5%<\/td>\n<\/tr>\n<tr class=\"row-13\">\n\t<td class=\"column-1\">Display<\/td><td class=\"column-2\">LCD (256 x 96 pixel) and resistive touch screen<\/td>\n<\/tr>\n<tr class=\"row-14\">\n\t<td class=\"column-1\">Case - Mounting<\/td><td class=\"column-2\">DIN rail<\/td>\n<\/tr>\n<tr class=\"row-15\">\n\t<td class=\"column-1\">Case - No. DIN modules<\/td><td class=\"column-2\">7<\/td>\n<\/tr>\n<tr class=\"row-16\">\n\t<td class=\"column-1\">Case - External dimensions<br \/>\n(mm)<\/td><td class=\"column-2\">126 x 100 x 70<\/td>\n<\/tr>\n<\/tbody>\n<\/table>\n<!-- #tablepress-24 from cache -->[\/vc_column_text][\/vc_accordion_tab][vc_accordion_tab title=&#8220;EW800B&#8220; el_id=&#8220;EW800B&#8220;][vc_column_text el_class=&#8220;productTextBoxContainer&#8220;]DTM (Distributed External CTs Meter) verf\u00fcgen \u00fcber Anschl\u00fcsse f\u00fcr externe Stromwandler und einen LCD Touch Display. Folgende Ausstattung ist optional:<\/p>\n<ul>\n<li>integrierte I\/O Module mit 2 digitale Ein- und Ausg\u00e4ngen<\/li>\n<li>serielle Schnittstelle RS485<\/li>\n<li>Funk Schnittstelle RF868 MHz<\/li>\n<\/ul>\n<p>[\/vc_column_text][vc_column_text el_class=&#8220;tableDownloadPDF&#8220;]<a href=\"https:\/\/staging.esa-automation.com\/wp-content\/uploads\/2018\/03\/EW800.pdf\" target=\"_blank\" rel=\"noopener noreferrer\">Download pdf<\/a><\/p>\n<p>\n<table id=\"tablepress-25\" class=\"tablepress tablepress-id-25\">\n<thead>\n<tr class=\"row-1\">\n\t<td class=\"column-1\"><\/td><th class=\"column-2\">EW800B DTM<\/th>\n<\/tr>\n<\/thead>\n<tbody class=\"row-striping row-hover\">\n<tr class=\"row-2\">\n\t<td class=\"column-1\">Connections<\/td><td class=\"column-2\">Single-phase<br \/>\nTwo-phase<br \/>\nThree-phase with neutral<br \/>\nThree-phase without neutral<\/td>\n<\/tr>\n<tr class=\"row-3\">\n\t<td class=\"column-1\">Measuring inputs - Current Channels<\/td><td class=\"column-2\">with external Current<br \/>\nTransformers<\/td>\n<\/tr>\n<tr class=\"row-4\">\n\t<td class=\"column-1\">Measuring inputs - Voltage Channels<\/td><td class=\"column-2\">Direct<br \/>\n(max rated voltage phase-neutral 230Vac) or<br \/>\nwith external Voltage Transformer<br \/>\n(rated secondary voltage 100-115Vac, for LV or MV application)<\/td>\n<\/tr>\n<tr class=\"row-5\">\n\t<td class=\"column-1\">Power supply<\/td><td class=\"column-2\">100\u00f7230Vac<\/td>\n<\/tr>\n<tr class=\"row-6\">\n\t<td class=\"column-1\">Communication<\/td><td class=\"column-2\">RS485 ModBus (in all EW800\u2026 models)<br \/>\nRadio RF868 MHz (only in EW800\u2026200 models)<br \/>\nEthernet (only in EW800\u2026300 models)<\/td>\n<\/tr>\n<tr class=\"row-7\">\n\t<td class=\"column-1\">Digital Isolated Input\/Output<\/td><td class=\"column-2\">Voltage (phase-neutral and phase-phase)<br \/>\nCurrent (phase values and neutral value)<br \/>\nImported Active Energy (phase values and total value)<br \/>\nExported Active Energy (phase values and total value)<br \/>\nImported Active Power (phase values and total value)<br \/>\nExported Active Power (phase values and total value)<br \/>\nReactive Power with sign (phase values and total value)<br \/>\nApparent Power (phase values and total value)<br \/>\nPower Factor (phase values and total value)<br \/>\nFrequency<\/td>\n<\/tr>\n<tr class=\"row-8\">\n\t<td class=\"column-1\">Harmonic analysis<\/td><td class=\"column-2\">THD (in voltage \/ current signal) Harmonics 1st ...51st (in voltage \/ current signal)<\/td>\n<\/tr>\n<tr class=\"row-9\">\n\t<td class=\"column-1\">Accuracy - Active Energy<br \/>\n(according to IED 62053-21)<\/td><td class=\"column-2\">Class 1<\/td>\n<\/tr>\n<tr class=\"row-10\">\n\t<td class=\"column-1\">Accuracy - Reactive Energy<br \/>\n(according to IED 62053-23)<\/td><td class=\"column-2\">Class 2<\/td>\n<\/tr>\n<tr class=\"row-11\">\n\t<td class=\"column-1\">Accuracy - Current and Voltage<\/td><td class=\"column-2\">\u2264 0,5%<\/td>\n<\/tr>\n<tr class=\"row-12\">\n\t<td class=\"column-1\">Display<\/td><td class=\"column-2\">LCD (256 x 96 pixel) and resistive touch screen<\/td>\n<\/tr>\n<tr class=\"row-13\">\n\t<td class=\"column-1\">Case - Mounting<\/td><td class=\"column-2\">DIN rail<\/td>\n<\/tr>\n<tr class=\"row-14\">\n\t<td class=\"column-1\">Case - No. DIN modules<\/td><td class=\"column-2\">5<\/td>\n<\/tr>\n<tr class=\"row-15\">\n\t<td class=\"column-1\">Case - External dimensions<br \/>\n(mm)<\/td><td class=\"column-2\">90 x 96 x 70<\/td>\n<\/tr>\n<\/tbody>\n<\/table>\n<!-- #tablepress-25 from cache -->[\/vc_column_text][\/vc_accordion_tab][vc_accordion_tab title=&#8220;EW800C&#8220; el_id=&#8220;EW800C&#8220;][vc_column_text el_class=&#8220;productTextBoxContainer&#8220;]DRM (Distributed External Rogowski Meter) verf\u00fcgen \u00fcber Anschl\u00fcsse f\u00fcr Rogowski Spulen und einen LCD Touch Display. Folgende Ausstattung ist optional:<\/p>\n<ul>\n<li>integrierte I\/O Module mit 2 digitale Ein- und Ausg\u00e4ngen<\/li>\n<li>serielle Schnittstelle RS485<\/li>\n<li>Funk Schnittstelle RF868 MHz<\/li>\n<\/ul>\n<p>[\/vc_column_text][vc_column_text el_class=&#8220;tableDownloadPDF&#8220;]<a href=\"https:\/\/staging.esa-automation.com\/wp-content\/uploads\/2018\/03\/EW800.pdf\" target=\"_blank\" rel=\"noopener noreferrer\">Download pdf<\/a><\/p>\n<p>\n<table id=\"tablepress-26\" class=\"tablepress tablepress-id-26\">\n<thead>\n<tr class=\"row-1\">\n\t<td class=\"column-1\"><\/td><th class=\"column-2\">EW800C DRM<\/th>\n<\/tr>\n<\/thead>\n<tbody class=\"row-striping row-hover\">\n<tr class=\"row-2\">\n\t<td class=\"column-1\">Connections<\/td><td class=\"column-2\">Single-phase<br \/>\nTwo-phase<br \/>\nThree-phase with neutral<br \/>\nThree-phase without neutral<\/td>\n<\/tr>\n<tr class=\"row-3\">\n\t<td class=\"column-1\">Measuring inputs - Current Channels<\/td><td class=\"column-2\">with external Rogowski coils<\/td>\n<\/tr>\n<tr class=\"row-4\">\n\t<td class=\"column-1\">Measuring inputs - Voltage Channels<\/td><td class=\"column-2\">Direct<br \/>\n(max rated voltage phase-neutral 230Vac) or<br \/>\nwith external Voltage Transformer<br \/>\n(rated secondary voltage 100-115Vac, for LV or MV application)<\/td>\n<\/tr>\n<tr class=\"row-5\">\n\t<td class=\"column-1\">Power supply<\/td><td class=\"column-2\">100\u00f7230Vac<\/td>\n<\/tr>\n<tr class=\"row-6\">\n\t<td class=\"column-1\">Communication<\/td><td class=\"column-2\">RS485 ModBus (in all EW800\u2026 models)<br \/>\nRadio RF868 MHz (only in EW800\u2026200 models)<br \/>\nEthernet (only in EW800\u2026300 models)<\/td>\n<\/tr>\n<tr class=\"row-7\">\n\t<td class=\"column-1\">Digital Isolated Input\/Output<\/td><td class=\"column-2\">2 I\/O module option (configurable by Data Manager)<\/td>\n<\/tr>\n<tr class=\"row-8\">\n\t<td class=\"column-1\">Measures<\/td><td class=\"column-2\">Voltage (phase-neutral and phase-phase)<br \/>\nCurrent (phase values and neutral value)<br \/>\nImported Active Energy (phase values and total value)<br \/>\nExported Active Energy (phase values and total value)<br \/>\nImported Active Power (phase values and total value)<br \/>\nExported Active Power (phase values and total value)<br \/>\nReactive Power with sign (phase values and total value)<br \/>\nApparent Power (phase values and total value)<br \/>\nPower Factor (phase values and total value)<br \/>\nFrequency<\/td>\n<\/tr>\n<tr class=\"row-9\">\n\t<td class=\"column-1\">Harmonic analysis<\/td><td class=\"column-2\">THD (in voltage \/ current signal) Harmonics 1st ...51st (in voltage \/ current signal)<\/td>\n<\/tr>\n<tr class=\"row-10\">\n\t<td class=\"column-1\">Accuracy - Active Energy<br \/>\n(according to IED 62053-21)<\/td><td class=\"column-2\">Class 1<\/td>\n<\/tr>\n<tr class=\"row-11\">\n\t<td class=\"column-1\">Accuracy - Reactive Energy<br \/>\n(according to IED 62053-23)<\/td><td class=\"column-2\">Class 2<\/td>\n<\/tr>\n<tr class=\"row-12\">\n\t<td class=\"column-1\">Accuracy - Current and Voltage<\/td><td class=\"column-2\">\u2264 0,5%<\/td>\n<\/tr>\n<tr class=\"row-13\">\n\t<td class=\"column-1\">Display<\/td><td class=\"column-2\">LCD (256 x 96 pixel) and resistive touch screen<\/td>\n<\/tr>\n<tr class=\"row-14\">\n\t<td class=\"column-1\">Casec -Mounting<\/td><td class=\"column-2\">DIN rail<\/td>\n<\/tr>\n<tr class=\"row-15\">\n\t<td class=\"column-1\">Case - No. DIN modules<\/td><td class=\"column-2\">5<\/td>\n<\/tr>\n<tr class=\"row-16\">\n\t<td class=\"column-1\">Case - External dimensions<br \/>\n(mm)<\/td><td class=\"column-2\">90 x 96 x 70<\/td>\n<\/tr>\n<\/tbody>\n<\/table>\n<!-- #tablepress-26 from cache -->[\/vc_column_text][\/vc_accordion_tab][vc_accordion_tab title=&#8220;Bestellnummern&#8220;][vc_column_text el_class=&#8220;tableDownloadPDF&#8220;]\n<table id=\"tablepress-125\" class=\"tablepress tablepress-id-125\">\n<thead>\n<tr class=\"row-1\">\n\t<th class=\"column-1\">CODES<\/th><th class=\"column-2\">DESCRIPTION<\/th>\n<\/tr>\n<\/thead>\n<tbody class=\"row-striping row-hover\">\n<tr class=\"row-2\">\n\t<td class=\"column-1\">EW800A<\/td><td class=\"column-2\"><\/td>\n<\/tr>\n<tr class=\"row-3\">\n\t<td class=\"column-1\">EW800A3A100<\/td><td class=\"column-2\">DEM (Distributed Embedded Meter) with internal shunts for current measurements up to 64A - integrated  touch LCD display - serial communication interface RS485<\/td>\n<\/tr>\n<tr class=\"row-4\">\n\t<td class=\"column-1\">EW800A3A122<\/td><td class=\"column-2\">DEM (Distributed Embedded Meter) with internal shunts for current measurements up to 64A - integrated I\/O module with 2 digital inputs and 2 digital outputs - integrated  touch LCD display - serial communication interface RS485<\/td>\n<\/tr>\n<tr class=\"row-5\">\n\t<td class=\"column-1\">EW800A3A200<\/td><td class=\"column-2\">DEM (Distributed Embedded Meter) with internal shunts for current measurements up to 64A - integrated  touch LCD display - radio communication interface RF868 MHZ<\/td>\n<\/tr>\n<tr class=\"row-6\">\n\t<td class=\"column-1\">EW800A3A222<\/td><td class=\"column-2\">DEM (Distributed Embedded Meter) with internal shunts for current measurements up to 64A - integrated I\/O module with 2 digital inputs and 2 digital outputs - integrated  touch LCD display - radio communication interface RF868 MHZ<\/td>\n<\/tr>\n<tr class=\"row-7\">\n\t<td class=\"column-1\">EW800B<\/td><td class=\"column-2\"><\/td>\n<\/tr>\n<tr class=\"row-8\">\n\t<td class=\"column-1\">EW800B3A100<\/td><td class=\"column-2\">DTM (Network External TA Meter) with external TA for current measurements - integrated  touch LCD display - serial communication interface RS485<\/td>\n<\/tr>\n<tr class=\"row-9\">\n\t<td class=\"column-1\">EW800B3A122<\/td><td class=\"column-2\">DTM (Distributed External TA Meter) with external TA for current measurements  - integrated I\/O module with 2 digital inputs and 2 digital outputs - integrated  touch LCD display - serial communication interface RS485<\/td>\n<\/tr>\n<tr class=\"row-10\">\n\t<td class=\"column-1\">EW800B3A200<\/td><td class=\"column-2\">DTM (Distributed External TA Meter) with external TA for current measurements  - integrated  touch LCD display - radio communication interface RF868 MHZ<\/td>\n<\/tr>\n<tr class=\"row-11\">\n\t<td class=\"column-1\">EW800B3A222<\/td><td class=\"column-2\">DTM (Distributed External TA Meter) with external TA for current measurements  - integrated I\/O module with 2 digital inputs and 2 digital outputs - integrated  touch LCD display - radio communication interface RF868 MHZ<\/td>\n<\/tr>\n<tr class=\"row-12\">\n\t<td class=\"column-1\">EW800B3A300<\/td><td class=\"column-2\">DTM (Distributed External TA Meter) with external TA for current measurements  - integrated  touch LCD display - Modbus TCP\/IP LAN interface<\/td>\n<\/tr>\n<tr class=\"row-13\">\n\t<td class=\"column-1\">EW800B3A322<\/td><td class=\"column-2\">DTM (Distributed External TA Meter) with external TA for current measurements  - integrated I\/O module with 2 digital inputs and 2 digital outputs - integrated  touch LCD display - Modbus TCP\/IP LAN interface<\/td>\n<\/tr>\n<tr class=\"row-14\">\n\t<td class=\"column-1\">EW800C<\/td><td class=\"column-2\"><\/td>\n<\/tr>\n<tr class=\"row-15\">\n\t<td class=\"column-1\">EW800C3A100<\/td><td class=\"column-2\">DRM (Distributed External Rogowski Meter) with external Rogowski coils for current measurements - integrated  touch LCD display - serial communication interface RS485<\/td>\n<\/tr>\n<tr class=\"row-16\">\n\t<td class=\"column-1\">EW800C3A122<\/td><td class=\"column-2\">DRM (Distributed External Rogowski Meter) with external Rogowski coils for current measurements  - integrated I\/O module with 2 digital inputs and 2 digital outputs - integrated  touch LCD display - serial communication interface RS485<\/td>\n<\/tr>\n<tr class=\"row-17\">\n\t<td class=\"column-1\">EW800C3A200<\/td><td class=\"column-2\">DRM (Distributed External Rogowski Meter) with external Rogowski coils for current measurements - integrated  touch LCD display - radio communication interface RF868 MHZ<\/td>\n<\/tr>\n<tr class=\"row-18\">\n\t<td class=\"column-1\">EW800C3A222<\/td><td class=\"column-2\">DRM (Distributed External Rogowski Meter) with external Rogowski coils for current measurements  - integrated I\/O module with 2 digital inputs and 2 digital outputs - integrated  touch LCD display - radio communication interface RF868 MHZ<\/td>\n<\/tr>\n<tr class=\"row-19\">\n\t<td class=\"column-1\">EW800C3A300<\/td><td class=\"column-2\">DRM (Distributed External Rogowski Meter) with external Rogowski coils for current measurements  - integrated  touch LCD display - Modbus TCP\/IP LAN interface<\/td>\n<\/tr>\n<tr class=\"row-20\">\n\t<td class=\"column-1\">EW800C3A322<\/td><td class=\"column-2\">DRM (Distributed External Rogowski Meter) with external Rogowski coils for current measurements  - integrated I\/O module with 2 digital inputs and 2 digital outputs - integrated  touch LCD display - Modbus TCP\/IP LAN interface<\/td>\n<\/tr>\n<\/tbody>\n<\/table>\n<!-- #tablepress-125 from cache --><\/p>\n<p>[\/vc_column_text][\/vc_accordion_tab][\/vc_accordion][vc_empty_space height=&#8220;40px&#8220;][\/vc_column][\/vc_row]<\/p>\n<\/div>","protected":false},"excerpt":{"rendered":"<p>Energiemessger\u00e4t<\/p>\n","protected":false},"author":4,"featured_media":17599,"parent":989,"menu_order":7,"comment_status":"open","ping_status":"closed","template":"tmpprodotti.php","meta":{"_acf_changed":false,"footnotes":""},"tags":[33,110,21],"class_list":["post-1534","page","type-page","status-publish","has-post-thumbnail","hentry","tag-ew800","tag-ew800-prodotti","tag-prodotti"],"acf":[],"aioseo_notices":[],"_links":{"self":[{"href":"https:\/\/staging.esa-automation.com\/de\/wp-json\/wp\/v2\/pages\/1534","targetHints":{"allow":["GET"]}}],"collection":[{"href":"https:\/\/staging.esa-automation.com\/de\/wp-json\/wp\/v2\/pages"}],"about":[{"href":"https:\/\/staging.esa-automation.com\/de\/wp-json\/wp\/v2\/types\/page"}],"author":[{"embeddable":true,"href":"https:\/\/staging.esa-automation.com\/de\/wp-json\/wp\/v2\/users\/4"}],"replies":[{"embeddable":true,"href":"https:\/\/staging.esa-automation.com\/de\/wp-json\/wp\/v2\/comments?post=1534"}],"version-history":[{"count":0,"href":"https:\/\/staging.esa-automation.com\/de\/wp-json\/wp\/v2\/pages\/1534\/revisions"}],"up":[{"embeddable":true,"href":"https:\/\/staging.esa-automation.com\/de\/wp-json\/wp\/v2\/pages\/989"}],"wp:featuredmedia":[{"embeddable":true,"href":"https:\/\/staging.esa-automation.com\/de\/wp-json\/wp\/v2\/media\/17599"}],"wp:attachment":[{"href":"https:\/\/staging.esa-automation.com\/de\/wp-json\/wp\/v2\/media?parent=1534"}],"wp:term":[{"taxonomy":"post_tag","embeddable":true,"href":"https:\/\/staging.esa-automation.com\/de\/wp-json\/wp\/v2\/tags?post=1534"}],"curies":[{"name":"wp","href":"https:\/\/api.w.org\/{rel}","templated":true}]}}