{"id":16276,"date":"2022-09-20T10:38:47","date_gmt":"2022-09-20T08:38:47","guid":{"rendered":"https:\/\/staging.esa-automation.com\/it\/?page_id=16276"},"modified":"2025-09-18T16:26:47","modified_gmt":"2025-09-18T14:26:47","slug":"crew-2","status":"publish","type":"page","link":"https:\/\/staging.esa-automation.com\/de\/produkte\/software\/kreo-hmi\/","title":{"rendered":"Kreo HMI"},"content":{"rendered":"<div class=\"wpb-content-wrapper\"><p>[vc_section full_width=&#8220;stretch_row&#8220; css=&#8220;.vc_custom_1710233875963{background-color: #000000 !important;}&#8220;][vc_row][vc_column css=&#8220;.vc_custom_1728921388138{padding-right: 0px !important;padding-left: 0px !important;}&#8220;][vc_single_image image=&#8220;17321&#8243; img_size=&#8220;full&#8220; alignment=&#8220;center&#8220; css_animation=&#8220;fadeIn&#8220; parallax_speed_bg=&#8220;1.2&#8243;][\/vc_column][\/vc_row][\/vc_section][vc_row full_width=&#8220;stretch_row&#8220; equal_height=&#8220;yes&#8220; content_placement=&#8220;middle&#8220; css=&#8220;.vc_custom_1707228003784{background-color: #000000 !important;}&#8220;][vc_column width=&#8220;1\/2&#8243; css=&#8220;.vc_custom_1707228026491{padding-top: 0px !important;padding-right: 0px !important;padding-bottom: 0px !important;padding-left: 0px !important;}&#8220;][vc_column_text]<\/p>\n<h1><span style=\"color: #ffffff;\">Kreo HMI.<\/span><\/h1>\n<h3><span style=\"color: #ffffff;\">Verteilte Automatisierung trifft auf das WEB<\/span><\/h3>\n<p><span style=\"color: #ffffff;\">KREO HMI ist das neue ESA Tool, mit dem leistungsstarke, intuitive und auf Webtechnologie basierende Visualisierungsanwendungen erstellt werden k\u00f6nnen.<br \/>\nNative HTML5-Projekteiten werden automatisch durch den Compiler erzeugt, Kenntnisse in der WEB Programmierung sind nicht erforderlich.<br \/>\nDie integrierte EdgeHMI-WebHMI-Struktur erm\u00f6glicht die einfache Entwicklung von strukturierten und verteilten Automatisierungsanwendungen \u00fcber mehreren unabh\u00e4ngigen Arbeitsstationen.[\/vc_column_text][\/vc_column][vc_column width=&#8220;1\/2&#8243; el_class=&#8220;puntato-bianco&#8220;][vc_gallery interval=&#8220;3&#8243; images=&#8220;16281,16280,16279,16278&#8243; img_size=&#8220;full&#8220; onclick=&#8220;&#8220;][\/vc_column][\/vc_row][vc_section full_width=&#8220;stretch_row&#8220; css=&#8220;.vc_custom_1707236036063{background-color: #00bab3 !important;}&#8220;][vc_row][vc_column css=&#8220;.vc_custom_1707239661132{margin-bottom: 0px !important;}&#8220;][vc_column_text css=&#8220;.vc_custom_1707240059708{margin-bottom: 0px !important;}&#8220;]<\/span><\/p>\n<h1><span style=\"color: #ffffff;\">Features<\/span><\/h1>\n<p>[\/vc_column_text][\/vc_column][\/vc_row][vc_row full_width=&#8220;stretch_row&#8220; equal_height=&#8220;yes&#8220; css=&#8220;.vc_custom_1707231915168{background-color: #00bab3 !important;}&#8220;][vc_column width=&#8220;1\/2&#8243; el_class=&#8220;puntato-bianco&#8220; css=&#8220;.vc_custom_1707239671058{padding-top: 0px !important;}&#8220;][vc_column_text]<\/p>\n<ul>\n<li>HTML5 und Javaskript: responsiver Seitenaufbau, Gestenunterst\u00fctzung, Multi-Touch, SVG-Grafik, kompatibel mit vielen Plattformen.<\/li>\n<li>edgeHMI \u2013 webHMI Architektur: ODBC (Open Database Connectivity) Konnektivit\u00e4t, Benutzerverwaltung basierend auf Benutzergruppen und Arbeitspl\u00e4tze, OPC UA Server und Client<\/li>\n<li>Entwicklungsumgebung konfigurierbar<\/li>\n<li>Einfache Navigation zwischen unterschiedlichen Kontexten<\/li>\n<\/ul>\n<p>[\/vc_column_text][\/vc_column][vc_column width=&#8220;1\/2&#8243; el_class=&#8220;puntato-bianco&#8220; css=&#8220;.vc_custom_1707240047809{padding-top: 0px !important;}&#8220;][vc_column_text]<\/p>\n<ul>\n<li>2D- und 3D-Grafiken basierend auf CANVAS und JAVASCRIPT<\/li>\n<li>Integrierter PDF-Viewer und Videoplayer<\/li>\n<li>FDA-CFR21 Teil 11 Konformit\u00e4t<\/li>\n<li>SVG-Grafikbibliothek beinhalten ein spezielles Tool, mit dem Benutzer eigene dynamische Grafikobjekte erstellen und in die Applikation einbinden kann.<\/li>\n<li>Erstellung von Produktionsberichten im PDF-Format mit elektronischer Signatur und RT-Filtern<\/li>\n<li>Erweiterte Skript-Debugging mit Breakpoint-Einf\u00fcgung und Watch-Fenstern<\/li>\n<li>Integrierte Verwaltung des Rezeptarchivs<\/li>\n<\/ul>\n<p>[\/vc_column_text][\/vc_column][\/vc_row][\/vc_section][vc_row equal_height=&#8220;yes&#8220; content_placement=&#8220;middle&#8220;][vc_column width=&#8220;1\/2&#8243;][vc_single_image image=&#8220;16548&#8243; img_size=&#8220;full&#8220; alignment=&#8220;center&#8220;][\/vc_column][vc_column width=&#8220;1\/2&#8243;][vc_empty_space][vc_column_text]<\/p>\n<h2>KREO SVG CONVERTER<\/h2>\n<p>ist das Dienstprogramm, mit dem der Benutzer die Grafikbibliotheken von Kreo HMI ausgehend von einem generischen SVG-Objekt entwickeln kann.<br \/>\nDas Objekt kann von einem Grafikstudio entwickelt oder direkt aus dem Internet heruntergeladen werden. Es gibt keine Einschr\u00e4nkung; Jedes Objekt kann animiert und in eine Kreo HMI-Bibliothek eingef\u00fcgt werden. Die Benutzeroberfl\u00e4che von KREO SVG CONVERTER ist vollst\u00e4ndig grafisch und es ist nicht erforderlich, HTML5-Quellcode zu schreiben.<\/p>\n<ul>\n<li>Vollst\u00e4ndig webbasiertes Dienstprogramm, das st\u00e4ndig aktualisiert wird<\/li>\n<li>Es ist lediglich eine einfache Registrierung auf der ESA-Website (www.esa-automation.com) erforderlich<\/li>\n<li>Ein leistungsstarker SVG-Editor ist enthalten, der es dem Benutzer erm\u00f6glicht, die grafischen Ebenen zu gruppieren. Definition von Kreo-Eigenschaften mit Zuordnung zur SVG-Ebene.<\/li>\n<li>Verschiedene Animationsm\u00f6glichkeiten (Translation, Rotation)<\/li>\n<li>Farbmanagement der verschiedenen Ebenen<\/li>\n<li>SVG-Beispielobjekte sind auf der Seite &#8222;Download&#8220; verf\u00fcgbar.<\/li>\n<\/ul>\n<p>[\/vc_column_text][vc_btn title=&#8220;Finde mehr heraus&#8220; style=&#8220;custom&#8220; custom_background=&#8220;#00bab3&#8243; custom_text=&#8220;#ffffff&#8220; shape=&#8220;square&#8220; link=&#8220;url:https%3A%2F%2Fesa-automation.com%2Flanding%2Fen%2Fkreo-svg-converter%2F&#8220;][vc_empty_space][\/vc_column][\/vc_row][vc_row][vc_column][vc_column_text]<\/p>\n<p>[\/vc_column_text][\/vc_column][\/vc_row][vc_row css=&#8220;.vc_custom_1758026672811{background-color: #000000 !important;}&#8220;][vc_column][vc_column_text css=&#8220;.vc_custom_1758036425684{padding-left: 40px !important;}&#8220;]<\/p>\n<h1><span style=\"color: #00bbb3;\">Licenze<\/span><\/h1>\n<p>[\/vc_column_text][vc_row_inner][vc_column_inner width=&#8220;1\/3&#8243;][vc_single_image image=&#8220;36517&#8243; img_size=&#8220;full&#8220; css=&#8220;.vc_custom_1758037307867{margin-bottom: 0px !important;}&#8220;][vc_column_text css=&#8220;.vc_custom_1758190412998{padding-bottom: 40px !important;padding-left: 20px !important;}&#8220;]<span style=\"color: #ffffff;\">KREO HMI SUITE f\u00fcr 365 Tage ab Aktivierung + 2GB pro Monat KREO CONNECT.<\/span><\/p>\n<p><span style=\"color: #ffffff;\">\u00dcbertragbare Lizenz (kann von einem Ger\u00e4t auf ein anderes \u00fcbertragen werden) LUMIA1 &#8211; HMI 51 und IPC 53<\/span><br \/>\n[\/vc_column_text][\/vc_column_inner][vc_column_inner width=&#8220;1\/3&#8243;][vc_single_image image=&#8220;36552&#8243; img_size=&#8220;full&#8220; css=&#8220;.vc_custom_1758183925203{margin-bottom: 0px !important;}&#8220;][vc_column_text css=&#8220;.vc_custom_1758190427452{padding-bottom: 40px !important;padding-left: 20px !important;}&#8220;]<span style=\"color: #ffffff;\">KREO HMI SUITE f\u00fcr 365 Tage ab Aktivierung + 2GB pro Monat KREO CONNECT.<\/span><\/p>\n<p><span style=\"color: #ffffff;\">\u00dcbertragbare Lizenz (kann von einem Ger\u00e4t auf ein anderes \u00fcbertragen werden) Alle ESA-Produkte basierend auf Linux oder Windows<\/span><br \/>\n[\/vc_column_text][\/vc_column_inner][vc_column_inner width=&#8220;1\/3&#8243;][vc_single_image image=&#8220;36551&#8243; img_size=&#8220;full&#8220; css=&#8220;.vc_custom_1758184067201{margin-bottom: 0px !important;}&#8220;][vc_column_text css=&#8220;.vc_custom_1758190441779{margin-bottom: 40px !important;padding-left: 20px !important;}&#8220;]<span style=\"color: #ffffff;\">KREO HMI SUITE f\u00fcr 365 Tage ab Aktivierung + 2GB pro Monat KREO CONNECT.<\/span><\/p>\n<p><span style=\"color: #ffffff;\">Einzelger\u00e4t. Alle ESA-Produkte basierend auf Linux oder Windows<\/span><br \/>\n[\/vc_column_text][\/vc_column_inner][\/vc_row_inner][\/vc_column][\/vc_row][vc_row css=&#8220;.vc_custom_1758026672811{background-color: #000000 !important;}&#8220;][vc_column][vc_column_text css=&#8220;.vc_custom_1758034058518{padding-left: 40px !important;}&#8220;]<\/p>\n<h1><span style=\"color: #00bbb3;\">Update<\/span><\/h1>\n<p>[\/vc_column_text][vc_row_inner][vc_column_inner width=&#8220;1\/4&#8243; css=&#8220;.vc_custom_1758036480993{padding-left: 40px !important;}&#8220;][vc_column_text css=&#8220;.vc_custom_1758190457906{padding-bottom: 40px !important;padding-left: 20px !important;}&#8220;]<\/p>\n<h3><span style=\"color: #00bbb3;\">UPDATEKREOSUITE<\/span><\/h3>\n<p><span style=\"color: #ffffff;\">KREO HMI SUITE f\u00fcr 365 Tage<\/span><br \/>\n<span style=\"color: #ffffff;\">ab Aktivierung + 2GB pro Monat<\/span><br \/>\n<span style=\"color: #ffffff;\">KREO CONNECT.<\/span><br \/>\n<span style=\"color: #ffffff;\">\u00dcbertragbare Lizenz (kann von<\/span><br \/>\n<span style=\"color: #ffffff;\">einem Ger\u00e4t auf ein anderes verschoben werden)<\/span><br \/>\n<span style=\"color: #ffffff;\">LUMIA1 &#8211; HMI 51 und IPC 53<\/span><br \/>\n[\/vc_column_text][vc_column_text css=&#8220;.vc_custom_1758190471185{padding-top: 80px !important;padding-left: 20px !important;}&#8220;]<\/p>\n<h3><span style=\"color: #00bbb3;\">UPDATEKREOULTRA<\/span><\/h3>\n<p><span style=\"color: #ffffff;\">KREO HMI SUITE f\u00fcr 365 Tage<\/span><br \/>\n<span style=\"color: #ffffff;\">ab Aktivierung + 2GB pro Monat KREO<\/span><br \/>\n<span style=\"color: #ffffff;\">CONNECT.<\/span><br \/>\n<span style=\"color: #ffffff;\">\u00dcbertragbare Lizenz (kann von<\/span><br \/>\n<span style=\"color: #ffffff;\">einem Ger\u00e4t auf ein anderes verschoben werden)<\/span><br \/>\n<span style=\"color: #ffffff;\">Alle ESA-Produkte basieren auf Linux oder<\/span><br \/>\n<span style=\"color: #ffffff;\">Windows<\/span><br \/>\n[\/vc_column_text][\/vc_column_inner][vc_column_inner width=&#8220;3\/4&#8243;][vc_single_image image=&#8220;36520&#8243; img_size=&#8220;full&#8220; alignment=&#8220;center&#8220; css=&#8220;&#8220;][\/vc_column_inner][\/vc_row_inner][vc_row_inner][vc_column_inner width=&#8220;2\/3&#8243;][vc_single_image image=&#8220;36558&#8243; img_size=&#8220;full&#8220; alignment=&#8220;center&#8220; css=&#8220;&#8220;][\/vc_column_inner][vc_column_inner width=&#8220;1\/3&#8243;][vc_column_text css=&#8220;.vc_custom_1758190542148{padding-top: 80px !important;padding-left: 20px !important;}&#8220;]<\/p>\n<h3><span style=\"color: #00bbb3;\">KREOHMISUITE365<\/span><\/h3>\n<p><span style=\"color: #ffffff;\">KREO HMI SUITE f\u00fcr 365 Tage<\/span><br \/>\n<span style=\"color: #ffffff;\">ab Aktivierung + 2GB pro Monat KREO<\/span><br \/>\n<span style=\"color: #ffffff;\">CONNECT.<\/span><br \/>\n<span style=\"color: #ffffff;\">Einzelger\u00e4t.<\/span><br \/>\n<span style=\"color: #ffffff;\">Alle ESA-Produkte basieren auf Linux oder<\/span><br \/>\n<span style=\"color: #ffffff;\">Windows<\/span><br \/>\n[\/vc_column_text][\/vc_column_inner][\/vc_row_inner][\/vc_column][\/vc_row][vc_row][vc_column][vc_column_text]<\/p>\n<p>&nbsp;<\/p>\n<p>[\/vc_column_text][\/vc_column][\/vc_row][vc_row][vc_column][vc_accordion active_tab=&#8220;false&#8220; collapsible=&#8220;yes&#8220; el_class=&#8220;.accordionScada&#8220;][vc_accordion_tab title=&#8220;BESTELLBARE LIZENZCODES&#8220; el_id=&#8220;CODES and DESCRIPTION&#8220;][vc_column_text]<a href=\"https:\/\/staging.esa-automation.com\/wp-content\/uploads\/2022\/09\/lista-licenze-ordinabili-KREO-HMI_00.pdf\" target=\"_blank\" rel=\"noopener noreferrer\">Download PDF<\/a><\/p>\n<p>\n<table id=\"tablepress-252\" class=\"tablepress tablepress-id-252\">\n<thead>\n<tr class=\"row-1\">\n\t<th class=\"column-1\">Code                                                                           <\/th><th class=\"column-2\">Description<\/th>\n<\/tr>\n<\/thead>\n<tbody class=\"row-striping row-hover\">\n<tr class=\"row-2\">\n\t<td class=\"column-1\">KREOHMISUITE365<\/td><td class=\"column-2\">LICENZA\/KREO-HMI\/365\/UPDATE<\/td>\n<\/tr>\n<tr class=\"row-3\">\n\t<td class=\"column-1\">KREOEDGERUNBASE<\/td><td class=\"column-2\">LICENZA\/RUNTIME\/KREO\/PC-OPEN<\/td>\n<\/tr>\n<tr class=\"row-4\">\n\t<td class=\"column-1\">KREOEDGEWITHFDA<\/td><td class=\"column-2\">LICENZA\/KREO-RUNTIME\/FDA<\/td>\n<\/tr>\n<tr class=\"row-5\">\n\t<td class=\"column-1\">KREOADDCLIENT01<\/td><td class=\"column-2\">LICENZA\/KREO-HMI\/CLIENT<\/td>\n<\/tr>\n<tr class=\"row-6\">\n\t<td class=\"column-1\">KREOEDGERUN1000<\/td><td class=\"column-2\">LICENZA\/KREO-HMI\/BASE<\/td>\n<\/tr>\n<tr class=\"row-7\">\n\t<td class=\"column-1\">KREOEDGERUN2000<\/td><td class=\"column-2\">LICENZA\/KREO-HMI\/EXPORT<\/td>\n<\/tr>\n<tr class=\"row-8\">\n\t<td class=\"column-1\">KREOEDGERUN3000<\/td><td class=\"column-2\">LICENZA\/KREO-HMI\/EXPERT<\/td>\n<\/tr>\n<tr class=\"row-9\">\n\t<td class=\"column-1\">KREOEDGERUN4000<\/td><td class=\"column-2\">LICENZA\/KREO-HMI\/ENHANCED<\/td>\n<\/tr>\n<tr class=\"row-10\">\n\t<td class=\"column-1\">KREOEDGERUN5000<\/td><td class=\"column-2\">LICENZA\/KREO-HMI\/UNLIMITED<\/td>\n<\/tr>\n<tr class=\"row-11\">\n\t<td class=\"column-1\">EDGERUNUPTO2000<\/td><td class=\"column-2\">LICENZA\/KREO-HMI\/UPTO2000<\/td>\n<\/tr>\n<tr class=\"row-12\">\n\t<td class=\"column-1\">EDGERUNUPTO3000<\/td><td class=\"column-2\">LICENZA\/KREO-HMI\/UPTO3000<\/td>\n<\/tr>\n<tr class=\"row-13\">\n\t<td class=\"column-1\">EDGERUNUPTO4000<\/td><td class=\"column-2\">LICENZA\/KREO-HMI\/UPTO4000<\/td>\n<\/tr>\n<tr class=\"row-14\">\n\t<td class=\"column-1\">EDGERUNUPTO5000<\/td><td class=\"column-2\">LICENZA\/KREO-HMI\/UPTO5000<\/td>\n<\/tr>\n<tr class=\"row-15\">\n\t<td class=\"column-1\">KREOSERVEROPCUA<\/td><td class=\"column-2\">LICENZA\/KREO-RUNTIME\/OPCUA<\/td>\n<\/tr>\n<tr class=\"row-16\">\n\t<td class=\"column-1\">KREOSYMBOARMSIE<\/td><td class=\"column-2\">LICENZA\/KREO-RUNTIME\/S.SIEMENS<\/td>\n<\/tr>\n<tr class=\"row-17\">\n\t<td class=\"column-1\">KREOSYMBOX86SIE<\/td><td class=\"column-2\">LICENZA\/KREO-RUNTIME\/S.SIEMENS<\/td>\n<\/tr>\n<\/tbody>\n<\/table>\n<!-- #tablepress-252 from cache -->[\/vc_column_text][\/vc_accordion_tab][\/vc_accordion][\/vc_column][\/vc_row]<\/p>\n<\/div>","protected":false},"excerpt":{"rendered":"<p>Our platform. Your touch.<\/p>\n","protected":false},"author":4,"featured_media":16289,"parent":8790,"menu_order":41,"comment_status":"open","ping_status":"closed","template":"tmpprodotti.php","meta":{"_acf_changed":false,"footnotes":""},"tags":[35,21,34,99],"class_list":["post-16276","page","type-page","status-publish","has-post-thumbnail","hentry","tag-crew","tag-prodotti","tag-scada","tag-scada-crew"],"acf":[],"aioseo_notices":[],"_links":{"self":[{"href":"https:\/\/staging.esa-automation.com\/de\/wp-json\/wp\/v2\/pages\/16276","targetHints":{"allow":["GET"]}}],"collection":[{"href":"https:\/\/staging.esa-automation.com\/de\/wp-json\/wp\/v2\/pages"}],"about":[{"href":"https:\/\/staging.esa-automation.com\/de\/wp-json\/wp\/v2\/types\/page"}],"author":[{"embeddable":true,"href":"https:\/\/staging.esa-automation.com\/de\/wp-json\/wp\/v2\/users\/4"}],"replies":[{"embeddable":true,"href":"https:\/\/staging.esa-automation.com\/de\/wp-json\/wp\/v2\/comments?post=16276"}],"version-history":[{"count":11,"href":"https:\/\/staging.esa-automation.com\/de\/wp-json\/wp\/v2\/pages\/16276\/revisions"}],"predecessor-version":[{"id":36574,"href":"https:\/\/staging.esa-automation.com\/de\/wp-json\/wp\/v2\/pages\/16276\/revisions\/36574"}],"up":[{"embeddable":true,"href":"https:\/\/staging.esa-automation.com\/de\/wp-json\/wp\/v2\/pages\/8790"}],"wp:featuredmedia":[{"embeddable":true,"href":"https:\/\/staging.esa-automation.com\/de\/wp-json\/wp\/v2\/media\/16289"}],"wp:attachment":[{"href":"https:\/\/staging.esa-automation.com\/de\/wp-json\/wp\/v2\/media?parent=16276"}],"wp:term":[{"taxonomy":"post_tag","embeddable":true,"href":"https:\/\/staging.esa-automation.com\/de\/wp-json\/wp\/v2\/tags?post=16276"}],"curies":[{"name":"wp","href":"https:\/\/api.w.org\/{rel}","templated":true}]}}