{"id":16977,"date":"2023-10-16T17:32:32","date_gmt":"2023-10-16T15:32:32","guid":{"rendered":"https:\/\/staging.esa-automation.com\/en\/?page_id=16977"},"modified":"2025-01-29T11:47:08","modified_gmt":"2025-01-29T10:47:08","slug":"edge-hmi","status":"publish","type":"page","link":"https:\/\/staging.esa-automation.com\/de\/produkte\/lumia-arm\/lumia-arm-ipc\/","title":{"rendered":"LUMIA ARM IPC"},"content":{"rendered":"<div class=\"wpb-content-wrapper\"><p>[vc_section full_width=&#8220;stretch_row&#8220; css=&#8220;.vc_custom_1710233875963{background-color: #000000 !important;}&#8220;][vc_row][vc_column css=&#8220;.vc_custom_1728921388138{padding-right: 0px !important;padding-left: 0px !important;}&#8220;][vc_single_image image=&#8220;17543&#8243; img_size=&#8220;full&#8220; alignment=&#8220;center&#8220; css_animation=&#8220;fadeIn&#8220; parallax_speed_bg=&#8220;1.2&#8243;][\/vc_column][\/vc_row][\/vc_section][vc_row full_width=&#8220;stretch_row&#8220; equal_height=&#8220;yes&#8220; content_placement=&#8220;middle&#8220; css=&#8220;.vc_custom_1707228003784{background-color: #000000 !important;}&#8220;][vc_column width=&#8220;1\/2&#8243; css=&#8220;.vc_custom_1707228026491{padding-top: 0px !important;padding-right: 0px !important;padding-bottom: 0px !important;padding-left: 0px !important;}&#8220;][vc_column_text]<\/p>\n<h1><span style=\"color: #ffffff;\">Lumia Arm IPC<\/span><\/h1>\n<h3><span style=\"color: #ffffff;\">IPC-L\u00f6sung mit integriertem Kabeldurchlass<\/span><\/h3>\n<p><span style=\"color: #ffffff;\">Breites Sortiment an Industrie-PCs mit Armhalterungssystem zur einfachen Installation auf einem Pult oder einer Steuerstation.<br \/>\nDer Einsatz der neuesten l\u00fcfterlosen Prozessoren gew\u00e4hrleistet hohe Leistung und verhindert Staubansammlungen, wodurch der Wartungsbedarf des Produkts reduziert wird.<br \/>\nDie M\u00f6glichkeit, bis zu 4 unabh\u00e4ngige LAN-Ports zu haben, erm\u00f6glicht die Trennung zwischen dem Maschinennetzwerk (OT) und der Kundeninfrastruktur (IT).<br \/>\nDer Arm und das optionale Bedienfeld sind dank des umfangreichen Komponentenportfolios vollst\u00e4ndig konfigurierbar.<br \/>\nDer Griff zur Erleichterung der Produktrotation ist in verschiedenen Konfigurationen erh\u00e4ltlich.<br \/>\nU-Griff f\u00fcr das Modell mit 15,6\u201d-Display<br \/>\nEinzelgriff, der links, rechts oder unten positioniert werden kann. Die Tastaturunterst\u00fctzung mit oder ohne Mauspad vervollst\u00e4ndigt die Arbeitsstation und ist als Alternative zur U-Griff-Montage erh\u00e4ltlich.<\/span><br \/>\n[\/vc_column_text][\/vc_column][vc_column width=&#8220;1\/2&#8243; el_class=&#8220;puntato-bianco&#8220;][vc_gallery interval=&#8220;3&#8243; images=&#8220;22619,22620,22618,22617,22616&#8243; img_size=&#8220;full&#8220; onclick=&#8220;&#8220;][\/vc_column][\/vc_row][vc_section full_width=&#8220;stretch_row&#8220; css=&#8220;.vc_custom_1707236036063{background-color: #00bab3 !important;}&#8220;][vc_row][vc_column css=&#8220;.vc_custom_1707239661132{margin-bottom: 0px !important;}&#8220;][vc_column_text css=&#8220;.vc_custom_1707240059708{margin-bottom: 0px !important;}&#8220;]<\/p>\n<h1><span style=\"color: #ffffff;\">Features<\/span><\/h1>\n<p>[\/vc_column_text][\/vc_column][\/vc_row][vc_row full_width=&#8220;stretch_row&#8220; equal_height=&#8220;yes&#8220; css=&#8220;.vc_custom_1707231915168{background-color: #00bab3 !important;}&#8220;][vc_column width=&#8220;1\/2&#8243; el_class=&#8220;puntato-bianco&#8220; css=&#8220;.vc_custom_1707239671058{padding-top: 0px !important;}&#8220;][vc_column_text]<\/p>\n<ul>\n<li>Betriebssystem W10 \u2013 W11 &#8211; Linux<\/li>\n<li>16\/9 hochaufl\u00f6sender Breitbildschirm mit hoher Helligkeit. Die 15,6\u201d-Display-Version ist sowohl f\u00fcr Quer- als auch Hochformatmontage erh\u00e4ltlich.<\/li>\n<li>Vollglas-True-Flat-Front mit kapazitivem Touch<\/li>\n<li>Armmontage mit IP65-Schutzgrad f\u00fcr das gesamte Produkt<\/li>\n<li>Breite Palette von Prozessoren von Intel Celeron J6412 bis zu 11. Generation Intel i7<\/li>\n<\/ul>\n<p>[\/vc_column_text][\/vc_column][vc_column width=&#8220;1\/2&#8243; el_class=&#8220;puntato-bianco&#8220; css=&#8220;.vc_custom_1707240047809{padding-top: 0px !important;}&#8220;][vc_column_text]<\/p>\n<ul>\n<li>Bis zu 4 unabh\u00e4ngige LAN-Ports<\/li>\n<li>1 COM RS232-Port<\/li>\n<li>6 USB 3.2-Ports<\/li>\n<li>2 HDMI-Videoausg\u00e4nge<\/li>\n<li>Benutzerkonfigurierbarer Arm mit einem umfangreichen Komponenten-Katalog<\/li>\n<li>Bis zu 10 festverdrahtete Steckpl\u00e4tze f\u00fcr Steuerungen, Lampen, W\u00e4hler, Not-Aus-Taste<\/li>\n<\/ul>\n<p>[\/vc_column_text][\/vc_column][\/vc_row][\/vc_section][vc_row][vc_column][vc_empty_space][vc_accordion active_tab=&#8220;false&#8220; collapsible=&#8220;yes&#8220; el_class=&#8220;.accordionHMI&#8220;][vc_accordion_tab title=&#8220;LUMIA ARM &#8211; IPC&#8220; el_id=&#8220;LUMIAEDGEHMI&#8220;][vc_column_text el_class=&#8220;productTextBoxContainer&#8220;][\/vc_column_text][vc_column_text el_class=&#8220;tableDownloadPDF&#8220;]\n<table id=\"tablepress-279\" class=\"tablepress tablepress-id-279\">\n<thead>\n<tr class=\"row-1\">\n\t<th class=\"column-1\"> <\/th><th class=\"column-2\">ARM IPC<\/th>\n<\/tr>\n<\/thead>\n<tbody class=\"row-striping row-hover\">\n<tr class=\"row-2\">\n\t<td class=\"column-1\">O.S.<\/td><td class=\"column-2\">Win10 IoT LTSC 2019\/2021\/W11\/Linux<\/td>\n<\/tr>\n<tr class=\"row-3\">\n\t<td class=\"column-1\">Display Size<\/td><td class=\"column-2\">  15,6\u201d (1920x 1080)<\/td>\n<\/tr>\n<tr class=\"row-4\">\n\t<td class=\"column-1\"><\/td><td class=\"column-2\">  21,5\u201d (1920x 1080)<\/td>\n<\/tr>\n<tr class=\"row-5\">\n\t<td class=\"column-1\"><\/td><td class=\"column-2\">27\u201d  (1920 x 1080)<\/td>\n<\/tr>\n<tr class=\"row-6\">\n\t<td class=\"column-1\">Display technology<\/td><td class=\"column-2\">TFT<\/td>\n<\/tr>\n<tr class=\"row-7\">\n\t<td class=\"column-1\">Display Backlight<\/td><td class=\"column-2\">Led<\/td>\n<\/tr>\n<tr class=\"row-8\">\n\t<td class=\"column-1\">Display Colors<\/td><td class=\"column-2\">16M<\/td>\n<\/tr>\n<tr class=\"row-9\">\n\t<td class=\"column-1\">Touch Technology<\/td><td class=\"column-2\">Capacitive<\/td>\n<\/tr>\n<tr class=\"row-10\">\n\t<td class=\"column-1\">Bezel \/ Chassis<\/td><td class=\"column-2\">Alluminium<\/td>\n<\/tr>\n<tr class=\"row-11\">\n\t<td class=\"column-1\">Processor<\/td><td class=\"column-2\">Celeron Quad Core J6412 \u2013 2,0 (2,6) GHz<\/td>\n<\/tr>\n<tr class=\"row-12\">\n\t<td class=\"column-1\"><\/td><td class=\"column-2\">Intel Core i3-1115G4 1,7  (4,1) GHz<\/td>\n<\/tr>\n<tr class=\"row-13\">\n\t<td class=\"column-1\"><\/td><td class=\"column-2\">Intel Core i7-1165G7 2,8 (4,8) GHz<\/td>\n<\/tr>\n<tr class=\"row-14\">\n\t<td class=\"column-1\">Chipset<\/td><td class=\"column-2\">SoC<\/td>\n<\/tr>\n<tr class=\"row-15\">\n\t<td class=\"column-1\">GPU<\/td><td class=\"column-2\">J6412   UHD Graphics for 10th Gen Intel Processors<\/td>\n<\/tr>\n<tr class=\"row-16\">\n\t<td class=\"column-1\"><\/td><td class=\"column-2\">i3-1115\/ i7-1165 UHD Graphics for 11th Gen Intel Processors<\/td>\n<\/tr>\n<tr class=\"row-17\">\n\t<td class=\"column-1\">Video Output<\/td><td class=\"column-2\">2xHDMI<\/td>\n<\/tr>\n<tr class=\"row-18\">\n\t<td class=\"column-1\">RAM<\/td><td class=\"column-2\">J6412\/i3-1115\/i71165 8GB up to 32GB<\/td>\n<\/tr>\n<tr class=\"row-19\">\n\t<td class=\"column-1\">Mass storage<\/td><td class=\"column-2\">256 GB \/ 512GB\/ 1T SSD<\/td>\n<\/tr>\n<tr class=\"row-20\">\n\t<td class=\"column-1\">Ethernet Port<\/td><td class=\"column-2\">J6412  2 x 1GB Intel 225-V<\/td>\n<\/tr>\n<tr class=\"row-21\">\n\t<td class=\"column-1\"><\/td><td class=\"column-2\">\/i3-1115\/i71165   2x Intel GBE LAN Chip <\/td>\n<\/tr>\n<tr class=\"row-22\">\n\t<td class=\"column-1\">COM port<\/td><td class=\"column-2\">J6412\/i3-1115\/i71165    1x RS232<\/td>\n<\/tr>\n<tr class=\"row-23\">\n\t<td class=\"column-1\">USB Port<\/td><td class=\"column-2\">J6412 3x USB 2.0 + 3x USB3.0<\/td>\n<\/tr>\n<tr class=\"row-24\">\n\t<td class=\"column-1\"><\/td><td class=\"column-2\">i3-1115\/i71165    6x USB3.0<\/td>\n<\/tr>\n<tr class=\"row-25\">\n\t<td class=\"column-1\">Power Supply (Vdc)<\/td><td class=\"column-2\">12 \u2013 32V DC<\/td>\n<\/tr>\n<tr class=\"row-26\">\n\t<td class=\"column-1\">Consumption (W)<\/td><td class=\"column-2\">35W 15,6\u201d<\/td>\n<\/tr>\n<tr class=\"row-27\">\n\t<td class=\"column-1\"><\/td><td class=\"column-2\">50W 21\u201d<\/td>\n<\/tr>\n<tr class=\"row-28\">\n\t<td class=\"column-1\"><\/td><td class=\"column-2\">50W 27\u201d<\/td>\n<\/tr>\n<tr class=\"row-29\">\n\t<td class=\"column-1\">Operating temperature<\/td><td class=\"column-2\">0 \u2026 + 50 \u00b0C  <\/td>\n<\/tr>\n<tr class=\"row-30\">\n\t<td class=\"column-1\">Storage Temperature (\u00b0C)<\/td><td class=\"column-2\">-20 \u2026 + 60 \u00b0C<\/td>\n<\/tr>\n<tr class=\"row-31\">\n\t<td class=\"column-1\">Humidity<\/td><td class=\"column-2\"><90% (non condensing)<\/td>\n<\/tr>\n<tr class=\"row-32\">\n\t<td class=\"column-1\">External dimensions(W\/H\/D) (mm)<\/td><td class=\"column-2\">15,6\u201d 389,4 x 328,3 x 127,0<\/td>\n<\/tr>\n<tr class=\"row-33\">\n\t<td class=\"column-1\"><\/td><td class=\"column-2\">21.5\u201d Landscape 527,8 x 405,1 x 127,0<\/td>\n<\/tr>\n<tr class=\"row-34\">\n\t<td class=\"column-1\"><\/td><td class=\"column-2\">21,5\u201d Portrait  319,0 x 626,2 x 127,0<\/td>\n<\/tr>\n<tr class=\"row-35\">\n\t<td class=\"column-1\"><\/td><td class=\"column-2\">27\u201d 645,4 x 469,3 x 127,0<\/td>\n<\/tr>\n<tr class=\"row-36\">\n\t<td class=\"column-1\">Weight (kg)<\/td><td class=\"column-2\">15\u201d   6,5<\/td>\n<\/tr>\n<tr class=\"row-37\">\n\t<td class=\"column-1\"><\/td><td class=\"column-2\">21,5  8KG<\/td>\n<\/tr>\n<tr class=\"row-38\">\n\t<td class=\"column-1\"><\/td><td class=\"column-2\">27\u201d  10Kg<\/td>\n<\/tr>\n<tr class=\"row-39\">\n\t<td class=\"column-1\">Protection degree <\/td><td class=\"column-2\">IP66 all around<\/td>\n<\/tr>\n<\/tbody>\n<\/table>\n<!-- #tablepress-279 from cache -->[\/vc_column_text][\/vc_accordion_tab][\/vc_accordion][vc_empty_space height=&#8220;40px&#8220;][\/vc_column][\/vc_row]<\/p>\n<\/div>","protected":false},"excerpt":{"rendered":"<p>IPC-L\u00f6sung mit integriertem Kabeldurchlass<\/p>\n","protected":false},"author":40404,"featured_media":17643,"parent":16971,"menu_order":80,"comment_status":"open","ping_status":"open","template":"tmpprodotti.php","meta":{"_acf_changed":false,"footnotes":""},"tags":[197,198,21],"class_list":["post-16977","page","type-page","status-publish","has-post-thumbnail","hentry","tag-ewdb","tag-ewdb-prodotti","tag-prodotti"],"acf":[],"aioseo_notices":[],"_links":{"self":[{"href":"https:\/\/staging.esa-automation.com\/de\/wp-json\/wp\/v2\/pages\/16977","targetHints":{"allow":["GET"]}}],"collection":[{"href":"https:\/\/staging.esa-automation.com\/de\/wp-json\/wp\/v2\/pages"}],"about":[{"href":"https:\/\/staging.esa-automation.com\/de\/wp-json\/wp\/v2\/types\/page"}],"author":[{"embeddable":true,"href":"https:\/\/staging.esa-automation.com\/de\/wp-json\/wp\/v2\/users\/40404"}],"replies":[{"embeddable":true,"href":"https:\/\/staging.esa-automation.com\/de\/wp-json\/wp\/v2\/comments?post=16977"}],"version-history":[{"count":0,"href":"https:\/\/staging.esa-automation.com\/de\/wp-json\/wp\/v2\/pages\/16977\/revisions"}],"up":[{"embeddable":true,"href":"https:\/\/staging.esa-automation.com\/de\/wp-json\/wp\/v2\/pages\/16971"}],"wp:featuredmedia":[{"embeddable":true,"href":"https:\/\/staging.esa-automation.com\/de\/wp-json\/wp\/v2\/media\/17643"}],"wp:attachment":[{"href":"https:\/\/staging.esa-automation.com\/de\/wp-json\/wp\/v2\/media?parent=16977"}],"wp:term":[{"taxonomy":"post_tag","embeddable":true,"href":"https:\/\/staging.esa-automation.com\/de\/wp-json\/wp\/v2\/tags?post=16977"}],"curies":[{"name":"wp","href":"https:\/\/api.w.org\/{rel}","templated":true}]}}