{"id":16979,"date":"2023-10-16T17:35:07","date_gmt":"2023-10-16T15:35:07","guid":{"rendered":"https:\/\/staging.esa-automation.com\/en\/?page_id=16979"},"modified":"2025-01-29T11:52:44","modified_gmt":"2025-01-29T10:52:44","slug":"edge-hmi-2","status":"publish","type":"page","link":"https:\/\/staging.esa-automation.com\/de\/produkte\/lumia-arm\/lumia-arm-monitor\/","title":{"rendered":"LUMIA ARM MONITOR"},"content":{"rendered":"<div class=\"wpb-content-wrapper\"><p>[vc_section full_width=&#8220;stretch_row&#8220; css=&#8220;.vc_custom_1710233875963{background-color: #000000 !important;}&#8220;][vc_row][vc_column css=&#8220;.vc_custom_1728921388138{padding-right: 0px !important;padding-left: 0px !important;}&#8220;][vc_single_image image=&#8220;36130&#8243; img_size=&#8220;full&#8220; alignment=&#8220;center&#8220; css_animation=&#8220;fadeIn&#8220; parallax_speed_bg=&#8220;1.2&#8243;][\/vc_column][\/vc_row][\/vc_section][vc_row full_width=&#8220;stretch_row&#8220; equal_height=&#8220;yes&#8220; content_placement=&#8220;middle&#8220; css=&#8220;.vc_custom_1707228003784{background-color: #000000 !important;}&#8220;][vc_column width=&#8220;1\/2&#8243; css=&#8220;.vc_custom_1707228026491{padding-top: 0px !important;padding-right: 0px !important;padding-bottom: 0px !important;padding-left: 0px !important;}&#8220;][vc_column_text]<\/p>\n<h1><span style=\"color: #ffffff;\">Lumia Arm Monitor<\/span><\/h1>\n<h3><span style=\"color: #ffffff;\">Modular Solution<\/span><\/h3>\n<p><span style=\"color: #ffffff;\">Die Industriemonitore Lumia ARM Monitor bieten eine vielseitige und dank des Befestigungssystems mit Arm einfach zu installierende L\u00f6sung, die ideal f\u00fcr Bedienpulte und Steuerungsstellungen ist. Die verschiedenen Video-Anschl\u00fcsse (DVI-D, VGA, DP) gew\u00e4hrleisten die Kompatibilit\u00e4t mit den neuesten Industrie-PCs. Der kapazitive Mehrpunkt-Touchscreen wird \u00fcber einen hinteren USB-B Port verwaltet und unterst\u00fctzt moderne Techniken, die f\u00fcr die Verwaltung von \u00dcberwachungs- und Steuerungsanwendungen erforderlich sind.<\/span>[\/vc_column_text][\/vc_column][vc_column width=&#8220;1\/2&#8243; el_class=&#8220;puntato-bianco&#8220;][vc_gallery interval=&#8220;3&#8243; images=&#8220;36128,36127,36126&#8243; img_size=&#8220;full&#8220; onclick=&#8220;&#8220;][\/vc_column][\/vc_row][vc_section full_width=&#8220;stretch_row&#8220; css=&#8220;.vc_custom_1707236036063{background-color: #00bab3 !important;}&#8220;][vc_row][vc_column css=&#8220;.vc_custom_1707239661132{margin-bottom: 0px !important;}&#8220;][vc_column_text css=&#8220;.vc_custom_1707240059708{margin-bottom: 0px !important;}&#8220;]<\/p>\n<h1><span style=\"color: #ffffff;\">Features<\/span><\/h1>\n<p>[\/vc_column_text][\/vc_column][\/vc_row][vc_row full_width=&#8220;stretch_row&#8220; equal_height=&#8220;yes&#8220; css=&#8220;.vc_custom_1707231915168{background-color: #00bab3 !important;}&#8220;][vc_column width=&#8220;1\/2&#8243; el_class=&#8220;puntato-bianco&#8220; css=&#8220;.vc_custom_1707239671058{padding-top: 0px !important;}&#8220;][vc_column_text]<\/p>\n<ul>\n<li>Display Widescreen 16:9 mit hoher Aufl\u00f6sung und Helligkeit, verf\u00fcgbar in drei Gr\u00f6\u00dfen: 15,6\u201d (1920&#215;1080), 21,5\u201d (1920&#215;1080), 27\u201d (1920&#215;1080)<\/li>\n<li>Die Version mit Display von 15,6\u201d ist sowohl f\u00fcr die Montage \u201elandscape\u201c als auch \u201eportrait\u201c erh\u00e4ltlich<\/li>\n<li>Vollglasfront true flat mit kapazitivem Touchscreen<\/li>\n<li>Montage mit Arm mit Schutzart IP65 am gesamten Produkt<\/li>\n<li>Vom Kunden mit Komponenten aus einem umfangreichen Katalog konfigurierbarer Arm<\/li>\n<\/ul>\n<p>[\/vc_column_text][\/vc_column][vc_column width=&#8220;1\/2&#8243; el_class=&#8220;puntato-bianco&#8220; css=&#8220;.vc_custom_1707240047809{padding-top: 0px !important;}&#8220;][vc_column_text]<\/p>\n<ul>\n<li>Bis zu 12 Slot hard wired f\u00fcr Befehlseinrichtungen, Lampen, Wahlschalter und Not-Halt-Taster<\/li>\n<li>Griff zur Erleichterung der Drehung des Produkts, verf\u00fcgbar in verschiedenen Konfigurationen<\/li>\n<li>U-f\u00f6rmiger Griff f\u00fcr Display von 15,6\u201d<\/li>\n<li>Einzelner Griff, der auf der linken, rechten oder unteren Seite positioniert werden kann<\/li>\n<li>Tastaturhalterung mit oder ohne Mauspad als Alternative zum U-f\u00f6rmigen Griff<\/li>\n<\/ul>\n<p>[\/vc_column_text][\/vc_column][\/vc_row][\/vc_section][vc_row][vc_column][vc_empty_space][vc_accordion active_tab=&#8220;false&#8220; collapsible=&#8220;yes&#8220; el_class=&#8220;.accordionHMI&#8220;][vc_accordion_tab title=&#8220;LUMIA ARM Monitor&#8220; el_id=&#8220;LUMIAEDGEHMI&#8220;][vc_column_text el_class=&#8220;productTextBoxContainer&#8220;][\/vc_column_text][vc_column_text el_class=&#8220;tableDownloadPDF&#8220;]\n<table id=\"tablepress-278\" class=\"tablepress tablepress-id-278\">\n<thead>\n<tr class=\"row-1\">\n\t<th class=\"column-1\"> <\/th><th class=\"column-2\">ARM Monitor<\/th>\n<\/tr>\n<\/thead>\n<tbody class=\"row-striping row-hover\">\n<tr class=\"row-2\">\n\t<td class=\"column-1\">Display Technology<\/td><td class=\"column-2\">TFT<\/td>\n<\/tr>\n<tr class=\"row-3\">\n\t<td class=\"column-1\">Display Size<\/td><td class=\"column-2\">  15,6\u201d (1920x 1080)<\/td>\n<\/tr>\n<tr class=\"row-4\">\n\t<td class=\"column-1\"><\/td><td class=\"column-2\">  21,5\u201d (1920x 1080)<\/td>\n<\/tr>\n<tr class=\"row-5\">\n\t<td class=\"column-1\"><\/td><td class=\"column-2\">27\u201d  (1920 x 1080)<\/td>\n<\/tr>\n<tr class=\"row-6\">\n\t<td class=\"column-1\">Display technology<\/td><td class=\"column-2\">TFT<\/td>\n<\/tr>\n<tr class=\"row-7\">\n\t<td class=\"column-1\">Display Backlight<\/td><td class=\"column-2\">Led<\/td>\n<\/tr>\n<tr class=\"row-8\">\n\t<td class=\"column-1\">Display Colors<\/td><td class=\"column-2\">16M<\/td>\n<\/tr>\n<tr class=\"row-9\">\n\t<td class=\"column-1\">Touch Technology<\/td><td class=\"column-2\">Capacitive<\/td>\n<\/tr>\n<tr class=\"row-10\">\n\t<td class=\"column-1\">Bezel \/ Chassis<\/td><td class=\"column-2\">Alluminium<\/td>\n<\/tr>\n<tr class=\"row-11\">\n\t<td class=\"column-1\">USB<\/td><td class=\"column-2\">Rear 1xUSB typeB<\/td>\n<\/tr>\n<tr class=\"row-12\">\n\t<td class=\"column-1\">Video Input<\/td><td class=\"column-2\">DVI-D + VGA + DP port<\/td>\n<\/tr>\n<tr class=\"row-13\">\n\t<td class=\"column-1\">Power Supply (Vdc)<\/td><td class=\"column-2\">12 \u2013 32V DC<\/td>\n<\/tr>\n<tr class=\"row-14\">\n\t<td class=\"column-1\">Consumption (W)<\/td><td class=\"column-2\">35W 15,6\u201d<\/td>\n<\/tr>\n<tr class=\"row-15\">\n\t<td class=\"column-1\"><\/td><td class=\"column-2\">50W 21\u201d<\/td>\n<\/tr>\n<tr class=\"row-16\">\n\t<td class=\"column-1\"><\/td><td class=\"column-2\">50W 27\u201d<\/td>\n<\/tr>\n<tr class=\"row-17\">\n\t<td class=\"column-1\">Operating temperature<\/td><td class=\"column-2\">0 \u2026 + 50 \u00b0C  <\/td>\n<\/tr>\n<tr class=\"row-18\">\n\t<td class=\"column-1\">Storage Temperature (\u00b0C)<\/td><td class=\"column-2\">-20 \u2026 + 60 \u00b0C<\/td>\n<\/tr>\n<tr class=\"row-19\">\n\t<td class=\"column-1\">Humidity<\/td><td class=\"column-2\"><90% (non condensing)<\/td>\n<\/tr>\n<tr class=\"row-20\">\n\t<td class=\"column-1\">External dimensions(W\/H\/D) (mm)<\/td><td class=\"column-2\">15,6\u201d 389,40 x 328,30 x 126,99<\/td>\n<\/tr>\n<tr class=\"row-21\">\n\t<td class=\"column-1\"><\/td><td class=\"column-2\">21.5\u201d 527,84 x 405,10 x 126,99 <\/td>\n<\/tr>\n<tr class=\"row-22\">\n\t<td class=\"column-1\"><\/td><td class=\"column-2\">27\u201d 645,40 x 469,25 x 126,99<\/td>\n<\/tr>\n<tr class=\"row-23\">\n\t<td class=\"column-1\">Weight (kg)<\/td><td class=\"column-2\">15\u201d   6,5<\/td>\n<\/tr>\n<tr class=\"row-24\">\n\t<td class=\"column-1\"><\/td><td class=\"column-2\">21,5  8KG<\/td>\n<\/tr>\n<tr class=\"row-25\">\n\t<td class=\"column-1\"><\/td><td class=\"column-2\">27\u201d  10Kg<\/td>\n<\/tr>\n<tr class=\"row-26\">\n\t<td class=\"column-1\">Protection degree <\/td><td class=\"column-2\">IP66 all around<\/td>\n<\/tr>\n<\/tbody>\n<\/table>\n<!-- #tablepress-278 from cache -->[\/vc_column_text][\/vc_accordion_tab][\/vc_accordion][vc_empty_space height=&#8220;40px&#8220;][\/vc_column][\/vc_row]<\/p>\n<\/div>","protected":false},"excerpt":{"rendered":"<p>Web based solution.<\/p>\n","protected":false},"author":40404,"featured_media":36125,"parent":16971,"menu_order":107,"comment_status":"open","ping_status":"open","template":"tmpprodotti.php","meta":{"_acf_changed":false,"footnotes":""},"tags":[197,198,21],"class_list":["post-16979","page","type-page","status-publish","has-post-thumbnail","hentry","tag-ewdb","tag-ewdb-prodotti","tag-prodotti"],"acf":[],"aioseo_notices":[],"_links":{"self":[{"href":"https:\/\/staging.esa-automation.com\/de\/wp-json\/wp\/v2\/pages\/16979","targetHints":{"allow":["GET"]}}],"collection":[{"href":"https:\/\/staging.esa-automation.com\/de\/wp-json\/wp\/v2\/pages"}],"about":[{"href":"https:\/\/staging.esa-automation.com\/de\/wp-json\/wp\/v2\/types\/page"}],"author":[{"embeddable":true,"href":"https:\/\/staging.esa-automation.com\/de\/wp-json\/wp\/v2\/users\/40404"}],"replies":[{"embeddable":true,"href":"https:\/\/staging.esa-automation.com\/de\/wp-json\/wp\/v2\/comments?post=16979"}],"version-history":[{"count":0,"href":"https:\/\/staging.esa-automation.com\/de\/wp-json\/wp\/v2\/pages\/16979\/revisions"}],"up":[{"embeddable":true,"href":"https:\/\/staging.esa-automation.com\/de\/wp-json\/wp\/v2\/pages\/16971"}],"wp:featuredmedia":[{"embeddable":true,"href":"https:\/\/staging.esa-automation.com\/de\/wp-json\/wp\/v2\/media\/36125"}],"wp:attachment":[{"href":"https:\/\/staging.esa-automation.com\/de\/wp-json\/wp\/v2\/media?parent=16979"}],"wp:term":[{"taxonomy":"post_tag","embeddable":true,"href":"https:\/\/staging.esa-automation.com\/de\/wp-json\/wp\/v2\/tags?post=16979"}],"curies":[{"name":"wp","href":"https:\/\/api.w.org\/{rel}","templated":true}]}}