{"id":17072,"date":"2024-02-13T10:00:23","date_gmt":"2024-02-13T09:00:23","guid":{"rendered":"https:\/\/staging.esa-automation.com\/it\/?page_id=17072"},"modified":"2026-01-05T16:21:47","modified_gmt":"2026-01-05T15:21:47","slug":"sustainability","status":"publish","type":"page","link":"https:\/\/staging.esa-automation.com\/de\/nachhaltigkeit\/","title":{"rendered":"Nachhaltigkeit"},"content":{"rendered":"<div class=\"wpb-content-wrapper\"><p>[vc_section full_width=&#8220;stretch_row&#8220; css=&#8220;.vc_custom_1765894690495{padding-top: 20vh !important;background-color: #000000 !important;}&#8220;][vc_row][vc_column css=&#8220;.vc_custom_1728921388138{padding-right: 0px !important;padding-left: 0px !important;}&#8220;][vc_single_image image=&#8220;36776&#8243; img_size=&#8220;full&#8220; alignment=&#8220;center&#8220; css_animation=&#8220;fadeIn&#8220; css=&#8220;&#8220;][vc_custom_heading text=&#8220;Gr\u00fcne Innovation&#8220; font_container=&#8220;tag:h1|text_align:left|color:%2300BAB3&#8243; use_theme_fonts=&#8220;yes&#8220; css=&#8220;&#8220; el_class=&#8220;d-5&#8243;][vc_custom_heading text=&#8220;Energiemanagement und Smart Factory&#8220; font_container=&#8220;tag:h2|text_align:left|color:%2300BAB3&#8243; use_theme_fonts=&#8220;yes&#8220; css=&#8220;&#8220; el_class=&#8220;fs-1&#8243;][vc_empty_space][\/vc_column][\/vc_row][vc_row gap=&#8220;30&#8243;][vc_column width=&#8220;1\/2&#8243;][vc_column_text css=&#8220;&#8220;]<span style=\"color: #ffffff;\">Die Verbindung von Technologie und Nachhaltigkeit ist heute eine unverzichtbare Voraussetzung f\u00fcr die Wettbewerbsf\u00e4higkeit von Unternehmen. Bei ESA sind wir \u00fcberzeugt, dass Innovation im Dienste der nachhaltigen Transformation stehen kann und muss, indem sie Gesch\u00e4ftsmodelle und Automatisierungsl\u00f6sungen f\u00f6rdert, die in der Lage sind, den \u00f6kologischen Fu\u00dfabdruck von Produktionsprozessen im Sinne einer Green Economy zu verringern.<\/span><\/p>\n<p><span style=\"color: #ffffff;\">Unsere Vision richtet sich auf die Smart Factory, in der Maschinen und Systeme in Echtzeit kommunizieren, um Kontrolle, Flexibilit\u00e4t und eine kontinuierliche Optimierung zu gew\u00e4hrleisten. Diese Transformation erfordert einen schrittweisen Weg aus technologischer Innovation und Strategie und ebnet den Weg f\u00fcr eine Zukunft, in der Nachhaltigkeit und industrieller Fortschritt gemeinsam voranschreiten.<\/span><br \/>\n[\/vc_column_text][\/vc_column][vc_column width=&#8220;1\/2&#8243;][vc_column_text css=&#8220;&#8220;]<span style=\"color: #ffffff;\"><strong data-start=\"62\" data-end=\"103\">Dieser Nachhaltigkeitsbericht<\/strong> beschreibt das Engagement von ESA Automation, technologische Innovation, \u00f6kologische Verantwortung und die Wertsch\u00e4tzung von Menschen miteinander zu verbinden. Durch L\u00f6sungen f\u00fcr die industrielle Automatisierung und verantwortungsvolle Unternehmenspraktiken tr\u00e4gt das Unternehmen zu einer effizienteren, sichereren und nachhaltigeren industriellen Entwicklung bei.<\/span><br \/>\n[\/vc_column_text][\/vc_column][\/vc_row][vc_row][vc_column][vc_empty_space][vc_custom_heading text=&#8220;Nachhaltigkeitsbericht 2024 herunterladen&#8220; font_container=&#8220;tag:h1|text_align:left|color:%2300BAB3&#8243; use_theme_fonts=&#8220;yes&#8220; css=&#8220;&#8220; el_class=&#8220;d-5&#8243;][\/vc_column][\/vc_row][vc_row content_placement=&#8220;middle&#8220;][vc_column width=&#8220;1\/2&#8243;][vc_single_image image=&#8220;36781&#8243; img_size=&#8220;full&#8220; alignment=&#8220;center&#8220; css=&#8220;&#8220;][\/vc_column][vc_column width=&#8220;1\/2&#8243;][vc_column_text css=&#8220;&#8220;]<span style=\"color: #ffffff;\"><strong data-start=\"62\" data-end=\"103\">Dieser Nachhaltigkeitsbericht<\/strong> beschreibt das Engagement von ESA Automation, technologische Innovation, \u00f6kologische Verantwortung und die Wertsch\u00e4tzung von Menschen miteinander zu verbinden. Durch L\u00f6sungen f\u00fcr die industrielle Automatisierung und verantwortungsvolle Unternehmenspraktiken tr\u00e4gt das Unternehmen zu einer effizienteren, sichereren und nachhaltigeren industriellen Entwicklung bei.<\/span><br \/>\n[\/vc_column_text][vc_column_text css=&#8220;&#8220;]<a class=\"btn btn btn-black btn-large\" href=\"https:\/\/staging.esa-automation.com\/wp-content\/uploads\/2026\/01\/ESA-Automation._SUSTAINABILITY_REPORT_2024.pdf\" target=\"_blank\" rel=\"noopener\">DOWNLOAD<\/a>[\/vc_column_text][\/vc_column][\/vc_row][vc_row][vc_column][vc_empty_space][vc_custom_heading text=&#8220;Verantwortungsvolle Abfallbewirtschaftung&#8220; font_container=&#8220;tag:h1|text_align:left|color:%2300BAB3&#8243; use_theme_fonts=&#8220;yes&#8220; css=&#8220;&#8220; el_class=&#8220;d-5&#8243;][vc_custom_heading text=&#8220;Nachverfolgung, \u00dcberwachung und sichere Entsorgung&#8220; font_container=&#8220;tag:h2|text_align:left|color:%2300BAB3&#8243; use_theme_fonts=&#8220;yes&#8220; css=&#8220;&#8220; el_class=&#8220;fs-1&#8243;][vc_empty_space][vc_single_image image=&#8220;36782&#8243; img_size=&#8220;full&#8220; alignment=&#8220;center&#8220; css=&#8220;&#8220;][vc_empty_space][\/vc_column][\/vc_row][\/vc_section][vc_row full_width=&#8220;stretch_row&#8220; css=&#8220;.vc_custom_1765895329304{padding-bottom: 10vh !important;background-color: #000000 !important;}&#8220;][vc_column][vc_column_text css=&#8220;&#8220;]<\/p>\n<h3 class=\"fs-3\" style=\"text-align: center;\"><span style=\"color: #ffffff;\">Wir w\u00e4hlen die besten Rohstoffe f\u00fcr unsere Verpackungen aus und bevorzugen Materialien, die aus recycelten Quellen stammen.<\/span><\/h3>\n<p>[\/vc_column_text][vc_empty_space][vc_row_inner][vc_column_inner width=&#8220;1\/3&#8243;][vc_column_text]<\/p>\n<h4 style=\"text-align: center;\"><span style=\"color: #ffffff;\">PAPIER<\/span><\/h4>\n<p>[\/vc_column_text][vc_single_image image=&#8220;17074&#8243; img_size=&#8220;full&#8220; css=&#8220;.vc_custom_1708007369324{margin-right: 100px !important;margin-left: 100px !important;}&#8220;][vc_column_text]<\/p>\n<h4 style=\"text-align: center;\"><span style=\"color: #00bab3;\">PAP 20<\/span><\/h4>\n<h4 style=\"text-align: center;\"><span style=\"color: #ffffff;\">Papiersammlung<\/span><\/h4>\n<p>[\/vc_column_text][\/vc_column_inner][vc_column_inner width=&#8220;1\/3&#8243;][vc_column_text]<\/p>\n<h4 style=\"text-align: center;\"><span style=\"color: #ffffff;\">KARTON<\/span><\/h4>\n<p>[\/vc_column_text][vc_single_image image=&#8220;17075&#8243; img_size=&#8220;full&#8220; css=&#8220;.vc_custom_1708007377034{margin-right: 100px !important;margin-left: 100px !important;}&#8220;][vc_column_text]<\/p>\n<h4 style=\"text-align: center;\"><span style=\"color: #00bab3;\">PAP 20<\/span><\/h4>\n<h4 style=\"text-align: center;\"><span style=\"color: #ffffff;\">Papiersammlung<\/span><\/h4>\n<p>[\/vc_column_text][\/vc_column_inner][vc_column_inner width=&#8220;1\/3&#8243;][vc_column_text]<\/p>\n<h4 style=\"text-align: center;\"><span style=\"color: #ffffff; text-transform: uppercase;\">Luftpolsterfolie<\/span><\/h4>\n<p>[\/vc_column_text][vc_single_image image=&#8220;17076&#8243; img_size=&#8220;full&#8220; css=&#8220;.vc_custom_1708007385908{margin-right: 100px !important;margin-left: 100px !important;}&#8220;][vc_column_text]<\/p>\n<h4 style=\"text-align: center;\"><span style=\"color: #00bab3;\">LDPE4<\/span><\/h4>\n<h4 style=\"text-align: center;\"><span style=\"color: #ffffff;\">Plastiksammlung<\/span><\/h4>\n<p>[\/vc_column_text][\/vc_column_inner][\/vc_row_inner][\/vc_column][\/vc_row]<\/p>\n<\/div>","protected":false},"excerpt":{"rendered":"<p>[vc_section full_width=&#8220;stretch_row&#8220; css=&#8220;.vc_custom_1765894690495{padding-top: 20vh !important;background-color: #000000 !important;}&#8220;][vc_row][vc_column css=&#8220;.vc_custom_1728921388138{padding-right: 0px !important;padding-left: 0px !important;}&#8220;][vc_single_image image=&#8220;36776&#8243; img_size=&#8220;full&#8220; alignment=&#8220;center&#8220; css_animation=&#8220;fadeIn&#8220; css=&#8220;&#8220;][vc_custom_heading text=&#8220;Gr\u00fcne Innovation&#8220; font_container=&#8220;tag:h1|text_align:left|color:%2300BAB3&#8243; use_theme_fonts=&#8220;yes&#8220; css=&#8220;&#8220; el_class=&#8220;d-5&#8243;][vc_custom_heading text=&#8220;Energiemanagement und Smart Factory&#8220; font_container=&#8220;tag:h2|text_align:left|color:%2300BAB3&#8243; use_theme_fonts=&#8220;yes&#8220; css=&#8220;&#8220; el_class=&#8220;fs-1&#8243;][vc_empty_space][\/vc_column][\/vc_row][vc_row gap=&#8220;30&#8243;][vc_column width=&#8220;1\/2&#8243;][vc_column_text css=&#8220;&#8220;]Die Verbindung von Technologie und Nachhaltigkeit ist heute eine unverzichtbare Voraussetzung f\u00fcr die Wettbewerbsf\u00e4higkeit von Unternehmen. Bei ESA sind wir \u00fcberzeugt, dass Innovation im Dienste der nachhaltigen Transformation stehen kann und muss, indem sie Gesch\u00e4ftsmodelle und Automatisierungsl\u00f6sungen f\u00f6rdert, die in der Lage sind, den \u00f6kologischen Fu\u00dfabdruck von Produktionsprozessen im Sinne einer Green Economy zu verringern. Unsere Vision richtet sich auf die Smart Factory, in der Maschinen und Systeme in Echtzeit kommunizieren, um Kontrolle, Flexibilit\u00e4t und eine kontinuierliche Optimierung zu gew\u00e4hrleisten. Diese Transformation erfordert einen schrittweisen Weg aus technologischer Innovation und Strategie und ebnet den Weg f\u00fcr eine Zukunft, in der Nachhaltigkeit und industrieller Fortschritt gemeinsam voranschreiten. [\/vc_column_text][\/vc_column][vc_column width=&#8220;1\/2&#8243;][vc_column_text css=&#8220;&#8220;]Dieser Nachhaltigkeitsbericht beschreibt das Engagement von ESA Automation, technologische Innovation, \u00f6kologische Verantwortung und die Wertsch\u00e4tzung von Menschen miteinander zu verbinden. Durch L\u00f6sungen f\u00fcr die industrielle Automatisierung und verantwortungsvolle Unternehmenspraktiken tr\u00e4gt das Unternehmen zu einer effizienteren, sichereren und nachhaltigeren industriellen Entwicklung bei. [\/vc_column_text][\/vc_column][\/vc_row][vc_row][vc_column][vc_empty_space][vc_custom_heading text=&#8220;Nachhaltigkeitsbericht 2024 herunterladen&#8220; font_container=&#8220;tag:h1|text_align:left|color:%2300BAB3&#8243; use_theme_fonts=&#8220;yes&#8220; css=&#8220;&#8220; el_class=&#8220;d-5&#8243;][\/vc_column][\/vc_row][vc_row content_placement=&#8220;middle&#8220;][vc_column width=&#8220;1\/2&#8243;][vc_single_image image=&#8220;36781&#8243; img_size=&#8220;full&#8220; alignment=&#8220;center&#8220; css=&#8220;&#8220;][\/vc_column][vc_column width=&#8220;1\/2&#8243;][vc_column_text css=&#8220;&#8220;]Dieser Nachhaltigkeitsbericht beschreibt [&hellip;]<\/p>\n","protected":false},"author":40404,"featured_media":0,"parent":0,"menu_order":81,"comment_status":"closed","ping_status":"closed","template":"","meta":{"_acf_changed":false,"footnotes":""},"tags":[],"class_list":["post-17072","page","type-page","status-publish","hentry"],"acf":[],"aioseo_notices":[],"_links":{"self":[{"href":"https:\/\/staging.esa-automation.com\/de\/wp-json\/wp\/v2\/pages\/17072","targetHints":{"allow":["GET"]}}],"collection":[{"href":"https:\/\/staging.esa-automation.com\/de\/wp-json\/wp\/v2\/pages"}],"about":[{"href":"https:\/\/staging.esa-automation.com\/de\/wp-json\/wp\/v2\/types\/page"}],"author":[{"embeddable":true,"href":"https:\/\/staging.esa-automation.com\/de\/wp-json\/wp\/v2\/users\/40404"}],"replies":[{"embeddable":true,"href":"https:\/\/staging.esa-automation.com\/de\/wp-json\/wp\/v2\/comments?post=17072"}],"version-history":[{"count":11,"href":"https:\/\/staging.esa-automation.com\/de\/wp-json\/wp\/v2\/pages\/17072\/revisions"}],"predecessor-version":[{"id":36817,"href":"https:\/\/staging.esa-automation.com\/de\/wp-json\/wp\/v2\/pages\/17072\/revisions\/36817"}],"wp:attachment":[{"href":"https:\/\/staging.esa-automation.com\/de\/wp-json\/wp\/v2\/media?parent=17072"}],"wp:term":[{"taxonomy":"post_tag","embeddable":true,"href":"https:\/\/staging.esa-automation.com\/de\/wp-json\/wp\/v2\/tags?post=17072"}],"curies":[{"name":"wp","href":"https:\/\/api.w.org\/{rel}","templated":true}]}}