{"id":17387,"date":"2024-05-02T14:25:05","date_gmt":"2024-05-02T12:25:05","guid":{"rendered":"https:\/\/staging.esa-automation.com\/it\/?page_id=17387"},"modified":"2025-01-29T10:33:42","modified_gmt":"2025-01-29T09:33:42","slug":"crew-2-2","status":"publish","type":"page","link":"https:\/\/staging.esa-automation.com\/de\/produkte\/software\/kreo-connect\/","title":{"rendered":"Kreo Connect"},"content":{"rendered":"<div class=\"wpb-content-wrapper\"><p>[vc_section full_width=&#8220;stretch_row&#8220; css=&#8220;.vc_custom_1710233875963{background-color: #000000 !important;}&#8220;][vc_row][vc_column css=&#8220;.vc_custom_1728921388138{padding-right: 0px !important;padding-left: 0px !important;}&#8220;][vc_single_image image=&#8220;17478&#8243; img_size=&#8220;full&#8220; alignment=&#8220;center&#8220; css_animation=&#8220;fadeIn&#8220; parallax_speed_bg=&#8220;1.2&#8243;][\/vc_column][\/vc_row][\/vc_section][vc_row full_width=&#8220;stretch_row&#8220; equal_height=&#8220;yes&#8220; content_placement=&#8220;middle&#8220; css=&#8220;.vc_custom_1707228003784{background-color: #000000 !important;}&#8220;][vc_column width=&#8220;1\/2&#8243; css=&#8220;.vc_custom_1707228026491{padding-top: 0px !important;padding-right: 0px !important;padding-bottom: 0px !important;padding-left: 0px !important;}&#8220;][vc_column_text]<\/p>\n<h1><span style=\"color: #ffffff;\">Kreo Connect<\/span><\/h1>\n<h3><span style=\"color: #ffffff;\">Remote maintenance<\/span><\/h3>\n<p><span style=\"color: #ffffff;\">IoT-Plattform mit integriertem Fernzugriff f\u00fcr die Anlagenwartung, die Maschinenausf\u00e4lle verhindert und die Kosten erheblich reduziert. Techniker k\u00f6nnen sich \u00fcber eine Standard-Webverbindung und ein sicheres VPN mit den Maschinen verbinden, um sowohl die Maschinensteuerung als auch die ESA-Edge-Ger\u00e4te zu steuern, ohne dass eine Software installiert werden muss; alles wird \u00fcber eine Webschnittstelle verwaltet.<\/span>[\/vc_column_text][\/vc_column][vc_column width=&#8220;1\/2&#8243; el_class=&#8220;puntato-bianco&#8220;][vc_gallery interval=&#8220;3&#8243; images=&#8220;16281,16280,16279,16278&#8243; img_size=&#8220;full&#8220; onclick=&#8220;&#8220;][\/vc_column][\/vc_row][vc_section full_width=&#8220;stretch_row&#8220; css=&#8220;.vc_custom_1707236036063{background-color: #00bab3 !important;}&#8220;][vc_row][vc_column css=&#8220;.vc_custom_1707239661132{margin-bottom: 0px !important;}&#8220;][vc_column_text css=&#8220;.vc_custom_1707240059708{margin-bottom: 0px !important;}&#8220;]<\/p>\n<h1><span style=\"color: #ffffff;\">Features<\/span><\/h1>\n<p>[\/vc_column_text][\/vc_column][\/vc_row][vc_row full_width=&#8220;stretch_row&#8220; equal_height=&#8220;yes&#8220; css=&#8220;.vc_custom_1707231915168{background-color: #00bab3 !important;}&#8220;][vc_column width=&#8220;1\/2&#8243; el_class=&#8220;puntato-bianco&#8220; css=&#8220;.vc_custom_1707239671058{padding-top: 0px !important;}&#8220;][vc_column_text]<\/p>\n<ul>\n<li>HTML5 und Javaskript: responsiver Seitenaufbau, Gestenunterst\u00fctzung, Multi-Touch, SVG-Grafik, kompatibel mit vielen Plattformen.<\/li>\n<li>edgeHMI \u2013 webHMI Architektur: ODBC (Open Database Connectivity) Konnektivit\u00e4t, Benutzerverwaltung basierend auf Benutzergruppen und Arbeitspl\u00e4tze, OPC UA Server und Client<\/li>\n<li>Entwicklungsumgebung konfigurierbar<\/li>\n<li>Einfache Navigation zwischen unterschiedlichen Kontexten<\/li>\n<\/ul>\n<p>[\/vc_column_text][\/vc_column][vc_column width=&#8220;1\/2&#8243; el_class=&#8220;puntato-bianco&#8220; css=&#8220;.vc_custom_1707240047809{padding-top: 0px !important;}&#8220;][vc_column_text]<\/p>\n<ul>\n<li>2D- und 3D-Grafiken basierend auf CANVAS und JAVASCRIPT<\/li>\n<li>Integrierter PDF-Viewer und Videoplayer<\/li>\n<li>FDA-CFR21 Teil 11 Konformit\u00e4t<\/li>\n<li>SVG-Grafikbibliothek beinhalten ein spezielles Tool, mit dem Benutzer eigene dynamische Grafikobjekte erstellen und in die Applikation einbinden kann.<\/li>\n<\/ul>\n<p>[\/vc_column_text][\/vc_column][\/vc_row][\/vc_section][vc_row][vc_column][vc_accordion active_tab=&#8220;false&#8220; collapsible=&#8220;yes&#8220; el_class=&#8220;.accordionScada&#8220;][vc_accordion_tab title=&#8220;BESTELLBARE LIZENZCODES&#8220; el_id=&#8220;CODES and DESCRIPTION&#8220;][vc_column_text]\n<table id=\"tablepress-284\" class=\"tablepress tablepress-id-284\">\n<thead>\n<tr class=\"row-1\">\n\t<th class=\"column-1\">Code                                                                           <\/th><th class=\"column-2\">Description<\/th>\n<\/tr>\n<\/thead>\n<tbody class=\"row-striping row-hover\">\n<tr class=\"row-2\">\n\t<td class=\"column-1\">KREOCONNECTPROX<\/td><td class=\"column-2\">LICENSE\/DOMAIN\/1ST\/MONTH\/FREE<\/td>\n<\/tr>\n<tr class=\"row-3\">\n\t<td class=\"column-1\">KREOCONNECT05GB<\/td><td class=\"column-2\">5GB\/MONTH\/TRAFFIC<\/td>\n<\/tr>\n<tr class=\"row-4\">\n\t<td class=\"column-1\">KREOCONNECT10GB<\/td><td class=\"column-2\">10GB\/MONTH\/TRAFFIC<\/td>\n<\/tr>\n<tr class=\"row-5\">\n\t<td class=\"column-1\">KREOCONNECTRTOE<\/td><td class=\"column-2\">ESAPRODUCTS\/RUNTIME\/FREE<\/td>\n<\/tr>\n<\/tbody>\n<\/table>\n<!-- #tablepress-284 from cache -->[\/vc_column_text][\/vc_accordion_tab][\/vc_accordion][\/vc_column][\/vc_row]<\/p>\n<\/div>","protected":false},"excerpt":{"rendered":"<p>Webbasierte Fernwartung<\/p>\n","protected":false},"author":40404,"featured_media":16289,"parent":8790,"menu_order":82,"comment_status":"open","ping_status":"closed","template":"tmpprodotti.php","meta":{"_acf_changed":false,"footnotes":""},"tags":[35,21,34,99],"class_list":["post-17387","page","type-page","status-publish","has-post-thumbnail","hentry","tag-crew","tag-prodotti","tag-scada","tag-scada-crew"],"acf":[],"aioseo_notices":[],"_links":{"self":[{"href":"https:\/\/staging.esa-automation.com\/de\/wp-json\/wp\/v2\/pages\/17387","targetHints":{"allow":["GET"]}}],"collection":[{"href":"https:\/\/staging.esa-automation.com\/de\/wp-json\/wp\/v2\/pages"}],"about":[{"href":"https:\/\/staging.esa-automation.com\/de\/wp-json\/wp\/v2\/types\/page"}],"author":[{"embeddable":true,"href":"https:\/\/staging.esa-automation.com\/de\/wp-json\/wp\/v2\/users\/40404"}],"replies":[{"embeddable":true,"href":"https:\/\/staging.esa-automation.com\/de\/wp-json\/wp\/v2\/comments?post=17387"}],"version-history":[{"count":0,"href":"https:\/\/staging.esa-automation.com\/de\/wp-json\/wp\/v2\/pages\/17387\/revisions"}],"up":[{"embeddable":true,"href":"https:\/\/staging.esa-automation.com\/de\/wp-json\/wp\/v2\/pages\/8790"}],"wp:featuredmedia":[{"embeddable":true,"href":"https:\/\/staging.esa-automation.com\/de\/wp-json\/wp\/v2\/media\/16289"}],"wp:attachment":[{"href":"https:\/\/staging.esa-automation.com\/de\/wp-json\/wp\/v2\/media?parent=17387"}],"wp:term":[{"taxonomy":"post_tag","embeddable":true,"href":"https:\/\/staging.esa-automation.com\/de\/wp-json\/wp\/v2\/tags?post=17387"}],"curies":[{"name":"wp","href":"https:\/\/api.w.org\/{rel}","templated":true}]}}