{"id":17414,"date":"2024-05-03T11:24:40","date_gmt":"2024-05-03T09:24:40","guid":{"rendered":"https:\/\/staging.esa-automation.com\/it\/?page_id=17414"},"modified":"2025-01-29T11:53:11","modified_gmt":"2025-01-29T10:53:11","slug":"edge-hmi-2-3","status":"publish","type":"page","link":"https:\/\/staging.esa-automation.com\/de\/produkte\/lumia-arm\/pipe\/","title":{"rendered":"LUMIA ARM ZUBEH\u00d6R"},"content":{"rendered":"<div class=\"wpb-content-wrapper\"><p>[vc_section full_width=&#8220;stretch_row&#8220; css=&#8220;.vc_custom_1710233875963{background-color: #000000 !important;}&#8220;][vc_row][vc_column css=&#8220;.vc_custom_1728921388138{padding-right: 0px !important;padding-left: 0px !important;}&#8220;][vc_single_image image=&#8220;17969&#8243; img_size=&#8220;full&#8220; alignment=&#8220;center&#8220; css_animation=&#8220;fadeIn&#8220; parallax_speed_bg=&#8220;1.2&#8243;][\/vc_column][\/vc_row][\/vc_section][vc_row full_width=&#8220;stretch_row&#8220; equal_height=&#8220;yes&#8220; content_placement=&#8220;middle&#8220; css=&#8220;.vc_custom_1707228003784{background-color: #000000 !important;}&#8220;][vc_column width=&#8220;1\/2&#8243; css=&#8220;.vc_custom_1707228026491{padding-top: 0px !important;padding-right: 0px !important;padding-bottom: 0px !important;padding-left: 0px !important;}&#8220;][vc_column_text]<\/p>\n<h1><span style=\"color: #ffffff;\">Lumia Arm Zubeh\u00f6r<\/span><\/h1>\n<h3><span style=\"color: #ffffff;\">Arme, Griffe und Tastaturhalterungen<\/span><\/h3>\n<p><span style=\"color: #ffffff;\">Innerhalb der LUMIA ARM-Familie bietet ESA eine Reihe von Zubeh\u00f6rteilen an, die sowohl die Gestaltung der Produktmontage als auch die Vervollst\u00e4ndigung der L\u00f6sung erm\u00f6glichen.<br \/>\nZus\u00e4tzlich ist eine Tastatur- und Mausunterst\u00fctzung zur Montage an der Unterseite verf\u00fcgbar, sowie eine Reihe von Griffen, um die Bewegung zu erleichtern.<br \/>\nDie Griffe k\u00f6nnen je nach Bewegungsbedarf des Bedieners auf der linken Seite, rechten Seite, beiden Seiten oder der Unterseite montiert werden.<\/span>[\/vc_column_text][\/vc_column][vc_column width=&#8220;1\/2&#8243; el_class=&#8220;puntato-bianco&#8220;][vc_gallery interval=&#8220;3&#8243; images=&#8220;17986,17985,17984,17983,17982,17981,17980,17979,17978,17977,17976,17975,17974,17973,17972,17971,17970&#8243; img_size=&#8220;full&#8220; onclick=&#8220;&#8220;][\/vc_column][\/vc_row][vc_section full_width=&#8220;stretch_row&#8220; css=&#8220;.vc_custom_1707236036063{background-color: #00bab3 !important;}&#8220;][vc_row][vc_column css=&#8220;.vc_custom_1707239661132{margin-bottom: 0px !important;}&#8220;][vc_column_text css=&#8220;.vc_custom_1707240059708{margin-bottom: 0px !important;}&#8220;]<\/p>\n<h1><span style=\"color: #ffffff;\">Features<\/span><\/h1>\n<p>[\/vc_column_text][\/vc_column][\/vc_row][vc_row full_width=&#8220;stretch_row&#8220; equal_height=&#8220;yes&#8220; css=&#8220;.vc_custom_1707231915168{background-color: #00bab3 !important;}&#8220;][vc_column width=&#8220;1\/2&#8243; el_class=&#8220;puntato-bianco&#8220; css=&#8220;.vc_custom_1707239671058{padding-top: 0px !important;}&#8220;][vc_column_text]<\/p>\n<ul>\n<li>Boxverbinder<\/li>\n<li>90\u00b0 Ecke<\/li>\n<li>Horizontale Wandbasis<\/li>\n<\/ul>\n<p>[\/vc_column_text][\/vc_column][vc_column width=&#8220;1\/2&#8243; el_class=&#8220;puntato-bianco&#8220; css=&#8220;.vc_custom_1707240047809{padding-top: 0px !important;}&#8220;][vc_column_text]<\/p>\n<ul>\n<li>Oberseite<\/li>\n<li>Basis<\/li>\n<li>Rohr<\/li>\n<\/ul>\n<p>[\/vc_column_text][\/vc_column][\/vc_row][\/vc_section][vc_row][vc_column][vc_empty_space][vc_accordion active_tab=&#8220;false&#8220; collapsible=&#8220;yes&#8220; el_class=&#8220;.accordionHMI&#8220;][vc_accordion_tab title=&#8220;LUMIA EDGE HMI &#8211; Vesa and Panel Mounting&#8220; el_id=&#8220;LUMIAEDGEHMI&#8220;][vc_column_text el_class=&#8220;productTextBoxContainer&#8220;][\/vc_column_text][vc_column_text el_class=&#8220;tableDownloadPDF&#8220;]\n<table id=\"tablepress-288\" class=\"tablepress tablepress-id-288\">\n<thead>\n<tr class=\"row-1\">\n\t<th class=\"column-1\">Product description<\/th><th class=\"column-2\">Product code<\/th>\n<\/tr>\n<\/thead>\n<tbody class=\"row-striping row-hover\">\n<tr class=\"row-2\">\n\t<td class=\"column-1\">Keyboard and mouse support<\/td><td class=\"column-2\">A0S200K10000000<\/td>\n<\/tr>\n<tr class=\"row-3\">\n\t<td class=\"column-1\">Handle straight<\/td><td class=\"column-2\">A0S300H10000000<\/td>\n<\/tr>\n<tr class=\"row-4\">\n\t<td class=\"column-1\">Handle U shaped<\/td><td class=\"column-2\">A0S300H20000000<\/td>\n<\/tr>\n<tr class=\"row-5\">\n\t<td class=\"column-1\"><\/td><td class=\"column-2\"><\/td>\n<\/tr>\n<tr class=\"row-6\">\n\t<td class=\"column-1\">ARM ELEMENTS<\/td><td class=\"column-2\"><\/td>\n<\/tr>\n<tr class=\"row-7\">\n\t<td class=\"column-1\">Box connector<\/td><td class=\"column-2\">A0S130010000000<\/td>\n<\/tr>\n<tr class=\"row-8\">\n\t<td class=\"column-1\">90 corner<\/td><td class=\"column-2\">A0S130030000000<\/td>\n<\/tr>\n<tr class=\"row-9\">\n\t<td class=\"column-1\">Horizontal wall base<\/td><td class=\"column-2\">A0S130050000000<\/td>\n<\/tr>\n<tr class=\"row-10\">\n\t<td class=\"column-1\">Top base<\/td><td class=\"column-2\">A0S130070000000<\/td>\n<\/tr>\n<tr class=\"row-11\">\n\t<td class=\"column-1\">Base<\/td><td class=\"column-2\">A0S130080000000<\/td>\n<\/tr>\n<tr class=\"row-12\">\n\t<td class=\"column-1\">Pipe (100 cm)<\/td><td class=\"column-2\">A0S130121000000<\/td>\n<\/tr>\n<tr class=\"row-13\">\n\t<td class=\"column-1\">Pipe (50 cm)<\/td><td class=\"column-2\">A0S130120500000<\/td>\n<\/tr>\n<tr class=\"row-14\">\n\t<td class=\"column-1\">Pipe (025 cm)<\/td><td class=\"column-2\">A0S130120250000<\/td>\n<\/tr>\n<\/tbody>\n<\/table>\n<!-- #tablepress-288 from cache -->[\/vc_column_text][\/vc_accordion_tab][\/vc_accordion][vc_empty_space height=&#8220;40px&#8220;][\/vc_column][\/vc_row]<\/p>\n<\/div>","protected":false},"excerpt":{"rendered":"<p>Arme, Griffe und Tastaturhalterungen<\/p>\n","protected":false},"author":40404,"featured_media":17968,"parent":16971,"menu_order":136,"comment_status":"open","ping_status":"open","template":"tmpprodotti.php","meta":{"_acf_changed":false,"footnotes":""},"tags":[197,198,21],"class_list":["post-17414","page","type-page","status-publish","has-post-thumbnail","hentry","tag-ewdb","tag-ewdb-prodotti","tag-prodotti"],"acf":[],"aioseo_notices":[],"_links":{"self":[{"href":"https:\/\/staging.esa-automation.com\/de\/wp-json\/wp\/v2\/pages\/17414","targetHints":{"allow":["GET"]}}],"collection":[{"href":"https:\/\/staging.esa-automation.com\/de\/wp-json\/wp\/v2\/pages"}],"about":[{"href":"https:\/\/staging.esa-automation.com\/de\/wp-json\/wp\/v2\/types\/page"}],"author":[{"embeddable":true,"href":"https:\/\/staging.esa-automation.com\/de\/wp-json\/wp\/v2\/users\/40404"}],"replies":[{"embeddable":true,"href":"https:\/\/staging.esa-automation.com\/de\/wp-json\/wp\/v2\/comments?post=17414"}],"version-history":[{"count":0,"href":"https:\/\/staging.esa-automation.com\/de\/wp-json\/wp\/v2\/pages\/17414\/revisions"}],"up":[{"embeddable":true,"href":"https:\/\/staging.esa-automation.com\/de\/wp-json\/wp\/v2\/pages\/16971"}],"wp:featuredmedia":[{"embeddable":true,"href":"https:\/\/staging.esa-automation.com\/de\/wp-json\/wp\/v2\/media\/17968"}],"wp:attachment":[{"href":"https:\/\/staging.esa-automation.com\/de\/wp-json\/wp\/v2\/media?parent=17414"}],"wp:term":[{"taxonomy":"post_tag","embeddable":true,"href":"https:\/\/staging.esa-automation.com\/de\/wp-json\/wp\/v2\/tags?post=17414"}],"curies":[{"name":"wp","href":"https:\/\/api.w.org\/{rel}","templated":true}]}}