{"id":17418,"date":"2024-05-03T11:52:44","date_gmt":"2024-05-03T09:52:44","guid":{"rendered":"https:\/\/staging.esa-automation.com\/it\/?page_id=17418"},"modified":"2025-01-29T15:15:30","modified_gmt":"2025-01-29T14:15:30","slug":"ergo-hmi-touch-2-2","status":"publish","type":"page","link":"https:\/\/staging.esa-automation.com\/de\/produkte\/vesa\/pc-lumia\/","title":{"rendered":"PC LUMIA"},"content":{"rendered":"<div class=\"wpb-content-wrapper\"><p>[vc_section full_width=&#8220;stretch_row&#8220; css=&#8220;.vc_custom_1710233875963{background-color: #000000 !important;}&#8220;][vc_row][vc_column css=&#8220;.vc_custom_1728921388138{padding-right: 0px !important;padding-left: 0px !important;}&#8220;][vc_single_image image=&#8220;17646&#8243; img_size=&#8220;full&#8220; alignment=&#8220;center&#8220; css_animation=&#8220;fadeIn&#8220; parallax_speed_bg=&#8220;1.2&#8243;][\/vc_column][\/vc_row][\/vc_section][vc_row full_width=&#8220;stretch_row&#8220; equal_height=&#8220;yes&#8220; content_placement=&#8220;middle&#8220; css=&#8220;.vc_custom_1707228003784{background-color: #000000 !important;}&#8220;][vc_column width=&#8220;1\/2&#8243; css=&#8220;.vc_custom_1707228026491{padding-top: 0px !important;padding-right: 0px !important;padding-bottom: 0px !important;padding-left: 0px !important;}&#8220;][vc_column_text]<\/p>\n<h1><span style=\"color: #ffffff;\">Lumia Vesa IPC<\/span><\/h1>\n<h3><span style=\"color: #ffffff;\">Hochleistungs-Industrie-PC<\/span><\/h3>\n<p><span style=\"color: #ffffff;\">Lumia IPC bietet eine breite Palette von PCs, die entwickelt wurden, um die Anforderungen industrieller Anwendungen zu erf\u00fcllen, von eigenst\u00e4ndigen Maschinen bis hin zu kompletten Produktionslinien. Seine Flexibilit\u00e4t in Bezug auf Installation, Hardwarekonfiguration und Betriebssystem macht es ideal f\u00fcr den Einsatz in Industrie-, Hausautomatisierungs- und Prozesssteuerungsumgebungen.<\/span><\/p>\n<p><span style=\"color: #ffffff;\">Die neuesten l\u00fcfterlosen Prozessoren der Generation sorgen f\u00fcr hohe Leistung bei gleichzeitiger Reduzierung der Staubansammlung und des Wartungsbedarfs. Mit 2 oder 3 unabh\u00e4ngigen LAN-Anschl\u00fcssen erleichtert Lumia IPC die Trennung zwischen dem Maschinennetzwerk (OT) und der Kundeninfrastruktur (IT).<\/span><\/p>\n<p><span style=\"color: #ffffff;\">Das KREO PC HMI-Softwarepaket vervollst\u00e4ndigt das Angebot und macht Lumia IPC ideal f\u00fcr Multi-Client-Anwendungen, die auf IIoT ausgerichtet sind, und f\u00fcr den Datenaustausch mit Edge- und Cloud-Plattformen.<\/span><\/p>\n<p><span style=\"color: #ffffff;\">Das integrierte und vollst\u00e4ndig webbasierte Kreo Connect-Softwarepaket erm\u00f6glicht es dem Benutzer, die Maschinenwartung aus der Ferne \u00fcber eine standardm\u00e4\u00dfige Webverbindung zu verwalten.<\/span><br \/>\n[\/vc_column_text][\/vc_column][vc_column width=&#8220;1\/2&#8243; el_class=&#8220;puntato-bianco&#8220;][vc_gallery interval=&#8220;3&#8243; images=&#8220;15407,15406,15405,15404&#8243; img_size=&#8220;full&#8220; onclick=&#8220;&#8220;][\/vc_column][\/vc_row][vc_section full_width=&#8220;stretch_row&#8220; css=&#8220;.vc_custom_1707236036063{background-color: #00bab3 !important;}&#8220;][vc_row][vc_column css=&#8220;.vc_custom_1707239661132{margin-bottom: 0px !important;}&#8220;][vc_column_text css=&#8220;.vc_custom_1707240059708{margin-bottom: 0px !important;}&#8220;]<\/p>\n<h1><span style=\"color: #ffffff;\">Features<\/span><\/h1>\n<p>[\/vc_column_text][\/vc_column][\/vc_row][vc_row full_width=&#8220;stretch_row&#8220; equal_height=&#8220;yes&#8220; css=&#8220;.vc_custom_1707231915168{background-color: #00bab3 !important;}&#8220;][vc_column width=&#8220;1\/2&#8243; el_class=&#8220;puntato-bianco&#8220; css=&#8220;.vc_custom_1707239671058{padding-top: 0px !important;}&#8220;][vc_column_text]<\/p>\n<ul>\n<li>Betriebssystem: Windows 10, Windows 11, Linux<\/li>\n<li>Display: Formate 16:9, Widescreen mit hoher Aufl\u00f6sung und Helligkeit, verf\u00fcgbar in den Formaten 10.1&#8243;,\u00a0 15.6&#8243;, 21.5&#8243;, 27&#8243;<\/li>\n<li>Design: Vollglasfront mit kapazitivem Touchscreen<\/li>\n<\/ul>\n<p>[\/vc_column_text][\/vc_column][vc_column width=&#8220;1\/2&#8243; el_class=&#8220;puntato-bianco&#8220; css=&#8220;.vc_custom_1707240047809{padding-top: 0px !important;}&#8220;][vc_column_text]<\/p>\n<ul>\n<li>Installation: VESA-Montage 100 x 100<\/li>\n<li>mit Schutzart IP66 an der Vorderseite<\/li>\n<li>Rechner: Breite Palette, von Intel Celeron J6412 bis Intel i7 11. Generation<\/li>\n<li>Konnektivit\u00e4t: 3 unabh\u00e4ngige LAN-Ports, bis zu 6 COM-Ports, 4 USB-Ports 3.2, 2 HDMI-Videoausg\u00e4nge<\/li>\n<\/ul>\n<p>[\/vc_column_text][\/vc_column][\/vc_row][\/vc_section][vc_row][vc_column][vc_empty_space][vc_accordion active_tab=&#8220;false&#8220; collapsible=&#8220;yes&#8220; el_class=&#8220;.accordionHMI&#8220;][vc_accordion_tab title=&#8220;LUMIA IPC &#8211; Vesa Mounting&#8220; el_id=&#8220;LUMIAIPC&#8220;][vc_column_text el_class=&#8220;productTextBoxContainer&#8220;][\/vc_column_text][vc_column_text el_class=&#8220;tableDownloadPDF&#8220;]<a href=\"https:\/\/staging.esa-automation.com\/wp-content\/uploads\/2023\/07\/LUMIA-IPC-Open-04-07-2023.pdf\" target=\"_blank\" rel=\"noopener noreferrer\">Download LUMIA Edge IPC.pdf<\/a><a href=\"https:\/\/staging.esa-automation.com\/wp-content\/uploads\/2023\/02\/LUMIA-EdgeHMI.pdf\" target=\"_blank\" rel=\"noopener noreferrer\"><br \/>\n<\/a><a href=\"https:\/\/staging.esa-automation.com\/wp-content\/uploads\/2023\/07\/LUMIA-IPC-Open-04-07-2023.pdf\" target=\"_blank\" rel=\"noopener noreferrer\">Download LUMIA Open IPC.pdf<\/a><\/p>\n<p>\n<table id=\"tablepress-271\" class=\"tablepress tablepress-id-271\">\n<thead>\n<tr class=\"row-1\">\n\t<th class=\"column-1\"> <\/th><th class=\"column-2\">IPC - HMI<\/th>\n<\/tr>\n<\/thead>\n<tbody class=\"row-striping row-hover\">\n<tr class=\"row-2\">\n\t<td class=\"column-1\">O.S.<\/td><td class=\"column-2\">Win10 IoT LTSC 2019\/2021<\/td>\n<\/tr>\n<tr class=\"row-3\">\n\t<td class=\"column-1\">Application software<\/td><td class=\"column-2\">Kreo HMI<\/td>\n<\/tr>\n<tr class=\"row-4\">\n\t<td class=\"column-1\">Display Size<\/td><td class=\"column-2\">10,1\" (1280 x 800)<\/td>\n<\/tr>\n<tr class=\"row-5\">\n\t<td class=\"column-1\"><\/td><td class=\"column-2\">15,6\u201d (1366 x 768)<\/td>\n<\/tr>\n<tr class=\"row-6\">\n\t<td class=\"column-1\"><\/td><td class=\"column-2\">15,6\u201d (1920 x 1080)<\/td>\n<\/tr>\n<tr class=\"row-7\">\n\t<td class=\"column-1\"><\/td><td class=\"column-2\">21,5\u201d (1920 x 1080)<\/td>\n<\/tr>\n<tr class=\"row-8\">\n\t<td class=\"column-1\"><\/td><td class=\"column-2\">27\u201d (1920 x 1080)<\/td>\n<\/tr>\n<tr class=\"row-9\">\n\t<td class=\"column-1\">Display technology<\/td><td class=\"column-2\">TFT<\/td>\n<\/tr>\n<tr class=\"row-10\">\n\t<td class=\"column-1\">Display Backlight<\/td><td class=\"column-2\">Led<\/td>\n<\/tr>\n<tr class=\"row-11\">\n\t<td class=\"column-1\">Display Colors<\/td><td class=\"column-2\">16M<\/td>\n<\/tr>\n<tr class=\"row-12\">\n\t<td class=\"column-1\">Touch Technology<\/td><td class=\"column-2\">Capacitive<\/td>\n<\/tr>\n<tr class=\"row-13\">\n\t<td class=\"column-1\">Bezel \/ Chassis<\/td><td class=\"column-2\">Alluminium<\/td>\n<\/tr>\n<tr class=\"row-14\">\n\t<td class=\"column-1\">Processor<\/td><td class=\"column-2\">Celeron Quad Core J3455 1,5 (2,3) GHz<\/td>\n<\/tr>\n<tr class=\"row-15\">\n\t<td class=\"column-1\"><\/td><td class=\"column-2\">Intel Core i3-7100U 2,4 GHz<\/td>\n<\/tr>\n<tr class=\"row-16\">\n\t<td class=\"column-1\"><\/td><td class=\"column-2\">Intel Core i5-7300U Base 2,6 (3,5) GHz <\/td>\n<\/tr>\n<tr class=\"row-17\">\n\t<td class=\"column-1\"><\/td><td class=\"column-2\">Intel Core i7-7600U 2,8 (3,9 ) GHz<\/td>\n<\/tr>\n<tr class=\"row-18\">\n\t<td class=\"column-1\"><\/td><td class=\"column-2\"><\/td>\n<\/tr>\n<tr class=\"row-19\">\n\t<td class=\"column-1\"><\/td><td class=\"column-2\"><\/td>\n<\/tr>\n<tr class=\"row-20\">\n\t<td class=\"column-1\"><\/td><td class=\"column-2\">Celeron Quad Core J6412 \u2013 2,0 (2,6) GHz<\/td>\n<\/tr>\n<tr class=\"row-21\">\n\t<td class=\"column-1\"><\/td><td class=\"column-2\">Intel Core i3-1115G4 1,7  (4,1) GHz<\/td>\n<\/tr>\n<tr class=\"row-22\">\n\t<td class=\"column-1\"><\/td><td class=\"column-2\">Intel Core i7-1165G7 2,8 (4,8) GHz<\/td>\n<\/tr>\n<tr class=\"row-23\">\n\t<td class=\"column-1\">Chipset<\/td><td class=\"column-2\">SoC<\/td>\n<\/tr>\n<tr class=\"row-24\">\n\t<td class=\"column-1\">GPU<\/td><td class=\"column-2\">J3455 - HD Graphics 500<\/td>\n<\/tr>\n<tr class=\"row-25\">\n\t<td class=\"column-1\"><\/td><td class=\"column-2\">i3-7100U\/ i5-7300U\/ i7-7600U  HD Graphics 620 <\/td>\n<\/tr>\n<tr class=\"row-26\">\n\t<td class=\"column-1\"><\/td><td class=\"column-2\"><\/td>\n<\/tr>\n<tr class=\"row-27\">\n\t<td class=\"column-1\"><\/td><td class=\"column-2\">J6412   UHD Graphics for 10th Gen Intel Processors<\/td>\n<\/tr>\n<tr class=\"row-28\">\n\t<td class=\"column-1\"><\/td><td class=\"column-2\">i3-1115\/ i7-1165 UHD Graphics for 11th Gen Intel Processors<\/td>\n<\/tr>\n<tr class=\"row-29\">\n\t<td class=\"column-1\"><\/td><td class=\"column-2\"><\/td>\n<\/tr>\n<tr class=\"row-30\">\n\t<td class=\"column-1\">RAM<\/td><td class=\"column-2\">J3455 \u2013 4GB DDR3L up to 8 GB DDR3L<\/td>\n<\/tr>\n<tr class=\"row-31\">\n\t<td class=\"column-1\"><\/td><td class=\"column-2\">i3-7100U\/i5-7300U\/ i7-7600U 4GB up to 16 GB DDR4  <\/td>\n<\/tr>\n<tr class=\"row-32\">\n\t<td class=\"column-1\"><\/td><td class=\"column-2\"><\/td>\n<\/tr>\n<tr class=\"row-33\">\n\t<td class=\"column-1\"><\/td><td class=\"column-2\">J6412\/i3-1115\/i71165 8GB up to 32GB<\/td>\n<\/tr>\n<tr class=\"row-34\">\n\t<td class=\"column-1\"><\/td><td class=\"column-2\"><\/td>\n<\/tr>\n<tr class=\"row-35\">\n\t<td class=\"column-1\">Mass storage<\/td><td class=\"column-2\">256 GB \/ 512GB\/ 1T SSD<\/td>\n<\/tr>\n<tr class=\"row-36\">\n\t<td class=\"column-1\">Ethernet Port<\/td><td class=\"column-2\">J3455 \u20132x1Gb Intel I211AT<\/td>\n<\/tr>\n<tr class=\"row-37\">\n\t<td class=\"column-1\"><\/td><td class=\"column-2\">i3-7100U\/i5-7300U\/ i7-7600U - 2x 1Gb Intel I210AT\/I219LM<\/td>\n<\/tr>\n<tr class=\"row-38\">\n\t<td class=\"column-1\"><\/td><td class=\"column-2\"><\/td>\n<\/tr>\n<tr class=\"row-39\">\n\t<td class=\"column-1\"><\/td><td class=\"column-2\">J6412  2 x 1GB Intel 225-V<\/td>\n<\/tr>\n<tr class=\"row-40\">\n\t<td class=\"column-1\"><\/td><td class=\"column-2\">\/i3-1115\/i71165   2x Intel GBE LAN Chip <\/td>\n<\/tr>\n<tr class=\"row-41\">\n\t<td class=\"column-1\"><\/td><td class=\"column-2\"><\/td>\n<\/tr>\n<tr class=\"row-42\">\n\t<td class=\"column-1\">COM port<\/td><td class=\"column-2\">J3455 - i3-7100U\/ i5-7300U\/ i7-7600U  1x RS232\/RS485<\/td>\n<\/tr>\n<tr class=\"row-43\">\n\t<td class=\"column-1\"><\/td><td class=\"column-2\"><\/td>\n<\/tr>\n<tr class=\"row-44\">\n\t<td class=\"column-1\"><\/td><td class=\"column-2\">J6412\/i3-1115\/i71165    1x RS232<\/td>\n<\/tr>\n<tr class=\"row-45\">\n\t<td class=\"column-1\">USB Port<\/td><td class=\"column-2\">Celeron J3455 \u2013 2 x 3.1 <\/td>\n<\/tr>\n<tr class=\"row-46\">\n\t<td class=\"column-1\"><\/td><td class=\"column-2\">Intel Core 7th GEN \u2013 4 x 3.0<\/td>\n<\/tr>\n<tr class=\"row-47\">\n\t<td class=\"column-1\"><\/td><td class=\"column-2\"><\/td>\n<\/tr>\n<tr class=\"row-48\">\n\t<td class=\"column-1\"><\/td><td class=\"column-2\">J6412 3x USB 3.0 + 3x USB3.0<\/td>\n<\/tr>\n<tr class=\"row-49\">\n\t<td class=\"column-1\"><\/td><td class=\"column-2\">i3-1115\/i71165    6x USB3.0<\/td>\n<\/tr>\n<tr class=\"row-50\">\n\t<td class=\"column-1\">Power Supply (Vdc)<\/td><td class=\"column-2\">12 \u2013 32V DC<\/td>\n<\/tr>\n<tr class=\"row-51\">\n\t<td class=\"column-1\">Consumption (W)<\/td><td class=\"column-2\">30W 10,1\u201d<\/td>\n<\/tr>\n<tr class=\"row-52\">\n\t<td class=\"column-1\"><\/td><td class=\"column-2\">35W 15,6\u201d<\/td>\n<\/tr>\n<tr class=\"row-53\">\n\t<td class=\"column-1\"><\/td><td class=\"column-2\">50W 21\u201d<\/td>\n<\/tr>\n<tr class=\"row-54\">\n\t<td class=\"column-1\"><\/td><td class=\"column-2\">50W 27\u201d<\/td>\n<\/tr>\n<tr class=\"row-55\">\n\t<td class=\"column-1\">Operating temperature<\/td><td class=\"column-2\">0 \u2026 + 50 \u00b0C  <\/td>\n<\/tr>\n<tr class=\"row-56\">\n\t<td class=\"column-1\">Storage Temperature (\u00b0C)<\/td><td class=\"column-2\">-20 \u2026 + 60 \u00b0C<\/td>\n<\/tr>\n<tr class=\"row-57\">\n\t<td class=\"column-1\">Humidity<\/td><td class=\"column-2\"><90% (non condensing)<\/td>\n<\/tr>\n<tr class=\"row-58\">\n\t<td class=\"column-1\">Protection degree <\/td><td class=\"column-2\">IP 66<\/td>\n<\/tr>\n<\/tbody>\n<\/table>\n<!-- #tablepress-271 from cache -->[\/vc_column_text][\/vc_accordion_tab][\/vc_accordion][vc_empty_space height=&#8220;40px&#8220;][\/vc_column][\/vc_row]<\/p>\n<\/div>","protected":false},"excerpt":{"rendered":"<p>Hochleistungs-Industrie-PC<\/p>\n","protected":false},"author":40404,"featured_media":17332,"parent":11814,"menu_order":84,"comment_status":"open","ping_status":"open","template":"tmpprodotti.php","meta":{"_acf_changed":false,"footnotes":""},"tags":[197,198,21],"class_list":["post-17418","page","type-page","status-publish","has-post-thumbnail","hentry","tag-ewdb","tag-ewdb-prodotti","tag-prodotti"],"acf":[],"aioseo_notices":[],"_links":{"self":[{"href":"https:\/\/staging.esa-automation.com\/de\/wp-json\/wp\/v2\/pages\/17418","targetHints":{"allow":["GET"]}}],"collection":[{"href":"https:\/\/staging.esa-automation.com\/de\/wp-json\/wp\/v2\/pages"}],"about":[{"href":"https:\/\/staging.esa-automation.com\/de\/wp-json\/wp\/v2\/types\/page"}],"author":[{"embeddable":true,"href":"https:\/\/staging.esa-automation.com\/de\/wp-json\/wp\/v2\/users\/40404"}],"replies":[{"embeddable":true,"href":"https:\/\/staging.esa-automation.com\/de\/wp-json\/wp\/v2\/comments?post=17418"}],"version-history":[{"count":0,"href":"https:\/\/staging.esa-automation.com\/de\/wp-json\/wp\/v2\/pages\/17418\/revisions"}],"up":[{"embeddable":true,"href":"https:\/\/staging.esa-automation.com\/de\/wp-json\/wp\/v2\/pages\/11814"}],"wp:featuredmedia":[{"embeddable":true,"href":"https:\/\/staging.esa-automation.com\/de\/wp-json\/wp\/v2\/media\/17332"}],"wp:attachment":[{"href":"https:\/\/staging.esa-automation.com\/de\/wp-json\/wp\/v2\/media?parent=17418"}],"wp:term":[{"taxonomy":"post_tag","embeddable":true,"href":"https:\/\/staging.esa-automation.com\/de\/wp-json\/wp\/v2\/tags?post=17418"}],"curies":[{"name":"wp","href":"https:\/\/api.w.org\/{rel}","templated":true}]}}