{"id":17419,"date":"2024-05-03T11:59:53","date_gmt":"2024-05-03T09:59:53","guid":{"rendered":"https:\/\/staging.esa-automation.com\/it\/?page_id=17419"},"modified":"2025-01-29T15:17:20","modified_gmt":"2025-01-29T14:17:20","slug":"ergo-hmi-touch-2-4","status":"publish","type":"page","link":"https:\/\/staging.esa-automation.com\/de\/produkte\/vesa\/pbox-lumia-vesa\/","title":{"rendered":"PBOX LUMIA VESA"},"content":{"rendered":"<div class=\"wpb-content-wrapper\"><p>[vc_section full_width=&#8220;stretch_row&#8220; css=&#8220;.vc_custom_1710233875963{background-color: #000000 !important;}&#8220;][vc_row][vc_column css=&#8220;.vc_custom_1728921388138{padding-right: 0px !important;padding-left: 0px !important;}&#8220;][vc_single_image image=&#8220;17652&#8243; img_size=&#8220;full&#8220; alignment=&#8220;center&#8220; css_animation=&#8220;fadeIn&#8220; parallax_speed_bg=&#8220;1.2&#8243;][\/vc_column][\/vc_row][\/vc_section][vc_row full_width=&#8220;stretch_row&#8220; equal_height=&#8220;yes&#8220; content_placement=&#8220;middle&#8220; css=&#8220;.vc_custom_1707228003784{background-color: #000000 !important;}&#8220;][vc_column width=&#8220;1\/2&#8243; css=&#8220;.vc_custom_1707228026491{padding-top: 0px !important;padding-right: 0px !important;padding-bottom: 0px !important;padding-left: 0px !important;}&#8220;][vc_column_text]<\/p>\n<h1><span style=\"color: #ffffff;\">Lumia Vesa PBOX<\/span><\/h1>\n<h3><span style=\"color: #ffffff;\">10-Slot-Tasten-Geh\u00e4use<\/span><\/h3>\n<p><span style=\"color: #ffffff;\">Die PB-Serie ist eine Produktlinie, die aus Regel- und Steuerger\u00e4ten mit vandalismussicherer Struktur besteht. Tasten mit und ohne Hintergrundbeleuchtung, W\u00e4hler, Not-Aus-Taste, Schl\u00fcsselschalter, USB-Ports und Ethernet-Ports sind im PB-Portfolio verf\u00fcgbar. Pr\u00e4zisionsdesign, kompakte Struktur und attraktives Aussehen sind die Hauptmerkmale. PBOX VESA ist das Geh\u00e4use, das bis zu 10 PBOX-Ger\u00e4te aufnehmen kann und an der Unterseite des LUMIA VESA Produkts montiert wird. Die Montage ist sehr einfach und kann direkt vom Kunden durchgef\u00fchrt werden. Die Vorderseite besteht aus PVC, die R\u00fcckseite aus Aluminium, und die Schutzklasse ist IP65.<\/span><br \/>\n[\/vc_column_text][\/vc_column][vc_column width=&#8220;1\/2&#8243; el_class=&#8220;puntato-bianco&#8220;][vc_gallery interval=&#8220;3&#8243; images=&#8220;17959,17960,17961&#8243; img_size=&#8220;full&#8220; onclick=&#8220;&#8220;][\/vc_column][\/vc_row][vc_section full_width=&#8220;stretch_row&#8220; css=&#8220;.vc_custom_1707236036063{background-color: #00bab3 !important;}&#8220;][vc_row][vc_column css=&#8220;.vc_custom_1707239661132{margin-bottom: 0px !important;}&#8220;][vc_column_text css=&#8220;.vc_custom_1707240059708{margin-bottom: 0px !important;}&#8220;]<\/p>\n<h1><span style=\"color: #ffffff;\">Features<\/span><\/h1>\n<p>[\/vc_column_text][\/vc_column][\/vc_row][vc_row full_width=&#8220;stretch_row&#8220; equal_height=&#8220;yes&#8220; css=&#8220;.vc_custom_1707231915168{background-color: #00bab3 !important;}&#8220;][vc_column width=&#8220;1\/2&#8243; el_class=&#8220;puntato-bianco&#8220; css=&#8220;.vc_custom_1707239671058{padding-top: 0px !important;}&#8220;][vc_column_text]<\/p>\n<ul>\n<li>Abmessungen:\u00a0382 x 100 x 66,18<\/li>\n<li>Anzahl der Steckpl\u00e4tze:\u00a010<\/li>\n<li>Steckplatzdurchmesser:\u00a022,30<\/li>\n<li>Steckplatzabstand:\u00a035,33<\/li>\n<\/ul>\n<p>[\/vc_column_text][\/vc_column][vc_column width=&#8220;1\/2&#8243; el_class=&#8220;puntato-bianco&#8220; css=&#8220;.vc_custom_1707240047809{padding-top: 0px !important;}&#8220;][vc_column_text][\/vc_column_text][\/vc_column][\/vc_row][\/vc_section][vc_row][vc_column][vc_empty_space][vc_empty_space height=&#8220;40px&#8220;][\/vc_column][\/vc_row]<\/p>\n<\/div>","protected":false},"excerpt":{"rendered":"<p>10-Steckplatz-Tastenbeh\u00e4lter<\/p>\n","protected":false},"author":40404,"featured_media":17958,"parent":11814,"menu_order":137,"comment_status":"open","ping_status":"open","template":"tmpprodotti.php","meta":{"_acf_changed":false,"footnotes":""},"tags":[197,198,21],"class_list":["post-17419","page","type-page","status-publish","has-post-thumbnail","hentry","tag-ewdb","tag-ewdb-prodotti","tag-prodotti"],"acf":[],"aioseo_notices":[],"_links":{"self":[{"href":"https:\/\/staging.esa-automation.com\/de\/wp-json\/wp\/v2\/pages\/17419","targetHints":{"allow":["GET"]}}],"collection":[{"href":"https:\/\/staging.esa-automation.com\/de\/wp-json\/wp\/v2\/pages"}],"about":[{"href":"https:\/\/staging.esa-automation.com\/de\/wp-json\/wp\/v2\/types\/page"}],"author":[{"embeddable":true,"href":"https:\/\/staging.esa-automation.com\/de\/wp-json\/wp\/v2\/users\/40404"}],"replies":[{"embeddable":true,"href":"https:\/\/staging.esa-automation.com\/de\/wp-json\/wp\/v2\/comments?post=17419"}],"version-history":[{"count":0,"href":"https:\/\/staging.esa-automation.com\/de\/wp-json\/wp\/v2\/pages\/17419\/revisions"}],"up":[{"embeddable":true,"href":"https:\/\/staging.esa-automation.com\/de\/wp-json\/wp\/v2\/pages\/11814"}],"wp:featuredmedia":[{"embeddable":true,"href":"https:\/\/staging.esa-automation.com\/de\/wp-json\/wp\/v2\/media\/17958"}],"wp:attachment":[{"href":"https:\/\/staging.esa-automation.com\/de\/wp-json\/wp\/v2\/media?parent=17419"}],"wp:term":[{"taxonomy":"post_tag","embeddable":true,"href":"https:\/\/staging.esa-automation.com\/de\/wp-json\/wp\/v2\/tags?post=17419"}],"curies":[{"name":"wp","href":"https:\/\/api.w.org\/{rel}","templated":true}]}}