{"id":36380,"date":"2025-06-24T17:18:27","date_gmt":"2025-06-24T15:18:27","guid":{"rendered":"https:\/\/staging.esa-automation.com\/it\/?page_id=36380"},"modified":"2025-06-24T17:18:27","modified_gmt":"2025-06-24T15:18:27","slug":"industrial-switch-2-2-2-2","status":"publish","type":"page","link":"https:\/\/staging.esa-automation.com\/de\/produkte\/vesa\/flexible-kabeldurchfuhrungshulle-2\/","title":{"rendered":"Flexible Kabeldurchf\u00fchrungsh\u00fclle"},"content":{"rendered":"<div class=\"wpb-content-wrapper\"><p>[vc_section full_width=&#8220;stretch_row&#8220; css=&#8220;.vc_custom_1710233875963{background-color: #000000 !important;}&#8220;][vc_row][vc_column css=&#8220;.vc_custom_1728921388138{padding-right: 0px !important;padding-left: 0px !important;}&#8220;][vc_single_image image=&#8220;36349&#8243; img_size=&#8220;full&#8220; alignment=&#8220;center&#8220; css_animation=&#8220;fadeIn&#8220; css=&#8220;&#8220; parallax_speed_bg=&#8220;1.2&#8243;][\/vc_column][\/vc_row][\/vc_section][vc_row full_width=&#8220;stretch_row&#8220; equal_height=&#8220;yes&#8220; content_placement=&#8220;middle&#8220; css=&#8220;.vc_custom_1707228003784{background-color: #000000 !important;}&#8220;][vc_column width=&#8220;1\/2&#8243; css=&#8220;.vc_custom_1707228026491{padding-top: 0px !important;padding-right: 0px !important;padding-bottom: 0px !important;padding-left: 0px !important;}&#8220;][vc_column_text css=&#8220;&#8220;]<\/p>\n<h1><span style=\"color: #ffffff;\">Flexible Kabeldurchf\u00fchrungsh\u00fclle<\/span><\/h1>\n<h3><span style=\"color: #ffffff;\">Verf\u00fcgbar f\u00fcr Lumia VESA<\/span><\/h3>\n<p><span style=\"color: #ffffff;\">Flexible H\u00fclle, die f\u00fcr die Kabelf\u00fchrung entwickelt wurde und hervorragende mechanische Eigenschaften sowie eine hohe Flexibilit\u00e4t aufweist. Ideal f\u00fcr die Verwendung in Kombination mit der Kabelverschraubungsserie xxxxxx und zur Integration mit Produkten der Lumia VESA-Serie.<\/span><br \/>\n[\/vc_column_text][\/vc_column][vc_column width=&#8220;1\/2&#8243; el_class=&#8220;puntato-bianco&#8220;][vc_gallery interval=&#8220;3&#8243; images=&#8220;36356,36355,36354,36353,36352&#8243; img_size=&#8220;full&#8220; onclick=&#8220;&#8220; css=&#8220;&#8220;][\/vc_column][\/vc_row][vc_section full_width=&#8220;stretch_row&#8220; css=&#8220;.vc_custom_1707236036063{background-color: #00bab3 !important;}&#8220;][vc_row][vc_column css=&#8220;.vc_custom_1707239661132{margin-bottom: 0px !important;}&#8220;][vc_column_text css=&#8220;.vc_custom_1707240059708{margin-bottom: 0px !important;}&#8220;]<\/p>\n<h1><span style=\"color: #ffffff;\">Features<\/span><\/h1>\n<p>[\/vc_column_text][\/vc_column][\/vc_row][vc_row full_width=&#8220;stretch_row&#8220; equal_height=&#8220;yes&#8220; css=&#8220;.vc_custom_1707231915168{background-color: #00bab3 !important;}&#8220;][vc_column width=&#8220;1\/2&#8243; el_class=&#8220;puntato-bianco&#8220; css=&#8220;.vc_custom_1707239671058{padding-top: 0px !important;}&#8220;][vc_column_text css=&#8220;&#8220;]<\/p>\n<ul>\n<li>Halojen ve kadmiyum i\u00e7ermeyen, y\u00fcksek kaliteli poliamid 6&#8217;dan \u00fcretilmi\u015ftir<\/li>\n<li>Hava ko\u015fullar\u0131na ve UV \u0131\u015f\u0131nlar\u0131na kar\u015f\u0131 iyi diren\u00e7<\/li>\n<li>M\u00fckemmel mekanik dayan\u0131m (bas\u0131n\u00e7 ve darbe)<\/li>\n<li>Selbstverl\u00f6schendes Material<\/li>\n<li>Hitzebest\u00e4ndig<\/li>\n<\/ul>\n<p>[\/vc_column_text][\/vc_column][vc_column width=&#8220;1\/2&#8243; el_class=&#8220;puntato-bianco&#8220; css=&#8220;.vc_custom_1707240047809{padding-top: 0px !important;}&#8220;][vc_column_text css=&#8220;&#8220;]<\/p>\n<ul>\n<li>Nennma\u00df: 36 mm<\/li>\n<li>Schutzart: IP66<\/li>\n<li>UL-Zertifizierung<\/li>\n<li>Au\u00dfengewinde<\/li>\n<li>Gewindeabmessungen: M40 x 1,5<\/li>\n<li>Schnappverbindung<\/li>\n<\/ul>\n<p>[\/vc_column_text][\/vc_column][\/vc_row][\/vc_section][vc_row][vc_column][vc_empty_space][vc_empty_space height=&#8220;40px&#8220;][\/vc_column][\/vc_row]<\/p>\n<\/div>","protected":false},"excerpt":{"rendered":"<p>F\u00fcr Lumia VESA<\/p>\n","protected":false},"author":4,"featured_media":36351,"parent":11814,"menu_order":166,"comment_status":"open","ping_status":"closed","template":"tmpprodotti.php","meta":{"_acf_changed":false,"footnotes":""},"tags":[21],"class_list":["post-36380","page","type-page","status-publish","has-post-thumbnail","hentry","tag-prodotti"],"acf":[],"aioseo_notices":[],"_links":{"self":[{"href":"https:\/\/staging.esa-automation.com\/de\/wp-json\/wp\/v2\/pages\/36380","targetHints":{"allow":["GET"]}}],"collection":[{"href":"https:\/\/staging.esa-automation.com\/de\/wp-json\/wp\/v2\/pages"}],"about":[{"href":"https:\/\/staging.esa-automation.com\/de\/wp-json\/wp\/v2\/types\/page"}],"author":[{"embeddable":true,"href":"https:\/\/staging.esa-automation.com\/de\/wp-json\/wp\/v2\/users\/4"}],"replies":[{"embeddable":true,"href":"https:\/\/staging.esa-automation.com\/de\/wp-json\/wp\/v2\/comments?post=36380"}],"version-history":[{"count":1,"href":"https:\/\/staging.esa-automation.com\/de\/wp-json\/wp\/v2\/pages\/36380\/revisions"}],"predecessor-version":[{"id":36381,"href":"https:\/\/staging.esa-automation.com\/de\/wp-json\/wp\/v2\/pages\/36380\/revisions\/36381"}],"up":[{"embeddable":true,"href":"https:\/\/staging.esa-automation.com\/de\/wp-json\/wp\/v2\/pages\/11814"}],"wp:featuredmedia":[{"embeddable":true,"href":"https:\/\/staging.esa-automation.com\/de\/wp-json\/wp\/v2\/media\/36351"}],"wp:attachment":[{"href":"https:\/\/staging.esa-automation.com\/de\/wp-json\/wp\/v2\/media?parent=36380"}],"wp:term":[{"taxonomy":"post_tag","embeddable":true,"href":"https:\/\/staging.esa-automation.com\/de\/wp-json\/wp\/v2\/tags?post=36380"}],"curies":[{"name":"wp","href":"https:\/\/api.w.org\/{rel}","templated":true}]}}