{"id":36402,"date":"2025-06-30T11:01:28","date_gmt":"2025-06-30T09:01:28","guid":{"rendered":"https:\/\/staging.esa-automation.com\/it\/?page_id=36402"},"modified":"2025-06-30T11:01:28","modified_gmt":"2025-06-30T09:01:28","slug":"industrial-switch-2-2-2-2-2","status":"publish","type":"page","link":"https:\/\/staging.esa-automation.com\/de\/produkte\/vesa\/tischstander-2\/","title":{"rendered":"Tischst\u00e4nder"},"content":{"rendered":"<div class=\"wpb-content-wrapper\"><p>[vc_section full_width=&#8220;stretch_row&#8220; css=&#8220;.vc_custom_1710233875963{background-color: #000000 !important;}&#8220;][vc_row][vc_column css=&#8220;.vc_custom_1728921388138{padding-right: 0px !important;padding-left: 0px !important;}&#8220;][vc_single_image image=&#8220;36393&#8243; img_size=&#8220;full&#8220; alignment=&#8220;center&#8220; css_animation=&#8220;fadeIn&#8220; css=&#8220;&#8220; parallax_speed_bg=&#8220;1.2&#8243;][\/vc_column][\/vc_row][\/vc_section][vc_row full_width=&#8220;stretch_row&#8220; equal_height=&#8220;yes&#8220; content_placement=&#8220;middle&#8220; css=&#8220;.vc_custom_1707228003784{background-color: #000000 !important;}&#8220;][vc_column width=&#8220;1\/2&#8243; css=&#8220;.vc_custom_1707228026491{padding-top: 0px !important;padding-right: 0px !important;padding-bottom: 0px !important;padding-left: 0px !important;}&#8220;][vc_column_text css=&#8220;&#8220;]<\/p>\n<h1><span style=\"color: #ffffff;\">Tischst\u00e4nder<\/span><\/h1>\n<h3><span style=\"color: #ffffff;\">Verf\u00fcgbar f\u00fcr Lumia VESA<\/span><\/h3>\n<p><span style=\"color: #ffffff;\">Tischst\u00e4nder, der f\u00fcr Produkte der Lumia VESA-Serie entwickelt wurde, um eine Schreibtisch-Arbeitsstation zu schaffen, die die Robustheit und den Schutz der Lumia-Reihe beibeh\u00e4lt.<br \/>\nDer St\u00e4nder verf\u00fcgt \u00fcber Kabelmanagement und zwei 22-mm-Steckpl\u00e4tze f\u00fcr die Integration zus\u00e4tzlicher Ethernet- oder USB-Anschl\u00fcsse.<br \/>\n<\/span><br \/>\n[\/vc_column_text][\/vc_column][vc_column width=&#8220;1\/2&#8243; el_class=&#8220;puntato-bianco&#8220;][vc_gallery interval=&#8220;3&#8243; images=&#8220;36399,36398,36397,36396,36395,36394&#8243; img_size=&#8220;full&#8220; onclick=&#8220;&#8220; css=&#8220;&#8220;][\/vc_column][\/vc_row][vc_section full_width=&#8220;stretch_row&#8220; css=&#8220;.vc_custom_1707236036063{background-color: #00bab3 !important;}&#8220;][vc_row][vc_column css=&#8220;.vc_custom_1707239661132{margin-bottom: 0px !important;}&#8220;][vc_column_text css=&#8220;.vc_custom_1707240059708{margin-bottom: 0px !important;}&#8220;]<\/p>\n<h1><span style=\"color: #ffffff;\">Features<\/span><\/h1>\n<p>[\/vc_column_text][\/vc_column][\/vc_row][vc_row full_width=&#8220;stretch_row&#8220; equal_height=&#8220;yes&#8220; css=&#8220;.vc_custom_1707231915168{background-color: #00bab3 !important;}&#8220;][vc_column width=&#8220;1\/2&#8243; el_class=&#8220;puntato-bianco&#8220; css=&#8220;.vc_custom_1707239671058{padding-top: 0px !important;}&#8220;][vc_column_text css=&#8220;&#8220;]<\/p>\n<ul>\n<li>Produktneigung:\u00a030\u00b0<\/li>\n<li>2 Schlitze \u00d822 mm:\u00a0f\u00fcr Stecker\/Tasten<\/li>\n<li>R\u00fcckseitige Abdeckung:\u00a0zur Verdeckung der Kabelf\u00fchrung<\/li>\n<li>Loch \u00d840 mm auf der Abdeckung:\u00a0f\u00fcr Anschl\u00fcsse und Schutzschl\u00e4uche<\/li>\n<\/ul>\n<p>[\/vc_column_text][\/vc_column][vc_column width=&#8220;1\/2&#8243; el_class=&#8220;puntato-bianco&#8220; css=&#8220;.vc_custom_1707240047809{padding-top: 0px !important;}&#8220;][vc_column_text css=&#8220;&#8220;]<\/p>\n<ul>\n<li>Loch \u00d850 mm auf der Basis:\u00a0f\u00fcr die Kabelf\u00fchrung nach unten<\/li>\n<li>Material:\u00a0SPCC-Stahl<\/li>\n<li>Schutzart:\u00a0IP20<\/li>\n<\/ul>\n<p>[\/vc_column_text][\/vc_column][\/vc_row][\/vc_section][vc_row][vc_column][vc_empty_space][vc_empty_space height=&#8220;40px&#8220;][\/vc_column][\/vc_row]<\/p>\n<\/div>","protected":false},"excerpt":{"rendered":"<p>F\u00fcr Lumia VESA<\/p>\n","protected":false},"author":4,"featured_media":36400,"parent":11814,"menu_order":159,"comment_status":"open","ping_status":"closed","template":"tmpprodotti.php","meta":{"_acf_changed":false,"footnotes":""},"tags":[21],"class_list":["post-36402","page","type-page","status-publish","has-post-thumbnail","hentry","tag-prodotti"],"acf":[],"aioseo_notices":[],"_links":{"self":[{"href":"https:\/\/staging.esa-automation.com\/de\/wp-json\/wp\/v2\/pages\/36402","targetHints":{"allow":["GET"]}}],"collection":[{"href":"https:\/\/staging.esa-automation.com\/de\/wp-json\/wp\/v2\/pages"}],"about":[{"href":"https:\/\/staging.esa-automation.com\/de\/wp-json\/wp\/v2\/types\/page"}],"author":[{"embeddable":true,"href":"https:\/\/staging.esa-automation.com\/de\/wp-json\/wp\/v2\/users\/4"}],"replies":[{"embeddable":true,"href":"https:\/\/staging.esa-automation.com\/de\/wp-json\/wp\/v2\/comments?post=36402"}],"version-history":[{"count":1,"href":"https:\/\/staging.esa-automation.com\/de\/wp-json\/wp\/v2\/pages\/36402\/revisions"}],"predecessor-version":[{"id":36403,"href":"https:\/\/staging.esa-automation.com\/de\/wp-json\/wp\/v2\/pages\/36402\/revisions\/36403"}],"up":[{"embeddable":true,"href":"https:\/\/staging.esa-automation.com\/de\/wp-json\/wp\/v2\/pages\/11814"}],"wp:featuredmedia":[{"embeddable":true,"href":"https:\/\/staging.esa-automation.com\/de\/wp-json\/wp\/v2\/media\/36400"}],"wp:attachment":[{"href":"https:\/\/staging.esa-automation.com\/de\/wp-json\/wp\/v2\/media?parent=36402"}],"wp:term":[{"taxonomy":"post_tag","embeddable":true,"href":"https:\/\/staging.esa-automation.com\/de\/wp-json\/wp\/v2\/tags?post=36402"}],"curies":[{"name":"wp","href":"https:\/\/api.w.org\/{rel}","templated":true}]}}