{"id":16276,"date":"2022-09-20T10:38:47","date_gmt":"2022-09-20T08:38:47","guid":{"rendered":"https:\/\/staging.esa-automation.com\/it\/?page_id=16276"},"modified":"2025-09-18T16:26:47","modified_gmt":"2025-09-18T14:26:47","slug":"crew-2","status":"publish","type":"page","link":"https:\/\/staging.esa-automation.com\/en\/products\/software\/kreo-hmi\/","title":{"rendered":"Kreo HMI"},"content":{"rendered":"<div class=\"wpb-content-wrapper\"><p>[vc_section full_width=&#8221;stretch_row&#8221; css=&#8221;.vc_custom_1710233875963{background-color: #000000 !important;}&#8221;][vc_row][vc_column css=&#8221;.vc_custom_1728921388138{padding-right: 0px !important;padding-left: 0px !important;}&#8221;][vc_single_image image=&#8221;17321&#8243; img_size=&#8221;full&#8221; alignment=&#8221;center&#8221; css_animation=&#8221;fadeIn&#8221; parallax_speed_bg=&#8221;1.2&#8243;][\/vc_column][\/vc_row][\/vc_section][vc_row full_width=&#8221;stretch_row&#8221; equal_height=&#8221;yes&#8221; content_placement=&#8221;middle&#8221; css=&#8221;.vc_custom_1707228003784{background-color: #000000 !important;}&#8221;][vc_column width=&#8221;1\/2&#8243; css=&#8221;.vc_custom_1707228026491{padding-top: 0px !important;padding-right: 0px !important;padding-bottom: 0px !important;padding-left: 0px !important;}&#8221;][vc_column_text]<\/p>\n<h1><span style=\"color: #ffffff;\">Kreo HMI.<\/span><\/h1>\n<h3><span style=\"color: #ffffff;\">Distributed automation meets the web<\/span><\/h3>\n<p><span style=\"color: #ffffff;\">KREO HMI is the tool that allows you to create powerful, intuitive and web technology-based supervision applications.<br \/>\nThe native HTML5 video pages are automatically created during compilation and no knowledge of web programming is required.<br \/>\nThe integrated edgeHMI &#8211; webHMI structure let the user simply develop distributed automation applications involving multiple independent workstations.[\/vc_column_text][\/vc_column][vc_column width=&#8221;1\/2&#8243; el_class=&#8221;puntato-bianco&#8221;][vc_gallery interval=&#8221;3&#8243; images=&#8221;16281,16280,16279,16278&#8243; img_size=&#8221;full&#8221; onclick=&#8221;&#8221;][\/vc_column][\/vc_row][vc_section full_width=&#8221;stretch_row&#8221; css=&#8221;.vc_custom_1707236036063{background-color: #00bab3 !important;}&#8221;][vc_row][vc_column css=&#8221;.vc_custom_1707239661132{margin-bottom: 0px !important;}&#8221;][vc_column_text css=&#8221;.vc_custom_1707240059708{margin-bottom: 0px !important;}&#8221;]<\/span><\/p>\n<h1><span style=\"color: #ffffff;\">Features<\/span><\/h1>\n<p>[\/vc_column_text][\/vc_column][\/vc_row][vc_row full_width=&#8221;stretch_row&#8221; equal_height=&#8221;yes&#8221; css=&#8221;.vc_custom_1707231915168{background-color: #00bab3 !important;}&#8221;][vc_column width=&#8221;1\/2&#8243; el_class=&#8221;puntato-bianco&#8221; css=&#8221;.vc_custom_1707239671058{padding-top: 0px !important;}&#8221;][vc_column_text]<\/p>\n<ul>\n<li>HTML5 e Javascript: responsive, gesture and multi touch, SVG graphic, compatible with different platforms.<\/li>\n<li>edgeHMI \u2013 webHMI architecture: ODBC (Open Database Connectivity) connection,<br \/>\nuser management based on user groups and working station, OPC UA server and client<\/li>\n<li>Development enviroment extremely configurable<\/li>\n<li>Simple contest navigation via the foreward and backward button<\/li>\n<\/ul>\n<p>[\/vc_column_text][\/vc_column][vc_column width=&#8221;1\/2&#8243; el_class=&#8221;puntato-bianco&#8221; css=&#8221;.vc_custom_1707240047809{padding-top: 0px !important;}&#8221;][vc_column_text]<\/p>\n<ul>\n<li>2D e 3D graphics based on CANVAS and JAVASCRIPT<\/li>\n<li>Integrated PDF viewer and video player<\/li>\n<li>FDA-CFR21 part 11 compliant<\/li>\n<li>SVG graphic library with a dedicated tool that let the user creates his own objects.<\/li>\n<li>Pproduction reports in PDF format with electronic signature and RT filters<\/li>\n<li>Advanced script debugging with breakpoint and watch windows<\/li>\n<li>Integrated management of the recipe archive<\/li>\n<\/ul>\n<p>[\/vc_column_text][\/vc_column][\/vc_row][\/vc_section][vc_row equal_height=&#8221;yes&#8221; content_placement=&#8221;middle&#8221;][vc_column width=&#8221;1\/2&#8243;][vc_single_image image=&#8221;16548&#8243; img_size=&#8221;full&#8221; alignment=&#8221;center&#8221;][\/vc_column][vc_column width=&#8221;1\/2&#8243;][vc_empty_space][vc_column_text]<\/p>\n<h2>KREO SVG CONVERTER<\/h2>\n<p>is the utility that allows the user to develop the graphic libraries of Kreo HMI starting from a generic SVG object.<br \/>\nThe object can be developed by a graphic studio or downloaded directly from internet. There is no limitation; any object can be animated and inserted in a Kreo HMI library. The user interface of KREO SVG CONVERTER is totally graphic and it is not necessary to write any HTML5 source code.<\/p>\n<ul>\n<li>Fully web based utility continuously updated<\/li>\n<li>Only a simple registration on the ESA website (www.esa-automation.com) is required<\/li>\n<li>A powerful SVG editor is included that allows the user to group the graphical layers Definition of Kreo properties with association to the SVG layer<\/li>\n<li>Different animation possibilities (translation, rotation)<\/li>\n<li>Color management of the different levels<\/li>\n<li>SVG sample objects available on &#8220;download&#8221; page.<\/li>\n<\/ul>\n<p>[\/vc_column_text][vc_btn title=&#8221;Find out more&#8221; style=&#8221;custom&#8221; custom_background=&#8221;#00bab3&#8243; custom_text=&#8221;#ffffff&#8221; shape=&#8221;square&#8221; link=&#8221;url:https%3A%2F%2Fesa-automation.com%2Flanding%2Fen%2Fkreo-svg-converter%2F&#8221;][vc_empty_space][\/vc_column][\/vc_row][vc_row][vc_column][vc_column_text]<\/p>\n<p>[\/vc_column_text][\/vc_column][\/vc_row][vc_row css=&#8221;.vc_custom_1758026672811{background-color: #000000 !important;}&#8221;][vc_column][vc_column_text css=&#8221;.vc_custom_1758189479827{padding-left: 40px !important;}&#8221;]<\/p>\n<h1><span style=\"color: #00bbb3;\">Licenses<\/span><\/h1>\n<p>[\/vc_column_text][vc_row_inner][vc_column_inner width=&#8221;1\/3&#8243;][vc_single_image image=&#8221;36517&#8243; img_size=&#8221;full&#8221; css=&#8221;.vc_custom_1758037307867{margin-bottom: 0px !important;}&#8221;][vc_column_text css=&#8221;.vc_custom_1758190033694{padding-bottom: 40px !important;padding-left: 20px !important;}&#8221;]<span style=\"color: #ffffff;\">KREO HMI SUITE for 365 days from activation + 2GB per month KREO CONNECT.<\/span><\/p>\n<p><span style=\"color: #ffffff;\">Transferable license (can be moved from one device to another) LUMIA1 &#8211; HMI 51 and IPC 53<\/span><br \/>\n[\/vc_column_text][\/vc_column_inner][vc_column_inner width=&#8221;1\/3&#8243;][vc_single_image image=&#8221;36552&#8243; img_size=&#8221;full&#8221; css=&#8221;.vc_custom_1758183925203{margin-bottom: 0px !important;}&#8221;][vc_column_text css=&#8221;.vc_custom_1758190069499{padding-bottom: 40px !important;padding-left: 20px !important;}&#8221;]<span style=\"color: #ffffff;\">KREO HMI SUITE for 365 days from activation + 2GB per month KREO CONNECT.<\/span><\/p>\n<p><span style=\"color: #ffffff;\">Transferable license (can be moved from one device to another) All ESA products based on Linux or Windows<\/span><br \/>\n[\/vc_column_text][\/vc_column_inner][vc_column_inner width=&#8221;1\/3&#8243;][vc_single_image image=&#8221;36551&#8243; img_size=&#8221;full&#8221; css=&#8221;.vc_custom_1758184067201{margin-bottom: 0px !important;}&#8221;][vc_column_text css=&#8221;.vc_custom_1758190101836{margin-bottom: 40px !important;padding-left: 20px !important;}&#8221;]<span style=\"color: #ffffff;\">KREO HMI SUITE, aktivasyon tarihinden itibaren 365 g\u00fcn boyunca + ayl\u0131k 2GB KREO CONNECT.<\/span><\/p>\n<p><span style=\"color: #ffffff;\">Tek cihaz. Linux veya Windows tabanl\u0131 t\u00fcm ESA \u00fcr\u00fcnleri<\/span><br \/>\n[\/vc_column_text][\/vc_column_inner][\/vc_row_inner][\/vc_column][\/vc_row][vc_row css=&#8221;.vc_custom_1758026672811{background-color: #000000 !important;}&#8221;][vc_column][vc_column_text css=&#8221;.vc_custom_1758034058518{padding-left: 40px !important;}&#8221;]<\/p>\n<h1><span style=\"color: #00bbb3;\">Update<\/span><\/h1>\n<p>[\/vc_column_text][vc_row_inner][vc_column_inner width=&#8221;1\/4&#8243; css=&#8221;.vc_custom_1758036480993{padding-left: 40px !important;}&#8221;][vc_column_text css=&#8221;.vc_custom_1758190128929{padding-bottom: 40px !important;padding-left: 20px !important;}&#8221;]<\/p>\n<h3><span style=\"color: #00bbb3;\">UPDATEKREOSUITE<\/span><\/h3>\n<p><span style=\"color: #ffffff;\">KREO HMI SUITE for 365 days<\/span><br \/>\n<span style=\"color: #ffffff;\">from activation + 2GB per month<\/span><br \/>\n<span style=\"color: #ffffff;\">KREO CONNECT.<\/span><br \/>\n<span style=\"color: #ffffff;\">Transferable license (can be<\/span><br \/>\n<span style=\"color: #ffffff;\">moved from one device to another)<\/span><br \/>\n<span style=\"color: #ffffff;\">LUMIA1 &#8211; HMI 51 and IPC 53<\/span><br \/>\n[\/vc_column_text][vc_column_text css=&#8221;.vc_custom_1758190163989{padding-top: 80px !important;padding-left: 20px !important;}&#8221;]<\/p>\n<h3><span style=\"color: #00bbb3;\">UPDATEKREOULTRA<\/span><\/h3>\n<p><span style=\"color: #ffffff;\">KREO HMI SUITE for 365 days<\/span><br \/>\n<span style=\"color: #ffffff;\">from activation + 2GB per month KREO<\/span><br \/>\n<span style=\"color: #ffffff;\">CONNECT.<\/span><br \/>\n<span style=\"color: #ffffff;\">Transferable license (can be<\/span><br \/>\n<span style=\"color: #ffffff;\">moved from one device to another)<\/span><br \/>\n<span style=\"color: #ffffff;\">All ESA products based on Linux or<\/span><br \/>\n<span style=\"color: #ffffff;\">Windows<\/span><br \/>\n[\/vc_column_text][\/vc_column_inner][vc_column_inner width=&#8221;3\/4&#8243;][vc_single_image image=&#8221;36520&#8243; img_size=&#8221;full&#8221; alignment=&#8221;center&#8221; css=&#8221;&#8221;][\/vc_column_inner][\/vc_row_inner][vc_row_inner][vc_column_inner width=&#8221;2\/3&#8243;][vc_single_image image=&#8221;36558&#8243; img_size=&#8221;full&#8221; alignment=&#8221;center&#8221; css=&#8221;&#8221;][\/vc_column_inner][vc_column_inner width=&#8221;1\/3&#8243;][vc_column_text css=&#8221;.vc_custom_1758190262496{padding-top: 80px !important;padding-left: 20px !important;}&#8221;]<\/p>\n<h3><span style=\"color: #00bbb3;\">KREOHMISUITE365<\/span><\/h3>\n<p><span style=\"color: #ffffff;\">KREO HMI SUITE for 365 days<\/span><br \/>\n<span style=\"color: #ffffff;\">from activation + 2GB per month KREO<\/span><br \/>\n<span style=\"color: #ffffff;\">CONNECT.<\/span><br \/>\n<span style=\"color: #ffffff;\">Single device.<\/span><br \/>\n<span style=\"color: #ffffff;\">All ESA products based on Linux or<\/span><br \/>\n<span style=\"color: #ffffff;\">Windows<\/span>[\/vc_column_text][\/vc_column_inner][\/vc_row_inner][\/vc_column][\/vc_row][vc_row][vc_column][vc_column_text]<\/p>\n<p>[\/vc_column_text][\/vc_column][\/vc_row]<\/p>\n<p>[vc_row][vc_column][vc_accordion active_tab=&#8221;false&#8221; collapsible=&#8221;yes&#8221; el_class=&#8221;.accordionScada&#8221;][vc_accordion_tab title=&#8221;CODICI LICENZE ORDINABILI&#8221; el_id=&#8221;CODES and DESCRIPTION&#8221;][vc_column_text]<a href=\"https:\/\/staging.esa-automation.com\/wp-content\/uploads\/2022\/09\/lista-licenze-ordinabili-KREO-HMI_00.pdf\" target=\"_blank\" rel=\"noopener noreferrer\">Download PDF<\/a><br \/>\n\n<table id=\"tablepress-252\" class=\"tablepress tablepress-id-252\">\n<thead>\n<tr class=\"row-1\">\n\t<th class=\"column-1\">Code                                                                           <\/th><th class=\"column-2\">Description<\/th>\n<\/tr>\n<\/thead>\n<tbody class=\"row-striping row-hover\">\n<tr class=\"row-2\">\n\t<td class=\"column-1\">KREOHMISUITE365<\/td><td class=\"column-2\">LICENZA\/KREO-HMI\/365\/UPDATE<\/td>\n<\/tr>\n<tr class=\"row-3\">\n\t<td class=\"column-1\">KREOEDGERUNBASE<\/td><td class=\"column-2\">LICENZA\/RUNTIME\/KREO\/PC-OPEN<\/td>\n<\/tr>\n<tr class=\"row-4\">\n\t<td class=\"column-1\">KREOEDGEWITHFDA<\/td><td class=\"column-2\">LICENZA\/KREO-RUNTIME\/FDA<\/td>\n<\/tr>\n<tr class=\"row-5\">\n\t<td class=\"column-1\">KREOADDCLIENT01<\/td><td class=\"column-2\">LICENZA\/KREO-HMI\/CLIENT<\/td>\n<\/tr>\n<tr class=\"row-6\">\n\t<td class=\"column-1\">KREOEDGERUN1000<\/td><td class=\"column-2\">LICENZA\/KREO-HMI\/BASE<\/td>\n<\/tr>\n<tr class=\"row-7\">\n\t<td class=\"column-1\">KREOEDGERUN2000<\/td><td class=\"column-2\">LICENZA\/KREO-HMI\/EXPORT<\/td>\n<\/tr>\n<tr class=\"row-8\">\n\t<td class=\"column-1\">KREOEDGERUN3000<\/td><td class=\"column-2\">LICENZA\/KREO-HMI\/EXPERT<\/td>\n<\/tr>\n<tr class=\"row-9\">\n\t<td class=\"column-1\">KREOEDGERUN4000<\/td><td class=\"column-2\">LICENZA\/KREO-HMI\/ENHANCED<\/td>\n<\/tr>\n<tr class=\"row-10\">\n\t<td class=\"column-1\">KREOEDGERUN5000<\/td><td class=\"column-2\">LICENZA\/KREO-HMI\/UNLIMITED<\/td>\n<\/tr>\n<tr class=\"row-11\">\n\t<td class=\"column-1\">EDGERUNUPTO2000<\/td><td class=\"column-2\">LICENZA\/KREO-HMI\/UPTO2000<\/td>\n<\/tr>\n<tr class=\"row-12\">\n\t<td class=\"column-1\">EDGERUNUPTO3000<\/td><td class=\"column-2\">LICENZA\/KREO-HMI\/UPTO3000<\/td>\n<\/tr>\n<tr class=\"row-13\">\n\t<td class=\"column-1\">EDGERUNUPTO4000<\/td><td class=\"column-2\">LICENZA\/KREO-HMI\/UPTO4000<\/td>\n<\/tr>\n<tr class=\"row-14\">\n\t<td class=\"column-1\">EDGERUNUPTO5000<\/td><td class=\"column-2\">LICENZA\/KREO-HMI\/UPTO5000<\/td>\n<\/tr>\n<tr class=\"row-15\">\n\t<td class=\"column-1\">KREOSERVEROPCUA<\/td><td class=\"column-2\">LICENZA\/KREO-RUNTIME\/OPCUA<\/td>\n<\/tr>\n<tr class=\"row-16\">\n\t<td class=\"column-1\">KREOSYMBOARMSIE<\/td><td class=\"column-2\">LICENZA\/KREO-RUNTIME\/S.SIEMENS<\/td>\n<\/tr>\n<tr class=\"row-17\">\n\t<td class=\"column-1\">KREOSYMBOX86SIE<\/td><td class=\"column-2\">LICENZA\/KREO-RUNTIME\/S.SIEMENS<\/td>\n<\/tr>\n<\/tbody>\n<\/table>\n<!-- #tablepress-252 from cache -->[\/vc_column_text][\/vc_accordion_tab][\/vc_accordion][\/vc_column][\/vc_row]<\/p>\n<\/div>","protected":false},"excerpt":{"rendered":"<p>Our platform. Your touch.<\/p>\n","protected":false},"author":4,"featured_media":16289,"parent":8790,"menu_order":41,"comment_status":"open","ping_status":"closed","template":"tmpprodotti.php","meta":{"_acf_changed":false,"footnotes":""},"tags":[35,21,34,99],"class_list":["post-16276","page","type-page","status-publish","has-post-thumbnail","hentry","tag-crew","tag-prodotti","tag-scada","tag-scada-crew"],"acf":[],"aioseo_notices":[],"_links":{"self":[{"href":"https:\/\/staging.esa-automation.com\/en\/wp-json\/wp\/v2\/pages\/16276","targetHints":{"allow":["GET"]}}],"collection":[{"href":"https:\/\/staging.esa-automation.com\/en\/wp-json\/wp\/v2\/pages"}],"about":[{"href":"https:\/\/staging.esa-automation.com\/en\/wp-json\/wp\/v2\/types\/page"}],"author":[{"embeddable":true,"href":"https:\/\/staging.esa-automation.com\/en\/wp-json\/wp\/v2\/users\/4"}],"replies":[{"embeddable":true,"href":"https:\/\/staging.esa-automation.com\/en\/wp-json\/wp\/v2\/comments?post=16276"}],"version-history":[{"count":11,"href":"https:\/\/staging.esa-automation.com\/en\/wp-json\/wp\/v2\/pages\/16276\/revisions"}],"predecessor-version":[{"id":36574,"href":"https:\/\/staging.esa-automation.com\/en\/wp-json\/wp\/v2\/pages\/16276\/revisions\/36574"}],"up":[{"embeddable":true,"href":"https:\/\/staging.esa-automation.com\/en\/wp-json\/wp\/v2\/pages\/8790"}],"wp:featuredmedia":[{"embeddable":true,"href":"https:\/\/staging.esa-automation.com\/en\/wp-json\/wp\/v2\/media\/16289"}],"wp:attachment":[{"href":"https:\/\/staging.esa-automation.com\/en\/wp-json\/wp\/v2\/media?parent=16276"}],"wp:term":[{"taxonomy":"post_tag","embeddable":true,"href":"https:\/\/staging.esa-automation.com\/en\/wp-json\/wp\/v2\/tags?post=16276"}],"curies":[{"name":"wp","href":"https:\/\/api.w.org\/{rel}","templated":true}]}}