{"id":1307,"date":"2015-10-14T15:51:24","date_gmt":"2015-10-14T13:51:24","guid":{"rendered":"https:\/\/staging.esa-automation.com\/en\/?page_id=1307"},"modified":"2024-11-08T15:57:17","modified_gmt":"2024-11-08T14:57:17","slug":"privacy","status":"publish","type":"page","link":"https:\/\/staging.esa-automation.com\/it\/privacy\/","title":{"rendered":"Privacy"},"content":{"rendered":"<div class=\"wpb-content-wrapper\"><p>[vc_row][vc_column][vc_column_text css=&#8221;.vc_custom_1587478764483{margin-top: 30px !important;}&#8221;]<\/p>\n<h2><strong>INFORMATIVA PRIVACY<\/strong><\/h2>\n<p><strong><em>Documento informativo ai sensi dell\u2019art. 13 del D.Lgs. n. 196\/2003 e del Regolamento Privacy Europeo n. 2016\/679 (General Data Protection Regulation GDPR) <\/em><\/strong><\/p>\n<p>In osservanza di quanto previsto dal Regolamento Europeo n. 2016\/679, con la presente Le forniamo le dovute informazioni in ordine al trattamento dei dati personali forniti.<\/p>\n<p><strong>A) DATI PERSONALI <\/strong><\/p>\n<p>Per dato personale si intende qualsiasi informazione riguardante una persona fisica identificata o identificabile (\u201cinteressato\u201d); si considera identificabile la persona fisica che pu\u00f2 essere identificata, direttamente o indirettamente, con particolare riferimento a un identificativo come il nome, un numero di identificazione, dati relativi all\u2019ubicazione, un identificativo online o a uno o pi\u00f9 elementi caratteristici della sua identit\u00e0 fisica, fisiologica, genetica, psichica, economica, culturale o sociale.<\/p>\n<p><strong>B) TITOLARE DEL TRATTAMENTO<\/strong><\/p>\n<p>Il titolare del trattamento \u00e8 la persona fisica o giuridica che determina le finalit\u00e0 e i mezzi del trattamento di dati personali.<\/p>\n<p>Ai sensi del Regolamento Europeo n. 2016\/679, il titolare del trattamento \u00e8 ESA S.p.A., con sede legale in Via Padre Masciadri n. 4\/A, 22066 Mariano Comense (CO), P.IVA 13464240152.<\/p>\n<p><strong>C) FINALIT\u00c0 DEL TRATTAMENTO<\/strong><\/p>\n<p>I Suoi dati personali verranno trattati in accordo alle disposizioni legislative della normativa sopra richiamata e degli obblighi di riservatezza ivi previsti, per le necessit\u00e0 amministrative, contabili, finanziarie,<\/p>\n<p>fiscali nonch\u00e9 finalit\u00e0 di tipo commerciale, di marketing e promozionale, legate ai contratti stipulati e all\u2019operativit\u00e0 della nostra Societ\u00e0.<\/p>\n<p><strong>D) DESTINATARI DEI DATI<\/strong><\/p>\n<p>I dati di natura personale forniti saranno comunicati a destinatari che tratteranno gli stessi in qualit\u00e0 di responsabili, <em>ex <\/em>art. 28 del Regolamento UE 2016\/679 e\/o in qualit\u00e0 di persone fisiche che agiscono sotto l\u2019autorit\u00e0 del Titolare e del Rappresentante, <em>ex <\/em>art. 29 del Regolamento UE 2016\/679, per le finalit\u00e0 indicate al punto C) della presente informativa. Precisamente, i dati personali saranno comunicati ai seguenti soggetti che all\u2019uopo potranno effettuare operazioni di trattamento per nostro conto: dipendenti della nostra Societ\u00e0, Enti, Autorit\u00e0 o Istituzioni Pubbliche, Banche e Istituti di credito, collaboratori autonomi della Societ\u00e0, professionisti (avvocati, commercialisti, ect.), consulenti, appaltatori della Societ\u00e0, altri uffici di questa Societ\u00e0 o di altre societ\u00e0, anche straniere, con la stessa collegate o appartenenti al gruppo ovvero con le quali venga intrattenuto un rapporto di corrispondenza, agenti e commissionari di commercio, societ\u00e0 preposte all\u2019invio di promozioni ed editoriali, societ\u00e0 di revisione, societ\u00e0 di leasing, compagnie aeree e ferroviarie, alberghi, agenzie di viaggio e simili, nonch\u00e9 a chiunque sia legittimo destinatario di comunicazioni previste da norme di legge o regolamenti.<\/p>\n<p>I dati di natura personale forniti, nel rispetto del Regolamento UE 2016\/679, potranno essere trasferiti all\u2019estero, sia in Paesi appartenenti all\u2019Unione Europea che in Paesi Extra UE, al fine di ottemperare alle finalit\u00e0 sopra indicate.<\/p>\n<p><strong>E) MODALIT\u00c0 DEL TRATTAMENTO<\/strong><\/p>\n<p>Il trattamento dei dati personali per le finalit\u00e0 pocanzi esposte ha luogo con modalit\u00e0 sia automatizzate, su supporto elettronico o magnetico, sia non automatizzate, su supporto cartaceo, nel rispetto delle regole di riservatezza e di sicurezza previste dalla legge, dai regolamenti conseguenti e da disposizioni interne.<\/p>\n<p>Si informa che la nostra Societ\u00e0 utilizza una piattaforma digitale di cloud computing (MailUp) per la creazione, l\u2019invio, il marketing automation e il tracciamento di newsletter, email e SMS. Attraverso questa piattaforma la nostra Societ\u00e0 potr\u00e0 venire a conoscenza, per esempio: del numero dei lettori unici, delle aperture, dei c.d. \u201ccliccatori\u201d unici e dei clic, dei dispositivi utilizzati per leggere il messaggio, dei sistemi operativi utilizzati per leggere il messaggio, del dettaglio sull\u2019attivit\u00e0 dei singoli utenti, delle email inviate per data\/ora\/minuto e per invio, delle email recapitate e non, delle email inoltrate, degli utenti che si sono disiscritti, di chi ha aperto una email o cliccato sul singolo link in tempo reale, degli utenti con problemi di visualizzazione del messaggio, del link tracking, cio\u00e8 il numero di clic effettuati sui link del massaggio, della mappa grafica dei link per visualizzare l\u2019area che ha riscosso maggior interesse, del benchmark di qualit\u00e0 relativi al settore per confrontare, ed eventualmente migliorare, i risultati delle comunicazioni.<\/p>\n<p><strong>F) PERIODO DI CONSERVAZIONE<\/strong><\/p>\n<p>Nel rispetto di quanto previsto dal Regolamento UE 2016\/679 i dati personali raccolti verranno conservati in una forma che consenta l\u2019identificazione degli interessati per un arco di tempo non superiore al conseguimento delle finalit\u00e0 per le quali i dati personali sono trattati.<\/p>\n<p><strong>G) DIRITTI DEGLI INTERESSATI<\/strong><\/p>\n<p>Nei limiti e alle condizioni previste dalla legge, il titolare ha l\u2019obbligo di rispondere alle richieste dell\u2019interessato in merito ai dati personali che lo riguardano. In particolare, in base alla vigente normativa:<\/p>\n<ol>\n<li>L&#8217;interessato ha il diritto di ottenere dal titolare del trattamento la conferma che sia o meno in corso un trattamento di dati personali che lo riguardano e in tal caso, di ottenere l&#8217;<strong>accesso\u00a0<\/strong>ai dati personali e alle seguenti informazioni:<\/li>\n<\/ol>\n<ul>\n<li>le finalit\u00e0 del trattamento;<\/li>\n<li>le categorie di dati personali in questione;<\/li>\n<li>i destinatari o le categorie di destinatari a cui i dati personali sono stati o saranno comunicati, in particolare se destinatari di paesi terzi o organizzazioni internazionali;<\/li>\n<li>quando possibile, il periodo di conservazione dei dati personali previsto oppure, se non \u00e8 possibile, i criteri utilizzati per determinare tale periodo;<\/li>\n<li>l&#8217;esistenza del diritto dell&#8217;interessato di chiedere al titolare del trattamento la rettifica o la cancellazione dei dati personali o la limitazione del trattamento dei dati personali che lo riguardano o di opporsi al loro trattamento;<\/li>\n<li>il diritto di proporre reclamo a un&#8217;autorit\u00e0 di controllo;<\/li>\n<li>qualora i dati non siano raccolti presso l&#8217;interessato, tutte le informazioni disponibili sulla loro origine;<\/li>\n<li>l&#8217;esistenza di un processo decisionale automatizzato, compresa la profilazione.<\/li>\n<\/ul>\n<ol start=\"2\">\n<li>L&#8217;interessato ha il diritto di ottenere dal titolare del trattamento la\u00a0<strong>rettifica\u00a0<\/strong>dei dati personali inesatti che lo riguardano senza ingiustificato ritardo. Tenuto conto delle finalit\u00e0 del trattamento, l&#8217;interessato ha il diritto di ottenere l&#8217;<strong>integrazione\u00a0<\/strong>dei dati personali incompleti, anche fornendo una dichiarazione integrativa.<\/li>\n<li>L&#8217;interessato ha il diritto di ottenere dal titolare del trattamento la\u00a0<strong>cancellazione\u00a0<\/strong>dei dati personali che lo riguardano senza ingiustificato ritardo e il titolare del trattamento ha l&#8217;obbligo di cancellare senza ingiustificato ritardo i dati personali nei limiti e nei casi previsti dalla vigente normativa. Il titolare del trattamento comunica a ciascuno dei destinatari cui sono stati trasmessi i dati personali le eventuali rettifiche o cancellazioni o limitazioni del trattamento nei limiti e nelle forme previste dalla vigente normativa.<\/li>\n<li>L&#8217;interessato ha il diritto di ottenere dal titolare del trattamento la\u00a0<strong>limitazione\u00a0<\/strong>del trattamento.<\/li>\n<li>L&#8217;interessato ha il diritto di ricevere in un formato strutturato, di uso comune e leggibile da dispositivo automatico i dati personali che lo riguardano forniti a un titolare del trattamento e ha il diritto di trasmettere tali dati a un altro titolare del trattamento senza impedimenti da parte del titolare del trattamento cui li ha forniti.<\/li>\n<li>L\u2019interessato ha il diritto di proporre reclamo all\u2019Autorit\u00e0 Garante per la protezione dei dati personali, Piazza Monte Citorio n. 121, 00186 Roma (RM).<\/li>\n<\/ol>\n<p>Per esercitare i diritti sopra elencati verso il titolare, l\u2019interessato dovr\u00e0 presentare richiesta scrivendo alla sede della Societ\u00e0 all\u2019indirizzo info@esa-automation.com.<\/p>\n<p>La comunicazione di dati personali non \u00e8 un obbligo. Lei \u00e8 libero di fornire i Suoi dati personali. Il mancato conferimento dei dati personali comporta l\u2019impossibilit\u00e0 di fruire dei servizi offerti dal titolare del trattamento.<\/p>\n<p><strong>H) PRESA VISIONE<\/strong><\/p>\n<p>L\u2019informativa viene resa all\u2019interessato ai sensi del D.Lgs. n. 196\/2003 e del Regolamento UE 2016\/679, che dichiara di aver compreso la finalit\u00e0 del trattamento.[\/vc_column_text][\/vc_column][\/vc_row]<\/p>\n<\/div>","protected":false},"excerpt":{"rendered":"<p>[vc_row][vc_column][vc_column_text css=&#8221;.vc_custom_1587478764483{margin-top: 30px !important;}&#8221;] INFORMATIVA PRIVACY Documento informativo ai sensi dell\u2019art. 13 del D.Lgs. n. 196\/2003 e del Regolamento Privacy Europeo n. 2016\/679 (General Data Protection Regulation GDPR) In osservanza di quanto previsto dal Regolamento Europeo n. 2016\/679, con la presente Le forniamo le dovute informazioni in ordine al trattamento dei dati personali forniti. A) DATI PERSONALI Per dato personale si intende qualsiasi informazione riguardante una persona fisica identificata o identificabile (\u201cinteressato\u201d); si considera identificabile la persona fisica che pu\u00f2 essere identificata, direttamente o indirettamente, con particolare riferimento a un identificativo come il nome, un numero di identificazione, dati relativi all\u2019ubicazione, un identificativo online o a uno o pi\u00f9 elementi caratteristici della sua identit\u00e0 fisica, fisiologica, genetica, psichica, economica, culturale o sociale. B) TITOLARE DEL TRATTAMENTO Il titolare del trattamento \u00e8 la persona fisica o giuridica che determina le finalit\u00e0 e i mezzi del trattamento di dati personali. Ai sensi del Regolamento Europeo n. 2016\/679, il titolare del trattamento \u00e8 ESA S.p.A., con sede legale in Via Padre Masciadri n. 4\/A, 22066 Mariano Comense (CO), P.IVA 13464240152. C) FINALIT\u00c0 DEL TRATTAMENTO I Suoi dati personali verranno trattati in accordo alle disposizioni legislative della normativa sopra richiamata e degli obblighi di [&hellip;]<\/p>\n","protected":false},"author":4,"featured_media":0,"parent":0,"menu_order":236,"comment_status":"open","ping_status":"open","template":"","meta":{"_acf_changed":false,"footnotes":""},"tags":[],"class_list":["post-1307","page","type-page","status-publish","hentry"],"acf":[],"aioseo_notices":[],"_links":{"self":[{"href":"https:\/\/staging.esa-automation.com\/it\/wp-json\/wp\/v2\/pages\/1307","targetHints":{"allow":["GET"]}}],"collection":[{"href":"https:\/\/staging.esa-automation.com\/it\/wp-json\/wp\/v2\/pages"}],"about":[{"href":"https:\/\/staging.esa-automation.com\/it\/wp-json\/wp\/v2\/types\/page"}],"author":[{"embeddable":true,"href":"https:\/\/staging.esa-automation.com\/it\/wp-json\/wp\/v2\/users\/4"}],"replies":[{"embeddable":true,"href":"https:\/\/staging.esa-automation.com\/it\/wp-json\/wp\/v2\/comments?post=1307"}],"version-history":[{"count":0,"href":"https:\/\/staging.esa-automation.com\/it\/wp-json\/wp\/v2\/pages\/1307\/revisions"}],"wp:attachment":[{"href":"https:\/\/staging.esa-automation.com\/it\/wp-json\/wp\/v2\/media?parent=1307"}],"wp:term":[{"taxonomy":"post_tag","embeddable":true,"href":"https:\/\/staging.esa-automation.com\/it\/wp-json\/wp\/v2\/tags?post=1307"}],"curies":[{"name":"wp","href":"https:\/\/api.w.org\/{rel}","templated":true}]}}