{"id":1404,"date":"2015-10-15T18:10:43","date_gmt":"2015-10-15T16:10:43","guid":{"rendered":"https:\/\/staging.esa-automation.com\/en\/?page_id=1404"},"modified":"2024-11-08T15:56:43","modified_gmt":"2024-11-08T14:56:43","slug":"cookies-policy","status":"publish","type":"page","link":"https:\/\/staging.esa-automation.com\/it\/cookie\/","title":{"rendered":"Politica dei Cookie"},"content":{"rendered":"<div class=\"wpb-content-wrapper\"><p>[vc_row][vc_column][vc_column_text]<strong>Politica dei Cookie<\/strong><\/p>\n<p>Il sito web utilizza tecnologie quali cookie, cio\u00e8 file di testo che i siti visitati dall\u2019utente inviano e registrano sul suo computer o dispositivo mobile, o tecnologie analoghe con la finalit\u00e0 di avere una navigazione pi\u00f9 agevole e una maggiore facilit\u00e0 d\u2019uso del sito stesso da parte dell\u2019utente. Le informazioni danno la possibilit\u00e0 al sito di \u201criconoscere\u201d gli utenti quando tornano o navigano passando da una pagina all\u2019altra e di \u201cricordare\u201d le loro preferenze: lingua, password, contenuti predefiniti, ecc.<\/p>\n<p>Il sito non utilizza cookie di prima parte o proprietari, cio\u00e8 file che vengono installati sul dispositivo dell\u2019utente direttamente dal sito che sta visitando.<\/p>\n<p>Il sito offre la possibilit\u00e0 di (de-) selezione dei cookies come indicato pi\u00f9 sotto, salvo che per i cookie di terze parti per i quali l\u2019utente deve fare riferimento direttamente alle modalit\u00e0 di selezione e de-selezione dei rispettivi cookie predisposte dai rispettivi gestori (si veda \u201cCookie di Terze Parti\u201d).<\/p>\n<p>I cookie utilizzati da questo sito sono:<\/p>\n<p><strong>Cookie Tecnici<\/strong><\/p>\n<p>Questa tipologia di cookie permette il corretto funzionamento di alcune sezioni del Sito non raccogliendo nessuna informazione personale dell\u2019utente.<\/p>\n<p>I Cookies tecnici utilizzati dal sito possono essere:<\/p>\n<ol>\n<li>di <strong>sessione, <\/strong>che sono informazioni che vengono rimosse dal computer dell\u2019utente quando il browser viene chiuso;<\/li>\n<li><strong>persistenti<\/strong>, informazioni che si collocano sul disco rigido del computer dell\u2019utente e che non vengono eliminate a meno che non sia l\u2019utente stesso ad intervenire.<\/li>\n<\/ol>\n<p><strong>Cookie di Analisi<\/strong><\/p>\n<p>Questo sito utilizza Google Analytics, uno strumento di analisi del traffico sul sito.<\/p>\n<p>Nessuna informazione verr\u00e0 resa pubblica o divulgata a enti, associazioni, organismi atti ad effettuare marketing mirato seguendo le preferenze dell\u2019Utente, ma verranno utilizzate al solo scopo di migliorare la navigazione e l\u2019esperienza dell\u2019utente stesso per le prossime visite.<\/p>\n<p>L\u2019 impiego di Google Analytics \u00e8 inoltre stato impostato in modo che il fornitore (Google) utilizzi i cookie esclusivamente per la fornitura del servizio, li conservi separatamente e non li \u201carricchisca\u201d o \u201cincroci\u201d con altre informazioni di cui dispone.<\/p>\n<p>Per quanto riguarda l\u2019utilizzo dei cookie da parte di Google Analytics, si rimanda al loro link ufficiale:<\/p>\n<p><span style=\"color: #00a69c;\"><a style=\"color: #00a69c;\" href=\"https:\/\/developers.google.com\/analytics\/devguides\/collection\/analyticsjs\/cookie-usage\">https:\/\/developers.google.com\/analytics\/devguides\/collection\/analyticsjs\/cookie-usage<\/a><\/span><\/p>\n<p>L\u2019utente ha la possibilit\u00e0 di impedire a Google Inc. il rilevamento dei cookie generati dal Sito e la loro lettura, scaricando ed installando il seguente plugin:<span style=\"color: #00a69c;\"> <a style=\"color: #00a69c;\" href=\"http:\/\/tools.google.com\/dlpage\/gaoptout\">http:\/\/tools.google.com\/dlpage\/gaoptout<\/a><\/span><\/p>\n<p>Per consultare la Policy sulla Privacy della societ\u00e0 Google Inc., titolare autonomo del trattamento dei dati relativi al servizio Google Analytics, si rinvia al link ufficiale <span style=\"color: #00a69c;\"><a style=\"color: #00a69c;\" href=\"http:\/\/www.google.com\/intl\/en\/analytics\/privacyoverview.html\">http:\/\/www.google.com\/intl\/en\/analytics\/privacyoverview.html<\/a><\/span><\/p>\n<p><strong>Cookie di Terze Parti<\/strong><\/p>\n<p>Questo sito utilizza cookie di analisi di terze parti, cio\u00e8 cookie di siti o di web server diversi da quello del Titolare utilizzati per finalit\u00e0 proprie di tali terze parti, tra cui anche cookie di\u00a0profilazione.<\/p>\n<p>Questi cookie sono utilizzati al fine di raccogliere informazioni sull\u2019uso del Sito\u00a0da parte degli utenti: pagine visitate, tempo di permanenza, origini del traffico di provenienza, provenienza geografica, et\u00e0, genere e interessi ai fini di campagne di marketing. Questi cookie sono inviati da domini di terze parti esterni al Sito.<\/p>\n<p>La gestione delle informazioni raccolte da terze parti \u00e8 disciplinata dalle relative informative delle societ\u00e0 terze, cui si prega di fare riferimento.<\/p>\n<p>Disabilitare cookie di terze parti \u00e8 possibile attraverso la societ\u00e0 terza titolare del trattamento dei dati, maggiori informazioni si possono ottenere al seguente link:<span style=\"color: #00a69c;\">\u00a0<a style=\"color: #00a69c;\" href=\"http:\/\/www.youronlinechoices.com\/it\/le-tue-scelte\">http:\/\/www.youronlinechoices.com\/it\/le-tue-scelte<\/a><\/span>. Attraverso tale servizio \u00e8 possibile gestire le preferenze di tracciamento della maggior parte degli strumenti pubblicitari. \u00c8 consigliato utilizzare tale risorsa in aggiunta alle informazioni fornite dal presente documento.<\/p>\n<p>Per garantire una maggiore trasparenza e comodit\u00e0, riportiamo di seguito gli indirizzi web dove si possono trovare le diverse informative e modalit\u00e0 per la gestione dei cookie:<\/p>\n<p>Informativa di Google<br \/>\n<span style=\"color: #00a69c;\"><a style=\"color: #00a69c;\" href=\"http:\/\/www.google.it\/policies\/privacy\/\">http:\/\/www.google.it\/policies\/privacy\/<\/a><\/span><\/p>\n<p>Informativa Facebook<br \/>\n<span style=\"color: #00a69c;\"><a style=\"color: #00a69c;\" href=\"https:\/\/www.facebook.com\/policies\/cookies\/\">https:\/\/www.facebook.com\/policies\/cookies\/<\/a><\/span><\/p>\n<p>Informativa Twitter<br \/>\n<span style=\"color: #00a69c;\"><a style=\"color: #00a69c;\" href=\"https:\/\/twitter.com\/it\/privacy\">https:\/\/twitter.com\/it\/privacy<\/a><\/span><\/p>\n<p>Per l\u2019eliminazione dei cookie<\/p>\n<p>Flash <span style=\"color: #00a69c;\"><a style=\"color: #00a69c;\" href=\"http:\/\/www.macromedia.com\/support\/documentation\/it\/flashplayer\/help\/settings_manager02.html\">http:\/\/www.macromedia.com\/support\/documentation\/it\/flashplayer\/help\/settings_manager02.html<\/a><\/span><\/p>\n<p>Il sito inoltre, pu\u00f2 contenere collegamenti ad altri siti Web che dispongono di una propria informativa sulla privacy. Queste informative sulla privacy possono essere diverse da quella adottata dalla Societ\u00e0, che quindi non risponde per i Siti di terze parti. Il consenso all\u2019utilizzo dei cookies \u00e8 espresso dall\u2019interessato mediate il settaggio individuale che ha scelto liberamente per il browser utilizzato per la navigazione. Rimane comunque ferma la facolt\u00e0 dell\u2019utente di comunicare in ogni momento al Titolare del trattamento la propria volont\u00e0 in merito ai dati gestiti per il tramite dei cookies che il browser stesso abbia accettato.<\/p>\n<p><strong>Opzioni circa l\u2019uso dei cookie da parte del sito mediante le impostazioni del browser<\/strong><\/p>\n<p>L\u2019erogazione di tutti i cookie, sia di prime che ti terze parti, \u00e8 disattivabile intervenendo sulle impostazioni del browser in uso; \u00e8 bene notare per\u00f2 che questo potrebbe rendere inutilizzabili i siti qualora si bloccassero i cookie indispensabili per l\u2019erogazione delle funzionalit\u00e0.\u00a0 Ogni browser dispone di impostazioni diverse per la disattivazione dei cookie; di seguito proponiamo i collegamenti alle istruzioni per i browser pi\u00f9 comuni.<\/p>\n<p><span style=\"color: #00a69c;\"><a style=\"color: #00a69c;\" href=\"http:\/\/windows.microsoft.com\/en-us\/windows-vista\/block-or-allow-cookies\">Microsoft Windows Explorer<\/a><\/span><\/p>\n<p><span style=\"color: #00a69c;\"><a style=\"color: #00a69c;\" href=\"https:\/\/support.google.com\/chrome\/bin\/answer.py?hl=en&amp;amp;answer=95647&amp;amp;p=cpn_cookies\">Google Chrome<\/a><\/span><\/p>\n<p><span style=\"color: #00a69c;\"><a style=\"color: #00a69c;\" href=\"http:\/\/support.mozilla.org\/en-US\/kb\/Enabling%20and%20disabling%20cookies\">Mozilla Firefox<\/a><\/span><\/p>\n<p><span style=\"color: #00a69c;\"><a style=\"color: #00a69c;\" href=\"http:\/\/support.apple.com\/kb\/PH5042\">Apple Safari<\/a><\/span>[\/vc_column_text][\/vc_column][\/vc_row]<\/p>\n<\/div>","protected":false},"excerpt":{"rendered":"<p>[vc_row][vc_column][vc_column_text]Politica dei Cookie Il sito web utilizza tecnologie quali cookie, cio\u00e8 file di testo che i siti visitati dall\u2019utente inviano e registrano sul suo computer o dispositivo mobile, o tecnologie analoghe con la finalit\u00e0 di avere una navigazione pi\u00f9 agevole e una maggiore facilit\u00e0 d\u2019uso del sito stesso da parte dell\u2019utente. Le informazioni danno la possibilit\u00e0 al sito di \u201criconoscere\u201d gli utenti quando tornano o navigano passando da una pagina all\u2019altra e di \u201cricordare\u201d le loro preferenze: lingua, password, contenuti predefiniti, ecc. Il sito non utilizza cookie di prima parte o proprietari, cio\u00e8 file che vengono installati sul dispositivo dell\u2019utente direttamente dal sito che sta visitando. Il sito offre la possibilit\u00e0 di (de-) selezione dei cookies come indicato pi\u00f9 sotto, salvo che per i cookie di terze parti per i quali l\u2019utente deve fare riferimento direttamente alle modalit\u00e0 di selezione e de-selezione dei rispettivi cookie predisposte dai rispettivi gestori (si veda \u201cCookie di Terze Parti\u201d). I cookie utilizzati da questo sito sono: Cookie Tecnici Questa tipologia di cookie permette il corretto funzionamento di alcune sezioni del Sito non raccogliendo nessuna informazione personale dell\u2019utente. I Cookies tecnici utilizzati dal sito possono essere: di sessione, che sono informazioni che vengono rimosse dal [&hellip;]<\/p>\n","protected":false},"author":4,"featured_media":0,"parent":0,"menu_order":208,"comment_status":"open","ping_status":"closed","template":"","meta":{"_acf_changed":false,"footnotes":""},"tags":[],"class_list":["post-1404","page","type-page","status-publish","hentry"],"acf":[],"aioseo_notices":[],"_links":{"self":[{"href":"https:\/\/staging.esa-automation.com\/it\/wp-json\/wp\/v2\/pages\/1404","targetHints":{"allow":["GET"]}}],"collection":[{"href":"https:\/\/staging.esa-automation.com\/it\/wp-json\/wp\/v2\/pages"}],"about":[{"href":"https:\/\/staging.esa-automation.com\/it\/wp-json\/wp\/v2\/types\/page"}],"author":[{"embeddable":true,"href":"https:\/\/staging.esa-automation.com\/it\/wp-json\/wp\/v2\/users\/4"}],"replies":[{"embeddable":true,"href":"https:\/\/staging.esa-automation.com\/it\/wp-json\/wp\/v2\/comments?post=1404"}],"version-history":[{"count":0,"href":"https:\/\/staging.esa-automation.com\/it\/wp-json\/wp\/v2\/pages\/1404\/revisions"}],"wp:attachment":[{"href":"https:\/\/staging.esa-automation.com\/it\/wp-json\/wp\/v2\/media?parent=1404"}],"wp:term":[{"taxonomy":"post_tag","embeddable":true,"href":"https:\/\/staging.esa-automation.com\/it\/wp-json\/wp\/v2\/tags?post=1404"}],"curies":[{"name":"wp","href":"https:\/\/api.w.org\/{rel}","templated":true}]}}