{"id":17072,"date":"2024-02-13T10:00:23","date_gmt":"2024-02-13T09:00:23","guid":{"rendered":"https:\/\/staging.esa-automation.com\/it\/?page_id=17072"},"modified":"2026-01-05T16:21:47","modified_gmt":"2026-01-05T15:21:47","slug":"sustainability","status":"publish","type":"page","link":"https:\/\/staging.esa-automation.com\/it\/sostenibilita\/","title":{"rendered":"Sostenibilit\u00e0"},"content":{"rendered":"<div class=\"wpb-content-wrapper\"><p>[vc_section full_width=&#8221;stretch_row&#8221; css=&#8221;.vc_custom_1765894690495{padding-top: 20vh !important;background-color: #000000 !important;}&#8221;][vc_row][vc_column css=&#8221;.vc_custom_1728921388138{padding-right: 0px !important;padding-left: 0px !important;}&#8221;][vc_single_image image=&#8221;36776&#8243; img_size=&#8221;full&#8221; alignment=&#8221;center&#8221; css_animation=&#8221;fadeIn&#8221; css=&#8221;&#8221;][vc_custom_heading text=&#8221;Innovazione green&#8221; font_container=&#8221;tag:h1|text_align:left|color:%2300BAB3&#8243; use_theme_fonts=&#8221;yes&#8221; css=&#8221;&#8221; el_class=&#8221;d-5&#8243;][vc_custom_heading text=&#8221;Energy management e Smart Factory&#8221; font_container=&#8221;tag:h2|text_align:left|color:%2300BAB3&#8243; use_theme_fonts=&#8221;yes&#8221; css=&#8221;&#8221; el_class=&#8221;fs-1&#8243;][vc_empty_space][\/vc_column][\/vc_row][vc_row gap=&#8221;30&#8243;][vc_column width=&#8221;1\/2&#8243;][vc_column_text css=&#8221;&#8221;]<span style=\"color: #ffffff;\">L&#8217;integrazione tra tecnologia e sostenibilit\u00e0 \u00e8 oggi una condizione imprescindibile per la competitivit\u00e0 delle imprese. In ESA crediamo che l&#8217;innovazione possa e debba essere al servizio della transizione sostenibile, promuovendo modelli di business e soluzioni di automazione capaci di ridurre l&#8217;impronta ecologica dei processi produttivi in ottica di Green Economy.<\/span><\/p>\n<p><span style=\"color: #ffffff;\">La nostra vision guarda alla Smart Factory, dove macchine e sistemi comunicano in tempo reale per garantire controllo, flessibilit\u00e0 e ottimizzazione continua. Una trasformazione che richiede un percorso graduale, fatto di innovazione tecnologica e strategia, che apre la strada a un futuro in cui sostenibilit\u00e0 e progresso industriale avanzino insieme.<\/span>[\/vc_column_text][\/vc_column][vc_column width=&#8221;1\/2&#8243;][vc_column_text css=&#8221;&#8221;]<span style=\"color: #ffffff;\">In questo scenario, l&#8217;efficienza energetica diventa un obiettivo strategico: tagliare i consumi e ottimizzare le risorse significa non solo ridurre l&#8217;impatto ambientale, ma anche aumentare la competitivit\u00e0 e la resilienza delle aziende. Il risparmio energetico, la riduzione delle emissioni e l&#8217;uso intelligente delle risorse rappresentano i pilastri di una produzione sostenibile, in linea con gli Obiettivi di Sviluppo Sostenibile dell&#8217;Agenda 2030: energia pulita e accessibile, citt\u00e0 pi\u00f9 sostenibili, modelli di consumo responsabili e azioni concrete contro il cambiamento climatico<\/span>[\/vc_column_text][\/vc_column][\/vc_row][vc_row][vc_column][vc_empty_space][vc_custom_heading text=&#8221;Scarica il Bilancio di Sostenibilit\u00e0 2024&#8243; font_container=&#8221;tag:h1|text_align:left|color:%2300BAB3&#8243; use_theme_fonts=&#8221;yes&#8221; css=&#8221;&#8221; el_class=&#8221;d-5&#8243;][\/vc_column][\/vc_row][vc_row content_placement=&#8221;middle&#8221;][vc_column width=&#8221;1\/2&#8243;][vc_single_image image=&#8221;36781&#8243; img_size=&#8221;full&#8221; alignment=&#8221;center&#8221; css=&#8221;&#8221;][\/vc_column][vc_column width=&#8221;1\/2&#8243;][vc_column_text css=&#8221;&#8221;]<span style=\"color: #ffffff;\"><strong data-start=\"62\" data-end=\"103\">Il presente bilancio di sostenibilit\u00e0<\/strong> racconta l\u2019impegno di ESA Automation nel coniugare innovazione tecnologica, responsabilit\u00e0 ambientale e attenzione alle persone. Attraverso soluzioni per l\u2019automazione industriale e pratiche aziendali responsabili, l\u2019azienda contribuisce a uno sviluppo industriale pi\u00f9 efficiente, sicuro e sostenibile.<\/span><\/p>\n<p>[\/vc_column_text][vc_column_text css=&#8221;&#8221;]<a class=\"btn btn btn-black btn-large\" href=\"https:\/\/staging.esa-automation.com\/wp-content\/uploads\/2025\/12\/ESA-S.p.A._BILANCIO-DI-SOSTENIBILITA_2024.pdf\" target=\"_blank\" rel=\"noopener\">DOWNLOAD<\/a>[\/vc_column_text][\/vc_column][\/vc_row][vc_row][vc_column][vc_empty_space][vc_custom_heading text=&#8221;Gestione responsabile dei rifiuti&#8221; font_container=&#8221;tag:h1|text_align:left|color:%2300BAB3&#8243; use_theme_fonts=&#8221;yes&#8221; css=&#8221;&#8221; el_class=&#8221;d-5&#8243;][vc_custom_heading text=&#8221;Tracciamento, monitoraggio e smaltimento sicuro&#8221; font_container=&#8221;tag:h2|text_align:left|color:%2300BAB3&#8243; use_theme_fonts=&#8221;yes&#8221; css=&#8221;&#8221; el_class=&#8221;fs-1&#8243;][vc_empty_space][vc_single_image image=&#8221;36782&#8243; img_size=&#8221;full&#8221; alignment=&#8221;center&#8221; css=&#8221;&#8221;][vc_empty_space][\/vc_column][\/vc_row][\/vc_section][vc_row full_width=&#8221;stretch_row&#8221; css=&#8221;.vc_custom_1765894738291{padding-bottom: 30vh !important;background-color: #000000 !important;}&#8221;][vc_column][vc_column_text css=&#8221;&#8221;]<\/p>\n<h3 class=\"fs-3\" style=\"text-align: center;\"><span style=\"color: #ffffff;\">Ricerchiamo e migliori materie prime per i propri imballaggi, prediligendo quei materiali che provengono da fonti riciclate.<\/span><\/h3>\n<p>[\/vc_column_text][vc_empty_space][vc_row_inner][vc_column_inner width=&#8221;1\/3&#8243;][vc_column_text]<\/p>\n<h4 style=\"text-align: center;\"><span style=\"color: #ffffff;\">PAPER<\/span><\/h4>\n<p>[\/vc_column_text][vc_single_image image=&#8221;17074&#8243; img_size=&#8221;full&#8221; css=&#8221;.vc_custom_1708007369324{margin-right: 100px !important;margin-left: 100px !important;}&#8221;][vc_column_text]<\/p>\n<h4 style=\"text-align: center;\"><span style=\"color: #00bab3;\">PAP 20<\/span><\/h4>\n<h4 style=\"text-align: center;\"><span style=\"color: #ffffff;\">Raccolta carta<\/span><\/h4>\n<p>[\/vc_column_text][\/vc_column_inner][vc_column_inner width=&#8221;1\/3&#8243;][vc_column_text]<\/p>\n<h4 style=\"text-align: center;\"><span style=\"color: #ffffff;\">BOX<\/span><\/h4>\n<p>[\/vc_column_text][vc_single_image image=&#8221;17075&#8243; img_size=&#8221;full&#8221; css=&#8221;.vc_custom_1708007377034{margin-right: 100px !important;margin-left: 100px !important;}&#8221;][vc_column_text]<\/p>\n<h4 style=\"text-align: center;\"><span style=\"color: #00bab3;\">PAP 20<\/span><\/h4>\n<h4 style=\"text-align: center;\"><span style=\"color: #ffffff;\">Raccolta carta<\/span><\/h4>\n<p>[\/vc_column_text][\/vc_column_inner][vc_column_inner width=&#8221;1\/3&#8243;][vc_column_text]<\/p>\n<h4 style=\"text-align: center;\"><span style=\"color: #ffffff;\">PLURIBALL<\/span><\/h4>\n<p>[\/vc_column_text][vc_single_image image=&#8221;17076&#8243; img_size=&#8221;full&#8221; css=&#8221;.vc_custom_1708007385908{margin-right: 100px !important;margin-left: 100px !important;}&#8221;][vc_column_text]<\/p>\n<h4 style=\"text-align: center;\"><span style=\"color: #00bab3;\">LDPE4<\/span><\/h4>\n<h4 style=\"text-align: center;\"><span style=\"color: #ffffff;\">Raccolta plastica<\/span><\/h4>\n<p>[\/vc_column_text][\/vc_column_inner][\/vc_row_inner][\/vc_column][\/vc_row]<\/p>\n<\/div>","protected":false},"excerpt":{"rendered":"<p>[vc_section full_width=&#8221;stretch_row&#8221; css=&#8221;.vc_custom_1765894690495{padding-top: 20vh !important;background-color: #000000 !important;}&#8221;][vc_row][vc_column css=&#8221;.vc_custom_1728921388138{padding-right: 0px !important;padding-left: 0px !important;}&#8221;][vc_single_image image=&#8221;36776&#8243; img_size=&#8221;full&#8221; alignment=&#8221;center&#8221; css_animation=&#8221;fadeIn&#8221; css=&#8221;&#8221;][vc_custom_heading text=&#8221;Innovazione green&#8221; font_container=&#8221;tag:h1|text_align:left|color:%2300BAB3&#8243; use_theme_fonts=&#8221;yes&#8221; css=&#8221;&#8221; el_class=&#8221;d-5&#8243;][vc_custom_heading text=&#8221;Energy management e Smart Factory&#8221; font_container=&#8221;tag:h2|text_align:left|color:%2300BAB3&#8243; use_theme_fonts=&#8221;yes&#8221; css=&#8221;&#8221; el_class=&#8221;fs-1&#8243;][vc_empty_space][\/vc_column][\/vc_row][vc_row gap=&#8221;30&#8243;][vc_column width=&#8221;1\/2&#8243;][vc_column_text css=&#8221;&#8221;]L&#8217;integrazione tra tecnologia e sostenibilit\u00e0 \u00e8 oggi una condizione imprescindibile per la competitivit\u00e0 delle imprese. In ESA crediamo che l&#8217;innovazione possa e debba essere al servizio della transizione sostenibile, promuovendo modelli di business e soluzioni di automazione capaci di ridurre l&#8217;impronta ecologica dei processi produttivi in ottica di Green Economy. La nostra vision guarda alla Smart Factory, dove macchine e sistemi comunicano in tempo reale per garantire controllo, flessibilit\u00e0 e ottimizzazione continua. Una trasformazione che richiede un percorso graduale, fatto di innovazione tecnologica e strategia, che apre la strada a un futuro in cui sostenibilit\u00e0 e progresso industriale avanzino insieme.[\/vc_column_text][\/vc_column][vc_column width=&#8221;1\/2&#8243;][vc_column_text css=&#8221;&#8221;]In questo scenario, l&#8217;efficienza energetica diventa un obiettivo strategico: tagliare i consumi e ottimizzare le risorse significa non solo ridurre l&#8217;impatto ambientale, ma anche aumentare la competitivit\u00e0 e la resilienza delle aziende. Il risparmio energetico, la riduzione delle emissioni e l&#8217;uso intelligente delle risorse rappresentano i pilastri di una produzione sostenibile, in linea con gli Obiettivi di Sviluppo Sostenibile dell&#8217;Agenda 2030: energia pulita e accessibile, [&hellip;]<\/p>\n","protected":false},"author":40404,"featured_media":0,"parent":0,"menu_order":81,"comment_status":"closed","ping_status":"closed","template":"","meta":{"_acf_changed":false,"footnotes":""},"tags":[],"class_list":["post-17072","page","type-page","status-publish","hentry"],"acf":[],"aioseo_notices":[],"_links":{"self":[{"href":"https:\/\/staging.esa-automation.com\/it\/wp-json\/wp\/v2\/pages\/17072","targetHints":{"allow":["GET"]}}],"collection":[{"href":"https:\/\/staging.esa-automation.com\/it\/wp-json\/wp\/v2\/pages"}],"about":[{"href":"https:\/\/staging.esa-automation.com\/it\/wp-json\/wp\/v2\/types\/page"}],"author":[{"embeddable":true,"href":"https:\/\/staging.esa-automation.com\/it\/wp-json\/wp\/v2\/users\/40404"}],"replies":[{"embeddable":true,"href":"https:\/\/staging.esa-automation.com\/it\/wp-json\/wp\/v2\/comments?post=17072"}],"version-history":[{"count":11,"href":"https:\/\/staging.esa-automation.com\/it\/wp-json\/wp\/v2\/pages\/17072\/revisions"}],"predecessor-version":[{"id":36817,"href":"https:\/\/staging.esa-automation.com\/it\/wp-json\/wp\/v2\/pages\/17072\/revisions\/36817"}],"wp:attachment":[{"href":"https:\/\/staging.esa-automation.com\/it\/wp-json\/wp\/v2\/media?parent=17072"}],"wp:term":[{"taxonomy":"post_tag","embeddable":true,"href":"https:\/\/staging.esa-automation.com\/it\/wp-json\/wp\/v2\/tags?post=17072"}],"curies":[{"name":"wp","href":"https:\/\/api.w.org\/{rel}","templated":true}]}}