{"id":6340,"date":"2016-04-22T16:06:40","date_gmt":"2016-04-22T14:06:40","guid":{"rendered":"https:\/\/staging.esa-automation.com\/it\/?page_id=6340"},"modified":"2024-11-09T01:32:29","modified_gmt":"2024-11-09T00:32:29","slug":"it-lavora-con-noi","status":"publish","type":"page","link":"https:\/\/staging.esa-automation.com\/it\/lavora-con-noi\/","title":{"rendered":"Lavora con noi"},"content":{"rendered":"<div class=\"wpb-content-wrapper\"><p>[vc_row disable_element=&#8221;yes&#8221; css=&#8221;.vc_custom_1731012214247{padding-top: 20vh !important;background-position: center !important;background-repeat: no-repeat !important;background-size: cover !important;}&#8221;][vc_column][vc_column_text]<\/p>\n<h1><span style=\"color: #000000;\">Work with us<\/span><\/h1>\n<p>[\/vc_column_text][\/vc_column][\/vc_row][vc_row full_width=&#8221;stretch_row&#8221; css=&#8221;.vc_custom_1731012667336{padding-top: 20vh !important;background-position: center !important;background-repeat: no-repeat !important;background-size: cover !important;}&#8221;][vc_column][vc_column_text]Esa \u00bb <span class=\"green\">Lavora con noi<\/span>[\/vc_column_text]\t\t\t\t<div class=\"containerposizioni \" style=\"\">\n\t\t\t\t\n\n\t\t\t\t<div class=\"annuncio\"><h2>Software Engineer<\/h2>La risorsa, all\u2019interno dell\u2019area Software, svolger\u00e0 la mansione di Software Engineer e si occuper\u00e0 dello sviluppo di applicazioni software e nel debugging delle stesse. Dovr\u00e0, inoltre, ottimizzare, analizzare e implementare nuove tecnologie software per migliore costantemente le performance dei prodotti.<br \/>\n&nbsp;<br \/>\n<small><strong>Via Padre Masciadri n. 4\/a, 22066 Mariano Comense (CO) &nbsp; &nbsp; &nbsp; &nbsp; <i class=\"fa-solid fa-tag\"><\/i> Software Engineer<\/strong><\/small><br><br><a class=\"btn btn-simple\" href=\"https:\/\/staging.esa-automation.com\/it\/work-with-us\/software-enginner\/\">Approfondisci<\/a><br><\/div><div class=\"annuncio\"><h2>Art. 18 L. 68\/99<\/h2><small><strong>Via Padre Masciadri n. 4\/a, 22066 Mariano Comense (CO) &nbsp; &nbsp; &nbsp; &nbsp; <i class=\"fa-solid fa-tag\"><\/i> Art. 18 L. 68\/99<\/strong><\/small><br><br><a class=\"btn btn-simple\" href=\"https:\/\/staging.esa-automation.com\/it\/work-with-us\/art-18-l-68-99\/\">Approfondisci<\/a><br><\/div><div class=\"annuncio\"><h2>Assemblatore elettromeccanico celle robotizzate<\/h2>La risorsa, rispondendo al Responsabile della Produzione, svolger\u00e0 principalmente attivit\u00e0 di assemblaggio, sia elettrico che meccanico della macchina. Di seguito le principali mansioni:<br \/>\n<ul>\n<li>Cablaggio elettrico, pneumatico e idraulico della macchina.<\/li>\n<li>Assemblaggio meccanico dell\u2019impianto sia in sede che presso il cliente.<\/li>\n<li>Assistenza nelle diverse fasi di collaudo dell\u2019impianto.<\/li>\n<li>Riparazioni varie.<\/li>\n<\/ul>\n<small><strong>Vicopisano (PI), via Aldo Moro n. 27 &nbsp; &nbsp; &nbsp; &nbsp; <i class=\"fa-solid fa-tag\"><\/i> Assemblatore elettromeccanico celle robotizzate<\/strong><\/small><br><br><a class=\"btn btn-simple\" href=\"https:\/\/staging.esa-automation.com\/it\/work-with-us\/assemblatore-elettromeccanico-celle-robotizzate\/\">Approfondisci<\/a><br><\/div><br><br><br>\t\t\t\t<\/div><!--containerposizioni-->\n\t\t\t\t\n\t\t\t\t\n\t\t\t\t<div class=\"vc_row wpb_row vc_row-o-equal-height vc_row-o-content-middle vc_row-flex newsletter-subscription mb-3\" style=\"min-height:200px;padding-top: 0;\">\n\t\t\t\t<div class=\"wpb_column vc_col-xs-12 vc_col-md-8 flex-wrap mb-0\">\n\t\t\t\t<h3 class=\"fs-1 text-white fw-light mb-3 mb-lg-0\">Candidatura Spontanea<\/h3>\n\t\t\t\t<h2 class=\"text-white fw-light mb-3 mb-lg-0\">Compila il form e carica il tuo CV<\/h2>\n\t\t\t\t<\/div>\n\t\t\t\t<div class=\"wpb_column vc_col-xs-12 vc_col-md-4 flex-wrap mb-0\">\n\t\t\t\t\t<br>\n\t\t\t\t\t<a href=\"?formapply=1\" class=\"button-primary bottonecv\" style=\"\">\n\t\t\t\t\t\tCandidati\t\t\t\t\t<\/a>\n\t\t\t\t<\/div>\n\t\t\t\t<\/div>\n\t\t\t\t\t\t\t\t<div class=\"containerform\" style=\"display:none\">\n\t\t\t\t\t\n<div class=\"wpcf7 no-js\" id=\"wpcf7-f6337-o1\" lang=\"it-IT\" dir=\"ltr\" data-wpcf7-id=\"6337\">\n<div class=\"screen-reader-response\"><p role=\"status\" aria-live=\"polite\" aria-atomic=\"true\"><\/p> <ul><\/ul><\/div>\n<form action=\"\/it\/wp-json\/wp\/v2\/pages\/6340#wpcf7-f6337-o1\" method=\"post\" class=\"wpcf7-form init\" aria-label=\"Modulo di contatto\" enctype=\"multipart\/form-data\" novalidate=\"novalidate\" data-status=\"init\">\n<fieldset class=\"hidden-fields-container\"><input type=\"hidden\" name=\"_wpcf7\" value=\"6337\" \/><input type=\"hidden\" name=\"_wpcf7_version\" value=\"6.1.5\" \/><input type=\"hidden\" name=\"_wpcf7_locale\" value=\"it_IT\" \/><input type=\"hidden\" name=\"_wpcf7_unit_tag\" value=\"wpcf7-f6337-o1\" \/><input type=\"hidden\" name=\"_wpcf7_container_post\" value=\"0\" \/><input type=\"hidden\" name=\"_wpcf7_posted_data_hash\" value=\"\" \/><input type=\"hidden\" name=\"_cf7a__timestamp\" value=\"5Ir6cKmwOj3Ku3O39EcbAw==\" \/><input type=\"hidden\" name=\"_cf7a_version\" value=\"1.0\" \/><input type=\"hidden\" name=\"_cf7a_address\" value=\"\" \/><input type=\"hidden\" name=\"_cf7a_referer\" value=\"\" \/><input type=\"hidden\" name=\"_cf7a_protocol\" value=\"\" \/><input type=\"hidden\" name=\"_wpcf7dtx_version\" value=\"5.0.5\" \/><input type=\"hidden\" name=\"_wpcf7_recaptcha_response\" value=\"\" \/><input type=\"hidden\" name=\"_cf7a_bot_fingerprint\" value=\"5Ir6cKmwOj3Ku3O39EcbAw==\" \/><input type=\"hidden\" name=\"_cf7a_bot_fingerprint_extras\" \/><input type=\"hidden\" name=\"_cf7a_append_on_submit\" \/>\n<\/fieldset>\n<p class=\"text-work-open\"><strong>Oppure sottometti la tua candidatura spontanea compilando il form sottostante<\/strong>\n<\/p>\n<p><br \/>\nNome *\n<\/p>\n<p><span class=\"wpcf7-form-control-wrap\" data-name=\"your-name\"><input size=\"40\" maxlength=\"400\" class=\"wpcf7-form-control wpcf7-text wpcf7-validates-as-required\" aria-required=\"true\" aria-invalid=\"false\" value=\"\" type=\"text\" name=\"your-name\" \/><input type=\"text\" name=\"name\" value=\"\" autocomplete=\"fill\" class=\"fit-the-fullspace\" aria-hidden=\"true\" tabindex=\"-1\" \/><\/span>\n<\/p>\n<p>Cognome *\n<\/p>\n<p><span class=\"wpcf7-form-control-wrap\" data-name=\"your-surname\"><input type=\"text\" name=\"email\" value=\"\" autocomplete=\"fill\" class=\"fit-the-fullspace\" aria-hidden=\"true\" tabindex=\"-1\" \/><input size=\"40\" maxlength=\"400\" class=\"wpcf7-form-control wpcf7-text wpcf7-validates-as-required\" aria-required=\"true\" aria-invalid=\"false\" value=\"\" type=\"text\" name=\"your-surname\" \/><\/span>\n<\/p>\n<p>Email *\n<\/p>\n<p><span class=\"wpcf7-form-control-wrap\" data-name=\"your-email\"><input size=\"40\" maxlength=\"400\" class=\"wpcf7-form-control wpcf7-email wpcf7-validates-as-required wpcf7-text wpcf7-validates-as-email\" aria-required=\"true\" aria-invalid=\"false\" value=\"\" type=\"email\" name=\"your-email\" \/><\/span>\n<\/p>\n<p>Oggetto\n<\/p>\n<p><span class=\"wpcf7-form-control-wrap\" data-name=\"your-subject\"><input type=\"text\" name=\"zip\" value=\"\" autocomplete=\"fill\" class=\"fit-the-fullspace\" aria-hidden=\"true\" tabindex=\"-1\" \/><input size=\"40\" maxlength=\"400\" class=\"wpcf7-form-control wpcf7-text\" aria-invalid=\"false\" value=\"\" type=\"text\" name=\"your-subject\" \/><\/span>\n<\/p>\n<p>Messaggio\n<\/p>\n<p><span class=\"wpcf7-form-control-wrap\" data-name=\"your-message\"><textarea cols=\"40\" rows=\"10\" maxlength=\"2000\" class=\"wpcf7-form-control wpcf7-textarea\" aria-invalid=\"false\" name=\"your-message\"><\/textarea><\/span>\n<\/p>\n<p>Carica il tuo Cv<br \/>\n<span class=\"wpcf7-form-control-wrap\" data-name=\"your-file\"><input size=\"40\" class=\"wpcf7-form-control wpcf7-file\" accept=\".pdf,.txt\" aria-invalid=\"false\" type=\"file\" name=\"your-file\" \/><\/span>\n<\/p>\n<span class=\"wpcf7-form-control-wrap recaptcha\" data-name=\"recaptcha\"><span data-sitekey=\"6LcY3LMqAAAAACIPgXXvo-bRMab0g3-f2oeCnDYk\" class=\"wpcf7-form-control wpcf7-recaptcha g-recaptcha\"><\/span>\r\n<noscript>\r\n\t<div class=\"grecaptcha-noscript\">\r\n\t\t<iframe loading=\"lazy\" src=\"https:\/\/www.google.com\/recaptcha\/api\/fallback?k=6LcY3LMqAAAAACIPgXXvo-bRMab0g3-f2oeCnDYk\" frameborder=\"0\" scrolling=\"no\" width=\"310\" height=\"430\">\r\n\t\t<\/iframe>\r\n\t\t<textarea name=\"g-recaptcha-response\" rows=\"3\" cols=\"40\" placeholder=\"reCaptcha Response Here\">\r\n\t\t<\/textarea>\r\n\t<\/div>\r\n<\/noscript>\r\n<\/span>\n<p><span class=\"wpcf7-form-control-wrap\" data-name=\"acceptance-26\"><span class=\"wpcf7-form-control wpcf7-acceptance\"><span class=\"wpcf7-list-item\"><input type=\"checkbox\" name=\"acceptance-26\" value=\"1\" aria-invalid=\"false\" \/><\/span><\/span><\/span> Accetto le condizioni di <a style=color:#01a99d; href=\"\/it\/privacy\/\">privacy<\/a> di ESA Automation\n<\/p>\n<p><small>I campi contrassegnati con (*) sono obbligatori<\/small>\n<\/p>\n<p class=\"upper align-btn-form\"><input class=\"wpcf7-form-control wpcf7-submit has-spinner\" type=\"submit\" value=\"Invia\" \/>\n<\/p><div class=\"wpcf7-response-output\" aria-hidden=\"true\"><\/div>\n<\/form>\n<\/div>\n\t\t\t\t\t\n\t\t\t\t<\/div><!--containerform-->\n\t\t\t\t<style>\n\t\t\t\t\t.text-work-open { display: none; }\n\t\t\t\t<\/style>\n\t\t\t\t[\/vc_column][\/vc_row][vc_row disable_element=&#8221;yes&#8221; el_class=&#8221;contactsFormContainer&#8221;][vc_column]<div class=\"divider \">&nbsp;<\/div>\n<div class=\"wpcf7 no-js\" id=\"wpcf7-f6337-o2\" lang=\"it-IT\" dir=\"ltr\" data-wpcf7-id=\"6337\">\n<div class=\"screen-reader-response\"><p role=\"status\" aria-live=\"polite\" aria-atomic=\"true\"><\/p> <ul><\/ul><\/div>\n<form action=\"\/it\/wp-json\/wp\/v2\/pages\/6340#wpcf7-f6337-o2\" method=\"post\" class=\"wpcf7-form init\" aria-label=\"Modulo di contatto\" enctype=\"multipart\/form-data\" novalidate=\"novalidate\" data-status=\"init\">\n<fieldset class=\"hidden-fields-container\"><input type=\"hidden\" name=\"_wpcf7\" value=\"6337\" \/><input type=\"hidden\" name=\"_wpcf7_version\" value=\"6.1.5\" \/><input type=\"hidden\" name=\"_wpcf7_locale\" value=\"it_IT\" \/><input type=\"hidden\" name=\"_wpcf7_unit_tag\" value=\"wpcf7-f6337-o2\" \/><input type=\"hidden\" name=\"_wpcf7_container_post\" value=\"0\" \/><input type=\"hidden\" name=\"_wpcf7_posted_data_hash\" value=\"\" \/><input type=\"hidden\" name=\"_cf7a__timestamp\" value=\"5Ir6cKmwOj3Ku3O39EcbAw==\" \/><input type=\"hidden\" name=\"_cf7a_version\" value=\"1.0\" \/><input type=\"hidden\" name=\"_cf7a_address\" value=\"\" \/><input type=\"hidden\" name=\"_cf7a_referer\" value=\"\" \/><input type=\"hidden\" name=\"_cf7a_protocol\" value=\"\" \/><input type=\"hidden\" name=\"_wpcf7dtx_version\" value=\"5.0.5\" \/><input type=\"hidden\" name=\"_wpcf7_recaptcha_response\" value=\"\" \/><input type=\"hidden\" name=\"_cf7a_bot_fingerprint\" value=\"5Ir6cKmwOj3Ku3O39EcbAw==\" \/><input type=\"hidden\" name=\"_cf7a_bot_fingerprint_extras\" \/><input type=\"hidden\" name=\"_cf7a_append_on_submit\" \/>\n<\/fieldset>\n<p class=\"text-work-open\"><strong>Oppure sottometti la tua candidatura spontanea compilando il form sottostante<\/strong>\n<\/p>\n<p><br \/>\nNome *\n<\/p>\n<p><span class=\"wpcf7-form-control-wrap\" data-name=\"your-name\"><input size=\"40\" maxlength=\"400\" class=\"wpcf7-form-control wpcf7-text wpcf7-validates-as-required\" aria-required=\"true\" aria-invalid=\"false\" value=\"\" type=\"text\" name=\"your-name\" \/><input type=\"text\" name=\"name\" value=\"\" autocomplete=\"fill\" class=\"fit-the-fullspace\" aria-hidden=\"true\" tabindex=\"-1\" \/><\/span>\n<\/p>\n<p>Cognome *\n<\/p>\n<p><span class=\"wpcf7-form-control-wrap\" data-name=\"your-surname\"><input type=\"text\" name=\"email\" value=\"\" autocomplete=\"fill\" class=\"fit-the-fullspace\" aria-hidden=\"true\" tabindex=\"-1\" \/><input size=\"40\" maxlength=\"400\" class=\"wpcf7-form-control wpcf7-text wpcf7-validates-as-required\" aria-required=\"true\" aria-invalid=\"false\" value=\"\" type=\"text\" name=\"your-surname\" \/><\/span>\n<\/p>\n<p>Email *\n<\/p>\n<p><span class=\"wpcf7-form-control-wrap\" data-name=\"your-email\"><input size=\"40\" maxlength=\"400\" class=\"wpcf7-form-control wpcf7-email wpcf7-validates-as-required wpcf7-text wpcf7-validates-as-email\" aria-required=\"true\" aria-invalid=\"false\" value=\"\" type=\"email\" name=\"your-email\" \/><\/span>\n<\/p>\n<p>Oggetto\n<\/p>\n<p><span class=\"wpcf7-form-control-wrap\" data-name=\"your-subject\"><input size=\"40\" maxlength=\"400\" class=\"wpcf7-form-control wpcf7-text\" aria-invalid=\"false\" value=\"\" type=\"text\" name=\"your-subject\" \/><input type=\"text\" name=\"zip\" value=\"\" autocomplete=\"fill\" class=\"fit-the-fullspace\" aria-hidden=\"true\" tabindex=\"-1\" \/><\/span>\n<\/p>\n<p>Messaggio\n<\/p>\n<p><span class=\"wpcf7-form-control-wrap\" data-name=\"your-message\"><textarea cols=\"40\" rows=\"10\" maxlength=\"2000\" class=\"wpcf7-form-control wpcf7-textarea\" aria-invalid=\"false\" name=\"your-message\"><\/textarea><\/span>\n<\/p>\n<p>Carica il tuo Cv<br \/>\n<span class=\"wpcf7-form-control-wrap\" data-name=\"your-file\"><input size=\"40\" class=\"wpcf7-form-control wpcf7-file\" accept=\".pdf,.txt\" aria-invalid=\"false\" type=\"file\" name=\"your-file\" \/><\/span>\n<\/p>\n<span class=\"wpcf7-form-control-wrap recaptcha\" data-name=\"recaptcha\"><span data-sitekey=\"6LcY3LMqAAAAACIPgXXvo-bRMab0g3-f2oeCnDYk\" class=\"wpcf7-form-control wpcf7-recaptcha g-recaptcha\"><\/span>\r\n<noscript>\r\n\t<div class=\"grecaptcha-noscript\">\r\n\t\t<iframe loading=\"lazy\" src=\"https:\/\/www.google.com\/recaptcha\/api\/fallback?k=6LcY3LMqAAAAACIPgXXvo-bRMab0g3-f2oeCnDYk\" frameborder=\"0\" scrolling=\"no\" width=\"310\" height=\"430\">\r\n\t\t<\/iframe>\r\n\t\t<textarea name=\"g-recaptcha-response\" rows=\"3\" cols=\"40\" placeholder=\"reCaptcha Response Here\">\r\n\t\t<\/textarea>\r\n\t<\/div>\r\n<\/noscript>\r\n<\/span>\n<p><span class=\"wpcf7-form-control-wrap\" data-name=\"acceptance-26\"><span class=\"wpcf7-form-control wpcf7-acceptance\"><span class=\"wpcf7-list-item\"><input type=\"checkbox\" name=\"acceptance-26\" value=\"1\" aria-invalid=\"false\" \/><\/span><\/span><\/span> Accetto le condizioni di <a style=color:#01a99d; href=\"\/it\/privacy\/\">privacy<\/a> di ESA Automation\n<\/p>\n<p><small>I campi contrassegnati con (*) sono obbligatori<\/small>\n<\/p>\n<p class=\"upper align-btn-form\"><input class=\"wpcf7-form-control wpcf7-submit has-spinner\" type=\"submit\" value=\"Invia\" \/>\n<\/p><div class=\"wpcf7-response-output\" aria-hidden=\"true\"><\/div>\n<\/form>\n<\/div>\n[\/vc_column][\/vc_row]<\/p>\n<\/div>","protected":false},"excerpt":{"rendered":"<p>[vc_row disable_element=&#8221;yes&#8221; css=&#8221;.vc_custom_1731012214247{padding-top: 20vh !important;background-position: center !important;background-repeat: no-repeat !important;background-size: cover !important;}&#8221;][vc_column][vc_column_text] Work with us [\/vc_column_text][\/vc_column][\/vc_row][vc_row full_width=&#8221;stretch_row&#8221; css=&#8221;.vc_custom_1731012667336{padding-top: 20vh !important;background-position: center !important;background-repeat: no-repeat !important;background-size: cover !important;}&#8221;][vc_column][vc_column_text]Esa \u00bb Lavora con noi[\/vc_column_text][\/vc_column][\/vc_row][vc_row disable_element=&#8221;yes&#8221; el_class=&#8221;contactsFormContainer&#8221;][vc_column][\/vc_column][\/vc_row]<\/p>\n","protected":false},"author":2774,"featured_media":0,"parent":0,"menu_order":162,"comment_status":"open","ping_status":"open","template":"page-work.php","meta":{"_acf_changed":false,"footnotes":""},"tags":[],"class_list":["post-6340","page","type-page","status-publish","hentry"],"acf":[],"aioseo_notices":[],"_links":{"self":[{"href":"https:\/\/staging.esa-automation.com\/it\/wp-json\/wp\/v2\/pages\/6340","targetHints":{"allow":["GET"]}}],"collection":[{"href":"https:\/\/staging.esa-automation.com\/it\/wp-json\/wp\/v2\/pages"}],"about":[{"href":"https:\/\/staging.esa-automation.com\/it\/wp-json\/wp\/v2\/types\/page"}],"author":[{"embeddable":true,"href":"https:\/\/staging.esa-automation.com\/it\/wp-json\/wp\/v2\/users\/2774"}],"replies":[{"embeddable":true,"href":"https:\/\/staging.esa-automation.com\/it\/wp-json\/wp\/v2\/comments?post=6340"}],"version-history":[{"count":0,"href":"https:\/\/staging.esa-automation.com\/it\/wp-json\/wp\/v2\/pages\/6340\/revisions"}],"wp:attachment":[{"href":"https:\/\/staging.esa-automation.com\/it\/wp-json\/wp\/v2\/media?parent=6340"}],"wp:term":[{"taxonomy":"post_tag","embeddable":true,"href":"https:\/\/staging.esa-automation.com\/it\/wp-json\/wp\/v2\/tags?post=6340"}],"curies":[{"name":"wp","href":"https:\/\/api.w.org\/{rel}","templated":true}]}}