{"id":1404,"date":"2015-10-15T18:10:43","date_gmt":"2015-10-15T16:10:43","guid":{"rendered":"https:\/\/staging.esa-automation.com\/en\/?page_id=1404"},"modified":"2024-11-08T15:56:43","modified_gmt":"2024-11-08T14:56:43","slug":"cookies-policy","status":"publish","type":"page","link":"https:\/\/staging.esa-automation.com\/tr\/cookies-policy\/","title":{"rendered":"\u00c7erez(cookie) Politikas\u0131"},"content":{"rendered":"<div class=\"wpb-content-wrapper\"><p>[vc_row][vc_column][vc_column_text]<strong>\u00c7erez(cookie) Politikas\u0131<\/strong><\/p>\n<p>Web sitesi, \u00e7erez(cookie) yani kullan\u0131c\u0131 taraf\u0131ndan ziyaret edilen sitelerin bilgisayar\u0131n\u0131za veya mobil cihaz\u0131n\u0131za g\u00f6nderdi\u011fi ve kaydetti\u011fi metin dosyalar\u0131, veya kullan\u0131c\u0131 taraf\u0131ndan sitenin kendisinin daha b\u00fcy\u00fck bir \u00f6l\u00e7\u00fcde kullan\u0131m kolayl\u0131\u011f\u0131 veya daha kolay bir gezinime sahip benzer teknolojiler kullan\u0131r. Bilgiler siteye, bir sayfadan di\u011ferine ge\u00e7erek geri d\u00f6nd\u00fcklerinde veya gezindiklerinde kullan\u0131c\u0131lar\u0131 \u201ctan\u0131ma\u201d ve tercihlerini \u201ctan\u0131ma\u201d olas\u0131l\u0131\u011f\u0131n\u0131 verirler: dil, \u015fifre, \u00f6ntan\u0131ml\u0131 i\u00e7erikleri vs.<\/p>\n<p>Site, birinci taraf ve sahibi \u00e7erez, yani ziyaret etti\u011fi siteden do\u011frudan kullan\u0131c\u0131n\u0131n cihaz\u0131na kurulan dosyalar\u0131 kullanmaz.<\/p>\n<p>Site, kullan\u0131c\u0131n\u0131n ilgili y\u00f6neticiler taraf\u0131ndan haz\u0131rlanan ilgili \u00e7erezlerin se\u00e7ilmesi ve se\u00e7imin kald\u0131rmas\u0131n\u0131 y\u00f6ntemlerini do\u011frudan referans almas\u0131 gereken \u00fc\u00e7\u00fcnc\u00fc \u015fah\u0131s \u00e7erezleri haricinde a\u015fa\u011f\u0131da belirtildi\u011fi gibi \u00e7erezlerin se\u00e7ilmesi ve se\u00e7imin kald\u0131r\u0131lmas\u0131 olas\u0131l\u0131\u011f\u0131n\u0131 sunar (bak\u0131n\u0131z \u201c\u00dc\u00e7\u00fcnc\u00fc \u015fah\u0131s \u00e7erezler\u201d).<\/p>\n<p>Bu siteden kullan\u0131lan \u00e7erezler a\u015fa\u011f\u0131daki gibidir:<\/p>\n<p><strong>Teknik \u00c7erezler<\/strong><\/p>\n<p>Bu t\u00fcrde \u00e7erez(cookie) kullan\u0131c\u0131n\u0131n hi\u00e7 bir ki\u015fisel bilgisini toplamadan Sitenin baz\u0131 b\u00f6l\u00fcmlerinin do\u011fru i\u015fleyi\u015fini sa\u011flar.<\/p>\n<p>Siteden kullan\u0131lan teknik \u00e7erezler a\u015fa\u011f\u0131daki gibi olabilir:<\/p>\n<ol>\n<li><strong>oturum, <\/strong>taray\u0131c\u0131 kapat\u0131ld\u0131\u011f\u0131nda kullan\u0131c\u0131n\u0131n bilgisayar\u0131ndan \u00e7\u0131kart\u0131lan bilgilerdir;<\/li>\n<li><strong>kal\u0131c\u0131<\/strong>, kullan\u0131c\u0131n\u0131n bilgisayar\u0131n\u0131n hard diskinde bulunan ve kullan\u0131c\u0131n\u0131n kendisi m\u00fcdahale etmedi\u011fi s\u00fcrece silinmeyen bilgilerdir.<\/li>\n<\/ol>\n<p><strong>Analiz \u00e7erezleri<\/strong><\/p>\n<p>Bu site sitede bir trafik analiz aleti olan Google Analytics kullan\u0131r.<\/p>\n<p>Hi\u00e7 bir bilgi halka a\u00e7\u0131k olmayacakt\u0131r veya kullan\u0131c\u0131n\u0131n tercihlerini izleyerek ilgili pazarlamay\u0131 ger\u00e7ekle\u015ftirmeye y\u00f6nelik hi\u00e7 bir kurum, dernek, organizasyona yay\u0131lmayacakt\u0131r, fakat sadece sonraki ziyaretler i\u00e7in ayn\u0131 kullan\u0131c\u0131n\u0131n gezinim ve deneyimini iyile\u015ftirme amac\u0131yla kullan\u0131lacakt\u0131r.<\/p>\n<p>Google Analytics kullan\u0131m\u0131 ayr\u0131ca tedarik\u00e7i (Google) sadece servisin sa\u011flanmas\u0131 i\u00e7in \u00e7erezleri kullanacak, onlar\u0131 ayr\u0131 \u015fekilde saklayacak ve mevcut di\u011fer bilgiler ile \u201cgeli\u015ftirmeyecek\u201d veya \u201cbirle\u015ftirmeyecek\u201d \u015fekilde ayarlanm\u0131\u015ft\u0131r.<\/p>\n<p>Google Analytics taraf\u0131ndan \u00e7erezlerin kullan\u0131m\u0131yla ilgili olarak remi sitelerine bak\u0131l\u0131r:<\/p>\n<p><span style=\"color: #00a69c;\"><a style=\"color: #00a69c;\" href=\"https:\/\/developers.google.com\/analytics\/devguides\/collection\/analyticsjs\/cookie-usage\">https:\/\/developers.google.com\/analytics\/devguides\/collection\/analyticsjs\/cookie-usage<\/a><\/span><\/p>\n<p>Kullan\u0131c\u0131 Google Inc. taraf\u0131ndan a\u015fa\u011f\u0131daki eklentiyi y\u00fckleyerek ve kurarak Siteden olu\u015fan \u00e7erezlerin belirlenmesini ve okunmas\u0131n\u0131 engelleme olas\u0131l\u0131\u011f\u0131na sahiptir: <span style=\"color: #00a69c;\"><a style=\"color: #00a69c;\" href=\"http:\/\/tools.google.com\/dlpage\/gaoptout\">http:\/\/tools.google.com\/dlpage\/gaoptout<\/a><\/span><\/p>\n<p>Google Analytics servisiyle ilgili verilerin y\u00f6netiminin tek sahibi Google Inc. firmas\u0131n\u0131n Gizlilik Politikas\u0131na dan\u0131\u015fmak i\u00e7in <span style=\"color: #00a69c;\"><a style=\"color: #00a69c;\" href=\"http:\/\/www.google.com\/intl\/en\/analytics\/privacyoverview.html\">http:\/\/www.google.com\/intl\/en\/analytics\/privacyoverview.html<\/a><\/span> resmi siteye bak\u0131l\u0131r<\/p>\n<p><strong>\u00dc\u00e7\u00fcnc\u00fc \u015fah\u0131s \u00c7erez<\/strong><\/p>\n<p>Bu site \u00fc\u00e7\u00fcnc\u00fc \u015fah\u0131slar\u0131n \u00e7erezlerini, yani ayr\u0131mlama \u00e7erezleri dahil, bu \u00fc\u00e7\u00fcnc\u00fc \u015fah\u0131slar\u0131n kendi ama\u00e7lar\u0131 i\u00e7in kullan\u0131lan sahibininkinden farkl\u0131 web sunucular\u0131n\u0131n veya sitelerinin \u00e7erezlerini kullan\u0131r.<\/p>\n<p>Bu \u00e7erezler kullan\u0131c\u0131lar taraf\u0131ndan sitenin kullan\u0131m\u0131 hakk\u0131nda bilgi toplamak amac\u0131yla kullan\u0131l\u0131r: ziyaret edilen sayfalar, kal\u0131\u015f s\u00fcresi, geli\u015f trafik ba\u015fnoktas\u0131, co\u011frafi k\u00f6ken, ya\u015f, t\u00fcr ve pazarlama ama\u00e7l\u0131 kampanyalar i\u00e7in ilgiler. Bu \u00e7erezler Siteye d\u0131\u015f \u00fc\u00e7\u00fcnc\u00fc \u015fah\u0131s alanlar g\u00f6nderilir.<\/p>\n<p>\u00dc\u00e7\u00fcnc\u00fc \u015fah\u0131slar taraf\u0131ndan toplanan bilgilerin y\u00f6netimi referans edilmesi istenen \u00fc\u00e7\u00fcnc\u00fc \u015fah\u0131slar\u0131n ilgili bilgileriyle y\u00f6netilir.<\/p>\n<p>\u00dc\u00e7\u00fcnc\u00fc \u015fah\u0131s \u00e7erezlerini devre d\u0131\u015f\u0131 b\u0131rakmak verilerin y\u00f6netiminin sahibi \u00fc\u00e7\u00fcnc\u00fc \u015fah\u0131s arac\u0131l\u0131\u011f\u0131yla m\u00fcmk\u00fcnd\u00fcr, daha fazla bilgi i\u00e7in siteyi ziyaret ediniz:\u00a0<span style=\"color: #00a69c;\"><a style=\"color: #00a69c;\" href=\"http:\/\/www.youronlinechoices.com\/tr\/reklam-tercihleriniz\">http:\/\/www.youronlinechoices.com\/tr\/reklam-tercihleriniz<\/a> <\/span>. Bu servis arac\u0131l\u0131\u011f\u0131yla reklam ara\u00e7lar\u0131n\u0131n b\u00fcy\u00fck b\u00f6l\u00fcm\u00fcn\u00fcn izleme tercihlerini y\u00f6netmek m\u00fcmk\u00fcnd\u00fcr. \u0130\u015fbu dok\u00fcman taraf\u0131ndan verilen bilgilere ek olarak bu kayna\u011f\u0131 kullanmak \u00f6nerilir.<\/p>\n<p>B\u00fcy\u00fck bir \u015feffafl\u0131k ve rahatl\u0131k sa\u011flamak i\u00e7in a\u015fa\u011f\u0131da \u00e7erezlerin y\u00f6netimi i\u00e7in farkl\u0131 bilgi ve y\u00f6ntemler bulabilece\u011finiz web adreslerini veriyoruz:<\/p>\n<p>Google Bildirimi<br \/>\n<span style=\"color: #00a69c;\"><a style=\"color: #00a69c;\" href=\"https:\/\/www.google.com\/policies\/privacy\/\">https:\/\/www.google.com\/policies\/privacy\/<\/a><\/span><\/p>\n<p>Facebook Bildirimi<br \/>\n<span style=\"color: #00a69c;\"><a style=\"color: #00a69c;\" href=\"https:\/\/www.facebook.com\/help\/Cookies\/\">https:\/\/www.facebook.com\/help\/Cookies\/<\/a><\/span><\/p>\n<p>Twitter Bildirimi<br \/>\n<span style=\"color: #00a69c;\"><a style=\"color: #00a69c;\" href=\"https:\/\/twitter.com\/en\/privacy\">https:\/\/twitter.com\/en\/privacy<\/a><\/span><\/p>\n<p>\u00c7erezlerin silinmesi i\u00e7in<\/p>\n<p>Flash <span style=\"color: #00a69c;\"><a style=\"color: #00a69c;\" href=\"http:\/\/www.macromedia.com\/support\/documentation\/it\/flashplayer\/help\/settings_manager02.html\">http:\/\/www.macromedia.com\/support\/documentation\/it\/flashplayer\/help\/settings_manager02.html<\/a><\/span><\/p>\n<p>Site ayr\u0131ca gizlilik konusunda kendi bildirimine sahip di\u011fer web sitelerine ba\u011flant\u0131lar i\u00e7erebilir. Gizlilik konusundaki bu bildirimler firma taraf\u0131ndan uygulanandan farkl\u0131 olabilirler, yani \u00fc\u00e7\u00fcnc\u00fc \u015fah\u0131slar\u0131n sitelerine cevap vermez. \u00c7erezlerin kullan\u0131m\u0131na onay gezinim i\u00e7in kullan\u0131lan taray\u0131c\u0131 i\u00e7in serbest \u015fekilde se\u00e7ti\u011fi bireysel ayarlar\u0131 arac\u0131l\u0131\u011f\u0131yla ilgili taraf\u0131ndan ifade edilir. Yine de taray\u0131c\u0131n\u0131n kabul etti\u011fi \u00e7erezler ile y\u00f6netilen verilerle ilgili olarak kendi iste\u011fini y\u00f6netim sahibine kullan\u0131c\u0131n\u0131n her an ileti\u015fime ge\u00e7me se\u00e7ene\u011fi vard\u0131r.<\/p>\n<p><strong>Taray\u0131c\u0131 ayarlar\u0131 arac\u0131l\u0131\u011f\u0131yla site taraf\u0131ndan \u00e7erezlerin kullan\u0131m\u0131yla ilgili se\u00e7enekler<\/strong><\/p>\n<p>Hem birinci hem \u00fc\u00e7\u00fcnc\u00fc \u015fah\u0131s t\u00fcm \u00e7erezlerin sa\u011flanmas\u0131 kullan\u0131mdaki taray\u0131c\u0131n\u0131n ayarlar\u0131n\u0131 kullanarak devre d\u0131\u015f\u0131 b\u0131rak\u0131labilir; fakat bunun \u00f6zelliklerin sa\u011flanmas\u0131 i\u00e7in gerekli olan \u00e7erezlerin bloke edilmesi durumunda siteleri kullan\u0131lmaz hale getirdi\u011fini hat\u0131rlat\u0131r\u0131z.\u00a0 Her taray\u0131c\u0131 \u00e7erezlerin devre d\u0131\u015f\u0131 b\u0131rak\u0131lmas\u0131 i\u00e7in farkl\u0131 ayarlara sahiptir; a\u015fa\u011f\u0131da en yayg\u0131n taray\u0131c\u0131lar i\u00e7in talimatlara ba\u011flant\u0131lar\u0131 \u00f6neriyoruz.<\/p>\n<p><span style=\"color: #00a69c;\"><a style=\"color: #00a69c;\" href=\"http:\/\/windows.microsoft.com\/en-us\/windows-vista\/block-or-allow-cookies\">Microsoft Windows Explorer<\/a><\/span><\/p>\n<p><span style=\"color: #00a69c;\"><a style=\"color: #00a69c;\" href=\"https:\/\/support.google.com\/chrome\/bin\/answer.py?hl=en&amp;amp;answer=95647&amp;amp;p=cpn_cookies\">Google Chrome<\/a><\/span><\/p>\n<p><span style=\"color: #00a69c;\"><a style=\"color: #00a69c;\" href=\"http:\/\/support.mozilla.org\/en-US\/kb\/Enabling%20and%20disabling%20cookies\">Mozilla Firefox<\/a><\/span><\/p>\n<p><span style=\"color: #00a69c;\"><a style=\"color: #00a69c;\" href=\"http:\/\/support.apple.com\/kb\/PH5042\">Apple Safari<\/a><\/span>[\/vc_column_text][\/vc_column][\/vc_row]<\/p>\n<\/div>","protected":false},"excerpt":{"rendered":"<p>[vc_row][vc_column][vc_column_text]\u00c7erez(cookie) Politikas\u0131 Web sitesi, \u00e7erez(cookie) yani kullan\u0131c\u0131 taraf\u0131ndan ziyaret edilen sitelerin bilgisayar\u0131n\u0131za veya mobil cihaz\u0131n\u0131za g\u00f6nderdi\u011fi ve kaydetti\u011fi metin dosyalar\u0131, veya kullan\u0131c\u0131 taraf\u0131ndan sitenin kendisinin daha b\u00fcy\u00fck bir \u00f6l\u00e7\u00fcde kullan\u0131m kolayl\u0131\u011f\u0131 veya daha kolay bir gezinime sahip benzer teknolojiler kullan\u0131r. Bilgiler siteye, bir sayfadan di\u011ferine ge\u00e7erek geri d\u00f6nd\u00fcklerinde veya gezindiklerinde kullan\u0131c\u0131lar\u0131 \u201ctan\u0131ma\u201d ve tercihlerini \u201ctan\u0131ma\u201d olas\u0131l\u0131\u011f\u0131n\u0131 verirler: dil, \u015fifre, \u00f6ntan\u0131ml\u0131 i\u00e7erikleri vs. Site, birinci taraf ve sahibi \u00e7erez, yani ziyaret etti\u011fi siteden do\u011frudan kullan\u0131c\u0131n\u0131n cihaz\u0131na kurulan dosyalar\u0131 kullanmaz. Site, kullan\u0131c\u0131n\u0131n ilgili y\u00f6neticiler taraf\u0131ndan haz\u0131rlanan ilgili \u00e7erezlerin se\u00e7ilmesi ve se\u00e7imin kald\u0131rmas\u0131n\u0131 y\u00f6ntemlerini do\u011frudan referans almas\u0131 gereken \u00fc\u00e7\u00fcnc\u00fc \u015fah\u0131s \u00e7erezleri haricinde a\u015fa\u011f\u0131da belirtildi\u011fi gibi \u00e7erezlerin se\u00e7ilmesi ve se\u00e7imin kald\u0131r\u0131lmas\u0131 olas\u0131l\u0131\u011f\u0131n\u0131 sunar (bak\u0131n\u0131z \u201c\u00dc\u00e7\u00fcnc\u00fc \u015fah\u0131s \u00e7erezler\u201d). Bu siteden kullan\u0131lan \u00e7erezler a\u015fa\u011f\u0131daki gibidir: Teknik \u00c7erezler Bu t\u00fcrde \u00e7erez(cookie) kullan\u0131c\u0131n\u0131n hi\u00e7 bir ki\u015fisel bilgisini toplamadan Sitenin baz\u0131 b\u00f6l\u00fcmlerinin do\u011fru i\u015fleyi\u015fini sa\u011flar. Siteden kullan\u0131lan teknik \u00e7erezler a\u015fa\u011f\u0131daki gibi olabilir: oturum, taray\u0131c\u0131 kapat\u0131ld\u0131\u011f\u0131nda kullan\u0131c\u0131n\u0131n bilgisayar\u0131ndan \u00e7\u0131kart\u0131lan bilgilerdir; kal\u0131c\u0131, kullan\u0131c\u0131n\u0131n bilgisayar\u0131n\u0131n hard diskinde bulunan ve kullan\u0131c\u0131n\u0131n kendisi m\u00fcdahale etmedi\u011fi s\u00fcrece silinmeyen bilgilerdir. Analiz \u00e7erezleri Bu site sitede bir trafik analiz aleti olan Google Analytics kullan\u0131r. Hi\u00e7 bir bilgi halka a\u00e7\u0131k olmayacakt\u0131r veya kullan\u0131c\u0131n\u0131n tercihlerini izleyerek ilgili pazarlamay\u0131 ger\u00e7ekle\u015ftirmeye y\u00f6nelik hi\u00e7 bir kurum, dernek, organizasyona yay\u0131lmayacakt\u0131r, fakat sadece sonraki [&hellip;]<\/p>\n","protected":false},"author":4,"featured_media":0,"parent":0,"menu_order":208,"comment_status":"open","ping_status":"closed","template":"","meta":{"_acf_changed":false,"footnotes":""},"tags":[],"class_list":["post-1404","page","type-page","status-publish","hentry"],"acf":[],"aioseo_notices":[],"_links":{"self":[{"href":"https:\/\/staging.esa-automation.com\/tr\/wp-json\/wp\/v2\/pages\/1404","targetHints":{"allow":["GET"]}}],"collection":[{"href":"https:\/\/staging.esa-automation.com\/tr\/wp-json\/wp\/v2\/pages"}],"about":[{"href":"https:\/\/staging.esa-automation.com\/tr\/wp-json\/wp\/v2\/types\/page"}],"author":[{"embeddable":true,"href":"https:\/\/staging.esa-automation.com\/tr\/wp-json\/wp\/v2\/users\/4"}],"replies":[{"embeddable":true,"href":"https:\/\/staging.esa-automation.com\/tr\/wp-json\/wp\/v2\/comments?post=1404"}],"version-history":[{"count":0,"href":"https:\/\/staging.esa-automation.com\/tr\/wp-json\/wp\/v2\/pages\/1404\/revisions"}],"wp:attachment":[{"href":"https:\/\/staging.esa-automation.com\/tr\/wp-json\/wp\/v2\/media?parent=1404"}],"wp:term":[{"taxonomy":"post_tag","embeddable":true,"href":"https:\/\/staging.esa-automation.com\/tr\/wp-json\/wp\/v2\/tags?post=1404"}],"curies":[{"name":"wp","href":"https:\/\/api.w.org\/{rel}","templated":true}]}}