{"id":14823,"date":"2021-04-29T16:47:41","date_gmt":"2021-04-29T14:47:41","guid":{"rendered":"https:\/\/staging.esa-automation.com\/it\/?page_id=14823"},"modified":"2025-01-30T09:31:50","modified_gmt":"2025-01-30T08:31:50","slug":"nervo-drive","status":"publish","type":"page","link":"https:\/\/staging.esa-automation.com\/tr\/urunlerimiz\/en-drive-2\/nervo-drive\/","title":{"rendered":"NERVO"},"content":{"rendered":"<div class=\"wpb-content-wrapper\"><p>[vc_section full_width=&#8221;stretch_row&#8221; css=&#8221;.vc_custom_1710233875963{background-color: #000000 !important;}&#8221;][vc_row][vc_column css=&#8221;.vc_custom_1728921388138{padding-right: 0px !important;padding-left: 0px !important;}&#8221;][vc_single_image image=&#8221;17551&#8243; img_size=&#8221;full&#8221; alignment=&#8221;center&#8221; css_animation=&#8221;fadeIn&#8221; parallax_speed_bg=&#8221;1.2&#8243;][\/vc_column][\/vc_row][\/vc_section][vc_row full_width=&#8221;stretch_row&#8221; equal_height=&#8221;yes&#8221; content_placement=&#8221;middle&#8221; css=&#8221;.vc_custom_1707228003784{background-color: #000000 !important;}&#8221;][vc_column width=&#8221;1\/2&#8243; css=&#8221;.vc_custom_1707228026491{padding-top: 0px !important;padding-right: 0px !important;padding-bottom: 0px !important;padding-left: 0px !important;}&#8221;][vc_column_text]<\/p>\n<h1><span style=\"color: #ffffff;\">NERVO Drive<\/span><\/h1>\n<h3><span style=\"color: #ffffff;\">\u00c7eki\u015f ve Pompa i\u00e7in Servo S\u00fcr\u00fcc\u00fc<\/span><\/h3>\n<p><span style=\"color: #ffffff;\">NERVO Drive, \u00e7eki\u015f ve pompa uygulamalar\u0131n\u0131n kompakt ve g\u00fcvenilir kontrol\u00fc i\u00e7in en son standartt\u0131r. 24 Vdc ile 72 Vdc aras\u0131nda bir pil voltaj\u0131yla, NERVO kontrol\u00f6rleri OEM&#8217;lere g\u00fc\u00e7, performans ve i\u015flevselli\u011fin iyi bir kombinasyonunu sunar.<\/span><br \/>\n[\/vc_column_text][\/vc_column][vc_column width=&#8221;1\/2&#8243; el_class=&#8221;puntato-bianco&#8221;][vc_gallery interval=&#8221;3&#8243; images=&#8221;14833,14829,14832&#8243; img_size=&#8221;full&#8221; onclick=&#8221;&#8221;][\/vc_column][\/vc_row][vc_section full_width=&#8221;stretch_row&#8221; css=&#8221;.vc_custom_1707236036063{background-color: #00bab3 !important;}&#8221;][vc_row][vc_column css=&#8221;.vc_custom_1707239661132{margin-bottom: 0px !important;}&#8221;][vc_column_text css=&#8221;.vc_custom_1707240059708{margin-bottom: 0px !important;}&#8221;]<\/p>\n<h1><span style=\"color: #ffffff;\">Features<\/span><\/h1>\n<p>[\/vc_column_text][\/vc_column][\/vc_row][vc_row full_width=&#8221;stretch_row&#8221; equal_height=&#8221;yes&#8221; css=&#8221;.vc_custom_1707231915168{background-color: #00bab3 !important;}&#8221;][vc_column width=&#8221;1\/2&#8243; el_class=&#8221;puntato-bianco&#8221; css=&#8221;.vc_custom_1707239671058{padding-top: 0px !important;}&#8221;][vc_column_text]<\/p>\n<ul>\n<li>Configurable Feedback<\/li>\n<li>Firmware customization<\/li>\n<li>2 Digital inputs<\/li>\n<\/ul>\n<p>[\/vc_column_text][\/vc_column][vc_column width=&#8221;1\/2&#8243; el_class=&#8221;puntato-bianco&#8221; css=&#8221;.vc_custom_1707240047809{padding-top: 0px !important;}&#8221;][vc_column_text]<\/p>\n<ul>\n<li>2 Analogue inputs<\/li>\n<li>3 Internal Temperature Sensor<\/li>\n<li>1 Inclinometer (for safe control of dangerous behaviour of vehicle)<\/li>\n<\/ul>\n<p>[\/vc_column_text][\/vc_column][\/vc_row][\/vc_section][vc_row equal_height=&#8221;yes&#8221; content_placement=&#8221;middle&#8221;][vc_column][vc_single_image image=&#8221;18160&#8243; img_size=&#8221;full&#8221; alignment=&#8221;center&#8221;][\/vc_column][\/vc_row][vc_row][vc_column][vc_empty_space][vc_accordion active_tab=&#8221;false&#8221; collapsible=&#8221;yes&#8221; el_class=&#8221;.accordionHMI&#8221;][vc_accordion_tab title=&#8221;NERVO DRIVE 115 M&#8221; el_id=&#8221;NERVO DRIVE&#8221;][vc_column_text el_class=&#8221;tableDownloadPDF&#8221;]<a href=\"https:\/\/staging.esa-automation.com\/wp-content\/uploads\/2023\/02\/NERVO_23.pdf\" target=\"_blank\" rel=\"noopener noreferrer\">Download pdf<\/a><\/p>\n<p>\n<table id=\"tablepress-258\" class=\"tablepress tablepress-id-258\">\n<thead>\n<tr class=\"row-1\">\n\t<th class=\"column-1\">Modello<\/th><th class=\"column-2\">NERVO115M<\/th>\n<\/tr>\n<\/thead>\n<tbody class=\"row-striping row-hover\">\n<tr class=\"row-2\">\n\t<td class=\"column-1\">Battery Rated Voltage - V DC<\/td><td class=\"column-2\">12 \u00f7 48<\/td>\n<\/tr>\n<tr class=\"row-3\">\n\t<td class=\"column-1\">Rated Output Power - kW<\/td><td class=\"column-2\">1.7<\/td>\n<\/tr>\n<tr class=\"row-4\">\n\t<td class=\"column-1\">Rated Current - A<\/td><td class=\"column-2\">30<\/td>\n<\/tr>\n<tr class=\"row-5\">\n\t<td class=\"column-1\">Peak Current (2 minutes) - A<\/td><td class=\"column-2\">40<\/td>\n<\/tr>\n<tr class=\"row-6\">\n\t<td class=\"column-1\">Boost Current (10 seconds) - A<\/td><td class=\"column-2\">50<\/td>\n<\/tr>\n<tr class=\"row-7\">\n\t<td class=\"column-1\">PWM Frequency - kHz<\/td><td class=\"column-2\">10 (by default)<\/td>\n<\/tr>\n<tr class=\"row-8\">\n\t<td class=\"column-1\">Digital Input<\/td><td class=\"column-2\">4<\/td>\n<\/tr>\n<tr class=\"row-9\">\n\t<td class=\"column-1\">Digital Output<\/td><td class=\"column-2\">2<\/td>\n<\/tr>\n<tr class=\"row-10\">\n\t<td class=\"column-1\">Analog Input - 0V \u00f7 10V<\/td><td class=\"column-2\">2<\/td>\n<\/tr>\n<tr class=\"row-11\">\n\t<td class=\"column-1\">Analog Output - 0V \u00f7 10V<\/td><td class=\"column-2\">-<\/td>\n<\/tr>\n<tr class=\"row-12\">\n\t<td class=\"column-1\">Fieldbus<\/td><td class=\"column-2\">CANopen\u00ae<\/td>\n<\/tr>\n<tr class=\"row-13\">\n\t<td class=\"column-1\">Feedback Hall, Sinusoidal<\/td><td class=\"column-2\">Hall, Sinusoidal Hall, Incremental Encoder, SinCos, Sensorless<\/td>\n<\/tr>\n<tr class=\"row-14\">\n\t<td class=\"column-1\">Brake management<\/td><td class=\"column-2\">-<\/td>\n<\/tr>\n<tr class=\"row-15\">\n\t<td class=\"column-1\">Motor types Brushless AC<\/td><td class=\"column-2\">Brushless AC, Brushless DC, Asynchronous<\/td>\n<\/tr>\n<tr class=\"row-16\">\n\t<td class=\"column-1\">Connection type<\/td><td class=\"column-2\">M4 busbar (DC Link &amp; Phases)<\/td>\n<\/tr>\n<tr class=\"row-17\">\n\t<td class=\"column-1\">Operating Temperature - \u00b0C<\/td><td class=\"column-2\">0 \u00f7 40<\/td>\n<\/tr>\n<tr class=\"row-18\">\n\t<td class=\"column-1\">Protection degree<\/td><td class=\"column-2\">IP 20<\/td>\n<\/tr>\n<tr class=\"row-19\">\n\t<td class=\"column-1\">Weight - g<\/td><td class=\"column-2\">250<\/td>\n<\/tr>\n<\/tbody>\n<\/table>\n<!-- #tablepress-258 from cache -->[\/vc_column_text][\/vc_accordion_tab][vc_accordion_tab title=&#8221;NERVO DRIVE 130 M&#8221;][vc_column_text el_class=&#8221;tableDownloadPDF&#8221;]<a href=\"https:\/\/staging.esa-automation.com\/wp-content\/uploads\/2023\/02\/NERVO_23.pdf\" target=\"_blank\" rel=\"noopener noreferrer\">Download pdf<\/a><\/p>\n<p>\n<table id=\"tablepress-259\" class=\"tablepress tablepress-id-259\">\n<thead>\n<tr class=\"row-1\">\n\t<th class=\"column-1\">Modello<\/th><th class=\"column-2\">NERVO130M<\/th>\n<\/tr>\n<\/thead>\n<tbody class=\"row-striping row-hover\">\n<tr class=\"row-2\">\n\t<td class=\"column-1\">Battery Rated Voltage - V DC<\/td><td class=\"column-2\">24 \u00f7 72<\/td>\n<\/tr>\n<tr class=\"row-3\">\n\t<td class=\"column-1\">Rated Output Power - kW<\/td><td class=\"column-2\">5<\/td>\n<\/tr>\n<tr class=\"row-4\">\n\t<td class=\"column-1\">Rated Current - A<\/td><td class=\"column-2\">70<\/td>\n<\/tr>\n<tr class=\"row-5\">\n\t<td class=\"column-1\">Peak Current (2 minutes) - A<\/td><td class=\"column-2\">100<\/td>\n<\/tr>\n<tr class=\"row-6\">\n\t<td class=\"column-1\">Boost Current (10 seconds) - A<\/td><td class=\"column-2\">120<\/td>\n<\/tr>\n<tr class=\"row-7\">\n\t<td class=\"column-1\">PWM Frequency - kHz<\/td><td class=\"column-2\">10 (by default)<\/td>\n<\/tr>\n<tr class=\"row-8\">\n\t<td class=\"column-1\">Digital Input<\/td><td class=\"column-2\">2<\/td>\n<\/tr>\n<tr class=\"row-9\">\n\t<td class=\"column-1\">Digital Output<\/td><td class=\"column-2\">2<\/td>\n<\/tr>\n<tr class=\"row-10\">\n\t<td class=\"column-1\">Analog Input - 0V \u00f7 10V<\/td><td class=\"column-2\">2<\/td>\n<\/tr>\n<tr class=\"row-11\">\n\t<td class=\"column-1\">Analog Output - 0V \u00f7 10V<\/td><td class=\"column-2\">-<\/td>\n<\/tr>\n<tr class=\"row-12\">\n\t<td class=\"column-1\">Fieldbus<\/td><td class=\"column-2\">CANopen\u00ae<\/td>\n<\/tr>\n<tr class=\"row-13\">\n\t<td class=\"column-1\">Feedback Hall, Sinusoidal<\/td><td class=\"column-2\">Hall, Sinusoidal Hall, Resolver, Incremental Encoder, SinCos, Sensorless, SmartABS<\/td>\n<\/tr>\n<tr class=\"row-14\">\n\t<td class=\"column-1\">Brake management<\/td><td class=\"column-2\">Internal<\/td>\n<\/tr>\n<tr class=\"row-15\">\n\t<td class=\"column-1\">Motor types Brushless AC<\/td><td class=\"column-2\">Brushless AC, Brushless DC, Asynchronous<\/td>\n<\/tr>\n<tr class=\"row-16\">\n\t<td class=\"column-1\">Connection type<\/td><td class=\"column-2\">M5 busbar (DC Link &amp; Phases)<\/td>\n<\/tr>\n<tr class=\"row-17\">\n\t<td class=\"column-1\">Operating Temperature - C\u00b0<\/td><td class=\"column-2\">0 \u00f7 40<\/td>\n<\/tr>\n<tr class=\"row-18\">\n\t<td class=\"column-1\">Protection degree<\/td><td class=\"column-2\">IP 20<\/td>\n<\/tr>\n<tr class=\"row-19\">\n\t<td class=\"column-1\">Weight - g<\/td><td class=\"column-2\">400<\/td>\n<\/tr>\n<\/tbody>\n<\/table>\n<!-- #tablepress-259 from cache -->[\/vc_column_text][\/vc_accordion_tab][vc_accordion_tab title=&#8221;NERVO DRIVE 145 M&#8221;][vc_column_text el_class=&#8221;tableDownloadPDF&#8221;]<a href=\"https:\/\/staging.esa-automation.com\/wp-content\/uploads\/2023\/02\/NERVO_23.pdf\" target=\"_blank\" rel=\"noopener noreferrer\">Download pdf<\/a><\/p>\n<p>\n<table id=\"tablepress-260\" class=\"tablepress tablepress-id-260\">\n<thead>\n<tr class=\"row-1\">\n\t<th class=\"column-1\">Modello<\/th><th class=\"column-2\">NERVO145M<\/th>\n<\/tr>\n<\/thead>\n<tbody class=\"row-striping row-hover\">\n<tr class=\"row-2\">\n\t<td class=\"column-1\">Battery Rated Voltage - V DC<\/td><td class=\"column-2\">12 \u00f7 72<\/td>\n<\/tr>\n<tr class=\"row-3\">\n\t<td class=\"column-1\">Rated Output Power - kW<\/td><td class=\"column-2\">7.9<\/td>\n<\/tr>\n<tr class=\"row-4\">\n\t<td class=\"column-1\">Rated Current - A<\/td><td class=\"column-2\">100<\/td>\n<\/tr>\n<tr class=\"row-5\">\n\t<td class=\"column-1\">Peak Current (2 minutes) - A<\/td><td class=\"column-2\">150<\/td>\n<\/tr>\n<tr class=\"row-6\">\n\t<td class=\"column-1\">Boost Current (10 seconds) - A<\/td><td class=\"column-2\">200<\/td>\n<\/tr>\n<tr class=\"row-7\">\n\t<td class=\"column-1\">PWM Frequency - kHz<\/td><td class=\"column-2\">10 (by default)<\/td>\n<\/tr>\n<tr class=\"row-8\">\n\t<td class=\"column-1\">Digital Input<\/td><td class=\"column-2\">2<\/td>\n<\/tr>\n<tr class=\"row-9\">\n\t<td class=\"column-1\">Digital Output<\/td><td class=\"column-2\">2<\/td>\n<\/tr>\n<tr class=\"row-10\">\n\t<td class=\"column-1\">Analog Input - 0V \u00f7 10V<\/td><td class=\"column-2\">2<\/td>\n<\/tr>\n<tr class=\"row-11\">\n\t<td class=\"column-1\">Analog Output - 0V \u00f7 10V<\/td><td class=\"column-2\">-<\/td>\n<\/tr>\n<tr class=\"row-12\">\n\t<td class=\"column-1\">Fieldbus<\/td><td class=\"column-2\">CANopen\u00ae<\/td>\n<\/tr>\n<tr class=\"row-13\">\n\t<td class=\"column-1\">Feedback Hall, Sinusoidal<\/td><td class=\"column-2\">Hall, Sinusoidal Hall, Resolver, Incremental Encoder, SinCos, Sensorless<\/td>\n<\/tr>\n<tr class=\"row-14\">\n\t<td class=\"column-1\">Brake management<\/td><td class=\"column-2\">Internal<\/td>\n<\/tr>\n<tr class=\"row-15\">\n\t<td class=\"column-1\">Motor types Brushless AC<\/td><td class=\"column-2\">Brushless AC, Brushless DC, Asynchronous<\/td>\n<\/tr>\n<tr class=\"row-16\">\n\t<td class=\"column-1\">Connection type<\/td><td class=\"column-2\">M6 busbar (DC Link &amp; Phases)<\/td>\n<\/tr>\n<tr class=\"row-17\">\n\t<td class=\"column-1\">Operating Temperature - \u00b0C<\/td><td class=\"column-2\">0 \u00f7 40<\/td>\n<\/tr>\n<tr class=\"row-18\">\n\t<td class=\"column-1\">Protection degree<\/td><td class=\"column-2\">IP 20<\/td>\n<\/tr>\n<tr class=\"row-19\">\n\t<td class=\"column-1\">Weight - g<\/td><td class=\"column-2\">750<\/td>\n<\/tr>\n<\/tbody>\n<\/table>\n<!-- #tablepress-260 from cache -->[\/vc_column_text][\/vc_accordion_tab][vc_accordion_tab title=&#8221;NERVO DRIVE 118L&#8221;][vc_column_text el_class=&#8221;tableDownloadPDF&#8221;]<a href=\"https:\/\/staging.esa-automation.com\/wp-content\/uploads\/2023\/02\/NERVO_23.pdf\" target=\"_blank\" rel=\"noopener noreferrer\">Download pdf<\/a><\/p>\n<p>\n<table id=\"tablepress-261\" class=\"tablepress tablepress-id-261\">\n<thead>\n<tr class=\"row-1\">\n\t<th class=\"column-1\">Modello<\/th><th class=\"column-2\">NERVO118L<\/th>\n<\/tr>\n<\/thead>\n<tbody class=\"row-striping row-hover\">\n<tr class=\"row-2\">\n\t<td class=\"column-1\">Battery Rated Voltage - V DC<\/td><td class=\"column-2\">24 \u00f7 96<\/td>\n<\/tr>\n<tr class=\"row-3\">\n\t<td class=\"column-1\">Rated Output Power - kW<\/td><td class=\"column-2\">20<\/td>\n<\/tr>\n<tr class=\"row-4\">\n\t<td class=\"column-1\">Rated Current - A<\/td><td class=\"column-2\">250<\/td>\n<\/tr>\n<tr class=\"row-5\">\n\t<td class=\"column-1\">Peak Current (2 minutes) - A<\/td><td class=\"column-2\">400<\/td>\n<\/tr>\n<tr class=\"row-6\">\n\t<td class=\"column-1\">Boost Current (10 seconds) - A<\/td><td class=\"column-2\">500<\/td>\n<\/tr>\n<tr class=\"row-7\">\n\t<td class=\"column-1\">PWM Frequency - kHz<\/td><td class=\"column-2\">10 (by default)<\/td>\n<\/tr>\n<tr class=\"row-8\">\n\t<td class=\"column-1\">Digital Input<\/td><td class=\"column-2\">6<\/td>\n<\/tr>\n<tr class=\"row-9\">\n\t<td class=\"column-1\">Digital Output<\/td><td class=\"column-2\">4<\/td>\n<\/tr>\n<tr class=\"row-10\">\n\t<td class=\"column-1\">Analog Input - 0V \u00f7 10V<\/td><td class=\"column-2\">3<\/td>\n<\/tr>\n<tr class=\"row-11\">\n\t<td class=\"column-1\">Analog Output - 0V \u00f7 10V<\/td><td class=\"column-2\">1<\/td>\n<\/tr>\n<tr class=\"row-12\">\n\t<td class=\"column-1\">Fieldbus<\/td><td class=\"column-2\">CANopen\u00ae<\/td>\n<\/tr>\n<tr class=\"row-13\">\n\t<td class=\"column-1\">Feedback Hall, Sinusoidal<\/td><td class=\"column-2\">Hall, Sinusoidal Hall, Resolver, Incremental Encoder, SinCos, Sensorless<\/td>\n<\/tr>\n<tr class=\"row-14\">\n\t<td class=\"column-1\">Brake management<\/td><td class=\"column-2\">Internal<\/td>\n<\/tr>\n<tr class=\"row-15\">\n\t<td class=\"column-1\">Motor types Brushless AC<\/td><td class=\"column-2\">Brushless AC, Brushless DC, Asynchronous<\/td>\n<\/tr>\n<tr class=\"row-16\">\n\t<td class=\"column-1\">Connection type<\/td><td class=\"column-2\">M8 busbar (DC Link &amp; Phases)<\/td>\n<\/tr>\n<tr class=\"row-17\">\n\t<td class=\"column-1\">Operating Temperature - C\u00b0<\/td><td class=\"column-2\">0 \u00f7 40<\/td>\n<\/tr>\n<tr class=\"row-18\">\n\t<td class=\"column-1\">Protection degree<\/td><td class=\"column-2\">IP 65<\/td>\n<\/tr>\n<tr class=\"row-19\">\n\t<td class=\"column-1\">Weight - g<\/td><td class=\"column-2\">1100<\/td>\n<\/tr>\n<\/tbody>\n<\/table>\n<!-- #tablepress-261 from cache -->[\/vc_column_text][\/vc_accordion_tab][\/vc_accordion][vc_empty_space height=&#8221;40px&#8221;][\/vc_column][\/vc_row]<\/p>\n<\/div>","protected":false},"excerpt":{"rendered":"<p>\u00c7eki\u015f ve Pompa i\u00e7in Servo S\u00fcr\u00fcc\u00fc<\/p>\n","protected":false},"author":4,"featured_media":17556,"parent":17092,"menu_order":128,"comment_status":"open","ping_status":"open","template":"tmpprodotti.php","meta":{"_acf_changed":false,"footnotes":""},"tags":[186,187,21],"class_list":["post-14823","page","type-page","status-publish","has-post-thumbnail","hentry","tag-ewdu","tag-ewdu-prodotti","tag-prodotti"],"acf":[],"aioseo_notices":[],"_links":{"self":[{"href":"https:\/\/staging.esa-automation.com\/tr\/wp-json\/wp\/v2\/pages\/14823","targetHints":{"allow":["GET"]}}],"collection":[{"href":"https:\/\/staging.esa-automation.com\/tr\/wp-json\/wp\/v2\/pages"}],"about":[{"href":"https:\/\/staging.esa-automation.com\/tr\/wp-json\/wp\/v2\/types\/page"}],"author":[{"embeddable":true,"href":"https:\/\/staging.esa-automation.com\/tr\/wp-json\/wp\/v2\/users\/4"}],"replies":[{"embeddable":true,"href":"https:\/\/staging.esa-automation.com\/tr\/wp-json\/wp\/v2\/comments?post=14823"}],"version-history":[{"count":0,"href":"https:\/\/staging.esa-automation.com\/tr\/wp-json\/wp\/v2\/pages\/14823\/revisions"}],"up":[{"embeddable":true,"href":"https:\/\/staging.esa-automation.com\/tr\/wp-json\/wp\/v2\/pages\/17092"}],"wp:featuredmedia":[{"embeddable":true,"href":"https:\/\/staging.esa-automation.com\/tr\/wp-json\/wp\/v2\/media\/17556"}],"wp:attachment":[{"href":"https:\/\/staging.esa-automation.com\/tr\/wp-json\/wp\/v2\/media?parent=14823"}],"wp:term":[{"taxonomy":"post_tag","embeddable":true,"href":"https:\/\/staging.esa-automation.com\/tr\/wp-json\/wp\/v2\/tags?post=14823"}],"curies":[{"name":"wp","href":"https:\/\/api.w.org\/{rel}","templated":true}]}}