{"id":15399,"date":"2021-12-01T16:27:48","date_gmt":"2021-12-01T15:27:48","guid":{"rendered":"https:\/\/staging.esa-automation.com\/it\/?page_id=15399"},"modified":"2025-10-08T17:52:19","modified_gmt":"2025-10-08T15:52:19","slug":"ergo-hmi-touch-2","status":"publish","type":"page","link":"https:\/\/staging.esa-automation.com\/tr\/urunlerimiz\/vesa\/web-hmi-lumia-vesa\/","title":{"rendered":"HMI LUMIA"},"content":{"rendered":"<div class=\"wpb-content-wrapper\"><p>[vc_section full_width=&#8221;stretch_row&#8221; css=&#8221;.vc_custom_1710233875963{background-color: #000000 !important;}&#8221;][vc_row][vc_column css=&#8221;.vc_custom_1728921388138{padding-right: 0px !important;padding-left: 0px !important;}&#8221;][vc_single_image image=&#8221;17651&#8243; img_size=&#8221;full&#8221; alignment=&#8221;center&#8221; css_animation=&#8221;fadeIn&#8221; parallax_speed_bg=&#8221;1.2&#8243;][\/vc_column][\/vc_row][\/vc_section][vc_row full_width=&#8221;stretch_row&#8221; equal_height=&#8221;yes&#8221; content_placement=&#8221;middle&#8221; css=&#8221;.vc_custom_1707228003784{background-color: #000000 !important;}&#8221;][vc_column width=&#8221;1\/2&#8243; css=&#8221;.vc_custom_1707228026491{padding-top: 0px !important;padding-right: 0px !important;padding-bottom: 0px !important;padding-left: 0px !important;}&#8221;][vc_column_text css=&#8221;&#8221;]<\/p>\n<h1><span style=\"color: #ffffff;\">Lumia Edge\/Web HMI<\/span><\/h1>\n<h3>Web tabanl\u0131 g\u00f6r\u00fcnt\u00fcleme<\/h3>\n<p><span style=\"color: #ffffff;\">Lumia Edge\/Web HMI, Web teknolojisinden en \u00fcst d\u00fczeyde faydalanarak, a\u00e7\u0131kl\u0131k, esneklik, \u00f6l\u00e7eklendirilebilirlik ve g\u00fcvenlik paradigmas\u0131na g\u00f6re verilerin sunumunu yeniden tan\u0131mlar.<\/span><\/p>\n<p><span style=\"color: #ffffff;\"><strong>A\u00e7\u0131kl\u0131k<\/strong>: Eklenti ihtiyac\u0131 olmadan standart taray\u0131c\u0131dan eri\u015fim.<br \/>\n<strong>Esneklik<\/strong>: Windows ve Linux i\u00e7in yerle\u015fik destek.<br \/>\n<strong>\u00d6l\u00e7eklendirilebilirlik<\/strong>: SVG grafik ve yan\u0131t veren tasar\u0131m \u00e7\u00f6z\u00fcn\u00fcrl\u00fckten ve y\u00f6nden ba\u011f\u0131ms\u0131z olarak sayfalar\u0131n netli\u011fini korumaya olanak tan\u0131r.<br \/>\n<strong>G\u00fcvenlik<\/strong>: Muazzam geni\u015flikteki geli\u015ftirici toplulu\u011fu sayesinde Web teknolojisi her daim g\u00fcncellenmekte, b\u00f6ylece en \u00fcst d\u00fczeyde g\u00fcvenlik sunmaktad\u0131r.<\/span>[\/vc_column_text][\/vc_column][vc_column width=&#8221;1\/2&#8243; el_class=&#8221;puntato-bianco&#8221;][vc_gallery interval=&#8221;3&#8243; images=&#8221;15407,15406,15405,15404&#8243; img_size=&#8221;full&#8221; onclick=&#8221;&#8221;][\/vc_column][\/vc_row][vc_section full_width=&#8221;stretch_row&#8221; css=&#8221;.vc_custom_1707236036063{background-color: #00bab3 !important;}&#8221;][vc_row][vc_column css=&#8221;.vc_custom_1707239661132{margin-bottom: 0px !important;}&#8221;][vc_column_text css=&#8221;.vc_custom_1707240059708{margin-bottom: 0px !important;}&#8221;]<\/p>\n<h1><span style=\"color: #ffffff;\">Features<\/span><\/h1>\n<p>[\/vc_column_text][\/vc_column][\/vc_row][vc_row full_width=&#8221;stretch_row&#8221; equal_height=&#8221;yes&#8221; css=&#8221;.vc_custom_1707231915168{background-color: #00bab3 !important;}&#8221;][vc_column width=&#8221;1\/2&#8243; el_class=&#8221;puntato-bianco&#8221; css=&#8221;.vc_custom_1707239671058{padding-top: 0px !important;}&#8221;][vc_column_text]<\/p>\n<ul>\n<li>\u0130\u015fletim sistemi: Linux Debian 11<\/li>\n<li>Ekran:10,1&#8243;, 15,6&#8243;, 21,5&#8243; ve 27&#8243; formatlar\u0131nda mevcut olan, y\u00fcksek \u00e7\u00f6z\u00fcn\u00fcrl\u00fck ve parlakl\u0131\u011fa sahip geni\u015f ekran<\/li>\n<li>Tasar\u0131m: Kapasitif dokunma \u00f6zellikli tam \u00f6n cam<\/li>\n<li>\u0130\u015flemci: Fans\u0131z Rockchip RK3399<\/li>\n<li>Ba\u011flant\u0131 \u00f6zellikleri: \u00c7ift bantl\u0131 (2,5GHz \u2013 5GHz) b\u00fct\u00fcnle\u015fik WiFi istemcisi, 2 LAN ba\u011flant\u0131 noktas\u0131, 2 USB ba\u011flant\u0131 noktas\u0131 (3.0 ve 2.0)<\/li>\n<li>Bellek: DDR4 2GB, 16GB dahili bellek<\/li>\n<\/ul>\n<p>[\/vc_column_text][\/vc_column][vc_column width=&#8221;1\/2&#8243; el_class=&#8221;puntato-bianco&#8221; css=&#8221;.vc_custom_1707240047809{padding-top: 0px !important;}&#8221;][vc_column_text]<\/p>\n<ul>\n<li>VESA 100 x 100 ba\u011flant\u0131l\u0131 montaj<\/li>\n<li>Aksesuarlar: \u0130ste\u011fe ba\u011fl\u0131 PBOX tu\u015f tak\u0131m\u0131 (120\u00b0 &#8211; 180\u00b0 ba\u011flant\u0131 \u00f6zellikli)<\/li>\n<li>Kullan\u0131c\u0131 aray\u00fcz\u00fc: \u0130\u015fletim sistemine eri\u015fim olmaks\u0131z\u0131n parametreleri programlamak i\u00e7in kontrol paneli<\/li>\n<li>G\u00f6r\u00fcnt\u00fcleme: Web sayfalar\u0131 otomatik olarak ekran\u0131 kaplama modunda (PANO MODU) g\u00f6r\u00fcnt\u00fclenerek, operat\u00f6r\u00fcn i\u015fletim sistemine eri\u015fimini engeller<\/li>\n<li>Taray\u0131c\u0131: Web sayfalar\u0131n\u0131 g\u00f6r\u00fcnt\u00fclemek i\u00e7in Chromium kullan\u0131m\u0131<\/li>\n<\/ul>\n<p>[\/vc_column_text][\/vc_column][\/vc_row][\/vc_section]<\/p>\n<p>[vc_row css=&#8221;.vc_custom_1758018520740{padding-top: 40px !important;}&#8221;][vc_column width=&#8221;1\/4&#8243;][vc_column_text css=&#8221;&#8221;]<\/p>\n<p>Lumia HMI ile Esneklik, \u00d6l\u00e7eklenebilirlik ve G\u00fcvenlik<\/p>\n<p>End\u00fcstriyel tesislerde hibrit mimarilerin artan kullan\u0131m\u0131, farkl\u0131 senaryolara uyum sa\u011flayabilen ancak makine park\u0131 y\u00f6netimini karma\u015f\u0131kla\u015ft\u0131rmayan HMI aray\u00fczlerine sahip olmay\u0131 giderek daha \u00f6nemli hale getiriyor. Bu ihtiyac\u0131 kar\u015f\u0131lamak i\u00e7in, Edge HMI ve Web HMI modlar\u0131 aras\u0131nda tek bir kontrol paneli \u00fczerinden \u00f6zg\u00fcrce se\u00e7im yapma imkan\u0131 sunan \u00e7\u00f6z\u00fcm\u00fcm\u00fcz Lumia HMI&#8217;y\u0131 geli\u015ftirdik.<\/p>\n<p>[\/vc_column_text][\/vc_column][vc_column width=&#8221;3\/4&#8243;][vc_single_image image=&#8221;36561&#8243; img_size=&#8221;full&#8221; alignment=&#8221;center&#8221; css=&#8221;&#8221;][\/vc_column]<\/p>\n<p>[vc_row][vc_column][vc_empty_space][vc_accordion active_tab=&#8221;false&#8221; collapsible=&#8221;yes&#8221; el_class=&#8221;.accordionHMI&#8221;][vc_accordion_tab title=&#8221;LUMIA WEB HMI&#8221; el_id=&#8221;LUMIAIPC&#8221;][vc_column_text el_class=&#8221;productTextBoxContainer&#8221;][\/vc_column_text][vc_column_text el_class=&#8221;tableDownloadPDF&#8221;]\n<table id=\"tablepress-273\" class=\"tablepress tablepress-id-273\">\n<thead>\n<tr class=\"row-1\">\n\t<th class=\"column-1\"> <\/th><th class=\"column-2\">Embedded Platform<\/th>\n<\/tr>\n<\/thead>\n<tbody class=\"row-striping row-hover\">\n<tr class=\"row-2\">\n\t<td class=\"column-1\">O.S.<\/td><td class=\"column-2\">Linux Debian 10<\/td>\n<\/tr>\n<tr class=\"row-3\">\n\t<td class=\"column-1\">Application software<\/td><td class=\"column-2\">Kreo HMI<\/td>\n<\/tr>\n<tr class=\"row-4\">\n\t<td class=\"column-1\">Display Size<\/td><td class=\"column-2\">7\u201d (1024 x 600)<\/td>\n<\/tr>\n<tr class=\"row-5\">\n\t<td class=\"column-1\"><\/td><td class=\"column-2\">10,1\" (1280 x 800)<\/td>\n<\/tr>\n<tr class=\"row-6\">\n\t<td class=\"column-1\"><\/td><td class=\"column-2\">15,6\u201d (1366 x 768)<\/td>\n<\/tr>\n<tr class=\"row-7\">\n\t<td class=\"column-1\"><\/td><td class=\"column-2\">15,6\u201d (1920x 1080)<\/td>\n<\/tr>\n<tr class=\"row-8\">\n\t<td class=\"column-1\"><\/td><td class=\"column-2\">21,5\u201d (1920x 1080)<\/td>\n<\/tr>\n<tr class=\"row-9\">\n\t<td class=\"column-1\"><\/td><td class=\"column-2\">27\u201d (1920 x 1080)<\/td>\n<\/tr>\n<tr class=\"row-10\">\n\t<td class=\"column-1\">Display technology<\/td><td class=\"column-2\">TFT<\/td>\n<\/tr>\n<tr class=\"row-11\">\n\t<td class=\"column-1\">Display Backlight<\/td><td class=\"column-2\">Led<\/td>\n<\/tr>\n<tr class=\"row-12\">\n\t<td class=\"column-1\">Display Colors<\/td><td class=\"column-2\">16M<\/td>\n<\/tr>\n<tr class=\"row-13\">\n\t<td class=\"column-1\">Touch Technology<\/td><td class=\"column-2\">Capacitive<\/td>\n<\/tr>\n<tr class=\"row-14\">\n\t<td class=\"column-1\">Bezel \/ Chassis<\/td><td class=\"column-2\">Aluminium<\/td>\n<\/tr>\n<tr class=\"row-15\">\n\t<td class=\"column-1\">Processor<\/td><td class=\"column-2\">RK3399<\/td>\n<\/tr>\n<tr class=\"row-16\">\n\t<td class=\"column-1\"><\/td><td class=\"column-2\">Dual-core Cortex-A72 +<\/td>\n<\/tr>\n<tr class=\"row-17\">\n\t<td class=\"column-1\"><\/td><td class=\"column-2\">Quad-core Cortex-A53 <\/td>\n<\/tr>\n<tr class=\"row-18\">\n\t<td class=\"column-1\"><\/td><td class=\"column-2\">RK3568 <\/td>\n<\/tr>\n<tr class=\"row-19\">\n\t<td class=\"column-1\"><\/td><td class=\"column-2\">Quad core Cortex A55<\/td>\n<\/tr>\n<tr class=\"row-20\">\n\t<td class=\"column-1\">RAM<\/td><td class=\"column-2\">2GB DDR4<\/td>\n<\/tr>\n<tr class=\"row-21\">\n\t<td class=\"column-1\"><\/td><td class=\"column-2\">4GB DDR4<\/td>\n<\/tr>\n<tr class=\"row-22\">\n\t<td class=\"column-1\">Mass storage<\/td><td class=\"column-2\">16GB eMMC<\/td>\n<\/tr>\n<tr class=\"row-23\">\n\t<td class=\"column-1\">Ethernet Port<\/td><td class=\"column-2\">1*1Gb+1*100Mb<\/td>\n<\/tr>\n<tr class=\"row-24\">\n\t<td class=\"column-1\"><\/td><td class=\"column-2\">2*1Gb<\/td>\n<\/tr>\n<tr class=\"row-25\">\n\t<td class=\"column-1\">Wifi<\/td><td class=\"column-2\">2,5 \/ 5 GHZ support (client)<\/td>\n<\/tr>\n<tr class=\"row-26\">\n\t<td class=\"column-1\">USB Port<\/td><td class=\"column-2\">1xUSB3.0 + 1xUSB2.0 <\/td>\n<\/tr>\n<tr class=\"row-27\">\n\t<td class=\"column-1\"><\/td><td class=\"column-2\"><\/td>\n<\/tr>\n<tr class=\"row-28\">\n\t<td class=\"column-1\">Power Supply (Vdc)<\/td><td class=\"column-2\">12 \u2013 32V DC<\/td>\n<\/tr>\n<tr class=\"row-29\">\n\t<td class=\"column-1\">Consumption (W)<\/td><td class=\"column-2\">10W 7\u201d<\/td>\n<\/tr>\n<tr class=\"row-30\">\n\t<td class=\"column-1\"><\/td><td class=\"column-2\">12W 10,1\u201d<\/td>\n<\/tr>\n<tr class=\"row-31\">\n\t<td class=\"column-1\"><\/td><td class=\"column-2\">18W 15,6\u201d<\/td>\n<\/tr>\n<tr class=\"row-32\">\n\t<td class=\"column-1\"><\/td><td class=\"column-2\">28W 21\u201d<\/td>\n<\/tr>\n<tr class=\"row-33\">\n\t<td class=\"column-1\"><\/td><td class=\"column-2\">28W 27\u201d<\/td>\n<\/tr>\n<tr class=\"row-34\">\n\t<td class=\"column-1\">Operating temperature<\/td><td class=\"column-2\">-10\u00b0 ~ 60\u00b0<\/td>\n<\/tr>\n<tr class=\"row-35\">\n\t<td class=\"column-1\"><\/td><td class=\"column-2\"><\/td>\n<\/tr>\n<tr class=\"row-36\">\n\t<td class=\"column-1\">Storage Temperature (\u00b0C)<\/td><td class=\"column-2\">-20\u00b0 ~ 70\u00b0<\/td>\n<\/tr>\n<tr class=\"row-37\">\n\t<td class=\"column-1\"><\/td><td class=\"column-2\"><\/td>\n<\/tr>\n<tr class=\"row-38\">\n\t<td class=\"column-1\">Humidity<\/td><td class=\"column-2\"><90% (non condensing)<\/td>\n<\/tr>\n<tr class=\"row-39\">\n\t<td class=\"column-1\">External dimensions(W\/H\/D) (mm)<\/td><td class=\"column-2\">10\u201d (250.6 x 171.6 x40,2)<\/td>\n<\/tr>\n<tr class=\"row-40\">\n\t<td class=\"column-1\"><\/td><td class=\"column-2\">15\u201d (381 x 231.3 x 59.3)<\/td>\n<\/tr>\n<tr class=\"row-41\">\n\t<td class=\"column-1\"><\/td><td class=\"column-2\">21.5\u201d (527.2 x 318.7 x 62)<\/td>\n<\/tr>\n<tr class=\"row-42\">\n\t<td class=\"column-1\"><\/td><td class=\"column-2\">27\u201d (648,4x 385,5 x 62)<\/td>\n<\/tr>\n<tr class=\"row-43\">\n\t<td class=\"column-1\">Weight (kg)<\/td><td class=\"column-2\">7\u201d 2KG<\/td>\n<\/tr>\n<tr class=\"row-44\">\n\t<td class=\"column-1\"><\/td><td class=\"column-2\">10\u201d 5KG<\/td>\n<\/tr>\n<tr class=\"row-45\">\n\t<td class=\"column-1\"><\/td><td class=\"column-2\">15\u201d 6,5KG<\/td>\n<\/tr>\n<tr class=\"row-46\">\n\t<td class=\"column-1\"><\/td><td class=\"column-2\">21,5\u201d 8KG<\/td>\n<\/tr>\n<tr class=\"row-47\">\n\t<td class=\"column-1\"><\/td><td class=\"column-2\">27\u201d 10Kg<\/td>\n<\/tr>\n<tr class=\"row-48\">\n\t<td class=\"column-1\">Protection degree<\/td><td class=\"column-2\">IP66 all around<\/td>\n<\/tr>\n<tr class=\"row-49\">\n\t<td class=\"column-1\">Certifications<\/td><td class=\"column-2\">CE - RED (2014\/53\/EU):<\/td>\n<\/tr>\n<tr class=\"row-50\">\n\t<td class=\"column-1\"><\/td><td class=\"column-2\">Safety: EN 62368-1:2020 + A11:2020<\/td>\n<\/tr>\n<tr class=\"row-51\">\n\t<td class=\"column-1\"><\/td><td class=\"column-2\">Health: EN 62311:2020<\/td>\n<\/tr>\n<tr class=\"row-52\">\n\t<td class=\"column-1\"><\/td><td class=\"column-2\">EMC: ETSI EN 301 489-1 V2.2.3\u00a0:2019<\/td>\n<\/tr>\n<tr class=\"row-53\">\n\t<td class=\"column-1\"><\/td><td class=\"column-2\">ETSI EN 301 489-17 V3.2.4\u00a0:2020<\/td>\n<\/tr>\n<tr class=\"row-54\">\n\t<td class=\"column-1\"><\/td><td class=\"column-2\">Radio: ETSI EN 300 328 V2.2.2\u00a0:2019 <\/td>\n<\/tr>\n<tr class=\"row-55\">\n\t<td class=\"column-1\"><\/td><td class=\"column-2\">ETSI EN 301 893 V2.1.1\u00a0:2017<\/td>\n<\/tr>\n<tr class=\"row-56\">\n\t<td class=\"column-1\"><\/td><td class=\"column-2\">UL 61010<\/td>\n<\/tr>\n<tr class=\"row-57\">\n\t<td class=\"column-1\"><\/td><td class=\"column-2\">ATEX\u00a0: II 3G Ex ec IIC T6 Gc X\u00a0<\/td>\n<\/tr>\n<tr class=\"row-58\">\n\t<td class=\"column-1\"><\/td><td class=\"column-2\">                                        II 3D Ex tc IIIC T75\u00b0C Dc IP66 X<\/td>\n<\/tr>\n<tr class=\"row-59\">\n\t<td class=\"column-1\"><\/td><td class=\"column-2\">IECEx\u00a0: Ex ec IIC T6 Gc X\u00a0<\/td>\n<\/tr>\n<tr class=\"row-60\">\n\t<td class=\"column-1\"><\/td><td class=\"column-2\">                                             Ex tc IIIC T75\u00b0C Dc IP66 X<\/td>\n<\/tr>\n<tr class=\"row-61\">\n\t<td class=\"column-1\"><\/td><td class=\"column-2\">                                IECEx TUR 23.0004 X <\/td>\n<\/tr>\n<tr class=\"row-62\">\n\t<td class=\"column-1\"><\/td><td class=\"column-2\">DNV<\/td>\n<\/tr>\n<\/tbody>\n<\/table>\n<!-- #tablepress-273 from cache -->[\/vc_column_text][\/vc_accordion_tab][\/vc_accordion][vc_empty_space height=&#8221;40px&#8221;][\/vc_column][\/vc_row]<\/p>\n<\/div>","protected":false},"excerpt":{"rendered":"<p>Web tabanl\u0131 g\u00f6r\u00fcnt\u00fcleme<\/p>\n","protected":false},"author":4,"featured_media":17647,"parent":11814,"menu_order":37,"comment_status":"open","ping_status":"open","template":"tmpprodotti.php","meta":{"_acf_changed":false,"footnotes":""},"tags":[197,198,21],"class_list":["post-15399","page","type-page","status-publish","has-post-thumbnail","hentry","tag-ewdb","tag-ewdb-prodotti","tag-prodotti"],"acf":[],"aioseo_notices":[],"_links":{"self":[{"href":"https:\/\/staging.esa-automation.com\/tr\/wp-json\/wp\/v2\/pages\/15399","targetHints":{"allow":["GET"]}}],"collection":[{"href":"https:\/\/staging.esa-automation.com\/tr\/wp-json\/wp\/v2\/pages"}],"about":[{"href":"https:\/\/staging.esa-automation.com\/tr\/wp-json\/wp\/v2\/types\/page"}],"author":[{"embeddable":true,"href":"https:\/\/staging.esa-automation.com\/tr\/wp-json\/wp\/v2\/users\/4"}],"replies":[{"embeddable":true,"href":"https:\/\/staging.esa-automation.com\/tr\/wp-json\/wp\/v2\/comments?post=15399"}],"version-history":[{"count":9,"href":"https:\/\/staging.esa-automation.com\/tr\/wp-json\/wp\/v2\/pages\/15399\/revisions"}],"predecessor-version":[{"id":36623,"href":"https:\/\/staging.esa-automation.com\/tr\/wp-json\/wp\/v2\/pages\/15399\/revisions\/36623"}],"up":[{"embeddable":true,"href":"https:\/\/staging.esa-automation.com\/tr\/wp-json\/wp\/v2\/pages\/11814"}],"wp:featuredmedia":[{"embeddable":true,"href":"https:\/\/staging.esa-automation.com\/tr\/wp-json\/wp\/v2\/media\/17647"}],"wp:attachment":[{"href":"https:\/\/staging.esa-automation.com\/tr\/wp-json\/wp\/v2\/media?parent=15399"}],"wp:term":[{"taxonomy":"post_tag","embeddable":true,"href":"https:\/\/staging.esa-automation.com\/tr\/wp-json\/wp\/v2\/tags?post=15399"}],"curies":[{"name":"wp","href":"https:\/\/api.w.org\/{rel}","templated":true}]}}