{"id":16875,"date":"2023-07-24T10:16:44","date_gmt":"2023-07-24T08:16:44","guid":{"rendered":"https:\/\/staging.esa-automation.com\/en\/?page_id=16875"},"modified":"2024-12-10T12:19:14","modified_gmt":"2024-12-10T11:19:14","slug":"codice-etico","status":"publish","type":"page","link":"https:\/\/staging.esa-automation.com\/tr\/etik-kodu\/","title":{"rendered":"ET\u0130K KODU"},"content":{"rendered":"<div class=\"wpb-content-wrapper\"><p>[vc_row full_width=&#8221;stretch_row&#8221; css=&#8221;.vc_custom_1707734094345{padding-top: 20vh !important;padding-bottom: 10vh !important;background-image: url(https:\/\/staging.esa-automation.com\/wp-content\/uploads\/2024\/02\/codice-etico-esa.webp?id=17061) !important;background-position: center !important;background-repeat: no-repeat !important;background-size: cover !important;}&#8221;][vc_column width=&#8221;1\/6&#8243;][\/vc_column][vc_column width=&#8221;2\/3&#8243;][vc_column_text]<\/p>\n<h1 style=\"text-align: center;\"><span style=\"color: #ffffff;\">\u0130\u015fletmeleri Bir Sonraki<\/span><br \/>\n<span style=\"color: #ffffff;\">Sanayi Devrimine Haz\u0131rlama<\/span><\/h1>\n<p>[\/vc_column_text][vc_column_text]<\/p>\n<p style=\"text-align: center;\"><span style=\"color: #ffffff;\">\u015eirketimiz, &#8220;\u0130\u015fletmeleri bir sonraki sanayi devrimine haz\u0131rlayarak s\u00fcrd\u00fcr\u00fclebilir, kapsay\u0131c\u0131 ve g\u00fcvenli bir ortam yaratma&#8221; vizyonuna sahiptir. Misyonumuz &#8220;\u00c7evresel etkiyi azaltarak ve i\u015f yerinde g\u00fcvenli\u011fi te\u015fvik ederek yenilik\u00e7i end\u00fcstriyel otomasyon \u00e7\u00f6z\u00fcmleri olu\u015fturmakt\u0131r.&#8221;<br \/>\nESA, m\u00fc\u015fteri hizmetleri ve \u00fcr\u00fcn ile s\u00fcre\u00e7 inovasyonu stratejisine odaklanmakta, \u00e7e\u015fitli end\u00fcstriyel sekt\u00f6rlere y\u00f6nelik geni\u015f bir donan\u0131m ve yaz\u0131l\u0131m \u00e7\u00f6z\u00fcm yelpazesi sunmakta ve kapsaml\u0131 \u00f6n ve son sat\u0131\u015f deste\u011fi sa\u011flamaktad\u0131r.<\/span><\/p>\n<p>[\/vc_column_text]<p class=\"text-center\"><a href=\"https:\/\/staging.esa-automation.com\/wp-content\/uploads\/2024\/04\/2023.12.15-ESA-SPA-Codice-Etico_R1.pdf\" class=\"btn  btn-large companyGoalsButton\" style=\"\"  target=\"_black\"  >Download ET\u0130K KODU<\/a><\/p>[\/vc_column][vc_column width=&#8221;1\/6&#8243;][\/vc_column][\/vc_row][vc_row full_width=&#8221;stretch_row&#8221; css=&#8221;.vc_custom_1731072535172{background-color: #ffffff !important;}&#8221;][vc_column][vc_column_text]For the Supervisory Body of ESA S.p.A., Dr. Giancarlo Alfredo Slavich has been appointed and can be contacted at the following email: odv@esa-automation.com<\/p>\n<p>Available documentation:<\/p>\n<ul>\n<li><a class=\"green\" href=\"https:\/\/staging.esa-automation.com\/wp-content\/uploads\/2024\/11\/2023.12.15-ESA-S.p.A.-Code-of-Ethics_R1.pdf\">Code of Ethics<\/a><\/li>\n<li><a class=\"green\" href=\"https:\/\/staging.esa-automation.com\/wp-content\/uploads\/2024\/12\/2023.12.15-ESA-S.p.A.-General-Part-of-the-Organisation-Model-Italian-Legislative-Decree-231-2001_R1.pdf\">Organizational model \u2013 general part<\/a><\/li>\n<\/ul>\n<p>Link to access the Whistleblowing platform (copy and paste the text into the browser) https:\/\/esa-automation.segnalazioni.net\/en\/[\/vc_column_text][\/vc_column][\/vc_row][vc_row full_width=&#8221;stretch_row&#8221; css=&#8221;.vc_custom_1708005140703{background-color: #000000 !important;}&#8221;][vc_column] <div class=\"vc_row wpb_row vc_row-o-equal-height vc_row-o-content-middle vc_row-flex newsletter-subscription mb-3\">\n        <div class=\"wpb_column vc_col-sm-12 vc_col-xs-12 vc_col-lg-8 flex-wrap mb-0\">\n            <h3 class=\"fs-1 text-white fw-light mb-3 mb-lg-0\">B\u00fcltenimize abone olun,<br>en son haberlerle g\u00fcncel kal\u0131n.<\/h3>\n        <\/div>\n        <div class=\"wpb_column vc_col-sm-12 vc_col-xs-12 vc_col-lg-4 flex-wrap mb-0\">\n    \n<!-- This file should primarily consist of HTML with a little bit of PHP. -->\n<div id=\"mpwp-container\">\n    <div id=\"mupwp-form-content\">\n        <form id=\"mupwp-form\" class=\"mupwp-form\" novalidate=\"novalidate\" action=\"javascript:void(0);\">\n            <h3 id=\"mupwp-form-title\">            <\/h3>\n                        <div id=\"mupwp-form-fields\" class=\"form-fields\">\n                                <div class=\"mupwp-form-field\">\n                    <label style=\"display:none;\" for=\"email\">E-posta                    <\/label>\n                    <input type=\"email\" id=\"email\" required class=\"label-field\" placeholder=\"Email\" name=\"email\">\n\n                <\/div>\n\n                            <\/div>\n            <div id=\"mupwp-form-terms\" class=\"mupwp-form-terms\">\n                                <div class=\"mupwp-form-term\">\n                    <label class=\"label terms small-font\" for=\"term-1\">\n                        <input type=\"checkbox\" id=\"term-1\"\n                            name=\"term-1\" required>\n                        Accept general terms of service                    <\/label>\n                <\/div>\n                                <\/div>\n            <div class=\"separator-20px-top\"><\/div>\n            <div id=\"mupwp-form-submit-container\">\n                <input type=\"submit\" id=\"mupwp-form-save\" value=\"G\u00f6nder\"\n                    class=\"button-primary\">\n                <span class=\"ajax-loader\"><\/span>\n                <span class=\"feedback\"><\/span>\n            <\/div>\n        <\/form>\n    <\/div>\n<\/div>\n        <\/div>\n    <\/div>\n\n    [\/vc_column][\/vc_row][vc_row][vc_column][vc_empty_space height=&#8221;64px&#8221;][vc_column_text el_class=&#8221;miniTitle&#8221;]Associated[\/vc_column_text][vc_row_inner el_id=&#8221;marchiassociati&#8221; el_class=&#8221;listamarchi&#8221;][vc_column_inner el_class=&#8221;vc_col-sm-1&#8243; width=&#8221;1\/6&#8243;][\/vc_column_inner][vc_column_inner el_class=&#8221;associato_farmindustria&#8221; width=&#8221;1\/6&#8243;][vc_single_image image=&#8221;16359&#8243; img_size=&#8221;165&#215;35&#8243; alignment=&#8221;center&#8221;][\/vc_column_inner][vc_column_inner el_class=&#8221;associato_assoesco&#8221; width=&#8221;1\/6&#8243;][vc_single_image image=&#8221;9734&#8243; img_size=&#8221;138&#215;26&#8243; alignment=&#8221;center&#8221;][\/vc_column_inner][vc_column_inner el_class=&#8221;associato_fire&#8221; width=&#8221;1\/6&#8243;][vc_single_image image=&#8221;9737&#8243; img_size=&#8221;54&#215;49&#8243; alignment=&#8221;center&#8221;][\/vc_column_inner][vc_column_inner el_class=&#8221;associato_anie&#8221; width=&#8221;1\/6&#8243;][vc_single_image image=&#8221;9735&#8243; img_size=&#8221;125&#215;63&#8243; alignment=&#8221;center&#8221;][\/vc_column_inner][vc_column_inner width=&#8221;1\/6&#8243;][vc_single_image image=&#8221;9944&#8243; img_size=&#8221;full&#8221; alignment=&#8221;center&#8221;][\/vc_column_inner][\/vc_row_inner][vc_empty_space height=&#8221;64px&#8221;][\/vc_column][\/vc_row]<\/p>\n<\/div>","protected":false},"excerpt":{"rendered":"<p>[vc_row full_width=&#8221;stretch_row&#8221; css=&#8221;.vc_custom_1707734094345{padding-top: 20vh !important;padding-bottom: 10vh !important;background-image: url(https:\/\/staging.esa-automation.com\/wp-content\/uploads\/2024\/02\/codice-etico-esa.webp?id=17061) !important;background-position: center !important;background-repeat: no-repeat !important;background-size: cover !important;}&#8221;][vc_column width=&#8221;1\/6&#8243;][\/vc_column][vc_column width=&#8221;2\/3&#8243;][vc_column_text] \u0130\u015fletmeleri Bir Sonraki Sanayi Devrimine Haz\u0131rlama [\/vc_column_text][vc_column_text] \u015eirketimiz, &#8220;\u0130\u015fletmeleri bir sonraki sanayi devrimine haz\u0131rlayarak s\u00fcrd\u00fcr\u00fclebilir, kapsay\u0131c\u0131 ve g\u00fcvenli bir ortam yaratma&#8221; vizyonuna sahiptir. Misyonumuz &#8220;\u00c7evresel etkiyi azaltarak ve i\u015f yerinde g\u00fcvenli\u011fi te\u015fvik ederek yenilik\u00e7i end\u00fcstriyel otomasyon \u00e7\u00f6z\u00fcmleri olu\u015fturmakt\u0131r.&#8221; ESA, m\u00fc\u015fteri hizmetleri ve \u00fcr\u00fcn ile s\u00fcre\u00e7 inovasyonu stratejisine odaklanmakta, \u00e7e\u015fitli end\u00fcstriyel sekt\u00f6rlere y\u00f6nelik geni\u015f bir donan\u0131m ve yaz\u0131l\u0131m \u00e7\u00f6z\u00fcm yelpazesi sunmakta ve kapsaml\u0131 \u00f6n ve son sat\u0131\u015f deste\u011fi sa\u011flamaktad\u0131r. [\/vc_column_text][\/vc_column][vc_column width=&#8221;1\/6&#8243;][\/vc_column][\/vc_row][vc_row full_width=&#8221;stretch_row&#8221; css=&#8221;.vc_custom_1731072535172{background-color: #ffffff !important;}&#8221;][vc_column][vc_column_text]For the Supervisory Body of ESA S.p.A., Dr. Giancarlo Alfredo Slavich has been appointed and can be contacted at the following email: odv@esa-automation.com Available documentation: Code of Ethics Organizational model \u2013 general part Link to access the Whistleblowing platform (copy and paste the text into the browser) https:\/\/esa-automation.segnalazioni.net\/en\/[\/vc_column_text][\/vc_column][\/vc_row][vc_row full_width=&#8221;stretch_row&#8221; css=&#8221;.vc_custom_1708005140703{background-color: #000000 !important;}&#8221;][vc_column][\/vc_column][\/vc_row][vc_row][vc_column][vc_empty_space height=&#8221;64px&#8221;][vc_column_text el_class=&#8221;miniTitle&#8221;]Associated[\/vc_column_text][vc_row_inner el_id=&#8221;marchiassociati&#8221; el_class=&#8221;listamarchi&#8221;][vc_column_inner el_class=&#8221;vc_col-sm-1&#8243; width=&#8221;1\/6&#8243;][\/vc_column_inner][vc_column_inner el_class=&#8221;associato_farmindustria&#8221; width=&#8221;1\/6&#8243;][vc_single_image image=&#8221;16359&#8243; img_size=&#8221;165&#215;35&#8243; alignment=&#8221;center&#8221;][\/vc_column_inner][vc_column_inner el_class=&#8221;associato_assoesco&#8221; width=&#8221;1\/6&#8243;][vc_single_image image=&#8221;9734&#8243; img_size=&#8221;138&#215;26&#8243; alignment=&#8221;center&#8221;][\/vc_column_inner][vc_column_inner el_class=&#8221;associato_fire&#8221; width=&#8221;1\/6&#8243;][vc_single_image image=&#8221;9737&#8243; img_size=&#8221;54&#215;49&#8243; alignment=&#8221;center&#8221;][\/vc_column_inner][vc_column_inner el_class=&#8221;associato_anie&#8221; width=&#8221;1\/6&#8243;][vc_single_image image=&#8221;9735&#8243; img_size=&#8221;125&#215;63&#8243; alignment=&#8221;center&#8221;][\/vc_column_inner][vc_column_inner width=&#8221;1\/6&#8243;][vc_single_image image=&#8221;9944&#8243; img_size=&#8221;full&#8221; alignment=&#8221;center&#8221;][\/vc_column_inner][\/vc_row_inner][vc_empty_space height=&#8221;64px&#8221;][\/vc_column][\/vc_row]<\/p>\n","protected":false},"author":40404,"featured_media":0,"parent":0,"menu_order":133,"comment_status":"closed","ping_status":"closed","template":"","meta":{"_acf_changed":false,"footnotes":""},"tags":[],"class_list":["post-16875","page","type-page","status-publish","hentry"],"acf":[],"aioseo_notices":[],"_links":{"self":[{"href":"https:\/\/staging.esa-automation.com\/tr\/wp-json\/wp\/v2\/pages\/16875","targetHints":{"allow":["GET"]}}],"collection":[{"href":"https:\/\/staging.esa-automation.com\/tr\/wp-json\/wp\/v2\/pages"}],"about":[{"href":"https:\/\/staging.esa-automation.com\/tr\/wp-json\/wp\/v2\/types\/page"}],"author":[{"embeddable":true,"href":"https:\/\/staging.esa-automation.com\/tr\/wp-json\/wp\/v2\/users\/40404"}],"replies":[{"embeddable":true,"href":"https:\/\/staging.esa-automation.com\/tr\/wp-json\/wp\/v2\/comments?post=16875"}],"version-history":[{"count":0,"href":"https:\/\/staging.esa-automation.com\/tr\/wp-json\/wp\/v2\/pages\/16875\/revisions"}],"wp:attachment":[{"href":"https:\/\/staging.esa-automation.com\/tr\/wp-json\/wp\/v2\/media?parent=16875"}],"wp:term":[{"taxonomy":"post_tag","embeddable":true,"href":"https:\/\/staging.esa-automation.com\/tr\/wp-json\/wp\/v2\/tags?post=16875"}],"curies":[{"name":"wp","href":"https:\/\/api.w.org\/{rel}","templated":true}]}}