{"id":16977,"date":"2023-10-16T17:32:32","date_gmt":"2023-10-16T15:32:32","guid":{"rendered":"https:\/\/staging.esa-automation.com\/en\/?page_id=16977"},"modified":"2025-01-29T11:47:08","modified_gmt":"2025-01-29T10:47:08","slug":"edge-hmi","status":"publish","type":"page","link":"https:\/\/staging.esa-automation.com\/tr\/urunlerimiz\/lumia-arm\/lumia-arm-ipc\/","title":{"rendered":"LUMIA ARM IPC"},"content":{"rendered":"<div class=\"wpb-content-wrapper\"><p>[vc_section full_width=&#8221;stretch_row&#8221; css=&#8221;.vc_custom_1710233875963{background-color: #000000 !important;}&#8221;][vc_row][vc_column css=&#8221;.vc_custom_1728921388138{padding-right: 0px !important;padding-left: 0px !important;}&#8221;][vc_single_image image=&#8221;17543&#8243; img_size=&#8221;full&#8221; alignment=&#8221;center&#8221; css_animation=&#8221;fadeIn&#8221; parallax_speed_bg=&#8221;1.2&#8243;][\/vc_column][\/vc_row][\/vc_section][vc_row full_width=&#8221;stretch_row&#8221; equal_height=&#8221;yes&#8221; content_placement=&#8221;middle&#8221; css=&#8221;.vc_custom_1707228003784{background-color: #000000 !important;}&#8221;][vc_column width=&#8221;1\/2&#8243; css=&#8221;.vc_custom_1707228026491{padding-top: 0px !important;padding-right: 0px !important;padding-bottom: 0px !important;padding-left: 0px !important;}&#8221;][vc_column_text]<\/p>\n<h1><span style=\"color: #ffffff;\">Lumia Arm IPC<\/span><\/h1>\n<h3><span style=\"color: #ffffff;\">Entegre kablo rakoru ile IPC \u00e7\u00f6z\u00fcm\u00fc<\/span><\/h3>\n<p><span style=\"color: #ffffff;\">Konsol veya kontrol istasyonuna kolay kurulum i\u00e7in kol montaj sistemine sahip geni\u015f bir End\u00fcstriyel PC yelpazesi.<br \/>\nEn son fans\u0131z i\u015flemcilerin kullan\u0131m\u0131 y\u00fcksek performans sa\u011flar ve toz birikmesini \u00f6nleyerek \u00fcr\u00fcn bak\u0131m ihtiyac\u0131n\u0131 azalt\u0131r.<br \/>\n4 adede kadar ba\u011f\u0131ms\u0131z LAN portuna sahip olma imkan\u0131, makine a\u011f\u0131 (OT) ile m\u00fc\u015fteri altyap\u0131s\u0131 (IT) aras\u0131nda ayr\u0131m yap\u0131lmas\u0131n\u0131 sa\u011flar.<br \/>\nKol ve iste\u011fe ba\u011fl\u0131 kontrol paneli, zengin bile\u015fen portf\u00f6y\u00fc sayesinde tamamen yap\u0131land\u0131r\u0131labilir.<br \/>\n\u00dcr\u00fcn\u00fcn d\u00f6nd\u00fcr\u00fclmesini kolayla\u015ft\u0131rmak i\u00e7in tutamak \u00e7e\u015fitli konfig\u00fcrasyonlarda mevcuttur.<br \/>\n15,6\u201d ekranl\u0131 model i\u00e7in U-tutamak<br \/>\nSol, sa\u011f veya alt tarafa yerle\u015ftirilebilen tek tutamak. Klavye deste\u011fi, mouse pad ile veya mouse pad olmadan \u00e7al\u0131\u015fma istasyonunu tamamlar ve U-tutamak montaj\u0131na alternatif olarak mevcuttur.<\/span><br \/>\n[\/vc_column_text][\/vc_column][vc_column width=&#8221;1\/2&#8243; el_class=&#8221;puntato-bianco&#8221;][vc_gallery interval=&#8221;3&#8243; images=&#8221;22618,22619,22616,22617,22620&#8243; img_size=&#8221;full&#8221; onclick=&#8221;&#8221;][\/vc_column][\/vc_row][vc_section full_width=&#8221;stretch_row&#8221; css=&#8221;.vc_custom_1707236036063{background-color: #00bab3 !important;}&#8221;][vc_row][vc_column css=&#8221;.vc_custom_1707239661132{margin-bottom: 0px !important;}&#8221;][vc_column_text css=&#8221;.vc_custom_1707240059708{margin-bottom: 0px !important;}&#8221;]<\/p>\n<h1><span style=\"color: #ffffff;\">Features<\/span><\/h1>\n<p>[\/vc_column_text][\/vc_column][\/vc_row][vc_row full_width=&#8221;stretch_row&#8221; equal_height=&#8221;yes&#8221; css=&#8221;.vc_custom_1707231915168{background-color: #00bab3 !important;}&#8221;][vc_column width=&#8221;1\/2&#8243; el_class=&#8221;puntato-bianco&#8221; css=&#8221;.vc_custom_1707239671058{padding-top: 0px !important;}&#8221;][vc_column_text]<\/p>\n<ul>\n<li>\u0130\u015fletim Sistemi W10 \u2013 W11 &#8211; Linux<\/li>\n<li>Y\u00fcksek \u00e7\u00f6z\u00fcn\u00fcrl\u00fckl\u00fc ve y\u00fcksek parlakl\u0131kl\u0131 16\/9 geni\u015f ekran. 15,6\u201d ekran versiyonu hem yatay hem de dikey montaj i\u00e7in mevcuttur.<\/li>\n<li>Kapasitif dokunmatik tam cam d\u00fcz \u00f6n y\u00fczey<\/li>\n<li>\u00dcr\u00fcn genelinde IP65 koruma derecesine sahip kol montaj\u0131<\/li>\n<li>Intel Celeron J6412&#8217;den 11. nesil Intel i7&#8217;ye kadar geni\u015f bir i\u015flemci yelpazesi<\/li>\n<li>4 adede kadar ba\u011f\u0131ms\u0131z LAN portu<\/li>\n<\/ul>\n<p>[\/vc_column_text][\/vc_column][vc_column width=&#8221;1\/2&#8243; el_class=&#8221;puntato-bianco&#8221; css=&#8221;.vc_custom_1707240047809{padding-top: 0px !important;}&#8221;][vc_column_text]<\/p>\n<ul>\n<li>1 COM RS232 portu<\/li>\n<li>6 USB 3.2 portu<\/li>\n<li>2 HDMI video \u00e7\u0131k\u0131\u015f\u0131<\/li>\n<li>Zengin bile\u015fen katalo\u011funa sahip kullan\u0131c\u0131 taraf\u0131ndan yap\u0131land\u0131r\u0131labilir kol<\/li>\n<li>Kontroller, lambalar, se\u00e7iciler, acil durdurma d\u00fc\u011fmesi i\u00e7in 10 adede kadar sabit kablolu yuva<\/li>\n<\/ul>\n<p>[\/vc_column_text][\/vc_column][\/vc_row][\/vc_section][vc_row][vc_column][vc_empty_space][vc_accordion active_tab=&#8221;false&#8221; collapsible=&#8221;yes&#8221; el_class=&#8221;.accordionHMI&#8221;][vc_accordion_tab title=&#8221;LUMIA ARM &#8211; IPC&#8221; el_id=&#8221;LUMIAEDGEHMI&#8221;][vc_column_text el_class=&#8221;productTextBoxContainer&#8221;][\/vc_column_text][vc_column_text el_class=&#8221;tableDownloadPDF&#8221;]\n<table id=\"tablepress-279\" class=\"tablepress tablepress-id-279\">\n<thead>\n<tr class=\"row-1\">\n\t<th class=\"column-1\"> <\/th><th class=\"column-2\">ARM IPC<\/th>\n<\/tr>\n<\/thead>\n<tbody class=\"row-striping row-hover\">\n<tr class=\"row-2\">\n\t<td class=\"column-1\">O.S.<\/td><td class=\"column-2\">Win10 IoT LTSC 2019\/2021\/W11\/Linux<\/td>\n<\/tr>\n<tr class=\"row-3\">\n\t<td class=\"column-1\">Display Size<\/td><td class=\"column-2\">  15,6\u201d (1920x 1080)<\/td>\n<\/tr>\n<tr class=\"row-4\">\n\t<td class=\"column-1\"><\/td><td class=\"column-2\">  21,5\u201d (1920x 1080)<\/td>\n<\/tr>\n<tr class=\"row-5\">\n\t<td class=\"column-1\"><\/td><td class=\"column-2\">27\u201d  (1920 x 1080)<\/td>\n<\/tr>\n<tr class=\"row-6\">\n\t<td class=\"column-1\">Display technology<\/td><td class=\"column-2\">TFT<\/td>\n<\/tr>\n<tr class=\"row-7\">\n\t<td class=\"column-1\">Display Backlight<\/td><td class=\"column-2\">Led<\/td>\n<\/tr>\n<tr class=\"row-8\">\n\t<td class=\"column-1\">Display Colors<\/td><td class=\"column-2\">16M<\/td>\n<\/tr>\n<tr class=\"row-9\">\n\t<td class=\"column-1\">Touch Technology<\/td><td class=\"column-2\">Capacitive<\/td>\n<\/tr>\n<tr class=\"row-10\">\n\t<td class=\"column-1\">Bezel \/ Chassis<\/td><td class=\"column-2\">Alluminium<\/td>\n<\/tr>\n<tr class=\"row-11\">\n\t<td class=\"column-1\">Processor<\/td><td class=\"column-2\">Celeron Quad Core J6412 \u2013 2,0 (2,6) GHz<\/td>\n<\/tr>\n<tr class=\"row-12\">\n\t<td class=\"column-1\"><\/td><td class=\"column-2\">Intel Core i3-1115G4 1,7  (4,1) GHz<\/td>\n<\/tr>\n<tr class=\"row-13\">\n\t<td class=\"column-1\"><\/td><td class=\"column-2\">Intel Core i7-1165G7 2,8 (4,8) GHz<\/td>\n<\/tr>\n<tr class=\"row-14\">\n\t<td class=\"column-1\">Chipset<\/td><td class=\"column-2\">SoC<\/td>\n<\/tr>\n<tr class=\"row-15\">\n\t<td class=\"column-1\">GPU<\/td><td class=\"column-2\">J6412   UHD Graphics for 10th Gen Intel Processors<\/td>\n<\/tr>\n<tr class=\"row-16\">\n\t<td class=\"column-1\"><\/td><td class=\"column-2\">i3-1115\/ i7-1165 UHD Graphics for 11th Gen Intel Processors<\/td>\n<\/tr>\n<tr class=\"row-17\">\n\t<td class=\"column-1\">Video Output<\/td><td class=\"column-2\">2xHDMI<\/td>\n<\/tr>\n<tr class=\"row-18\">\n\t<td class=\"column-1\">RAM<\/td><td class=\"column-2\">J6412\/i3-1115\/i71165 8GB up to 32GB<\/td>\n<\/tr>\n<tr class=\"row-19\">\n\t<td class=\"column-1\">Mass storage<\/td><td class=\"column-2\">256 GB \/ 512GB\/ 1T SSD<\/td>\n<\/tr>\n<tr class=\"row-20\">\n\t<td class=\"column-1\">Ethernet Port<\/td><td class=\"column-2\">J6412  2 x 1GB Intel 225-V<\/td>\n<\/tr>\n<tr class=\"row-21\">\n\t<td class=\"column-1\"><\/td><td class=\"column-2\">\/i3-1115\/i71165   2x Intel GBE LAN Chip <\/td>\n<\/tr>\n<tr class=\"row-22\">\n\t<td class=\"column-1\">COM port<\/td><td class=\"column-2\">J6412\/i3-1115\/i71165    1x RS232<\/td>\n<\/tr>\n<tr class=\"row-23\">\n\t<td class=\"column-1\">USB Port<\/td><td class=\"column-2\">J6412 3x USB 2.0 + 3x USB3.0<\/td>\n<\/tr>\n<tr class=\"row-24\">\n\t<td class=\"column-1\"><\/td><td class=\"column-2\">i3-1115\/i71165    6x USB3.0<\/td>\n<\/tr>\n<tr class=\"row-25\">\n\t<td class=\"column-1\">Power Supply (Vdc)<\/td><td class=\"column-2\">12 \u2013 32V DC<\/td>\n<\/tr>\n<tr class=\"row-26\">\n\t<td class=\"column-1\">Consumption (W)<\/td><td class=\"column-2\">35W 15,6\u201d<\/td>\n<\/tr>\n<tr class=\"row-27\">\n\t<td class=\"column-1\"><\/td><td class=\"column-2\">50W 21\u201d<\/td>\n<\/tr>\n<tr class=\"row-28\">\n\t<td class=\"column-1\"><\/td><td class=\"column-2\">50W 27\u201d<\/td>\n<\/tr>\n<tr class=\"row-29\">\n\t<td class=\"column-1\">Operating temperature<\/td><td class=\"column-2\">0 \u2026 + 50 \u00b0C  <\/td>\n<\/tr>\n<tr class=\"row-30\">\n\t<td class=\"column-1\">Storage Temperature (\u00b0C)<\/td><td class=\"column-2\">-20 \u2026 + 60 \u00b0C<\/td>\n<\/tr>\n<tr class=\"row-31\">\n\t<td class=\"column-1\">Humidity<\/td><td class=\"column-2\"><90% (non condensing)<\/td>\n<\/tr>\n<tr class=\"row-32\">\n\t<td class=\"column-1\">External dimensions(W\/H\/D) (mm)<\/td><td class=\"column-2\">15,6\u201d 389,4 x 328,3 x 127,0<\/td>\n<\/tr>\n<tr class=\"row-33\">\n\t<td class=\"column-1\"><\/td><td class=\"column-2\">21.5\u201d Landscape 527,8 x 405,1 x 127,0<\/td>\n<\/tr>\n<tr class=\"row-34\">\n\t<td class=\"column-1\"><\/td><td class=\"column-2\">21,5\u201d Portrait  319,0 x 626,2 x 127,0<\/td>\n<\/tr>\n<tr class=\"row-35\">\n\t<td class=\"column-1\"><\/td><td class=\"column-2\">27\u201d 645,4 x 469,3 x 127,0<\/td>\n<\/tr>\n<tr class=\"row-36\">\n\t<td class=\"column-1\">Weight (kg)<\/td><td class=\"column-2\">15\u201d   6,5<\/td>\n<\/tr>\n<tr class=\"row-37\">\n\t<td class=\"column-1\"><\/td><td class=\"column-2\">21,5  8KG<\/td>\n<\/tr>\n<tr class=\"row-38\">\n\t<td class=\"column-1\"><\/td><td class=\"column-2\">27\u201d  10Kg<\/td>\n<\/tr>\n<tr class=\"row-39\">\n\t<td class=\"column-1\">Protection degree <\/td><td class=\"column-2\">IP66 all around<\/td>\n<\/tr>\n<\/tbody>\n<\/table>\n<!-- #tablepress-279 from cache -->[\/vc_column_text][\/vc_accordion_tab][\/vc_accordion][vc_empty_space height=&#8221;40px&#8221;][\/vc_column][\/vc_row]<\/p>\n<\/div>","protected":false},"excerpt":{"rendered":"<p>Entegre kablo rakoru ile IPC \u00e7\u00f6z\u00fcm\u00fc<\/p>\n","protected":false},"author":40404,"featured_media":17643,"parent":16971,"menu_order":80,"comment_status":"open","ping_status":"open","template":"tmpprodotti.php","meta":{"_acf_changed":false,"footnotes":""},"tags":[197,198,21],"class_list":["post-16977","page","type-page","status-publish","has-post-thumbnail","hentry","tag-ewdb","tag-ewdb-prodotti","tag-prodotti"],"acf":[],"aioseo_notices":[],"_links":{"self":[{"href":"https:\/\/staging.esa-automation.com\/tr\/wp-json\/wp\/v2\/pages\/16977","targetHints":{"allow":["GET"]}}],"collection":[{"href":"https:\/\/staging.esa-automation.com\/tr\/wp-json\/wp\/v2\/pages"}],"about":[{"href":"https:\/\/staging.esa-automation.com\/tr\/wp-json\/wp\/v2\/types\/page"}],"author":[{"embeddable":true,"href":"https:\/\/staging.esa-automation.com\/tr\/wp-json\/wp\/v2\/users\/40404"}],"replies":[{"embeddable":true,"href":"https:\/\/staging.esa-automation.com\/tr\/wp-json\/wp\/v2\/comments?post=16977"}],"version-history":[{"count":0,"href":"https:\/\/staging.esa-automation.com\/tr\/wp-json\/wp\/v2\/pages\/16977\/revisions"}],"up":[{"embeddable":true,"href":"https:\/\/staging.esa-automation.com\/tr\/wp-json\/wp\/v2\/pages\/16971"}],"wp:featuredmedia":[{"embeddable":true,"href":"https:\/\/staging.esa-automation.com\/tr\/wp-json\/wp\/v2\/media\/17643"}],"wp:attachment":[{"href":"https:\/\/staging.esa-automation.com\/tr\/wp-json\/wp\/v2\/media?parent=16977"}],"wp:term":[{"taxonomy":"post_tag","embeddable":true,"href":"https:\/\/staging.esa-automation.com\/tr\/wp-json\/wp\/v2\/tags?post=16977"}],"curies":[{"name":"wp","href":"https:\/\/api.w.org\/{rel}","templated":true}]}}