{"id":16979,"date":"2023-10-16T17:35:07","date_gmt":"2023-10-16T15:35:07","guid":{"rendered":"https:\/\/staging.esa-automation.com\/en\/?page_id=16979"},"modified":"2025-01-29T11:52:44","modified_gmt":"2025-01-29T10:52:44","slug":"edge-hmi-2","status":"publish","type":"page","link":"https:\/\/staging.esa-automation.com\/tr\/urunlerimiz\/lumia-arm\/lumia-arm-monitor\/","title":{"rendered":"LUMIA ARM MONITOR"},"content":{"rendered":"<div class=\"wpb-content-wrapper\"><p>[vc_section full_width=&#8221;stretch_row&#8221; css=&#8221;.vc_custom_1710233875963{background-color: #000000 !important;}&#8221;][vc_row][vc_column css=&#8221;.vc_custom_1728921388138{padding-right: 0px !important;padding-left: 0px !important;}&#8221;][vc_single_image image=&#8221;36130&#8243; img_size=&#8221;full&#8221; alignment=&#8221;center&#8221; css_animation=&#8221;fadeIn&#8221; parallax_speed_bg=&#8221;1.2&#8243;][\/vc_column][\/vc_row][\/vc_section][vc_row full_width=&#8221;stretch_row&#8221; equal_height=&#8221;yes&#8221; content_placement=&#8221;middle&#8221; css=&#8221;.vc_custom_1707228003784{background-color: #000000 !important;}&#8221;][vc_column width=&#8221;1\/2&#8243; css=&#8221;.vc_custom_1707228026491{padding-top: 0px !important;padding-right: 0px !important;padding-bottom: 0px !important;padding-left: 0px !important;}&#8221;][vc_column_text]<\/p>\n<h1><span style=\"color: #ffffff;\">Lumia Arm Monitor<\/span><\/h1>\n<h3><span style=\"color: #ffffff;\">Modular Solution<\/span><\/h3>\n<p><span style=\"color: #ffffff;\">Lumia ARM Monitor end\u00fcstriyel monit\u00f6rleri, kumanda tablolar\u0131 ve kontrol mahalleri i\u00e7in kollu sabitleme sistemi sayesinde kurulum kolayl\u0131\u011f\u0131 ve \u00e7ok y\u00f6nl\u00fc bir \u00e7\u00f6z\u00fcm sunar. \u00c7e\u015fitli video ba\u011flant\u0131 noktalar\u0131 (DVI-D, VGA, DP) en son end\u00fcstriyel PC&#8217;lerle uyumlulu\u011fu sa\u011flar. Bir arka USB-B ba\u011flant\u0131 noktas\u0131yla y\u00f6netilen, \u00e7ok noktal\u0131 kapasitif dokunmatik ekran, denetim ve kontrol uygulamalar\u0131n\u0131n y\u00f6netimi i\u00e7in gereken \u00e7a\u011fda\u015f el hareketlerini destekler.<\/span>[\/vc_column_text][\/vc_column][vc_column width=&#8221;1\/2&#8243; el_class=&#8221;puntato-bianco&#8221;][vc_gallery interval=&#8221;3&#8243; images=&#8221;36128,36127,36126&#8243; img_size=&#8221;full&#8221; onclick=&#8221;&#8221;][\/vc_column][\/vc_row][vc_section full_width=&#8221;stretch_row&#8221; css=&#8221;.vc_custom_1707236036063{background-color: #00bab3 !important;}&#8221;][vc_row][vc_column css=&#8221;.vc_custom_1707239661132{margin-bottom: 0px !important;}&#8221;][vc_column_text css=&#8221;.vc_custom_1707240059708{margin-bottom: 0px !important;}&#8221;]<\/p>\n<h1><span style=\"color: #ffffff;\">Features<\/span><\/h1>\n<p>[\/vc_column_text][\/vc_column][\/vc_row][vc_row full_width=&#8221;stretch_row&#8221; equal_height=&#8221;yes&#8221; css=&#8221;.vc_custom_1707231915168{background-color: #00bab3 !important;}&#8221;][vc_column width=&#8221;1\/2&#8243; el_class=&#8221;puntato-bianco&#8221; css=&#8221;.vc_custom_1707239671058{padding-top: 0px !important;}&#8221;][vc_column_text]<\/p>\n<ul>\n<li>\u00dc\u00e7 boyutta mevcut olan, y\u00fcksek \u00e7\u00f6z\u00fcn\u00fcrl\u00fck ve parlakl\u0131\u011fa sahip 16:9 geni\u015f ekran: 15,6\u201d (1920&#215;1080), 21,5\u201d (1920&#215;1080), 27\u201d (1920&#215;1080)<\/li>\n<li>15,6\u201d ekranl\u0131 s\u00fcr\u00fcm\u00fc hem yatay hem de dikey montaj i\u00e7in mevcuttur<\/li>\n<li>Kapasitif dokunma \u00f6zellikli true flat tam \u00f6n cam<\/li>\n<li>T\u00fcm \u00fcr\u00fcnde IP65 koruma derecesiyle kollu montaj<\/li>\n<li>Zengin bir bile\u015fen katalo\u011fuyla kullan\u0131c\u0131 taraf\u0131ndan yap\u0131land\u0131r\u0131labilen kol<\/li>\n<\/ul>\n<p>[\/vc_column_text][\/vc_column][vc_column width=&#8221;1\/2&#8243; el_class=&#8221;puntato-bianco&#8221; css=&#8221;.vc_custom_1707240047809{padding-top: 0px !important;}&#8221;][vc_column_text]<\/p>\n<ul>\n<li>Kumandalar, lambalar, se\u00e7im d\u00fc\u011fmeleri ve acil durum butonlar\u0131 i\u00e7in 12&#8217;a kadar kablolu yuva<\/li>\n<li>\u00c7e\u015fitli yap\u0131land\u0131rmalarda mevcut \u00fcr\u00fcn\u00fc d\u00f6nd\u00fcrmeyi kolayla\u015ft\u0131ran tutma yeri:<\/li>\n<li>15,6\u201d ekran i\u00e7in U \u015fekilli tutma yeri<\/li>\n<li>Sol, sa\u011f veya alt tarafa yerle\u015ftirilebilen tek tutma yeri<\/li>\n<li>U \u015fekilli tutma yerine alternatif olarak fare altl\u0131\u011f\u0131 i\u00e7eren veya i\u00e7ermeyen tu\u015f tak\u0131m\u0131 deste\u011fi<\/li>\n<\/ul>\n<p>[\/vc_column_text][\/vc_column][\/vc_row][\/vc_section][vc_row][vc_column][vc_empty_space][vc_accordion active_tab=&#8221;false&#8221; collapsible=&#8221;yes&#8221; el_class=&#8221;.accordionHMI&#8221;][vc_accordion_tab title=&#8221;LUMIA ARM Monitor&#8221; el_id=&#8221;LUMIAEDGEHMI&#8221;][vc_column_text el_class=&#8221;productTextBoxContainer&#8221;][\/vc_column_text][vc_column_text el_class=&#8221;tableDownloadPDF&#8221;]\n<table id=\"tablepress-278\" class=\"tablepress tablepress-id-278\">\n<thead>\n<tr class=\"row-1\">\n\t<th class=\"column-1\"> <\/th><th class=\"column-2\">ARM Monitor<\/th>\n<\/tr>\n<\/thead>\n<tbody class=\"row-striping row-hover\">\n<tr class=\"row-2\">\n\t<td class=\"column-1\">Display Technology<\/td><td class=\"column-2\">TFT<\/td>\n<\/tr>\n<tr class=\"row-3\">\n\t<td class=\"column-1\">Display Size<\/td><td class=\"column-2\">  15,6\u201d (1920x 1080)<\/td>\n<\/tr>\n<tr class=\"row-4\">\n\t<td class=\"column-1\"><\/td><td class=\"column-2\">  21,5\u201d (1920x 1080)<\/td>\n<\/tr>\n<tr class=\"row-5\">\n\t<td class=\"column-1\"><\/td><td class=\"column-2\">27\u201d  (1920 x 1080)<\/td>\n<\/tr>\n<tr class=\"row-6\">\n\t<td class=\"column-1\">Display technology<\/td><td class=\"column-2\">TFT<\/td>\n<\/tr>\n<tr class=\"row-7\">\n\t<td class=\"column-1\">Display Backlight<\/td><td class=\"column-2\">Led<\/td>\n<\/tr>\n<tr class=\"row-8\">\n\t<td class=\"column-1\">Display Colors<\/td><td class=\"column-2\">16M<\/td>\n<\/tr>\n<tr class=\"row-9\">\n\t<td class=\"column-1\">Touch Technology<\/td><td class=\"column-2\">Capacitive<\/td>\n<\/tr>\n<tr class=\"row-10\">\n\t<td class=\"column-1\">Bezel \/ Chassis<\/td><td class=\"column-2\">Alluminium<\/td>\n<\/tr>\n<tr class=\"row-11\">\n\t<td class=\"column-1\">USB<\/td><td class=\"column-2\">Rear 1xUSB typeB<\/td>\n<\/tr>\n<tr class=\"row-12\">\n\t<td class=\"column-1\">Video Input<\/td><td class=\"column-2\">DVI-D + VGA + DP port<\/td>\n<\/tr>\n<tr class=\"row-13\">\n\t<td class=\"column-1\">Power Supply (Vdc)<\/td><td class=\"column-2\">12 \u2013 32V DC<\/td>\n<\/tr>\n<tr class=\"row-14\">\n\t<td class=\"column-1\">Consumption (W)<\/td><td class=\"column-2\">35W 15,6\u201d<\/td>\n<\/tr>\n<tr class=\"row-15\">\n\t<td class=\"column-1\"><\/td><td class=\"column-2\">50W 21\u201d<\/td>\n<\/tr>\n<tr class=\"row-16\">\n\t<td class=\"column-1\"><\/td><td class=\"column-2\">50W 27\u201d<\/td>\n<\/tr>\n<tr class=\"row-17\">\n\t<td class=\"column-1\">Operating temperature<\/td><td class=\"column-2\">0 \u2026 + 50 \u00b0C  <\/td>\n<\/tr>\n<tr class=\"row-18\">\n\t<td class=\"column-1\">Storage Temperature (\u00b0C)<\/td><td class=\"column-2\">-20 \u2026 + 60 \u00b0C<\/td>\n<\/tr>\n<tr class=\"row-19\">\n\t<td class=\"column-1\">Humidity<\/td><td class=\"column-2\"><90% (non condensing)<\/td>\n<\/tr>\n<tr class=\"row-20\">\n\t<td class=\"column-1\">External dimensions(W\/H\/D) (mm)<\/td><td class=\"column-2\">15,6\u201d 389,40 x 328,30 x 126,99<\/td>\n<\/tr>\n<tr class=\"row-21\">\n\t<td class=\"column-1\"><\/td><td class=\"column-2\">21.5\u201d 527,84 x 405,10 x 126,99 <\/td>\n<\/tr>\n<tr class=\"row-22\">\n\t<td class=\"column-1\"><\/td><td class=\"column-2\">27\u201d 645,40 x 469,25 x 126,99<\/td>\n<\/tr>\n<tr class=\"row-23\">\n\t<td class=\"column-1\">Weight (kg)<\/td><td class=\"column-2\">15\u201d   6,5<\/td>\n<\/tr>\n<tr class=\"row-24\">\n\t<td class=\"column-1\"><\/td><td class=\"column-2\">21,5  8KG<\/td>\n<\/tr>\n<tr class=\"row-25\">\n\t<td class=\"column-1\"><\/td><td class=\"column-2\">27\u201d  10Kg<\/td>\n<\/tr>\n<tr class=\"row-26\">\n\t<td class=\"column-1\">Protection degree <\/td><td class=\"column-2\">IP66 all around<\/td>\n<\/tr>\n<\/tbody>\n<\/table>\n<!-- #tablepress-278 from cache -->[\/vc_column_text][\/vc_accordion_tab][\/vc_accordion][vc_empty_space height=&#8221;40px&#8221;][\/vc_column][\/vc_row]<\/p>\n<\/div>","protected":false},"excerpt":{"rendered":"<p>Web based solution.<\/p>\n","protected":false},"author":40404,"featured_media":36125,"parent":16971,"menu_order":107,"comment_status":"open","ping_status":"open","template":"tmpprodotti.php","meta":{"_acf_changed":false,"footnotes":""},"tags":[197,198,21],"class_list":["post-16979","page","type-page","status-publish","has-post-thumbnail","hentry","tag-ewdb","tag-ewdb-prodotti","tag-prodotti"],"acf":[],"aioseo_notices":[],"_links":{"self":[{"href":"https:\/\/staging.esa-automation.com\/tr\/wp-json\/wp\/v2\/pages\/16979","targetHints":{"allow":["GET"]}}],"collection":[{"href":"https:\/\/staging.esa-automation.com\/tr\/wp-json\/wp\/v2\/pages"}],"about":[{"href":"https:\/\/staging.esa-automation.com\/tr\/wp-json\/wp\/v2\/types\/page"}],"author":[{"embeddable":true,"href":"https:\/\/staging.esa-automation.com\/tr\/wp-json\/wp\/v2\/users\/40404"}],"replies":[{"embeddable":true,"href":"https:\/\/staging.esa-automation.com\/tr\/wp-json\/wp\/v2\/comments?post=16979"}],"version-history":[{"count":0,"href":"https:\/\/staging.esa-automation.com\/tr\/wp-json\/wp\/v2\/pages\/16979\/revisions"}],"up":[{"embeddable":true,"href":"https:\/\/staging.esa-automation.com\/tr\/wp-json\/wp\/v2\/pages\/16971"}],"wp:featuredmedia":[{"embeddable":true,"href":"https:\/\/staging.esa-automation.com\/tr\/wp-json\/wp\/v2\/media\/36125"}],"wp:attachment":[{"href":"https:\/\/staging.esa-automation.com\/tr\/wp-json\/wp\/v2\/media?parent=16979"}],"wp:term":[{"taxonomy":"post_tag","embeddable":true,"href":"https:\/\/staging.esa-automation.com\/tr\/wp-json\/wp\/v2\/tags?post=16979"}],"curies":[{"name":"wp","href":"https:\/\/api.w.org\/{rel}","templated":true}]}}