{"id":17072,"date":"2024-02-13T10:00:23","date_gmt":"2024-02-13T09:00:23","guid":{"rendered":"https:\/\/staging.esa-automation.com\/it\/?page_id=17072"},"modified":"2026-01-05T16:21:47","modified_gmt":"2026-01-05T15:21:47","slug":"sustainability","status":"publish","type":"page","link":"https:\/\/staging.esa-automation.com\/tr\/surdurulebilirlik\/","title":{"rendered":"S\u00fcrd\u00fcr\u00fclebilirlik"},"content":{"rendered":"<div class=\"wpb-content-wrapper\"><p>[vc_section full_width=&#8221;stretch_row&#8221; css=&#8221;.vc_custom_1765894690495{padding-top: 20vh !important;background-color: #000000 !important;}&#8221;][vc_row][vc_column css=&#8221;.vc_custom_1728921388138{padding-right: 0px !important;padding-left: 0px !important;}&#8221;][vc_single_image image=&#8221;36776&#8243; img_size=&#8221;full&#8221; alignment=&#8221;center&#8221; css_animation=&#8221;fadeIn&#8221; css=&#8221;&#8221;][vc_custom_heading text=&#8221;Ye\u015fil \u0130novasyon&#8221; font_container=&#8221;tag:h1|text_align:left|color:%2300BAB3&#8243; use_theme_fonts=&#8221;yes&#8221; css=&#8221;&#8221; el_class=&#8221;d-5&#8243;][vc_custom_heading text=&#8221;Enerji Y\u00f6netimi ve Ak\u0131ll\u0131 Fabrika&#8221; font_container=&#8221;tag:h2|text_align:left|color:%2300BAB3&#8243; use_theme_fonts=&#8221;yes&#8221; css=&#8221;&#8221; el_class=&#8221;fs-1&#8243;][vc_empty_space][\/vc_column][\/vc_row][vc_row gap=&#8221;30&#8243;][vc_column width=&#8221;1\/2&#8243;][vc_column_text css=&#8221;&#8221;]<span style=\"color: #ffffff;\">Teknoloji ile s\u00fcrd\u00fcr\u00fclebilirli\u011fin entegrasyonu, g\u00fcn\u00fcm\u00fczde i\u015fletmelerin rekabet g\u00fcc\u00fc i\u00e7in vazge\u00e7ilmez bir ko\u015ful h\u00e2line gelmi\u015ftir. ESA olarak, yenili\u011fin s\u00fcrd\u00fcr\u00fclebilir d\u00f6n\u00fc\u015f\u00fcme hizmet edebilece\u011fine ve etmesi gerekti\u011fine inan\u0131yor; \u00fcretim s\u00fcre\u00e7lerinin ekolojik ayak izini azaltmaya y\u00f6nelik, Ye\u015fil Ekonomi perspektifine uygun i\u015f modelleri ve otomasyon \u00e7\u00f6z\u00fcmlerini te\u015fvik ediyoruz.<\/span><\/p>\n<p><span style=\"color: #ffffff;\">Vizyonumuz, makinelerin ve sistemlerin ger\u00e7ek zamanl\u0131 olarak ileti\u015fim kurdu\u011fu, kontrol, esneklik ve s\u00fcrekli optimizasyonun sa\u011fland\u0131\u011f\u0131 Ak\u0131ll\u0131 Fabrika\u2019ya odaklanmaktad\u0131r. Bu d\u00f6n\u00fc\u015f\u00fcm, teknolojik inovasyon ve stratejiden olu\u015fan a\u015famal\u0131 bir yolculuk gerektirir ve s\u00fcrd\u00fcr\u00fclebilirlik ile end\u00fcstriyel ilerlemenin birlikte ilerledi\u011fi bir gelece\u011fe kap\u0131 aralar.<\/span><br \/>\n[\/vc_column_text][\/vc_column][vc_column width=&#8221;1\/2&#8243;][vc_column_text css=&#8221;&#8221;]<span style=\"color: #ffffff;\"><strong data-start=\"62\" data-end=\"103\">Bu S\u00fcrd\u00fcr\u00fclebilirlik Raporu<\/strong>, ESA Automation\u2019\u0131n teknolojik yenili\u011fi, \u00e7evresel sorumlulu\u011fu ve insana verdi\u011fi de\u011feri bir araya getirme konusundaki kararl\u0131l\u0131\u011f\u0131n\u0131 ortaya koymaktad\u0131r. End\u00fcstriyel otomasyon \u00e7\u00f6z\u00fcmleri ve sorumlu kurumsal uygulamalar arac\u0131l\u0131\u011f\u0131yla \u015firket, daha verimli, daha g\u00fcvenli ve daha s\u00fcrd\u00fcr\u00fclebilir bir end\u00fcstriyel geli\u015fime katk\u0131da bulunmaktad\u0131r.<\/span><br \/>\n[\/vc_column_text][\/vc_column][\/vc_row][vc_row][vc_column][vc_empty_space][vc_custom_heading text=&#8221;2024 S\u00fcrd\u00fcr\u00fclebilirlik Raporunu \u0130ndir&#8221; font_container=&#8221;tag:h1|text_align:left|color:%2300BAB3&#8243; use_theme_fonts=&#8221;yes&#8221; css=&#8221;&#8221; el_class=&#8221;d-5&#8243;][\/vc_column][\/vc_row][vc_row content_placement=&#8221;middle&#8221;][vc_column width=&#8221;1\/2&#8243;][vc_single_image image=&#8221;36781&#8243; img_size=&#8221;full&#8221; alignment=&#8221;center&#8221; css=&#8221;&#8221;][\/vc_column][vc_column width=&#8221;1\/2&#8243;][vc_column_text css=&#8221;&#8221;]<span style=\"color: #ffffff;\"><strong data-start=\"62\" data-end=\"103\">Il presente bilancio di sostenibilit\u00e0<\/strong> racconta l\u2019impegno di ESA Automation nel coniugare innovazione tecnologica, responsabilit\u00e0 ambientale e attenzione alle persone. Attraverso soluzioni per l\u2019automazione industriale e pratiche aziendali responsabili, l\u2019azienda contribuisce a uno sviluppo industriale pi\u00f9 efficiente, sicuro e sostenibile.<\/span><\/p>\n<p>[\/vc_column_text][vc_column_text css=&#8221;&#8221;]<a class=\"btn btn btn-black btn-large\" href=\"https:\/\/staging.esa-automation.com\/wp-content\/uploads\/2026\/01\/ESA-Automation._SUSTAINABILITY_REPORT_2024.pdf\" target=\"_blank\" rel=\"noopener\">DOWNLOAD<\/a>[\/vc_column_text][\/vc_column][\/vc_row][vc_row][vc_column][vc_empty_space][vc_custom_heading text=&#8221;Sorumlu At\u0131k Y\u00f6netimi&#8221; font_container=&#8221;tag:h1|text_align:left|color:%2300BAB3&#8243; use_theme_fonts=&#8221;yes&#8221; css=&#8221;&#8221; el_class=&#8221;d-5&#8243;][vc_custom_heading text=&#8221;\u0130zleme, Denetleme ve G\u00fcvenli Bertaraf&#8221; font_container=&#8221;tag:h2|text_align:left|color:%2300BAB3&#8243; use_theme_fonts=&#8221;yes&#8221; css=&#8221;&#8221; el_class=&#8221;fs-1&#8243;][vc_empty_space][vc_single_image image=&#8221;36782&#8243; img_size=&#8221;full&#8221; alignment=&#8221;center&#8221; css=&#8221;&#8221;][vc_empty_space][\/vc_column][\/vc_row][\/vc_section][vc_row full_width=&#8221;stretch_row&#8221; css=&#8221;.vc_custom_1765895251936{padding-bottom: 10vh !important;background-color: #000000 !important;}&#8221;][vc_column][vc_column_text css=&#8221;&#8221;]<\/p>\n<h3 class=\"fs-3\" style=\"text-align: center;\"><span style=\"color: #ffffff;\">Ambalajlar\u0131m\u0131z i\u00e7in en kaliteli hammaddeleri se\u00e7iyor, geri d\u00f6n\u00fc\u015ft\u00fcr\u00fclm\u00fc\u015f kaynaklardan elde edilen malzemelere \u00f6ncelik veriyoruz.<\/span><\/h3>\n<p>[\/vc_column_text][vc_empty_space][vc_row_inner][vc_column_inner width=&#8221;1\/3&#8243;][vc_column_text]<\/p>\n<h4 style=\"text-align: center;\"><span style=\"color: #ffffff; text-transform: uppercase;\">Ka\u011f\u0131t<\/span><\/h4>\n<p>[\/vc_column_text][vc_single_image image=&#8221;17074&#8243; img_size=&#8221;full&#8221; css=&#8221;.vc_custom_1708007369324{margin-right: 100px !important;margin-left: 100px !important;}&#8221;][vc_column_text]<\/p>\n<h4 style=\"text-align: center;\"><span style=\"color: #00bab3;\">PAP 20<\/span><\/h4>\n<h4 style=\"text-align: center;\"><span style=\"color: #ffffff;\">Ka\u011f\u0131t Toplama<\/span><\/h4>\n<p>[\/vc_column_text][\/vc_column_inner][vc_column_inner width=&#8221;1\/3&#8243;][vc_column_text]<\/p>\n<h4 style=\"text-align: center;\"><span style=\"color: #ffffff; text-transform: uppercase;\">Kutu<\/span><\/h4>\n<p>[\/vc_column_text][vc_single_image image=&#8221;17075&#8243; img_size=&#8221;full&#8221; css=&#8221;.vc_custom_1708007377034{margin-right: 100px !important;margin-left: 100px !important;}&#8221;][vc_column_text]<\/p>\n<h4 style=\"text-align: center;\"><span style=\"color: #00bab3;\">PAP 20<\/span><\/h4>\n<h4 style=\"text-align: center;\"><span style=\"color: #ffffff;\">Ka\u011f\u0131t Toplama<\/span><\/h4>\n<p>[\/vc_column_text][\/vc_column_inner][vc_column_inner width=&#8221;1\/3&#8243;][vc_column_text]<\/p>\n<h4 style=\"text-align: center;\"><span style=\"color: #ffffff; text-transform: uppercase;\">Balonlu Naylon<\/span><\/h4>\n<p>[\/vc_column_text][vc_single_image image=&#8221;17076&#8243; img_size=&#8221;full&#8221; css=&#8221;.vc_custom_1708007385908{margin-right: 100px !important;margin-left: 100px !important;}&#8221;][vc_column_text]<\/p>\n<h4 style=\"text-align: center;\"><span style=\"color: #00bab3;\">LDPE4<\/span><\/h4>\n<h4 style=\"text-align: center;\"><span style=\"color: #ffffff;\">Plastik Toplama<\/span><\/h4>\n<p>[\/vc_column_text][\/vc_column_inner][\/vc_row_inner][\/vc_column][\/vc_row]<\/p>\n<\/div>","protected":false},"excerpt":{"rendered":"<p>[vc_section full_width=&#8221;stretch_row&#8221; css=&#8221;.vc_custom_1765894690495{padding-top: 20vh !important;background-color: #000000 !important;}&#8221;][vc_row][vc_column css=&#8221;.vc_custom_1728921388138{padding-right: 0px !important;padding-left: 0px !important;}&#8221;][vc_single_image image=&#8221;36776&#8243; img_size=&#8221;full&#8221; alignment=&#8221;center&#8221; css_animation=&#8221;fadeIn&#8221; css=&#8221;&#8221;][vc_custom_heading text=&#8221;Ye\u015fil \u0130novasyon&#8221; font_container=&#8221;tag:h1|text_align:left|color:%2300BAB3&#8243; use_theme_fonts=&#8221;yes&#8221; css=&#8221;&#8221; el_class=&#8221;d-5&#8243;][vc_custom_heading text=&#8221;Enerji Y\u00f6netimi ve Ak\u0131ll\u0131 Fabrika&#8221; font_container=&#8221;tag:h2|text_align:left|color:%2300BAB3&#8243; use_theme_fonts=&#8221;yes&#8221; css=&#8221;&#8221; el_class=&#8221;fs-1&#8243;][vc_empty_space][\/vc_column][\/vc_row][vc_row gap=&#8221;30&#8243;][vc_column width=&#8221;1\/2&#8243;][vc_column_text css=&#8221;&#8221;]Teknoloji ile s\u00fcrd\u00fcr\u00fclebilirli\u011fin entegrasyonu, g\u00fcn\u00fcm\u00fczde i\u015fletmelerin rekabet g\u00fcc\u00fc i\u00e7in vazge\u00e7ilmez bir ko\u015ful h\u00e2line gelmi\u015ftir. ESA olarak, yenili\u011fin s\u00fcrd\u00fcr\u00fclebilir d\u00f6n\u00fc\u015f\u00fcme hizmet edebilece\u011fine ve etmesi gerekti\u011fine inan\u0131yor; \u00fcretim s\u00fcre\u00e7lerinin ekolojik ayak izini azaltmaya y\u00f6nelik, Ye\u015fil Ekonomi perspektifine uygun i\u015f modelleri ve otomasyon \u00e7\u00f6z\u00fcmlerini te\u015fvik ediyoruz. Vizyonumuz, makinelerin ve sistemlerin ger\u00e7ek zamanl\u0131 olarak ileti\u015fim kurdu\u011fu, kontrol, esneklik ve s\u00fcrekli optimizasyonun sa\u011fland\u0131\u011f\u0131 Ak\u0131ll\u0131 Fabrika\u2019ya odaklanmaktad\u0131r. Bu d\u00f6n\u00fc\u015f\u00fcm, teknolojik inovasyon ve stratejiden olu\u015fan a\u015famal\u0131 bir yolculuk gerektirir ve s\u00fcrd\u00fcr\u00fclebilirlik ile end\u00fcstriyel ilerlemenin birlikte ilerledi\u011fi bir gelece\u011fe kap\u0131 aralar. [\/vc_column_text][\/vc_column][vc_column width=&#8221;1\/2&#8243;][vc_column_text css=&#8221;&#8221;]Bu S\u00fcrd\u00fcr\u00fclebilirlik Raporu, ESA Automation\u2019\u0131n teknolojik yenili\u011fi, \u00e7evresel sorumlulu\u011fu ve insana verdi\u011fi de\u011feri bir araya getirme konusundaki kararl\u0131l\u0131\u011f\u0131n\u0131 ortaya koymaktad\u0131r. End\u00fcstriyel otomasyon \u00e7\u00f6z\u00fcmleri ve sorumlu kurumsal uygulamalar arac\u0131l\u0131\u011f\u0131yla \u015firket, daha verimli, daha g\u00fcvenli ve daha s\u00fcrd\u00fcr\u00fclebilir bir end\u00fcstriyel geli\u015fime katk\u0131da bulunmaktad\u0131r. [\/vc_column_text][\/vc_column][\/vc_row][vc_row][vc_column][vc_empty_space][vc_custom_heading text=&#8221;2024 S\u00fcrd\u00fcr\u00fclebilirlik Raporunu \u0130ndir&#8221; font_container=&#8221;tag:h1|text_align:left|color:%2300BAB3&#8243; use_theme_fonts=&#8221;yes&#8221; css=&#8221;&#8221; el_class=&#8221;d-5&#8243;][\/vc_column][\/vc_row][vc_row content_placement=&#8221;middle&#8221;][vc_column width=&#8221;1\/2&#8243;][vc_single_image image=&#8221;36781&#8243; img_size=&#8221;full&#8221; alignment=&#8221;center&#8221; css=&#8221;&#8221;][\/vc_column][vc_column width=&#8221;1\/2&#8243;][vc_column_text css=&#8221;&#8221;]Il presente bilancio di sostenibilit\u00e0 racconta l\u2019impegno di ESA Automation nel coniugare innovazione tecnologica, responsabilit\u00e0 ambientale e attenzione alle persone. Attraverso soluzioni per l\u2019automazione [&hellip;]<\/p>\n","protected":false},"author":40404,"featured_media":0,"parent":0,"menu_order":81,"comment_status":"closed","ping_status":"closed","template":"","meta":{"_acf_changed":false,"footnotes":""},"tags":[],"class_list":["post-17072","page","type-page","status-publish","hentry"],"acf":[],"aioseo_notices":[],"_links":{"self":[{"href":"https:\/\/staging.esa-automation.com\/tr\/wp-json\/wp\/v2\/pages\/17072","targetHints":{"allow":["GET"]}}],"collection":[{"href":"https:\/\/staging.esa-automation.com\/tr\/wp-json\/wp\/v2\/pages"}],"about":[{"href":"https:\/\/staging.esa-automation.com\/tr\/wp-json\/wp\/v2\/types\/page"}],"author":[{"embeddable":true,"href":"https:\/\/staging.esa-automation.com\/tr\/wp-json\/wp\/v2\/users\/40404"}],"replies":[{"embeddable":true,"href":"https:\/\/staging.esa-automation.com\/tr\/wp-json\/wp\/v2\/comments?post=17072"}],"version-history":[{"count":11,"href":"https:\/\/staging.esa-automation.com\/tr\/wp-json\/wp\/v2\/pages\/17072\/revisions"}],"predecessor-version":[{"id":36817,"href":"https:\/\/staging.esa-automation.com\/tr\/wp-json\/wp\/v2\/pages\/17072\/revisions\/36817"}],"wp:attachment":[{"href":"https:\/\/staging.esa-automation.com\/tr\/wp-json\/wp\/v2\/media?parent=17072"}],"wp:term":[{"taxonomy":"post_tag","embeddable":true,"href":"https:\/\/staging.esa-automation.com\/tr\/wp-json\/wp\/v2\/tags?post=17072"}],"curies":[{"name":"wp","href":"https:\/\/api.w.org\/{rel}","templated":true}]}}