{"id":17387,"date":"2024-05-02T14:25:05","date_gmt":"2024-05-02T12:25:05","guid":{"rendered":"https:\/\/staging.esa-automation.com\/it\/?page_id=17387"},"modified":"2025-01-29T10:33:42","modified_gmt":"2025-01-29T09:33:42","slug":"crew-2-2","status":"publish","type":"page","link":"https:\/\/staging.esa-automation.com\/tr\/urunlerimiz\/software\/kreo-connect\/","title":{"rendered":"Kreo Connect"},"content":{"rendered":"<div class=\"wpb-content-wrapper\"><p>[vc_section full_width=&#8221;stretch_row&#8221; css=&#8221;.vc_custom_1710233875963{background-color: #000000 !important;}&#8221;][vc_row][vc_column css=&#8221;.vc_custom_1728921388138{padding-right: 0px !important;padding-left: 0px !important;}&#8221;][vc_single_image image=&#8221;17478&#8243; img_size=&#8221;full&#8221; alignment=&#8221;center&#8221; css_animation=&#8221;fadeIn&#8221; parallax_speed_bg=&#8221;1.2&#8243;][\/vc_column][\/vc_row][\/vc_section][vc_row full_width=&#8221;stretch_row&#8221; equal_height=&#8221;yes&#8221; content_placement=&#8221;middle&#8221; css=&#8221;.vc_custom_1707228003784{background-color: #000000 !important;}&#8221;][vc_column width=&#8221;1\/2&#8243; css=&#8221;.vc_custom_1707228026491{padding-top: 0px !important;padding-right: 0px !important;padding-bottom: 0px !important;padding-left: 0px !important;}&#8221;][vc_column_text]<\/p>\n<h1><span style=\"color: #ffffff;\">Kreo Connect<\/span><\/h1>\n<h3><span style=\"color: #ffffff;\">Remote maintenance<\/span><\/h3>\n<p><span style=\"color: #ffffff;\">Makine duru\u015flar\u0131n\u0131 \u00f6nleyen ve maliyetleri \u00f6nemli \u00f6l\u00e7\u00fcde azaltan tesis bak\u0131m\u0131 i\u00e7in entegre uzaktan eri\u015fim \u00f6zellikli IoT platformu. Teknisyenler, herhangi bir yaz\u0131l\u0131m y\u00fcklemeye gerek kalmadan makinelerle standart bir web ba\u011flant\u0131s\u0131 ve g\u00fcvenli bir VPN \u00fczerinden ba\u011flant\u0131 kurabilir ve makine kontrol\u00fc ile ESA kenar cihazlar\u0131na m\u00fcdahale edebilir; her \u015fey bir web aray\u00fcz\u00fc \u00fczerinden y\u00f6netilir.<\/span>[\/vc_column_text][\/vc_column][vc_column width=&#8221;1\/2&#8243; el_class=&#8221;puntato-bianco&#8221;][vc_gallery interval=&#8221;3&#8243; images=&#8221;16281,16280,16279,16278&#8243; img_size=&#8221;full&#8221; onclick=&#8221;&#8221;][\/vc_column][\/vc_row][vc_section full_width=&#8221;stretch_row&#8221; css=&#8221;.vc_custom_1707236036063{background-color: #00bab3 !important;}&#8221;][vc_row][vc_column css=&#8221;.vc_custom_1707239661132{margin-bottom: 0px !important;}&#8221;][vc_column_text css=&#8221;.vc_custom_1707240059708{margin-bottom: 0px !important;}&#8221;]<\/p>\n<h1><span style=\"color: #ffffff;\">Features<\/span><\/h1>\n<p>[\/vc_column_text][\/vc_column][\/vc_row][vc_row full_width=&#8221;stretch_row&#8221; equal_height=&#8221;yes&#8221; css=&#8221;.vc_custom_1707231915168{background-color: #00bab3 !important;}&#8221;][vc_column width=&#8221;1\/2&#8243; el_class=&#8221;puntato-bianco&#8221; css=&#8221;.vc_custom_1707239671058{padding-top: 0px !important;}&#8221;][vc_column_text]<\/p>\n<ul>\n<li>HTML5 e Javascript: responsive, gesture and multi touch, SVG graphic, compatible with different platforms.<\/li>\n<li>edgeHMI \u2013 webHMI architecture: ODBC (Open Database Connectivity) connection,<br \/>\nuser management based on user groups and working station, OPC UA server and client<\/li>\n<li>Development enviroment extremely configurable<\/li>\n<li>Simple contest navigation via the foreward and backward button<\/li>\n<\/ul>\n<p>[\/vc_column_text][\/vc_column][vc_column width=&#8221;1\/2&#8243; el_class=&#8221;puntato-bianco&#8221; css=&#8221;.vc_custom_1707240047809{padding-top: 0px !important;}&#8221;][vc_column_text]<\/p>\n<ul>\n<li>2D e 3D graphics based on CANVAS and JAVASCRIPT<\/li>\n<li>Integrated PDF viewer and video player<\/li>\n<li>FDA-CFR21 part 11 compliant<\/li>\n<li>SVG graphic library with a dedicated tool that let the user creates his own objects.<\/li>\n<\/ul>\n<p>[\/vc_column_text][\/vc_column][\/vc_row][\/vc_section][vc_row][vc_column][vc_accordion active_tab=&#8221;false&#8221; collapsible=&#8221;yes&#8221; el_class=&#8221;.accordionScada&#8221;][vc_accordion_tab title=&#8221;CODICI LICENZE ORDINABILI&#8221; el_id=&#8221;CODES and DESCRIPTION&#8221;][vc_column_text]\n<table id=\"tablepress-284\" class=\"tablepress tablepress-id-284\">\n<thead>\n<tr class=\"row-1\">\n\t<th class=\"column-1\">Code                                                                           <\/th><th class=\"column-2\">Description<\/th>\n<\/tr>\n<\/thead>\n<tbody class=\"row-striping row-hover\">\n<tr class=\"row-2\">\n\t<td class=\"column-1\">KREOCONNECTPROX<\/td><td class=\"column-2\">LICENSE\/DOMAIN\/1ST\/MONTH\/FREE<\/td>\n<\/tr>\n<tr class=\"row-3\">\n\t<td class=\"column-1\">KREOCONNECT05GB<\/td><td class=\"column-2\">5GB\/MONTH\/TRAFFIC<\/td>\n<\/tr>\n<tr class=\"row-4\">\n\t<td class=\"column-1\">KREOCONNECT10GB<\/td><td class=\"column-2\">10GB\/MONTH\/TRAFFIC<\/td>\n<\/tr>\n<tr class=\"row-5\">\n\t<td class=\"column-1\">KREOCONNECTRTOE<\/td><td class=\"column-2\">ESAPRODUCTS\/RUNTIME\/FREE<\/td>\n<\/tr>\n<\/tbody>\n<\/table>\n<!-- #tablepress-284 from cache -->[\/vc_column_text][\/vc_accordion_tab][\/vc_accordion][\/vc_column][\/vc_row]<\/p>\n<\/div>","protected":false},"excerpt":{"rendered":"<p>Web tabanl\u0131 uzaktan bak\u0131m<\/p>\n","protected":false},"author":40404,"featured_media":16289,"parent":8790,"menu_order":82,"comment_status":"open","ping_status":"closed","template":"tmpprodotti.php","meta":{"_acf_changed":false,"footnotes":""},"tags":[35,21,34,99],"class_list":["post-17387","page","type-page","status-publish","has-post-thumbnail","hentry","tag-crew","tag-prodotti","tag-scada","tag-scada-crew"],"acf":[],"aioseo_notices":[],"_links":{"self":[{"href":"https:\/\/staging.esa-automation.com\/tr\/wp-json\/wp\/v2\/pages\/17387","targetHints":{"allow":["GET"]}}],"collection":[{"href":"https:\/\/staging.esa-automation.com\/tr\/wp-json\/wp\/v2\/pages"}],"about":[{"href":"https:\/\/staging.esa-automation.com\/tr\/wp-json\/wp\/v2\/types\/page"}],"author":[{"embeddable":true,"href":"https:\/\/staging.esa-automation.com\/tr\/wp-json\/wp\/v2\/users\/40404"}],"replies":[{"embeddable":true,"href":"https:\/\/staging.esa-automation.com\/tr\/wp-json\/wp\/v2\/comments?post=17387"}],"version-history":[{"count":0,"href":"https:\/\/staging.esa-automation.com\/tr\/wp-json\/wp\/v2\/pages\/17387\/revisions"}],"up":[{"embeddable":true,"href":"https:\/\/staging.esa-automation.com\/tr\/wp-json\/wp\/v2\/pages\/8790"}],"wp:featuredmedia":[{"embeddable":true,"href":"https:\/\/staging.esa-automation.com\/tr\/wp-json\/wp\/v2\/media\/16289"}],"wp:attachment":[{"href":"https:\/\/staging.esa-automation.com\/tr\/wp-json\/wp\/v2\/media?parent=17387"}],"wp:term":[{"taxonomy":"post_tag","embeddable":true,"href":"https:\/\/staging.esa-automation.com\/tr\/wp-json\/wp\/v2\/tags?post=17387"}],"curies":[{"name":"wp","href":"https:\/\/api.w.org\/{rel}","templated":true}]}}