{"id":17413,"date":"2024-05-03T11:17:48","date_gmt":"2024-05-03T09:17:48","guid":{"rendered":"https:\/\/staging.esa-automation.com\/it\/?page_id=17413"},"modified":"2025-10-08T18:00:16","modified_gmt":"2025-10-08T16:00:16","slug":"edge-hmi-2-2","status":"publish","type":"page","link":"https:\/\/staging.esa-automation.com\/tr\/urunlerimiz\/lumia-arm\/lumia-arm-web-hmi\/","title":{"rendered":"LUMIA ARM HMI"},"content":{"rendered":"<div class=\"wpb-content-wrapper\"><p>[vc_section full_width=&#8221;stretch_row&#8221; css=&#8221;.vc_custom_1710233875963{background-color: #000000 !important;}&#8221;][vc_row][vc_column css=&#8221;.vc_custom_1728921388138{padding-right: 0px !important;padding-left: 0px !important;}&#8221;][vc_single_image image=&#8221;17775&#8243; img_size=&#8221;full&#8221; alignment=&#8221;center&#8221; css_animation=&#8221;fadeIn&#8221; parallax_speed_bg=&#8221;1.2&#8243;][\/vc_column][\/vc_row][\/vc_section][vc_row full_width=&#8221;stretch_row&#8221; equal_height=&#8221;yes&#8221; content_placement=&#8221;middle&#8221; css=&#8221;.vc_custom_1707228003784{background-color: #000000 !important;}&#8221;][vc_column width=&#8221;1\/2&#8243; css=&#8221;.vc_custom_1707228026491{padding-top: 0px !important;padding-right: 0px !important;padding-bottom: 0px !important;padding-left: 0px !important;}&#8221;][vc_column_text css=&#8221;&#8221;]<\/p>\n<h1><span style=\"color: #ffffff;\">Lumia Arm Edge\/Web HMI<\/span><\/h1>\n<h3><span style=\"color: #ffffff;\">Entegre kablo rakoru ile web tabanl\u0131 \u00e7\u00f6z\u00fcm<\/span><\/h3>\n<p><span style=\"color: #ffffff;\">Lumia ARM Web HMI \u00fcr\u00fcn yelpazesi, kumanda tablolar\u0131 veya kontrol mahallerine kolay kurulmas\u0131 i\u00e7in kollu sabitleme sistemiyle donat\u0131lm\u0131\u015f, geli\u015fmi\u015f denetim ve uzaktan kumanda \u00e7\u00f6z\u00fcmleri sunar. \u00c7ok \u00e7ekirdekli (6 \u00e7ekirde\u011fe kadar) g\u00fc\u00e7l\u00fc Rockchip fans\u0131z i\u015flemcileri ve Linux Debian 11 i\u015fletim sistemi sayesinde bu webHMI en son nesil Web sunucular\u0131yla uyumluluk ve y\u00fcksek performans \u00f6zellikleri sunar. \u0130ki ba\u011f\u0131ms\u0131z LAN ba\u011flant\u0131 noktas\u0131 makine a\u011f\u0131 (OT) ile m\u00fc\u015fterinin alt yap\u0131s\u0131n\u0131 (IT) birbirinden ay\u0131rmaya olanak tan\u0131yarak, i\u015fletme verimini ve g\u00fcvenli\u011fini artt\u0131r\u0131r.<\/span>[\/vc_column_text][\/vc_column][vc_column width=&#8221;1\/2&#8243; el_class=&#8221;puntato-bianco&#8221;][vc_gallery interval=&#8221;3&#8243; images=&#8221;22614,22613,22612,22611,22610&#8243; img_size=&#8221;full&#8221; onclick=&#8221;&#8221;][\/vc_column][\/vc_row][vc_section full_width=&#8221;stretch_row&#8221; css=&#8221;.vc_custom_1707236036063{background-color: #00bab3 !important;}&#8221;][vc_row][vc_column css=&#8221;.vc_custom_1707239661132{margin-bottom: 0px !important;}&#8221;][vc_column_text css=&#8221;.vc_custom_1707240059708{margin-bottom: 0px !important;}&#8221;]<\/p>\n<h1><span style=\"color: #ffffff;\">Features<\/span><\/h1>\n<p>[\/vc_column_text][\/vc_column][\/vc_row][vc_row full_width=&#8221;stretch_row&#8221; equal_height=&#8221;yes&#8221; css=&#8221;.vc_custom_1707231915168{background-color: #00bab3 !important;}&#8221;][vc_column width=&#8221;1\/2&#8243; el_class=&#8221;puntato-bianco&#8221; css=&#8221;.vc_custom_1707239671058{padding-top: 0px !important;}&#8221;][vc_column_text]<\/p>\n<ul>\n<li>Linux Debian 11 i\u015fletim sistemi<\/li>\n<li>\u00dc\u00e7 boyutta mevcut olan, y\u00fcksek \u00e7\u00f6z\u00fcn\u00fcrl\u00fck ve parlakl\u0131\u011fa sahip 16:9 geni\u015f ekran: 15,6\u201d (1920&#215;1080), 21,5\u201d (1920&#215;1080), 27\u201d (1920&#215;1080)<\/li>\n<li>15,6\u201d ekranl\u0131 s\u00fcr\u00fcm\u00fc hem yatay hem de dikey montaj i\u00e7in mevcuttur<\/li>\n<li>Kapasitif dokunma \u00f6zellikli true flat tam \u00f6n cam<\/li>\n<li>T\u00fcm \u00fcr\u00fcnde IP65 koruma derecesiyle kollu montaj<\/li>\n<\/ul>\n<p>[\/vc_column_text][\/vc_column][vc_column width=&#8221;1\/2&#8243; el_class=&#8221;puntato-bianco&#8221; css=&#8221;.vc_custom_1707240047809{padding-top: 0px !important;}&#8221;][vc_column_text]<\/p>\n<ul>\n<li>Rockchip ailesinden \u00e7ok \u00e7ekirdekli i\u015flemci<\/li>\n<li>2 ba\u011f\u0131ms\u0131z LAN ba\u011flant\u0131 noktas\u0131<\/li>\n<li>2 USB ba\u011flant\u0131 noktas\u0131<\/li>\n<li>Zengin bir bile\u015fen katalo\u011fuyla kullan\u0131c\u0131 taraf\u0131ndan yap\u0131land\u0131r\u0131labilen kol<\/li>\n<li>Kumandalar, lambalar, se\u00e7im d\u00fc\u011fmeleri ve acil durum butonlar\u0131 i\u00e7in 10&#8217;a kadar kablolu yuva<\/li>\n<\/ul>\n<p>[\/vc_column_text][\/vc_column][\/vc_row][\/vc_section]<\/p>\n<p>[vc_row css=&#8221;.vc_custom_1758018520740{padding-top: 40px !important;}&#8221;][vc_column width=&#8221;1\/4&#8243;][vc_column_text css=&#8221;&#8221;]<\/p>\n<p>Lumia HMI ile Esneklik, \u00d6l\u00e7eklenebilirlik ve G\u00fcvenlik<\/p>\n<p>End\u00fcstriyel tesislerde hibrit mimarilerin artan kullan\u0131m\u0131, farkl\u0131 senaryolara uyum sa\u011flayabilen ancak makine park\u0131 y\u00f6netimini karma\u015f\u0131kla\u015ft\u0131rmayan HMI aray\u00fczlerine sahip olmay\u0131 giderek daha \u00f6nemli hale getiriyor. Bu ihtiyac\u0131 kar\u015f\u0131lamak i\u00e7in, Edge HMI ve Web HMI modlar\u0131 aras\u0131nda tek bir kontrol paneli \u00fczerinden \u00f6zg\u00fcrce se\u00e7im yapma imkan\u0131 sunan \u00e7\u00f6z\u00fcm\u00fcm\u00fcz Lumia HMI&#8217;y\u0131 geli\u015ftirdik.<\/p>\n<p>[\/vc_column_text][\/vc_column][vc_column width=&#8221;3\/4&#8243;][vc_single_image image=&#8221;36561&#8243; img_size=&#8221;full&#8221; alignment=&#8221;center&#8221; css=&#8221;&#8221;][\/vc_column]<\/p>\n<p>[vc_row][vc_column][vc_empty_space][vc_accordion active_tab=&#8221;false&#8221; collapsible=&#8221;yes&#8221; el_class=&#8221;.accordionHMI&#8221;][vc_accordion_tab title=&#8221;LUMIA ARM WebHMI&#8221; el_id=&#8221;LUMIAEDGEHMI&#8221;][vc_column_text el_class=&#8221;productTextBoxContainer&#8221;][\/vc_column_text][vc_column_text el_class=&#8221;tableDownloadPDF&#8221;]\n<table id=\"tablepress-280\" class=\"tablepress tablepress-id-280\">\n<thead>\n<tr class=\"row-1\">\n\t<th class=\"column-1\"> <\/th><th class=\"column-2\">ARM webHMI<\/th>\n<\/tr>\n<\/thead>\n<tbody class=\"row-striping row-hover\">\n<tr class=\"row-2\">\n\t<td class=\"column-1\">O.S.<\/td><td class=\"column-2\">Linux Debian 11 + Chromium 114<\/td>\n<\/tr>\n<tr class=\"row-3\">\n\t<td class=\"column-1\">Display Size<\/td><td class=\"column-2\">  15,6\u201d (1920x 1080)<\/td>\n<\/tr>\n<tr class=\"row-4\">\n\t<td class=\"column-1\"><\/td><td class=\"column-2\">  21,5\u201d (1920x 1080)<\/td>\n<\/tr>\n<tr class=\"row-5\">\n\t<td class=\"column-1\"><\/td><td class=\"column-2\">27\u201d  (1920 x 1080)<\/td>\n<\/tr>\n<tr class=\"row-6\">\n\t<td class=\"column-1\">Display technology<\/td><td class=\"column-2\">TFT<\/td>\n<\/tr>\n<tr class=\"row-7\">\n\t<td class=\"column-1\">Display Backlight<\/td><td class=\"column-2\">Led<\/td>\n<\/tr>\n<tr class=\"row-8\">\n\t<td class=\"column-1\">Display Colors<\/td><td class=\"column-2\">16M<\/td>\n<\/tr>\n<tr class=\"row-9\">\n\t<td class=\"column-1\">Touch Technology<\/td><td class=\"column-2\">Capacitive<\/td>\n<\/tr>\n<tr class=\"row-10\">\n\t<td class=\"column-1\">Bezel \/ Chassis<\/td><td class=\"column-2\">Alluminium<\/td>\n<\/tr>\n<tr class=\"row-11\">\n\t<td class=\"column-1\">Processor<\/td><td class=\"column-2\">RK3399<\/td>\n<\/tr>\n<tr class=\"row-12\">\n\t<td class=\"column-1\"><\/td><td class=\"column-2\">Dual-core Cortex-A72 +<\/td>\n<\/tr>\n<tr class=\"row-13\">\n\t<td class=\"column-1\"><\/td><td class=\"column-2\">Quad-core Cortex-A53<\/td>\n<\/tr>\n<tr class=\"row-14\">\n\t<td class=\"column-1\">Chipset<\/td><td class=\"column-2\">SoC<\/td>\n<\/tr>\n<tr class=\"row-15\">\n\t<td class=\"column-1\">RAM<\/td><td class=\"column-2\">2 GB DDR4<\/td>\n<\/tr>\n<tr class=\"row-16\">\n\t<td class=\"column-1\">Mass storage<\/td><td class=\"column-2\">16GB eMMC<\/td>\n<\/tr>\n<tr class=\"row-17\">\n\t<td class=\"column-1\">Ethernet Port<\/td><td class=\"column-2\">1*1GB + 1*100MB<\/td>\n<\/tr>\n<tr class=\"row-18\">\n\t<td class=\"column-1\">USB Port<\/td><td class=\"column-2\">1x2.0 + 1x3.0<\/td>\n<\/tr>\n<tr class=\"row-19\">\n\t<td class=\"column-1\">Wifi<\/td><td class=\"column-2\">2,5 \/ 5 GHz client mode<\/td>\n<\/tr>\n<tr class=\"row-20\">\n\t<td class=\"column-1\">Power Supply (Vdc)<\/td><td class=\"column-2\">12 \u2013 32V DC<\/td>\n<\/tr>\n<tr class=\"row-21\">\n\t<td class=\"column-1\">Consumption (W)<\/td><td class=\"column-2\">18W 15,6\u201d<\/td>\n<\/tr>\n<tr class=\"row-22\">\n\t<td class=\"column-1\"><\/td><td class=\"column-2\">28W 21\u201d<\/td>\n<\/tr>\n<tr class=\"row-23\">\n\t<td class=\"column-1\"><\/td><td class=\"column-2\">28W 27\u201d<\/td>\n<\/tr>\n<tr class=\"row-24\">\n\t<td class=\"column-1\">Operating temperature<\/td><td class=\"column-2\">0 \u2026 + 50 \u00b0C  <\/td>\n<\/tr>\n<tr class=\"row-25\">\n\t<td class=\"column-1\">Storage Temperature (\u00b0C)<\/td><td class=\"column-2\">-20 \u2026 + 60 \u00b0C<\/td>\n<\/tr>\n<tr class=\"row-26\">\n\t<td class=\"column-1\">Humidity<\/td><td class=\"column-2\"><90% (non condensing)<\/td>\n<\/tr>\n<tr class=\"row-27\">\n\t<td class=\"column-1\">External dimensions(W\/H\/D) (mm)<\/td><td class=\"column-2\">15,6\u201d 389,40 x 328,30 x 126,99<\/td>\n<\/tr>\n<tr class=\"row-28\">\n\t<td class=\"column-1\"><\/td><td class=\"column-2\">21.5\u201d 527,84 x 405,10 x 126,99 <\/td>\n<\/tr>\n<tr class=\"row-29\">\n\t<td class=\"column-1\"><\/td><td class=\"column-2\">27\u201d 645,40 x 469,25 x 126,99<\/td>\n<\/tr>\n<tr class=\"row-30\">\n\t<td class=\"column-1\">Weight (kg)<\/td><td class=\"column-2\">15\u201d   6,5<\/td>\n<\/tr>\n<tr class=\"row-31\">\n\t<td class=\"column-1\"><\/td><td class=\"column-2\">21,5  8KG<\/td>\n<\/tr>\n<tr class=\"row-32\">\n\t<td class=\"column-1\"><\/td><td class=\"column-2\">27\u201d  10Kg<\/td>\n<\/tr>\n<tr class=\"row-33\">\n\t<td class=\"column-1\">Protection degree <\/td><td class=\"column-2\">IP66 all around<\/td>\n<\/tr>\n<\/tbody>\n<\/table>\n<!-- #tablepress-280 from cache -->[\/vc_column_text][\/vc_accordion_tab][\/vc_accordion][vc_empty_space height=&#8221;40px&#8221;][\/vc_column][\/vc_row]<\/p>\n<\/div>","protected":false},"excerpt":{"rendered":"<p>Entegre kablo rakoru ile web tabanl\u0131 \u00e7\u00f6z\u00fcm<\/p>\n","protected":false},"author":40404,"featured_media":17565,"parent":16971,"menu_order":43,"comment_status":"open","ping_status":"open","template":"tmpprodotti.php","meta":{"_acf_changed":false,"footnotes":""},"tags":[197,198,21],"class_list":["post-17413","page","type-page","status-publish","has-post-thumbnail","hentry","tag-ewdb","tag-ewdb-prodotti","tag-prodotti"],"acf":[],"aioseo_notices":[],"_links":{"self":[{"href":"https:\/\/staging.esa-automation.com\/tr\/wp-json\/wp\/v2\/pages\/17413","targetHints":{"allow":["GET"]}}],"collection":[{"href":"https:\/\/staging.esa-automation.com\/tr\/wp-json\/wp\/v2\/pages"}],"about":[{"href":"https:\/\/staging.esa-automation.com\/tr\/wp-json\/wp\/v2\/types\/page"}],"author":[{"embeddable":true,"href":"https:\/\/staging.esa-automation.com\/tr\/wp-json\/wp\/v2\/users\/40404"}],"replies":[{"embeddable":true,"href":"https:\/\/staging.esa-automation.com\/tr\/wp-json\/wp\/v2\/comments?post=17413"}],"version-history":[{"count":9,"href":"https:\/\/staging.esa-automation.com\/tr\/wp-json\/wp\/v2\/pages\/17413\/revisions"}],"predecessor-version":[{"id":36629,"href":"https:\/\/staging.esa-automation.com\/tr\/wp-json\/wp\/v2\/pages\/17413\/revisions\/36629"}],"up":[{"embeddable":true,"href":"https:\/\/staging.esa-automation.com\/tr\/wp-json\/wp\/v2\/pages\/16971"}],"wp:featuredmedia":[{"embeddable":true,"href":"https:\/\/staging.esa-automation.com\/tr\/wp-json\/wp\/v2\/media\/17565"}],"wp:attachment":[{"href":"https:\/\/staging.esa-automation.com\/tr\/wp-json\/wp\/v2\/media?parent=17413"}],"wp:term":[{"taxonomy":"post_tag","embeddable":true,"href":"https:\/\/staging.esa-automation.com\/tr\/wp-json\/wp\/v2\/tags?post=17413"}],"curies":[{"name":"wp","href":"https:\/\/api.w.org\/{rel}","templated":true}]}}