{"id":17418,"date":"2024-05-03T11:52:44","date_gmt":"2024-05-03T09:52:44","guid":{"rendered":"https:\/\/staging.esa-automation.com\/it\/?page_id=17418"},"modified":"2025-01-29T15:15:30","modified_gmt":"2025-01-29T14:15:30","slug":"ergo-hmi-touch-2-2","status":"publish","type":"page","link":"https:\/\/staging.esa-automation.com\/tr\/urunlerimiz\/vesa\/pc-lumia\/","title":{"rendered":"PC LUMIA"},"content":{"rendered":"<div class=\"wpb-content-wrapper\"><p>[vc_section full_width=&#8221;stretch_row&#8221; css=&#8221;.vc_custom_1710233875963{background-color: #000000 !important;}&#8221;][vc_row][vc_column css=&#8221;.vc_custom_1728921388138{padding-right: 0px !important;padding-left: 0px !important;}&#8221;][vc_single_image image=&#8221;17646&#8243; img_size=&#8221;full&#8221; alignment=&#8221;center&#8221; css_animation=&#8221;fadeIn&#8221; parallax_speed_bg=&#8221;1.2&#8243;][\/vc_column][\/vc_row][\/vc_section][vc_row full_width=&#8221;stretch_row&#8221; equal_height=&#8221;yes&#8221; content_placement=&#8221;middle&#8221; css=&#8221;.vc_custom_1707228003784{background-color: #000000 !important;}&#8221;][vc_column width=&#8221;1\/2&#8243; css=&#8221;.vc_custom_1707228026491{padding-top: 0px !important;padding-right: 0px !important;padding-bottom: 0px !important;padding-left: 0px !important;}&#8221;][vc_column_text]<\/p>\n<h1><span style=\"color: #ffffff;\">Lumia Vesa IPC<\/span><\/h1>\n<h3><span style=\"color: #ffffff;\">Y\u00fcksek Performansl\u0131 End\u00fcstriyel PC<\/span><\/h3>\n<p><span style=\"color: #ffffff;\">Lumia IPC, ba\u011f\u0131ms\u0131z makinelerden tam \u00fcretim hatlar\u0131na kadar end\u00fcstriyel uygulamalar\u0131n gereksinimlerini kar\u015f\u0131lamak i\u00e7in tasarlanm\u0131\u015f geni\u015f bir PC yelpazesi sunar. Kurulum, donan\u0131m yap\u0131land\u0131rmas\u0131 ve i\u015fletim sistemi a\u00e7\u0131s\u0131ndan esnekli\u011fi, onu end\u00fcstriyel, ev otomasyonu ve s\u00fcre\u00e7 kontrol ortamlar\u0131nda kullan\u0131m i\u00e7in ideal k\u0131lar.<\/span><\/p>\n<p><span style=\"color: #ffffff;\">Yeni nesil fans\u0131z i\u015flemciler, toz birikimini ve bak\u0131m gereksinimlerini azalt\u0131rken y\u00fcksek performans sa\u011flar. 2 veya 3 ba\u011f\u0131ms\u0131z LAN portu ile Lumia IPC, makine a\u011f\u0131 (OT) ile m\u00fc\u015fteri altyap\u0131s\u0131 (IT) aras\u0131ndaki ayr\u0131m\u0131 kolayla\u015ft\u0131r\u0131r.<\/span><\/p>\n<p><span style=\"color: #ffffff;\">KREO PC HMI yaz\u0131l\u0131m paketi, teklifi tamamlar ve Lumia IPC&#8217;yi IIoT&#8217;ye y\u00f6nelik \u00e7oklu istemci uygulamalar\u0131 ve kenar ve bulut platformlar\u0131yla veri al\u0131\u015fveri\u015fi i\u00e7in ideal hale getirir.<\/span><\/p>\n<p><span style=\"color: #ffffff;\">Entegre ve tamamen web tabanl\u0131 Kreo Connect yaz\u0131l\u0131m paketi, kullan\u0131c\u0131lar\u0131n standart bir web ba\u011flant\u0131s\u0131 arac\u0131l\u0131\u011f\u0131yla makine bak\u0131m\u0131n\u0131 uzaktan y\u00f6netmesine olanak tan\u0131r.<\/span>[\/vc_column_text][\/vc_column][vc_column width=&#8221;1\/2&#8243; el_class=&#8221;puntato-bianco&#8221;][vc_gallery interval=&#8221;3&#8243; images=&#8221;15407,15406,15405,15404&#8243; img_size=&#8221;full&#8221; onclick=&#8221;&#8221;][\/vc_column][\/vc_row][vc_section full_width=&#8221;stretch_row&#8221; css=&#8221;.vc_custom_1707236036063{background-color: #00bab3 !important;}&#8221;][vc_row][vc_column css=&#8221;.vc_custom_1707239661132{margin-bottom: 0px !important;}&#8221;][vc_column_text css=&#8221;.vc_custom_1707240059708{margin-bottom: 0px !important;}&#8221;]<\/p>\n<h1><span style=\"color: #ffffff;\">Features<\/span><\/h1>\n<p>[\/vc_column_text][\/vc_column][\/vc_row][vc_row full_width=&#8221;stretch_row&#8221; equal_height=&#8221;yes&#8221; css=&#8221;.vc_custom_1707231915168{background-color: #00bab3 !important;}&#8221;][vc_column width=&#8221;1\/2&#8243; el_class=&#8221;puntato-bianco&#8221; css=&#8221;.vc_custom_1707239671058{padding-top: 0px !important;}&#8221;][vc_column_text]<\/p>\n<ul>\n<li>Kurulum:\u00a0IP66 koruma s\u0131n\u0131f\u0131 ile VESA 100 montaj<\/li>\n<li>\u0130\u015flemciler:\u00a0Intel Celeron J6412&#8217;den 11. nesil Intel i7&#8217;ye kadar geni\u015f yelpaze<\/li>\n<li>Ba\u011flant\u0131:\u00a03 ba\u011f\u0131ms\u0131z LAN portu, 6 adede kadar COM portu, 4 USB 3.2 portu, 2 HDMI video \u00e7\u0131k\u0131\u015f\u0131<\/li>\n<\/ul>\n<p>[\/vc_column_text][\/vc_column][vc_column width=&#8221;1\/2&#8243; el_class=&#8221;puntato-bianco&#8221; css=&#8221;.vc_custom_1707240047809{padding-top: 0px !important;}&#8221;][vc_column_text]<\/p>\n<ul>\n<li>\u0130\u015flemciler: Intel Celeron J6412&#8217;den 11. nesil Intel i7&#8217;ye kadar geni\u015f \u00fcr\u00fcn gam\u0131<\/li>\n<li>VESA 100 x 100 ba\u011flant\u0131l\u0131 montaj<\/li>\n<li>Ba\u011flant\u0131 \u00f6zellikleri: Ba\u011f\u0131ms\u0131z 3 LAN ba\u011flant\u0131 noktas\u0131, 6&#8217;ya kadar COM ba\u011flant\u0131 noktas\u0131, 4 USB ba\u011flant\u0131 noktas\u0131 3.2, 2 HDMI video \u00e7\u0131k\u0131\u015f\u0131<\/li>\n<\/ul>\n<p>[\/vc_column_text][\/vc_column][\/vc_row][\/vc_section][vc_row][vc_column][vc_empty_space][vc_accordion active_tab=&#8221;false&#8221; collapsible=&#8221;yes&#8221; el_class=&#8221;.accordionHMI&#8221;][vc_accordion_tab title=&#8221;LUMIA IPC &#8211; Vesa Mounting&#8221; el_id=&#8221;LUMIAIPC&#8221;][vc_column_text el_class=&#8221;productTextBoxContainer&#8221;][\/vc_column_text][vc_column_text el_class=&#8221;tableDownloadPDF&#8221;]<a href=\"https:\/\/staging.esa-automation.com\/wp-content\/uploads\/2023\/07\/LUMIA-IPC-Open-04-07-2023.pdf\" target=\"_blank\" rel=\"noopener noreferrer\">Download LUMIA Edge IPC.pdf<\/a><a href=\"https:\/\/staging.esa-automation.com\/wp-content\/uploads\/2023\/02\/LUMIA-EdgeHMI.pdf\" target=\"_blank\" rel=\"noopener noreferrer\"><br \/>\n<\/a><a href=\"https:\/\/staging.esa-automation.com\/wp-content\/uploads\/2023\/07\/LUMIA-IPC-Open-04-07-2023.pdf\" target=\"_blank\" rel=\"noopener noreferrer\">Download LUMIA Open IPC.pdf<\/a><\/p>\n<p>\n<table id=\"tablepress-271\" class=\"tablepress tablepress-id-271\">\n<thead>\n<tr class=\"row-1\">\n\t<th class=\"column-1\"> <\/th><th class=\"column-2\">IPC - HMI<\/th>\n<\/tr>\n<\/thead>\n<tbody class=\"row-striping row-hover\">\n<tr class=\"row-2\">\n\t<td class=\"column-1\">O.S.<\/td><td class=\"column-2\">Win10 IoT LTSC 2019\/2021<\/td>\n<\/tr>\n<tr class=\"row-3\">\n\t<td class=\"column-1\">Application software<\/td><td class=\"column-2\">Kreo HMI<\/td>\n<\/tr>\n<tr class=\"row-4\">\n\t<td class=\"column-1\">Display Size<\/td><td class=\"column-2\">10,1\" (1280 x 800)<\/td>\n<\/tr>\n<tr class=\"row-5\">\n\t<td class=\"column-1\"><\/td><td class=\"column-2\">15,6\u201d (1366 x 768)<\/td>\n<\/tr>\n<tr class=\"row-6\">\n\t<td class=\"column-1\"><\/td><td class=\"column-2\">15,6\u201d (1920 x 1080)<\/td>\n<\/tr>\n<tr class=\"row-7\">\n\t<td class=\"column-1\"><\/td><td class=\"column-2\">21,5\u201d (1920 x 1080)<\/td>\n<\/tr>\n<tr class=\"row-8\">\n\t<td class=\"column-1\"><\/td><td class=\"column-2\">27\u201d (1920 x 1080)<\/td>\n<\/tr>\n<tr class=\"row-9\">\n\t<td class=\"column-1\">Display technology<\/td><td class=\"column-2\">TFT<\/td>\n<\/tr>\n<tr class=\"row-10\">\n\t<td class=\"column-1\">Display Backlight<\/td><td class=\"column-2\">Led<\/td>\n<\/tr>\n<tr class=\"row-11\">\n\t<td class=\"column-1\">Display Colors<\/td><td class=\"column-2\">16M<\/td>\n<\/tr>\n<tr class=\"row-12\">\n\t<td class=\"column-1\">Touch Technology<\/td><td class=\"column-2\">Capacitive<\/td>\n<\/tr>\n<tr class=\"row-13\">\n\t<td class=\"column-1\">Bezel \/ Chassis<\/td><td class=\"column-2\">Alluminium<\/td>\n<\/tr>\n<tr class=\"row-14\">\n\t<td class=\"column-1\">Processor<\/td><td class=\"column-2\">Celeron Quad Core J3455 1,5 (2,3) GHz<\/td>\n<\/tr>\n<tr class=\"row-15\">\n\t<td class=\"column-1\"><\/td><td class=\"column-2\">Intel Core i3-7100U 2,4 GHz<\/td>\n<\/tr>\n<tr class=\"row-16\">\n\t<td class=\"column-1\"><\/td><td class=\"column-2\">Intel Core i5-7300U Base 2,6 (3,5) GHz <\/td>\n<\/tr>\n<tr class=\"row-17\">\n\t<td class=\"column-1\"><\/td><td class=\"column-2\">Intel Core i7-7600U 2,8 (3,9 ) GHz<\/td>\n<\/tr>\n<tr class=\"row-18\">\n\t<td class=\"column-1\"><\/td><td class=\"column-2\"><\/td>\n<\/tr>\n<tr class=\"row-19\">\n\t<td class=\"column-1\"><\/td><td class=\"column-2\"><\/td>\n<\/tr>\n<tr class=\"row-20\">\n\t<td class=\"column-1\"><\/td><td class=\"column-2\">Celeron Quad Core J6412 \u2013 2,0 (2,6) GHz<\/td>\n<\/tr>\n<tr class=\"row-21\">\n\t<td class=\"column-1\"><\/td><td class=\"column-2\">Intel Core i3-1115G4 1,7  (4,1) GHz<\/td>\n<\/tr>\n<tr class=\"row-22\">\n\t<td class=\"column-1\"><\/td><td class=\"column-2\">Intel Core i7-1165G7 2,8 (4,8) GHz<\/td>\n<\/tr>\n<tr class=\"row-23\">\n\t<td class=\"column-1\">Chipset<\/td><td class=\"column-2\">SoC<\/td>\n<\/tr>\n<tr class=\"row-24\">\n\t<td class=\"column-1\">GPU<\/td><td class=\"column-2\">J3455 - HD Graphics 500<\/td>\n<\/tr>\n<tr class=\"row-25\">\n\t<td class=\"column-1\"><\/td><td class=\"column-2\">i3-7100U\/ i5-7300U\/ i7-7600U  HD Graphics 620 <\/td>\n<\/tr>\n<tr class=\"row-26\">\n\t<td class=\"column-1\"><\/td><td class=\"column-2\"><\/td>\n<\/tr>\n<tr class=\"row-27\">\n\t<td class=\"column-1\"><\/td><td class=\"column-2\">J6412   UHD Graphics for 10th Gen Intel Processors<\/td>\n<\/tr>\n<tr class=\"row-28\">\n\t<td class=\"column-1\"><\/td><td class=\"column-2\">i3-1115\/ i7-1165 UHD Graphics for 11th Gen Intel Processors<\/td>\n<\/tr>\n<tr class=\"row-29\">\n\t<td class=\"column-1\"><\/td><td class=\"column-2\"><\/td>\n<\/tr>\n<tr class=\"row-30\">\n\t<td class=\"column-1\">RAM<\/td><td class=\"column-2\">J3455 \u2013 4GB DDR3L up to 8 GB DDR3L<\/td>\n<\/tr>\n<tr class=\"row-31\">\n\t<td class=\"column-1\"><\/td><td class=\"column-2\">i3-7100U\/i5-7300U\/ i7-7600U 4GB up to 16 GB DDR4  <\/td>\n<\/tr>\n<tr class=\"row-32\">\n\t<td class=\"column-1\"><\/td><td class=\"column-2\"><\/td>\n<\/tr>\n<tr class=\"row-33\">\n\t<td class=\"column-1\"><\/td><td class=\"column-2\">J6412\/i3-1115\/i71165 8GB up to 32GB<\/td>\n<\/tr>\n<tr class=\"row-34\">\n\t<td class=\"column-1\"><\/td><td class=\"column-2\"><\/td>\n<\/tr>\n<tr class=\"row-35\">\n\t<td class=\"column-1\">Mass storage<\/td><td class=\"column-2\">256 GB \/ 512GB\/ 1T SSD<\/td>\n<\/tr>\n<tr class=\"row-36\">\n\t<td class=\"column-1\">Ethernet Port<\/td><td class=\"column-2\">J3455 \u20132x1Gb Intel I211AT<\/td>\n<\/tr>\n<tr class=\"row-37\">\n\t<td class=\"column-1\"><\/td><td class=\"column-2\">i3-7100U\/i5-7300U\/ i7-7600U - 2x 1Gb Intel I210AT\/I219LM<\/td>\n<\/tr>\n<tr class=\"row-38\">\n\t<td class=\"column-1\"><\/td><td class=\"column-2\"><\/td>\n<\/tr>\n<tr class=\"row-39\">\n\t<td class=\"column-1\"><\/td><td class=\"column-2\">J6412  2 x 1GB Intel 225-V<\/td>\n<\/tr>\n<tr class=\"row-40\">\n\t<td class=\"column-1\"><\/td><td class=\"column-2\">\/i3-1115\/i71165   2x Intel GBE LAN Chip <\/td>\n<\/tr>\n<tr class=\"row-41\">\n\t<td class=\"column-1\"><\/td><td class=\"column-2\"><\/td>\n<\/tr>\n<tr class=\"row-42\">\n\t<td class=\"column-1\">COM port<\/td><td class=\"column-2\">J3455 - i3-7100U\/ i5-7300U\/ i7-7600U  1x RS232\/RS485<\/td>\n<\/tr>\n<tr class=\"row-43\">\n\t<td class=\"column-1\"><\/td><td class=\"column-2\"><\/td>\n<\/tr>\n<tr class=\"row-44\">\n\t<td class=\"column-1\"><\/td><td class=\"column-2\">J6412\/i3-1115\/i71165    1x RS232<\/td>\n<\/tr>\n<tr class=\"row-45\">\n\t<td class=\"column-1\">USB Port<\/td><td class=\"column-2\">Celeron J3455 \u2013 2 x 3.1 <\/td>\n<\/tr>\n<tr class=\"row-46\">\n\t<td class=\"column-1\"><\/td><td class=\"column-2\">Intel Core 7th GEN \u2013 4 x 3.0<\/td>\n<\/tr>\n<tr class=\"row-47\">\n\t<td class=\"column-1\"><\/td><td class=\"column-2\"><\/td>\n<\/tr>\n<tr class=\"row-48\">\n\t<td class=\"column-1\"><\/td><td class=\"column-2\">J6412 3x USB 3.0 + 3x USB3.0<\/td>\n<\/tr>\n<tr class=\"row-49\">\n\t<td class=\"column-1\"><\/td><td class=\"column-2\">i3-1115\/i71165    6x USB3.0<\/td>\n<\/tr>\n<tr class=\"row-50\">\n\t<td class=\"column-1\">Power Supply (Vdc)<\/td><td class=\"column-2\">12 \u2013 32V DC<\/td>\n<\/tr>\n<tr class=\"row-51\">\n\t<td class=\"column-1\">Consumption (W)<\/td><td class=\"column-2\">30W 10,1\u201d<\/td>\n<\/tr>\n<tr class=\"row-52\">\n\t<td class=\"column-1\"><\/td><td class=\"column-2\">35W 15,6\u201d<\/td>\n<\/tr>\n<tr class=\"row-53\">\n\t<td class=\"column-1\"><\/td><td class=\"column-2\">50W 21\u201d<\/td>\n<\/tr>\n<tr class=\"row-54\">\n\t<td class=\"column-1\"><\/td><td class=\"column-2\">50W 27\u201d<\/td>\n<\/tr>\n<tr class=\"row-55\">\n\t<td class=\"column-1\">Operating temperature<\/td><td class=\"column-2\">0 \u2026 + 50 \u00b0C  <\/td>\n<\/tr>\n<tr class=\"row-56\">\n\t<td class=\"column-1\">Storage Temperature (\u00b0C)<\/td><td class=\"column-2\">-20 \u2026 + 60 \u00b0C<\/td>\n<\/tr>\n<tr class=\"row-57\">\n\t<td class=\"column-1\">Humidity<\/td><td class=\"column-2\"><90% (non condensing)<\/td>\n<\/tr>\n<tr class=\"row-58\">\n\t<td class=\"column-1\">Protection degree <\/td><td class=\"column-2\">IP 66<\/td>\n<\/tr>\n<\/tbody>\n<\/table>\n<!-- #tablepress-271 from cache -->[\/vc_column_text][\/vc_accordion_tab][\/vc_accordion][vc_empty_space height=&#8221;40px&#8221;][\/vc_column][\/vc_row]<\/p>\n<\/div>","protected":false},"excerpt":{"rendered":"<p>Y\u00fcksek Performansl\u0131 End\u00fcstriyel PC<\/p>\n","protected":false},"author":40404,"featured_media":17332,"parent":11814,"menu_order":84,"comment_status":"open","ping_status":"open","template":"tmpprodotti.php","meta":{"_acf_changed":false,"footnotes":""},"tags":[197,198,21],"class_list":["post-17418","page","type-page","status-publish","has-post-thumbnail","hentry","tag-ewdb","tag-ewdb-prodotti","tag-prodotti"],"acf":[],"aioseo_notices":[],"_links":{"self":[{"href":"https:\/\/staging.esa-automation.com\/tr\/wp-json\/wp\/v2\/pages\/17418","targetHints":{"allow":["GET"]}}],"collection":[{"href":"https:\/\/staging.esa-automation.com\/tr\/wp-json\/wp\/v2\/pages"}],"about":[{"href":"https:\/\/staging.esa-automation.com\/tr\/wp-json\/wp\/v2\/types\/page"}],"author":[{"embeddable":true,"href":"https:\/\/staging.esa-automation.com\/tr\/wp-json\/wp\/v2\/users\/40404"}],"replies":[{"embeddable":true,"href":"https:\/\/staging.esa-automation.com\/tr\/wp-json\/wp\/v2\/comments?post=17418"}],"version-history":[{"count":0,"href":"https:\/\/staging.esa-automation.com\/tr\/wp-json\/wp\/v2\/pages\/17418\/revisions"}],"up":[{"embeddable":true,"href":"https:\/\/staging.esa-automation.com\/tr\/wp-json\/wp\/v2\/pages\/11814"}],"wp:featuredmedia":[{"embeddable":true,"href":"https:\/\/staging.esa-automation.com\/tr\/wp-json\/wp\/v2\/media\/17332"}],"wp:attachment":[{"href":"https:\/\/staging.esa-automation.com\/tr\/wp-json\/wp\/v2\/media?parent=17418"}],"wp:term":[{"taxonomy":"post_tag","embeddable":true,"href":"https:\/\/staging.esa-automation.com\/tr\/wp-json\/wp\/v2\/tags?post=17418"}],"curies":[{"name":"wp","href":"https:\/\/api.w.org\/{rel}","templated":true}]}}