{"id":17419,"date":"2024-05-03T11:59:53","date_gmt":"2024-05-03T09:59:53","guid":{"rendered":"https:\/\/staging.esa-automation.com\/it\/?page_id=17419"},"modified":"2025-01-29T15:17:20","modified_gmt":"2025-01-29T14:17:20","slug":"ergo-hmi-touch-2-4","status":"publish","type":"page","link":"https:\/\/staging.esa-automation.com\/tr\/urunlerimiz\/vesa\/pbox-lumia-vesa\/","title":{"rendered":"PBOX LUMIA VESA"},"content":{"rendered":"<div class=\"wpb-content-wrapper\"><p>[vc_section full_width=&#8221;stretch_row&#8221; css=&#8221;.vc_custom_1710233875963{background-color: #000000 !important;}&#8221;][vc_row][vc_column css=&#8221;.vc_custom_1728921388138{padding-right: 0px !important;padding-left: 0px !important;}&#8221;][vc_single_image image=&#8221;17652&#8243; img_size=&#8221;full&#8221; alignment=&#8221;center&#8221; css_animation=&#8221;fadeIn&#8221; parallax_speed_bg=&#8221;1.2&#8243;][\/vc_column][\/vc_row][\/vc_section][vc_row full_width=&#8221;stretch_row&#8221; equal_height=&#8221;yes&#8221; content_placement=&#8221;middle&#8221; css=&#8221;.vc_custom_1707228003784{background-color: #000000 !important;}&#8221;][vc_column width=&#8221;1\/2&#8243; css=&#8221;.vc_custom_1707228026491{padding-top: 0px !important;padding-right: 0px !important;padding-bottom: 0px !important;padding-left: 0px !important;}&#8221;][vc_column_text]<\/p>\n<h1><span style=\"color: #ffffff;\">Lumia Vesa PBOX<\/span><\/h1>\n<h3><span style=\"color: #ffffff;\">10 yuval\u0131 buton muhafazas\u0131<\/span><\/h3>\n<p><span style=\"color: #ffffff;\">PB serisi, vandalizme kar\u015f\u0131 korumal\u0131 yap\u0131ya sahip d\u00fczenleme ve kontrol cihazlar\u0131ndan olu\u015fan bir \u00fcr\u00fcn serisidir. Arkadan ayd\u0131nlatmal\u0131 ve ayd\u0131nlatmas\u0131z butonlar, se\u00e7iciler, acil durum butonu, anahtar se\u00e7iciler, USB portlar\u0131 ve Ethernet portlar\u0131 PB portf\u00f6y\u00fcnde mevcuttur. Hassas tasar\u0131m, kompakt yap\u0131 ve \u00e7ekici g\u00f6r\u00fcn\u00fcm ana \u00f6zelliklerdir. PBOX VESA, 10 adede kadar PBOX cihaz\u0131n\u0131 bar\u0131nd\u0131rabilen ve LUMIA VESA \u00fcr\u00fcn\u00fcn\u00fcn alt k\u0131sm\u0131na monte edilen muhafaza kutusudur. Montaj \u00e7ok basittir ve do\u011frudan m\u00fc\u015fteri taraf\u0131ndan yap\u0131labilir. \u00d6n k\u0131s\u0131m PVC, arka k\u0131s\u0131m al\u00fcminyumdan yap\u0131lm\u0131\u015ft\u0131r ve koruma derecesi IP65&#8217;tir.<\/span><br \/>\n[\/vc_column_text][\/vc_column][vc_column width=&#8221;1\/2&#8243; el_class=&#8221;puntato-bianco&#8221;][vc_gallery interval=&#8221;3&#8243; images=&#8221;17959,17960,17961&#8243; img_size=&#8221;full&#8221; onclick=&#8221;&#8221;][\/vc_column][\/vc_row][vc_section full_width=&#8221;stretch_row&#8221; css=&#8221;.vc_custom_1707236036063{background-color: #00bab3 !important;}&#8221;][vc_row][vc_column css=&#8221;.vc_custom_1707239661132{margin-bottom: 0px !important;}&#8221;][vc_column_text css=&#8221;.vc_custom_1707240059708{margin-bottom: 0px !important;}&#8221;]<\/p>\n<h1><span style=\"color: #ffffff;\">Features<\/span><\/h1>\n<p>[\/vc_column_text][\/vc_column][\/vc_row][vc_row full_width=&#8221;stretch_row&#8221; equal_height=&#8221;yes&#8221; css=&#8221;.vc_custom_1707231915168{background-color: #00bab3 !important;}&#8221;][vc_column width=&#8221;1\/2&#8243; el_class=&#8221;puntato-bianco&#8221; css=&#8221;.vc_custom_1707239671058{padding-top: 0px !important;}&#8221;][vc_column_text]<\/p>\n<ul>\n<li>Boyutlar:\u00a0382 x 100 x 66.18<\/li>\n<li>Yuva Say\u0131s\u0131:\u00a010<\/li>\n<li>Yuva \u00c7ap\u0131:\u00a022.30<\/li>\n<li>Yuva Aral\u0131\u011f\u0131:\u00a035.33<\/li>\n<\/ul>\n<p>[\/vc_column_text][\/vc_column][vc_column width=&#8221;1\/2&#8243; el_class=&#8221;puntato-bianco&#8221; css=&#8221;.vc_custom_1707240047809{padding-top: 0px !important;}&#8221;][vc_column_text][\/vc_column_text][\/vc_column][\/vc_row][\/vc_section][vc_row][vc_column][vc_empty_space][vc_accordion active_tab=&#8221;false&#8221; collapsible=&#8221;yes&#8221; el_class=&#8221;.accordionHMI&#8221;][vc_accordion_tab title=&#8221;LUMIA IPC &#8211; Vesa Mounting&#8221; el_id=&#8221;LUMIAIPC&#8221;][vc_column_text el_class=&#8221;productTextBoxContainer&#8221;][\/vc_column_text][vc_column_text el_class=&#8221;tableDownloadPDF&#8221;]<a href=\"https:\/\/staging.esa-automation.com\/wp-content\/uploads\/2023\/07\/LUMIA-IPC-Open-04-07-2023.pdf\" target=\"_blank\" rel=\"noopener noreferrer\">Download LUMIA Edge IPC.pdf<\/a><a href=\"https:\/\/staging.esa-automation.com\/wp-content\/uploads\/2023\/02\/LUMIA-EdgeHMI.pdf\" target=\"_blank\" rel=\"noopener noreferrer\"><br \/>\n<\/a><a href=\"https:\/\/staging.esa-automation.com\/wp-content\/uploads\/2023\/07\/LUMIA-IPC-Open-04-07-2023.pdf\" target=\"_blank\" rel=\"noopener noreferrer\">Download LUMIA Open IPC.pdf<\/a><\/p>\n<p>\n<table id=\"tablepress-243\" class=\"tablepress tablepress-id-243\">\n<thead>\n<tr class=\"row-1\">\n\t<th class=\"column-1\"> <\/th><th class=\"column-2\">Embedded - HMI<\/th><th class=\"column-3\">Embedded - HMI + PLC<\/th><th class=\"column-4\">IPC<\/th>\n<\/tr>\n<\/thead>\n<tbody class=\"row-striping row-hover\">\n<tr class=\"row-2\">\n\t<td class=\"column-1\">O.S.<\/td><td class=\"column-2\">Linux Debian 10<\/td><td class=\"column-3\">Linux Debian 10 + Raspbian OS<\/td><td class=\"column-4\">Windows 10 LTSC 2019 <\/td>\n<\/tr>\n<tr class=\"row-3\">\n\t<td class=\"column-1\">Application software<\/td><td class=\"column-2\">Kreo HMI<\/td><td class=\"column-3\">Kreo HMI +<\/td><td class=\"column-4\">Kreo HMI<\/td>\n<\/tr>\n<tr class=\"row-4\">\n\t<td class=\"column-1\"><\/td><td class=\"column-2\"><\/td><td class=\"column-3\"> Codesys 3.x<\/td><td class=\"column-4\"><\/td>\n<\/tr>\n<tr class=\"row-5\">\n\t<td class=\"column-1\">Display Size<\/td><td class=\"column-2\">10,1\" (1280 x 800)<\/td><td class=\"column-3\">10,1\" (1280 x 800)<\/td><td class=\"column-4\">10,1\" (1280 x 800)<\/td>\n<\/tr>\n<tr class=\"row-6\">\n\t<td class=\"column-1\"><\/td><td class=\"column-2\">15,6\u201d (1366 x 768)<\/td><td class=\"column-3\">15,6\u201d (1366 x 768)<\/td><td class=\"column-4\">15,6\u201d (1366 x 768)<\/td>\n<\/tr>\n<tr class=\"row-7\">\n\t<td class=\"column-1\"><\/td><td class=\"column-2\">21,5\u201d (1920x 1080)<\/td><td class=\"column-3\">21,5\u201d (1920x 1080)<\/td><td class=\"column-4\">21,5\u201d (1920x 1080)<\/td>\n<\/tr>\n<tr class=\"row-8\">\n\t<td class=\"column-1\"><\/td><td class=\"column-2\">27\u201d (1920 x 1080)<\/td><td class=\"column-3\">27\u201d (1920 x 1080)<\/td><td class=\"column-4\">27\u201d (1920 x 1080)<\/td>\n<\/tr>\n<tr class=\"row-9\">\n\t<td class=\"column-1\">Display technology<\/td><td class=\"column-2\">TFT<\/td><td class=\"column-3\">TFT<\/td><td class=\"column-4\">TFT<\/td>\n<\/tr>\n<tr class=\"row-10\">\n\t<td class=\"column-1\">Display Backlight<\/td><td class=\"column-2\">Led<\/td><td class=\"column-3\">Led<\/td><td class=\"column-4\">Led<\/td>\n<\/tr>\n<tr class=\"row-11\">\n\t<td class=\"column-1\">Display Colors<\/td><td class=\"column-2\">16M<\/td><td class=\"column-3\">16M<\/td><td class=\"column-4\">16M<\/td>\n<\/tr>\n<tr class=\"row-12\">\n\t<td class=\"column-1\">Touch Technology<\/td><td class=\"column-2\">Capacitive<\/td><td class=\"column-3\">Capacitive<\/td><td class=\"column-4\">Capacitive<\/td>\n<\/tr>\n<tr class=\"row-13\">\n\t<td class=\"column-1\">Bezel \/ Chassis<\/td><td class=\"column-2\">Aluminium<\/td><td class=\"column-3\">Aluminium<\/td><td class=\"column-4\">Aluminium<\/td>\n<\/tr>\n<tr class=\"row-14\">\n\t<td class=\"column-1\">Processor - HMI<\/td><td class=\"column-2\">RK3399<\/td><td class=\"column-3\">RK3399<\/td><td class=\"column-4\">Celeron Quad Core J3455E \u2013 2,3 GHz<\/td>\n<\/tr>\n<tr class=\"row-15\">\n\t<td class=\"column-1\"><\/td><td class=\"column-2\">Dual-core Cortex-A72 + Quad-core Cortex-A53<\/td><td class=\"column-3\">Dual-core Cortex-A72 + Quad-core Cortex-A53<\/td><td class=\"column-4\">Intel Core i3-7100U 2,4 GHz<\/td>\n<\/tr>\n<tr class=\"row-16\">\n\t<td class=\"column-1\"><\/td><td class=\"column-2\"><\/td><td class=\"column-3\"><\/td><td class=\"column-4\">Intel Core i5-7300U 3,5 GHz<\/td>\n<\/tr>\n<tr class=\"row-17\">\n\t<td class=\"column-1\"><\/td><td class=\"column-2\"><\/td><td class=\"column-3\"><\/td><td class=\"column-4\">Intel Core i7-7600U 2,8 GHz<\/td>\n<\/tr>\n<tr class=\"row-18\">\n\t<td class=\"column-1\">Processor - PLC<\/td><td class=\"column-2\"><\/td><td class=\"column-3\">Broadcom BCM2711, Cortex A72 QC<\/td><td class=\"column-4\"><\/td>\n<\/tr>\n<tr class=\"row-19\">\n\t<td class=\"column-1\">Chipset<\/td><td class=\"column-2\"><\/td><td class=\"column-3\"><\/td><td class=\"column-4\">SoC<\/td>\n<\/tr>\n<tr class=\"row-20\">\n\t<td class=\"column-1\">GPU<\/td><td class=\"column-2\"><\/td><td class=\"column-3\"><\/td><td class=\"column-4\">Celeron Quad Core J3455 - HD Graphics 500<\/td>\n<\/tr>\n<tr class=\"row-21\">\n\t<td class=\"column-1\"><\/td><td class=\"column-2\"><\/td><td class=\"column-3\"><\/td><td class=\"column-4\">Intel Core i3-7100U \u2013 HD Graphics 620 \u2013 up to 1 GHz<\/td>\n<\/tr>\n<tr class=\"row-22\">\n\t<td class=\"column-1\"><\/td><td class=\"column-2\"><\/td><td class=\"column-3\"><\/td><td class=\"column-4\">Intel Core i5-7300U \u2013 HD Graphics 620 \u2013 up to 1 GHz<\/td>\n<\/tr>\n<tr class=\"row-23\">\n\t<td class=\"column-1\"><\/td><td class=\"column-2\"><\/td><td class=\"column-3\"><\/td><td class=\"column-4\">Intel Core i7-7600U \u2013 HD Graphics 620 \u2013 up to 1 GHz<\/td>\n<\/tr>\n<tr class=\"row-24\">\n\t<td class=\"column-1\">RAM - HMI<\/td><td class=\"column-2\">2G DDR4<\/td><td class=\"column-3\">2G DDR4<\/td><td class=\"column-4\">Celeron Quad Core J3455 \u2013 4GB DDR3L up to 8 GB DDR3L<\/td>\n<\/tr>\n<tr class=\"row-25\">\n\t<td class=\"column-1\"><\/td><td class=\"column-2\"><\/td><td class=\"column-3\"><\/td><td class=\"column-4\">Intel Core i3-7100U 2,4 GHz<\/td>\n<\/tr>\n<tr class=\"row-26\">\n\t<td class=\"column-1\"><\/td><td class=\"column-2\"><\/td><td class=\"column-3\"><\/td><td class=\"column-4\">Intel Core i5-7300U 3,5 GHz<\/td>\n<\/tr>\n<tr class=\"row-27\">\n\t<td class=\"column-1\"><\/td><td class=\"column-2\"><\/td><td class=\"column-3\"><\/td><td class=\"column-4\">Intel Core i7-7600U 2,8 GHz<\/td>\n<\/tr>\n<tr class=\"row-28\">\n\t<td class=\"column-1\"><\/td><td class=\"column-2\"><\/td><td class=\"column-3\"><\/td><td class=\"column-4\">4GB up to 16 GB DDR4  <\/td>\n<\/tr>\n<tr class=\"row-29\">\n\t<td class=\"column-1\">RAM - PLC<\/td><td class=\"column-2\"><\/td><td class=\"column-3\">4GB LPDDR4<\/td><td class=\"column-4\"><\/td>\n<\/tr>\n<tr class=\"row-30\">\n\t<td class=\"column-1\">Mass storage - HMI<\/td><td class=\"column-2\">16GB eMMC<\/td><td class=\"column-3\">16GB eMMC<\/td><td class=\"column-4\">256 GB SSD<\/td>\n<\/tr>\n<tr class=\"row-31\">\n\t<td class=\"column-1\"><\/td><td class=\"column-2\"><\/td><td class=\"column-3\"><\/td><td class=\"column-4\">512GB SSD<\/td>\n<\/tr>\n<tr class=\"row-32\">\n\t<td class=\"column-1\"><\/td><td class=\"column-2\"><\/td><td class=\"column-3\"><\/td><td class=\"column-4\">1TB SSD<\/td>\n<\/tr>\n<tr class=\"row-33\">\n\t<td class=\"column-1\">Mass storage - PLC<\/td><td class=\"column-2\"><\/td><td class=\"column-3\">16GB micro SD<\/td><td class=\"column-4\"><\/td>\n<\/tr>\n<tr class=\"row-34\">\n\t<td class=\"column-1\">Ethernet Port - HMI<\/td><td class=\"column-2\">1*1Gb+1*100Mb<\/td><td class=\"column-3\">1*1Gb+1*100Mb<\/td><td class=\"column-4\">Celeron Q.C.J3455 \u20132x1Gb RJ45 Intel I211AT<\/td>\n<\/tr>\n<tr class=\"row-35\">\n\t<td class=\"column-1\"><\/td><td class=\"column-2\"><\/td><td class=\"column-3\"><\/td><td class=\"column-4\">Intel Core 7GEN - 2x 1Gb RJ45<\/td>\n<\/tr>\n<tr class=\"row-36\">\n\t<td class=\"column-1\"><\/td><td class=\"column-2\"><\/td><td class=\"column-3\"><\/td><td class=\"column-4\">Intel I210AT\/I219LM<\/td>\n<\/tr>\n<tr class=\"row-37\">\n\t<td class=\"column-1\">Ethernet Port - PLC<\/td><td class=\"column-2\"><\/td><td class=\"column-3\">1*1Gb<\/td><td class=\"column-4\"><\/td>\n<\/tr>\n<tr class=\"row-38\">\n\t<td class=\"column-1\">Realtime fieldbus<\/td><td class=\"column-2\"><\/td><td class=\"column-3\">Ethercat master<\/td><td class=\"column-4\"><\/td>\n<\/tr>\n<tr class=\"row-39\">\n\t<td class=\"column-1\">Wifi - HMI<\/td><td class=\"column-2\">2,5 \/ 5 GHZ support (client)<\/td><td class=\"column-3\"><\/td><td class=\"column-4\"><\/td>\n<\/tr>\n<tr class=\"row-40\">\n\t<td class=\"column-1\">Wifi - PLC<\/td><td class=\"column-2\"><\/td><td class=\"column-3\">2,5 \/ 5 GHZ support (client\/hotspot)<\/td><td class=\"column-4\"><\/td>\n<\/tr>\n<tr class=\"row-41\">\n\t<td class=\"column-1\">COM Port<\/td><td class=\"column-2\"><\/td><td class=\"column-3\"><\/td><td class=\"column-4\">1x RS232\/RS485<\/td>\n<\/tr>\n<tr class=\"row-42\">\n\t<td class=\"column-1\">USB Port<\/td><td class=\"column-2\">1xUSB3.0 + 1xUSB2.0 <\/td><td class=\"column-3\">1xUSB3.0 + 1xUSB2.0 <\/td><td class=\"column-4\">Celeron QC J3455 \u2013 2 x 3.1 <\/td>\n<\/tr>\n<tr class=\"row-43\">\n\t<td class=\"column-1\"><\/td><td class=\"column-2\"><\/td><td class=\"column-3\">2 x USB 3.0; 2 x USB 2.0<\/td><td class=\"column-4\">Intel Core 7th GEN \u2013 4 x 3.0<\/td>\n<\/tr>\n<tr class=\"row-44\">\n\t<td class=\"column-1\">Power Supply (Vdc)<\/td><td class=\"column-2\">12 \u2013 32V DC<\/td><td class=\"column-3\"><\/td><td class=\"column-4\"><\/td>\n<\/tr>\n<tr class=\"row-45\">\n\t<td class=\"column-1\">Consumption (W)<\/td><td class=\"column-2\">12W 10,1\u201d<\/td><td class=\"column-3\">14W 10,1\u201d<\/td><td class=\"column-4\">30W 10,1\u201d<\/td>\n<\/tr>\n<tr class=\"row-46\">\n\t<td class=\"column-1\"><\/td><td class=\"column-2\">18W 15,6\u201d<\/td><td class=\"column-3\">20W 15,6\u201d<\/td><td class=\"column-4\">35W 15,6\u201d<\/td>\n<\/tr>\n<tr class=\"row-47\">\n\t<td class=\"column-1\"><\/td><td class=\"column-2\">28W 21\u201d<\/td><td class=\"column-3\">30W 21\u201d<\/td><td class=\"column-4\">50W 21\u201d<\/td>\n<\/tr>\n<tr class=\"row-48\">\n\t<td class=\"column-1\"><\/td><td class=\"column-2\">28W 27\u201d<\/td><td class=\"column-3\">30W 27\u201d<\/td><td class=\"column-4\">50W 27\u201d<\/td>\n<\/tr>\n<tr class=\"row-49\">\n\t<td class=\"column-1\">Operating Temperature (\u00b0C)<\/td><td class=\"column-2\">0 \u2026 + 50 \u00b0C  <\/td><td class=\"column-3\"><\/td><td class=\"column-4\"><\/td>\n<\/tr>\n<tr class=\"row-50\">\n\t<td class=\"column-1\">Storage Temperature (\u00b0C)<\/td><td class=\"column-2\">-20 \u2026 + 60 \u00b0C<\/td><td class=\"column-3\"><\/td><td class=\"column-4\"><\/td>\n<\/tr>\n<tr class=\"row-51\">\n\t<td class=\"column-1\">Humidity<\/td><td class=\"column-2\"><90% (non condensing)<\/td><td class=\"column-3\"><\/td><td class=\"column-4\"><\/td>\n<\/tr>\n<tr class=\"row-52\">\n\t<td class=\"column-1\">External dimensions(W\/H\/D) (mm)<\/td><td class=\"column-2\">10\u201d panel - 269 x 190 x 42<br \/>\n<\/td><td class=\"column-3\">10\u201d panel - 269 x 190 x 67.3<\/td><td class=\"column-4\">10\u201d panel  69 x 190 x 42<\/td>\n<\/tr>\n<tr class=\"row-53\">\n\t<td class=\"column-1\"><\/td><td class=\"column-2\">10\u201d vesa 250.6 x 171.6 x40,2<\/td><td class=\"column-3\"><\/td><td class=\"column-4\"><\/td>\n<\/tr>\n<tr class=\"row-54\">\n\t<td class=\"column-1\"><\/td><td class=\"column-2\">15\u201d panel  - 402.4 x 251.7 x 45<\/td><td class=\"column-3\">15\u201d panel  - 402.4 x 251.7 x 70.3<\/td><td class=\"column-4\">15\u201d panel  - 402.4 x 251.7 x 45<\/td>\n<\/tr>\n<tr class=\"row-55\">\n\t<td class=\"column-1\"><\/td><td class=\"column-2\">15\u201d vesa - 381 x 231.3 x 59.3<\/td><td class=\"column-3\">15\u201d vesa - 381 x 231.3 x 59.3<\/td><td class=\"column-4\">15\u201d vesa 382 x 230.8 x 80.7<\/td>\n<\/tr>\n<tr class=\"row-56\">\n\t<td class=\"column-1\"><\/td><td class=\"column-2\">21,5\u201d panel 546.4 x 337.9 x 50.5<\/td><td class=\"column-3\">21,5\u201d panel 546.4 x 337.9 x 75.75<\/td><td class=\"column-4\">21,5\u201d panel 546.4 x 337.9 x 73<\/td>\n<\/tr>\n<tr class=\"row-57\">\n\t<td class=\"column-1\"><\/td><td class=\"column-2\">21.5\u201d vesa 527.2 x 318.7 x 62<\/td><td class=\"column-3\">21.5\u201d vesa 527.2 x 318.7 x 62<\/td><td class=\"column-4\">21.5\u201d vesa 527.2 x 318.7 x 83<\/td>\n<\/tr>\n<tr class=\"row-58\">\n\t<td class=\"column-1\"><\/td><td class=\"column-2\"><\/td><td class=\"column-3\"><\/td><td class=\"column-4\">27\u201d vesa  648,4x 385,5 x 85<\/td>\n<\/tr>\n<tr class=\"row-59\">\n\t<td class=\"column-1\"><\/td><td class=\"column-2\">27\u201d vesa  <\/td><td class=\"column-3\">27\u201d panel 669 x 406 x 75.75<\/td><td class=\"column-4\">27\u201d panel 669 x 406 x 73<\/td>\n<\/tr>\n<tr class=\"row-60\">\n\t<td class=\"column-1\"><\/td><td class=\"column-2\">27\u201d vesa  648,4x 385,5 x 62<\/td><td class=\"column-3\">27\u201d vesa  648,4x 385,5 x 62<\/td><td class=\"column-4\">27\u201d vesa  648,4x 385,5 x 83<\/td>\n<\/tr>\n<tr class=\"row-61\">\n\t<td class=\"column-1\"><\/td><td class=\"column-2\"><\/td><td class=\"column-3\">27\u201d panel 683 x 420 x 70<\/td><td class=\"column-4\"><\/td>\n<\/tr>\n<tr class=\"row-62\">\n\t<td class=\"column-1\">Cut-out dimensions (W\/H) (mm)<\/td><td class=\"column-2\">10\u201d panel - 258.5 x 179.5<\/td><td class=\"column-3\">10\u201d panel - 258.5 x 179.5<\/td><td class=\"column-4\">10\u201d panel - 258.5 x 179.5<\/td>\n<\/tr>\n<tr class=\"row-63\">\n\t<td class=\"column-1\"><\/td><td class=\"column-2\">15\u201d panel - 390 x 239<\/td><td class=\"column-3\">15\u201d panel - 390 x 239<\/td><td class=\"column-4\">15\u201d panel - 390 x 239<\/td>\n<\/tr>\n<tr class=\"row-64\">\n\t<td class=\"column-1\"><\/td><td class=\"column-2\">21\u201d 531 x 323<\/td><td class=\"column-3\">21\u201d 531 x 323<\/td><td class=\"column-4\">21\u201d 531 x 323<\/td>\n<\/tr>\n<tr class=\"row-65\">\n\t<td class=\"column-1\"><\/td><td class=\"column-2\">27\u201d 652 x 389<\/td><td class=\"column-3\">27\u201d 652 x 389<\/td><td class=\"column-4\">27\u201d 652 x 389<\/td>\n<\/tr>\n<tr class=\"row-66\">\n\t<td class=\"column-1\">Weight (kg)<\/td><td class=\"column-2\">10\u201d   5<\/td><td class=\"column-3\">10\u201d   5<\/td><td class=\"column-4\">10\u201d   5<\/td>\n<\/tr>\n<tr class=\"row-67\">\n\t<td class=\"column-1\"><\/td><td class=\"column-2\">15\u201d   6,5<\/td><td class=\"column-3\">15\u201d   6,5<\/td><td class=\"column-4\">15\u201d   6,5<\/td>\n<\/tr>\n<tr class=\"row-68\">\n\t<td class=\"column-1\"><\/td><td class=\"column-2\">21,5  8KG<\/td><td class=\"column-3\">21,5  8KG<\/td><td class=\"column-4\">21,5  8KG<\/td>\n<\/tr>\n<tr class=\"row-69\">\n\t<td class=\"column-1\"><\/td><td class=\"column-2\">27\u201d  10Kg<\/td><td class=\"column-3\">27\u201d  10Kg<\/td><td class=\"column-4\">27\u201d  10Kg<\/td>\n<\/tr>\n<tr class=\"row-70\">\n\t<td class=\"column-1\">Protection degree <\/td><td class=\"column-2\">Panel \u2013 IP66 front<\/td><td class=\"column-3\">Panel \u2013 IP66 front<\/td><td class=\"column-4\">Panel \u2013 IP66 front<\/td>\n<\/tr>\n<tr class=\"row-71\">\n\t<td class=\"column-1\"><\/td><td class=\"column-2\">Vesa \u2013 IP66 all around<\/td><td class=\"column-3\">Vesa \u2013 IP66 all around<\/td><td class=\"column-4\">Vesa \u2013 IP66 all around<\/td>\n<\/tr>\n<tr class=\"row-72\">\n\t<td class=\"column-1\"><\/td><td class=\"column-2\">CE - RED (2014\/53\/EU):<\/td><td class=\"column-3\">CE - RED (2014\/53\/EU):<\/td><td class=\"column-4\">CE<\/td>\n<\/tr>\n<tr class=\"row-73\">\n\t<td class=\"column-1\"><\/td><td class=\"column-2\">Safety: EN 62368-1:2020 + A11:2020<\/td><td class=\"column-3\">Safety: EN 62368-1:2020 + A11:2020<\/td><td class=\"column-4\">UL\/ATEX\/DNV available soon<\/td>\n<\/tr>\n<tr class=\"row-74\">\n\t<td class=\"column-1\"><\/td><td class=\"column-2\">Health: EN 62479:2010<\/td><td class=\"column-3\">Health: EN 62479:2010<\/td><td class=\"column-4\"><\/td>\n<\/tr>\n<tr class=\"row-75\">\n\t<td class=\"column-1\"><\/td><td class=\"column-2\">EMC: ETSI EN 301 489-1 V2.2.3 (2019-11)<\/td><td class=\"column-3\">EMC: ETSI EN 301 489-1 V2.2.3 (2019-11)<\/td><td class=\"column-4\"><\/td>\n<\/tr>\n<tr class=\"row-76\">\n\t<td class=\"column-1\"><\/td><td class=\"column-2\">ETSI EN 301 489-17 V3.2.4 (2020-09)<\/td><td class=\"column-3\">ETSI EN 301 489-17 V3.2.4 (2020-09)<\/td><td class=\"column-4\"><\/td>\n<\/tr>\n<tr class=\"row-77\">\n\t<td class=\"column-1\"><\/td><td class=\"column-2\">Radio: ETSI EN 300 328 V2.2.2,  ETSI EN 301 893 V2.1.1 (2017-05)<\/td><td class=\"column-3\">Radio: ETSI EN 300 328 V2.2.2,  ETSI EN 301 893 V2.1.1 (2017-05)<\/td><td class=\"column-4\"><\/td>\n<\/tr>\n<tr class=\"row-78\">\n\t<td class=\"column-1\"><\/td><td class=\"column-2\">UL\/ATEX\/DNV available soon<\/td><td class=\"column-3\">UL\/ATEX\/DNV available soon<\/td><td class=\"column-4\"><\/td>\n<\/tr>\n<\/tbody>\n<\/table>\n<!-- #tablepress-243 from cache -->[\/vc_column_text][\/vc_accordion_tab][\/vc_accordion][vc_empty_space height=&#8221;40px&#8221;][\/vc_column][\/vc_row]<\/p>\n<\/div>","protected":false},"excerpt":{"rendered":"<p>10 Yuval\u0131 D\u00fc\u011fme Kutusu<\/p>\n","protected":false},"author":40404,"featured_media":17958,"parent":11814,"menu_order":137,"comment_status":"open","ping_status":"open","template":"tmpprodotti.php","meta":{"_acf_changed":false,"footnotes":""},"tags":[197,198,21],"class_list":["post-17419","page","type-page","status-publish","has-post-thumbnail","hentry","tag-ewdb","tag-ewdb-prodotti","tag-prodotti"],"acf":[],"aioseo_notices":[],"_links":{"self":[{"href":"https:\/\/staging.esa-automation.com\/tr\/wp-json\/wp\/v2\/pages\/17419","targetHints":{"allow":["GET"]}}],"collection":[{"href":"https:\/\/staging.esa-automation.com\/tr\/wp-json\/wp\/v2\/pages"}],"about":[{"href":"https:\/\/staging.esa-automation.com\/tr\/wp-json\/wp\/v2\/types\/page"}],"author":[{"embeddable":true,"href":"https:\/\/staging.esa-automation.com\/tr\/wp-json\/wp\/v2\/users\/40404"}],"replies":[{"embeddable":true,"href":"https:\/\/staging.esa-automation.com\/tr\/wp-json\/wp\/v2\/comments?post=17419"}],"version-history":[{"count":0,"href":"https:\/\/staging.esa-automation.com\/tr\/wp-json\/wp\/v2\/pages\/17419\/revisions"}],"up":[{"embeddable":true,"href":"https:\/\/staging.esa-automation.com\/tr\/wp-json\/wp\/v2\/pages\/11814"}],"wp:featuredmedia":[{"embeddable":true,"href":"https:\/\/staging.esa-automation.com\/tr\/wp-json\/wp\/v2\/media\/17958"}],"wp:attachment":[{"href":"https:\/\/staging.esa-automation.com\/tr\/wp-json\/wp\/v2\/media?parent=17419"}],"wp:term":[{"taxonomy":"post_tag","embeddable":true,"href":"https:\/\/staging.esa-automation.com\/tr\/wp-json\/wp\/v2\/tags?post=17419"}],"curies":[{"name":"wp","href":"https:\/\/api.w.org\/{rel}","templated":true}]}}