{"id":3268,"date":"2015-11-03T15:47:39","date_gmt":"2015-11-03T14:47:39","guid":{"rendered":"https:\/\/staging.esa-automation.com\/en\/?page_id=3268"},"modified":"2025-01-30T10:23:07","modified_gmt":"2025-01-30T09:23:07","slug":"kit-esco","status":"publish","type":"page","link":"https:\/\/staging.esa-automation.com\/tr\/urunlerimiz\/energy-management\/ew8bx\/","title":{"rendered":"KIT ESCO"},"content":{"rendered":"<div class=\"wpb-content-wrapper\"><p>[vc_section full_width=&#8221;stretch_row&#8221; css=&#8221;.vc_custom_1710233875963{background-color: #000000 !important;}&#8221;][vc_row][vc_column css=&#8221;.vc_custom_1728921388138{padding-right: 0px !important;padding-left: 0px !important;}&#8221;][vc_single_image image=&#8221;17597&#8243; img_size=&#8221;full&#8221; alignment=&#8221;center&#8221; css_animation=&#8221;fadeIn&#8221;][\/vc_column][\/vc_row][\/vc_section][vc_row full_width=&#8221;stretch_row&#8221; equal_height=&#8221;yes&#8221; content_placement=&#8221;middle&#8221; css=&#8221;.vc_custom_1707228003784{background-color: #000000 !important;}&#8221;][vc_column width=&#8221;1\/2&#8243; css=&#8221;.vc_custom_1707228026491{padding-top: 0px !important;padding-right: 0px !important;padding-bottom: 0px !important;padding-left: 0px !important;}&#8221;][vc_column_text]<\/p>\n<h1><span style=\"color: #ffffff;\">KIT ESCO<\/span><\/h1>\n<h3><span style=\"color: #ffffff;\">Eksiksiz enerji izleme sistemi<\/span><\/h3>\n<p><span style=\"color: #ffffff;\">ESCo \u015firketleri i\u00e7in projeye \u00f6zel d\u00fc\u015f\u00fcn\u00fclm\u00fc\u015f, enerji t\u00fcketimlerinin kesintisiz \u00f6l\u00e7\u00fcm\u00fc ve izlenmesine y\u00f6nelik eksiksiz sistem. \u0130ki s\u00fcr\u00fcm olarak mevcut olan bu sistem \u00f6l\u00e7\u00fcm noktalar\u0131n\u0131n temin ve kurulumunun y\u00f6netimini son derece basitle\u015ftirir.<span>[\/vc_column_text][\/vc_column][vc_column width=&#8221;1\/2&#8243; el_class=&#8221;puntato-bianco&#8221;][vc_gallery interval=&#8221;3&#8243; images=&#8221;11724,11725&#8243; img_size=&#8221;full&#8221; onclick=&#8221;&#8221;][\/vc_column][\/vc_row][vc_section full_width=&#8221;stretch_row&#8221; css=&#8221;.vc_custom_1707236036063{background-color: #00bab3 !important;}&#8221;][vc_row][vc_column css=&#8221;.vc_custom_1707239661132{margin-bottom: 0px !important;}&#8221;][vc_column_text css=&#8221;.vc_custom_1707240059708{margin-bottom: 0px !important;}&#8221;]<\/p>\n<h1><span style=\"color: #ffffff;\">Features<\/span><\/h1>\n<p>[\/vc_column_text][\/vc_column][\/vc_row][vc_row full_width=&#8221;stretch_row&#8221; equal_height=&#8221;yes&#8221; css=&#8221;.vc_custom_1707231915168{background-color: #00bab3 !important;}&#8221;][vc_column width=&#8221;1\/2&#8243; el_class=&#8221;puntato-bianco&#8221; css=&#8221;.vc_custom_1707239671058{padding-top: 0px !important;}&#8221;][vc_column_text]<\/p>\n<ul>\n<li>Temel \u00f6l\u00e7\u00fcm panosu a\u015fa\u011f\u0131dakilerden olu\u015fur: HTML5 Energyaware teknolojisini temel alan yaz\u0131l\u0131ma sahip Veri Y\u00f6neticisi, harici TA&#8217;lara sahip 2 trifaze \u00f6l\u00e7\u00fcm noktas\u0131, art\u0131 \u00e7al\u0131\u015fmas\u0131 ve sertifikaland\u0131r\u0131lmas\u0131 i\u00e7in gereken t\u00fcm bile\u015fenler.<\/li>\n<\/ul>\n<p>[\/vc_column_text][\/vc_column][vc_column width=&#8221;1\/2&#8243; el_class=&#8221;puntato-bianco&#8221; css=&#8221;.vc_custom_1707240047809{padding-top: 0px !important;}&#8221;][vc_column_text]<\/p>\n<ul>\n<li>Geni\u015fletme panosu a\u015fa\u011f\u0131dakilerden olu\u015fur: Harici TA&#8217;lara sahip 3 trifaze \u00f6l\u00e7\u00fcm noktas\u0131 ile \u00e7al\u0131\u015fmas\u0131 ve sertifikaland\u0131r\u0131lmas\u0131 i\u00e7in gereken t\u00fcm bile\u015fenler.<\/li>\n<li>H\u0131zl\u0131 kurulum.<\/li>\n<\/ul>\n<p>[\/vc_column_text][\/vc_column][\/vc_row][\/vc_section][vc_row][vc_column][vc_empty_space][vc_accordion active_tab=&#8221;false&#8221; collapsible=&#8221;yes&#8221; el_class=&#8221;.accordionSmartMeter&#8221;][vc_accordion_tab title=&#8221;BAS\u0130T KUMANDA \u00d6L\u00c7\u00dcM PANOSU&#8221;][vc_column_text el_class=&#8221;tableDownloadPDF&#8221; css=&#8221;.vc_custom_1487836188414{margin-top: 25px !important;}&#8221;]<a href=\"https:\/\/staging.esa-automation.com\/wp-content\/uploads\/2017\/02\/KIT-ESCO.pdf\" target=\"_blank\" rel=\"noopener noreferrer\">Download PDF<\/a><br \/>\n\n<table id=\"tablepress-139\" class=\"tablepress tablepress-id-139\">\n<thead>\n<tr class=\"row-1\">\n\t<th class=\"column-1\">Base Measure Switchboard<\/th><th class=\"column-2\">EW8BX2x0xxx<\/th>\n<\/tr>\n<\/thead>\n<tbody class=\"row-striping row-hover\">\n<tr class=\"row-2\">\n\t<td class=\"column-1\">Number of EW900<\/td><td class=\"column-2\">1<\/td>\n<\/tr>\n<tr class=\"row-3\">\n\t<td class=\"column-1\">Number of EW800x<\/td><td class=\"column-2\">2<\/td>\n<\/tr>\n<tr class=\"row-4\">\n\t<td class=\"column-1\">Voltage circuit protection<\/td><td class=\"column-2\">Through fuses<\/td>\n<\/tr>\n<tr class=\"row-5\">\n\t<td class=\"column-1\">I\/O terminal blocks for EW900<\/td><td class=\"column-2\">3x input, 3 x output<\/td>\n<\/tr>\n<tr class=\"row-6\">\n\t<td class=\"column-1\">Structure<\/td><td class=\"column-2\">Wall mount box with transparent door<\/td>\n<\/tr>\n<tr class=\"row-7\">\n\t<td class=\"column-1\">Type<\/td><td class=\"column-2\">BOCCHIOTTI PABLO<\/td>\n<\/tr>\n<tr class=\"row-8\">\n\t<td class=\"column-1\">Nominal working voltage<\/td><td class=\"column-2\">400 Vac<\/td>\n<\/tr>\n<tr class=\"row-9\">\n\t<td class=\"column-1\">Auxiliary circuitry nominal voltage<\/td><td class=\"column-2\">100\u00f7230Vac (L-N) for EW800<br \/>\n230Vac\/24Vdc (L-N) internal for EW900<br \/>\n<\/td>\n<\/tr>\n<tr class=\"row-10\">\n\t<td class=\"column-1\">Nominal frequency<\/td><td class=\"column-2\">50 Hz<\/td>\n<\/tr>\n<tr class=\"row-11\">\n\t<td class=\"column-1\">Overtemperature<\/td><td class=\"column-2\">< 25 \u00b0C<\/td>\n<\/tr>\n<tr class=\"row-12\">\n\t<td class=\"column-1\">Conditional short-circuit resistance<\/td><td class=\"column-2\">6 kA<\/td>\n<\/tr>\n<tr class=\"row-13\">\n\t<td class=\"column-1\">Measures for protection against direct contact <\/td><td class=\"column-2\">By means of enclosure<\/td>\n<\/tr>\n<tr class=\"row-14\">\n\t<td class=\"column-1\">Measures for protection against indirect contact <\/td><td class=\"column-2\">By means of Class II components<\/td>\n<\/tr>\n<tr class=\"row-15\">\n\t<td class=\"column-1\">Degree of protection <\/td><td class=\"column-2\">IP 40<\/td>\n<\/tr>\n<tr class=\"row-16\">\n\t<td class=\"column-1\">Installation requirements<\/td><td class=\"column-2\">Wall mount<\/td>\n<\/tr>\n<tr class=\"row-17\">\n\t<td class=\"column-1\">Dimensions (h x w x d) <\/td><td class=\"column-2\">450 x 408 x 135 mm<\/td>\n<\/tr>\n<tr class=\"row-18\">\n\t<td class=\"column-1\">Material<\/td><td class=\"column-2\">Isolating<\/td>\n<\/tr>\n<tr class=\"row-19\">\n\t<td class=\"column-1\">Color<\/td><td class=\"column-2\">White RAL 9001<\/td>\n<\/tr>\n<\/tbody>\n<\/table>\n<!-- #tablepress-139 from cache -->[\/vc_column_text][\/vc_accordion_tab][vc_accordion_tab title=&#8221;HAR\u0130C\u0130 KUMANDA PANOSU&#8221;][vc_column_text el_class=&#8221;tableDownloadPDF&#8221; css=&#8221;.vc_custom_1487836258312{margin-top: 25px !important;}&#8221;]<a href=\"https:\/\/staging.esa-automation.com\/wp-content\/uploads\/2017\/02\/KIT-ESCO.pdf\" target=\"_blank\" rel=\"noopener noreferrer\">Download PDF<\/a><br \/>\n\n<table id=\"tablepress-140\" class=\"tablepress tablepress-id-140\">\n<thead>\n<tr class=\"row-1\">\n\t<th class=\"column-1\">Extension Switchboard<\/th><th class=\"column-2\">EW8BX3x0xxx<\/th>\n<\/tr>\n<\/thead>\n<tbody class=\"row-striping row-hover\">\n<tr class=\"row-2\">\n\t<td class=\"column-1\">Number of EW900<\/td><td class=\"column-2\">0<\/td>\n<\/tr>\n<tr class=\"row-3\">\n\t<td class=\"column-1\">Number of EW800x<\/td><td class=\"column-2\">3<\/td>\n<\/tr>\n<tr class=\"row-4\">\n\t<td class=\"column-1\">Voltage circuit protection<\/td><td class=\"column-2\">Through fuses<\/td>\n<\/tr>\n<tr class=\"row-5\">\n\t<td class=\"column-1\">Structure<\/td><td class=\"column-2\">Wall mount box with transparent door<\/td>\n<\/tr>\n<tr class=\"row-6\">\n\t<td class=\"column-1\">Type<\/td><td class=\"column-2\">BOCCHIOTTI PABLO<\/td>\n<\/tr>\n<tr class=\"row-7\">\n\t<td class=\"column-1\">Nominal working voltage<\/td><td class=\"column-2\">400 Vac<\/td>\n<\/tr>\n<tr class=\"row-8\">\n\t<td class=\"column-1\">Auxiliary circuitry nominal voltage<\/td><td class=\"column-2\">100\u00f7230Vac (L-N) for EW800<\/td>\n<\/tr>\n<tr class=\"row-9\">\n\t<td class=\"column-1\">Nominal frequency<\/td><td class=\"column-2\">50 Hz<\/td>\n<\/tr>\n<tr class=\"row-10\">\n\t<td class=\"column-1\">Overtemperature<\/td><td class=\"column-2\">< 25 \u00b0C<\/td>\n<\/tr>\n<tr class=\"row-11\">\n\t<td class=\"column-1\">Conditional short-circuit resistance<\/td><td class=\"column-2\">6 kA<\/td>\n<\/tr>\n<tr class=\"row-12\">\n\t<td class=\"column-1\">Measures for protection against direct contact <\/td><td class=\"column-2\">By means of enclosure<\/td>\n<\/tr>\n<tr class=\"row-13\">\n\t<td class=\"column-1\">Measures for protection against indirect contact <\/td><td class=\"column-2\">By means of Class II components<\/td>\n<\/tr>\n<tr class=\"row-14\">\n\t<td class=\"column-1\">Degree of protection <\/td><td class=\"column-2\">IP 40<\/td>\n<\/tr>\n<tr class=\"row-15\">\n\t<td class=\"column-1\">Installation requirements<\/td><td class=\"column-2\">Wall mount<\/td>\n<\/tr>\n<tr class=\"row-16\">\n\t<td class=\"column-1\">Dimensions (h x w x d) <\/td><td class=\"column-2\">400x300x113 mm<\/td>\n<\/tr>\n<tr class=\"row-17\">\n\t<td class=\"column-1\">Material<\/td><td class=\"column-2\">Isolating<\/td>\n<\/tr>\n<tr class=\"row-18\">\n\t<td class=\"column-1\">Color<\/td><td class=\"column-2\">White RAL 9001<\/td>\n<\/tr>\n<\/tbody>\n<\/table>\n<!-- #tablepress-140 from cache -->[\/vc_column_text][\/vc_accordion_tab][vc_accordion_tab title=&#8221;S\u0130PAR\u0130\u015e KODLARI&#8221;][vc_column_text el_class=&#8221;tableDownloadPDF&#8221; css=&#8221;.vc_custom_1468314405865{margin-top: 25px !important;}&#8221;]<a href=\"https:\/\/staging.esa-automation.com\/wp-content\/uploads\/2016\/07\/TABELLA-EW8BX_en.pdf\" target=\"_blank\" rel=\"noopener noreferrer\">Download PDF<\/a><br \/>\n\n<table id=\"tablepress-123\" class=\"tablepress tablepress-id-123\">\n<thead>\n<tr class=\"row-1\">\n\t<th class=\"column-1\">CODES<\/th><th class=\"column-2\">DESCRIPTION<\/th>\n<\/tr>\n<\/thead>\n<tbody class=\"row-striping row-hover\">\n<tr class=\"row-2\">\n\t<td class=\"column-1\"><\/td><td class=\"column-2\"><\/td>\n<\/tr>\n<tr class=\"row-3\">\n\t<td class=\"column-1\">EW8BX2A0A33<\/td><td class=\"column-2\">Electrical switchboard prepared and configured with: 1 DataManager (1 LAN, 1 RS485 , 1 USB, 3 I\/Os) with preinstalled EnergyAware basic software, 2 DTM base (energy meters with external TA), power supply, 3PN fuse switch disconnector, terminal blocks for DataManager I\/Os<\/td>\n<\/tr>\n<tr class=\"row-4\">\n\t<td class=\"column-1\">EW8BX2D0A33<\/td><td class=\"column-2\">Electrical switchboard prepared and configured with: 1 DataManager (1 LAN, 1 RS485 , 1 USB, 3 I\/Os) with preinstalled EnergyAware basic software, 2 DRM base (energy meters with external Rogowski coil), power supply, 3PN fuse switch disconnector, terminal blocks for DataManager I\/Os<\/td>\n<\/tr>\n<tr class=\"row-5\">\n\t<td class=\"column-1\">EW8BX2A0D33<\/td><td class=\"column-2\">Electrical switchboard prepared and configured with: 1 DataManager (3 LANs, 1 RS485, 1 RF868, 1 USB, 3 I\/Os) with preinstalled EnergyAware basic software, 2 DTM base (energy meters with external TA), power supply, 3PN fuse switch disconnector, terminal blocks for DataManager I\/Os<\/td>\n<\/tr>\n<tr class=\"row-6\">\n\t<td class=\"column-1\">EW8BX2D0D33<\/td><td class=\"column-2\">Electrical switchboard prepared and configured with: 1 DataManager (3 LANs, 1 RS485, 1 RF868, 1 USB, 3 I\/Os) with preinstalled EnergyAware basic software, 2 DRM base (energy meters with external Rogowski coil), power supply, 3PN fuse switch disconnector, terminal blocks for DataManager I\/Os<\/td>\n<\/tr>\n<tr class=\"row-7\">\n\t<td class=\"column-1\">EW8BX2A0B33<\/td><td class=\"column-2\">Electrical switchboard prepared and configured with: 1 DataManager (1 3G interface, 1 LAN, 1 RS485 , 1 USB, 3I\/Os) with preinstalled EnergyAware basic software, 2 DTM base (energy meters with external TA), power supply, 3PN fuse switch disconnector, terminal blocks for DataManager I\/Os <\/td>\n<\/tr>\n<tr class=\"row-8\">\n\t<td class=\"column-1\">EW8BX2D0B33<\/td><td class=\"column-2\">Electrical switchboard prepared and configured with: 1 DataManager (1 3G interface, 1 LAN, 1 RS485 , 1 USB, 3I\/Os) with preinstalled EnergyAware basic software, 2 DRM base (energy meters with external Rogowski coil), power supply, 3PN fuse switch disconnector, terminal blocks for DataManager I\/Os <\/td>\n<\/tr>\n<tr class=\"row-9\">\n\t<td class=\"column-1\">EW8BX2A0C33<\/td><td class=\"column-2\">Electrical switchboard prepared and configured with: 1 DataManager (1 WiFi, 1 LAN, 1 RS485 , 1 USB, 3I\/Os) with preinstalled EnergyAware basic software, 2 DTM base (energy meters with external TA), power supply, 3PN fuse switch disconnector, terminal blocks for DataManager I\/Os<\/td>\n<\/tr>\n<tr class=\"row-10\">\n\t<td class=\"column-1\">EW8BX3A0000<\/td><td class=\"column-2\">Electrical switchboard prepared and configured with: 3 DTM base (energy meters with external TA), 3PN fuse switch disconnector<\/td>\n<\/tr>\n<tr class=\"row-11\">\n\t<td class=\"column-1\">EW8BX3D0000<\/td><td class=\"column-2\">Electrical switchboard prepared and configured with: 3 DRM base (energy meters with external Rogowski coil), 3PN fuse switch disconnector<\/td>\n<\/tr>\n<tr class=\"row-12\">\n\t<td class=\"column-1\">EW8BX3C0000<\/td><td class=\"column-2\">Electrical switchboard prepared and configured with: 3 DTM base (energy meters with external TA and RF868), 3PN fuse switch disconnector<\/td>\n<\/tr>\n<tr class=\"row-13\">\n\t<td class=\"column-1\">EW8BX3E0000<\/td><td class=\"column-2\">Electrical switchboard prepared and configured with: 3 DRM base (energy meters with external Rogowski and RF868), 3PN fuse switch disconnector<\/td>\n<\/tr>\n<tr class=\"row-14\">\n\t<td class=\"column-1\">EW8BX3F0000<\/td><td class=\"column-2\">Electrical switchboard prepared and configured with: 1 DTM  (energy meters with external CTs and RF868), 2 DTM  (energy meters with external CTs and RS485), 3PN fuse switch disconnector<\/td>\n<\/tr>\n<tr class=\"row-15\">\n\t<td class=\"column-1\">EW8BX2B0A33<\/td><td class=\"column-2\">Electrical switchboard prepared and configured with: 1 DataManager (1 LAN, 1 RS485 , 1 USB, 3 I\/Os) with preinstalled EnergyAware basic software, 2 DTM with 2 I\/Os (energy meters with external TA), power supply, 3PN fuse switch disconnector, terminal blocks for DataManager I\/Os<\/td>\n<\/tr>\n<tr class=\"row-16\">\n\t<td class=\"column-1\">EW8BX2B0B33<\/td><td class=\"column-2\">Electrical switchboard prepared and configured with: 1 DataManager (1 3G interface, 1 LAN, 1 RS485 , 1 USB, 3I\/Os) with preinstalled EnergyAware basic software, 2 DTM with 2 I\/Os (energy meters with external TA), power supply, 3PN fuse switch disconnector, terminal blocks for DataManager I\/Os <\/td>\n<\/tr>\n<tr class=\"row-17\">\n\t<td class=\"column-1\">EW8BX2B0C33<\/td><td class=\"column-2\">Electrical switchboard prepared and configured with: 1 DataManager (1 WiFi, 1 LAN, 1 RS485 , 1 USB, 3I\/Os) with preinstalled EnergyAware basic software, 2 DTM with 2 I\/Os (energy meters with external TA), power supply, 3PN fuse switch disconnector, terminal blocks for DataManager I\/Os<\/td>\n<\/tr>\n<tr class=\"row-18\">\n\t<td class=\"column-1\">EW8BX2D0E33<\/td><td class=\"column-2\">Electrical switchboard prepared and configured with: 1 DataManager (1 WiFi, 3G, 3 LANs, 1 RS485 , 1 USB, 3I\/Os) with preinstalled EnergyAware basic software, 2 DRM with 2 I\/Os (energy meters with external TA), power supply, 3PN fuse switch disconnector, terminal blocks for DataManager I\/Os<\/td>\n<\/tr>\n<tr class=\"row-19\">\n\t<td class=\"column-1\">EW8BX3B0000<\/td><td class=\"column-2\">Electrical switchboard prepared and configured with: 3 DTM with 2 I\/Os (energy meters with external TA), 3PN fuse switch disconnector<\/td>\n<\/tr>\n<\/tbody>\n<\/table>\n<!-- #tablepress-123 from cache -->[\/vc_column_text][\/vc_accordion_tab][\/vc_accordion][vc_empty_space height=&#8221;40px&#8221;][\/vc_column][\/vc_row]<\/p>\n<\/div>","protected":false},"excerpt":{"rendered":"<p>Kapsaml\u0131 Enerji \u0130zleme Sistemi<\/p>\n","protected":false},"author":4,"featured_media":17601,"parent":989,"menu_order":98,"comment_status":"open","ping_status":"closed","template":"tmpprodotti.php","meta":{"_acf_changed":false,"footnotes":""},"tags":[32,114,21],"class_list":["post-3268","page","type-page","status-publish","has-post-thumbnail","hentry","tag-ew900","tag-kit-esco-prodotti","tag-prodotti"],"acf":[],"aioseo_notices":[],"_links":{"self":[{"href":"https:\/\/staging.esa-automation.com\/tr\/wp-json\/wp\/v2\/pages\/3268","targetHints":{"allow":["GET"]}}],"collection":[{"href":"https:\/\/staging.esa-automation.com\/tr\/wp-json\/wp\/v2\/pages"}],"about":[{"href":"https:\/\/staging.esa-automation.com\/tr\/wp-json\/wp\/v2\/types\/page"}],"author":[{"embeddable":true,"href":"https:\/\/staging.esa-automation.com\/tr\/wp-json\/wp\/v2\/users\/4"}],"replies":[{"embeddable":true,"href":"https:\/\/staging.esa-automation.com\/tr\/wp-json\/wp\/v2\/comments?post=3268"}],"version-history":[{"count":0,"href":"https:\/\/staging.esa-automation.com\/tr\/wp-json\/wp\/v2\/pages\/3268\/revisions"}],"up":[{"embeddable":true,"href":"https:\/\/staging.esa-automation.com\/tr\/wp-json\/wp\/v2\/pages\/989"}],"wp:featuredmedia":[{"embeddable":true,"href":"https:\/\/staging.esa-automation.com\/tr\/wp-json\/wp\/v2\/media\/17601"}],"wp:attachment":[{"href":"https:\/\/staging.esa-automation.com\/tr\/wp-json\/wp\/v2\/media?parent=3268"}],"wp:term":[{"taxonomy":"post_tag","embeddable":true,"href":"https:\/\/staging.esa-automation.com\/tr\/wp-json\/wp\/v2\/tags?post=3268"}],"curies":[{"name":"wp","href":"https:\/\/api.w.org\/{rel}","templated":true}]}}