{"id":36380,"date":"2025-06-24T17:18:27","date_gmt":"2025-06-24T15:18:27","guid":{"rendered":"https:\/\/staging.esa-automation.com\/it\/?page_id=36380"},"modified":"2025-06-24T17:18:27","modified_gmt":"2025-06-24T15:18:27","slug":"industrial-switch-2-2-2-2","status":"publish","type":"page","link":"https:\/\/staging.esa-automation.com\/tr\/urunlerimiz\/vesa\/esnek-kablo-gecis-kilifi-2\/","title":{"rendered":"Esnek Kablo Ge\u00e7i\u015f K\u0131l\u0131f\u0131"},"content":{"rendered":"<div class=\"wpb-content-wrapper\"><p>[vc_section full_width=&#8221;stretch_row&#8221; css=&#8221;.vc_custom_1710233875963{background-color: #000000 !important;}&#8221;][vc_row][vc_column css=&#8221;.vc_custom_1728921388138{padding-right: 0px !important;padding-left: 0px !important;}&#8221;][vc_single_image image=&#8221;36349&#8243; img_size=&#8221;full&#8221; alignment=&#8221;center&#8221; css_animation=&#8221;fadeIn&#8221; css=&#8221;&#8221; parallax_speed_bg=&#8221;1.2&#8243;][\/vc_column][\/vc_row][\/vc_section][vc_row full_width=&#8221;stretch_row&#8221; equal_height=&#8221;yes&#8221; content_placement=&#8221;middle&#8221; css=&#8221;.vc_custom_1707228003784{background-color: #000000 !important;}&#8221;][vc_column width=&#8221;1\/2&#8243; css=&#8221;.vc_custom_1707228026491{padding-top: 0px !important;padding-right: 0px !important;padding-bottom: 0px !important;padding-left: 0px !important;}&#8221;][vc_column_text css=&#8221;&#8221;]<\/p>\n<h1><span style=\"color: #ffffff;\">Esnek Kablo Ge\u00e7i\u015f K\u0131l\u0131f\u0131<\/span><\/h1>\n<h3><span style=\"color: #ffffff;\">Lumia VESA i\u00e7in Mevcut<\/span><\/h3>\n<p><span style=\"color: #ffffff;\">Kablolar\u0131n ge\u00e7i\u015fi i\u00e7in tasarlanm\u0131\u015f, m\u00fckemmel mekanik \u00f6zelliklere ve y\u00fcksek esnekli\u011fe sahip esnek bir k\u0131l\u0131f. Kablo ge\u00e7i\u015f serisi xxxxxx ile kombinasyon halinde kullan\u0131m ve Lumia VESA serisi \u00fcr\u00fcnlerle entegrasyon i\u00e7in idealdir.<\/span><br \/>\n[\/vc_column_text][\/vc_column][vc_column width=&#8221;1\/2&#8243; el_class=&#8221;puntato-bianco&#8221;][vc_gallery interval=&#8221;3&#8243; images=&#8221;36356,36355,36354,36353,36352&#8243; img_size=&#8221;full&#8221; onclick=&#8221;&#8221; css=&#8221;&#8221;][\/vc_column][\/vc_row][vc_section full_width=&#8221;stretch_row&#8221; css=&#8221;.vc_custom_1707236036063{background-color: #00bab3 !important;}&#8221;][vc_row][vc_column css=&#8221;.vc_custom_1707239661132{margin-bottom: 0px !important;}&#8221;][vc_column_text css=&#8221;.vc_custom_1707240059708{margin-bottom: 0px !important;}&#8221;]<\/p>\n<h1><span style=\"color: #ffffff;\">Features<\/span><\/h1>\n<p>[\/vc_column_text][\/vc_column][\/vc_row][vc_row full_width=&#8221;stretch_row&#8221; equal_height=&#8221;yes&#8221; css=&#8221;.vc_custom_1707231915168{background-color: #00bab3 !important;}&#8221;][vc_column width=&#8221;1\/2&#8243; el_class=&#8221;puntato-bianco&#8221; css=&#8221;.vc_custom_1707239671058{padding-top: 0px !important;}&#8221;][vc_column_text css=&#8221;&#8221;]<\/p>\n<ul>\n<li>Halojen ve kadmiyum i\u00e7ermeyen, y\u00fcksek kaliteli poliamid 6&#8217;dan \u00fcretilmi\u015ftir<\/li>\n<li>Hava ko\u015fullar\u0131na ve UV \u0131\u015f\u0131nlar\u0131na kar\u015f\u0131 iyi diren\u00e7<\/li>\n<li>M\u00fckemmel mekanik dayan\u0131m (bas\u0131n\u00e7 ve darbe)<\/li>\n<li>Kendili\u011finden s\u00f6nen malzeme<\/li>\n<li>Y\u00fcksek s\u0131cakl\u0131klara dayan\u0131kl\u0131<\/li>\n<\/ul>\n<p>[\/vc_column_text][\/vc_column][vc_column width=&#8221;1\/2&#8243; el_class=&#8221;puntato-bianco&#8221; css=&#8221;.vc_custom_1707240047809{padding-top: 0px !important;}&#8221;][vc_column_text css=&#8221;&#8221;]<\/p>\n<ul>\n<li>Nominal \u00e7ap: 36 mm<\/li>\n<li>Koruma derecesi: IP66<\/li>\n<li>UL sertifikas\u0131<\/li>\n<li>D\u0131\u015f di\u015f<\/li>\n<li>Di\u015f \u00f6l\u00e7\u00fcleri: M40 x 1,5<\/li>\n<li>\u00c7\u0131t\u00e7\u0131t ba\u011flant\u0131<\/li>\n<\/ul>\n<p>[\/vc_column_text][\/vc_column][\/vc_row][\/vc_section][vc_row][vc_column][vc_empty_space][vc_empty_space height=&#8221;40px&#8221;][\/vc_column][\/vc_row]<\/p>\n<\/div>","protected":false},"excerpt":{"rendered":"<p>Lumia VESA i\u00e7in<\/p>\n","protected":false},"author":4,"featured_media":36351,"parent":11814,"menu_order":166,"comment_status":"open","ping_status":"closed","template":"tmpprodotti.php","meta":{"_acf_changed":false,"footnotes":""},"tags":[21],"class_list":["post-36380","page","type-page","status-publish","has-post-thumbnail","hentry","tag-prodotti"],"acf":[],"aioseo_notices":[],"_links":{"self":[{"href":"https:\/\/staging.esa-automation.com\/tr\/wp-json\/wp\/v2\/pages\/36380","targetHints":{"allow":["GET"]}}],"collection":[{"href":"https:\/\/staging.esa-automation.com\/tr\/wp-json\/wp\/v2\/pages"}],"about":[{"href":"https:\/\/staging.esa-automation.com\/tr\/wp-json\/wp\/v2\/types\/page"}],"author":[{"embeddable":true,"href":"https:\/\/staging.esa-automation.com\/tr\/wp-json\/wp\/v2\/users\/4"}],"replies":[{"embeddable":true,"href":"https:\/\/staging.esa-automation.com\/tr\/wp-json\/wp\/v2\/comments?post=36380"}],"version-history":[{"count":1,"href":"https:\/\/staging.esa-automation.com\/tr\/wp-json\/wp\/v2\/pages\/36380\/revisions"}],"predecessor-version":[{"id":36381,"href":"https:\/\/staging.esa-automation.com\/tr\/wp-json\/wp\/v2\/pages\/36380\/revisions\/36381"}],"up":[{"embeddable":true,"href":"https:\/\/staging.esa-automation.com\/tr\/wp-json\/wp\/v2\/pages\/11814"}],"wp:featuredmedia":[{"embeddable":true,"href":"https:\/\/staging.esa-automation.com\/tr\/wp-json\/wp\/v2\/media\/36351"}],"wp:attachment":[{"href":"https:\/\/staging.esa-automation.com\/tr\/wp-json\/wp\/v2\/media?parent=36380"}],"wp:term":[{"taxonomy":"post_tag","embeddable":true,"href":"https:\/\/staging.esa-automation.com\/tr\/wp-json\/wp\/v2\/tags?post=36380"}],"curies":[{"name":"wp","href":"https:\/\/api.w.org\/{rel}","templated":true}]}}