{"id":36402,"date":"2025-06-30T11:01:28","date_gmt":"2025-06-30T09:01:28","guid":{"rendered":"https:\/\/staging.esa-automation.com\/it\/?page_id=36402"},"modified":"2025-06-30T11:01:28","modified_gmt":"2025-06-30T09:01:28","slug":"industrial-switch-2-2-2-2-2","status":"publish","type":"page","link":"https:\/\/staging.esa-automation.com\/tr\/urunlerimiz\/vesa\/masa-standi-2\/","title":{"rendered":"Masa Stand\u0131"},"content":{"rendered":"<div class=\"wpb-content-wrapper\"><p>[vc_section full_width=&#8221;stretch_row&#8221; css=&#8221;.vc_custom_1710233875963{background-color: #000000 !important;}&#8221;][vc_row][vc_column css=&#8221;.vc_custom_1728921388138{padding-right: 0px !important;padding-left: 0px !important;}&#8221;][vc_single_image image=&#8221;36393&#8243; img_size=&#8221;full&#8221; alignment=&#8221;center&#8221; css_animation=&#8221;fadeIn&#8221; css=&#8221;&#8221; parallax_speed_bg=&#8221;1.2&#8243;][\/vc_column][\/vc_row][\/vc_section][vc_row full_width=&#8221;stretch_row&#8221; equal_height=&#8221;yes&#8221; content_placement=&#8221;middle&#8221; css=&#8221;.vc_custom_1707228003784{background-color: #000000 !important;}&#8221;][vc_column width=&#8221;1\/2&#8243; css=&#8221;.vc_custom_1707228026491{padding-top: 0px !important;padding-right: 0px !important;padding-bottom: 0px !important;padding-left: 0px !important;}&#8221;][vc_column_text css=&#8221;&#8221;]<\/p>\n<h1><span style=\"color: #ffffff;\">Masa Stand\u0131<\/span><\/h1>\n<h3><span style=\"color: #ffffff;\">Lumia VESA i\u00e7in Uygun<\/span><\/h3>\n<p><span style=\"color: #ffffff;\">Lumia VESA serisi \u00fcr\u00fcnler i\u00e7in tasarlanm\u0131\u015f masa stand\u0131, Lumia serisinin sa\u011flaml\u0131k ve koruma \u00f6zelliklerini koruyarak bir masa \u00e7al\u0131\u015fma istasyonu olu\u015fturmak amac\u0131yla geli\u015ftirilmi\u015ftir.<br \/>\nStand, kablo y\u00f6netimini ve ek Ethernet veya USB portlar\u0131n\u0131n yerle\u015ftirilmesi i\u00e7in iki 22 mm yuvas\u0131n\u0131 entegre eder.<br \/>\n<\/span><br \/>\n[\/vc_column_text][\/vc_column][vc_column width=&#8221;1\/2&#8243; el_class=&#8221;puntato-bianco&#8221;][vc_gallery interval=&#8221;3&#8243; images=&#8221;36399,36398,36397,36396,36395,36394&#8243; img_size=&#8221;full&#8221; onclick=&#8221;&#8221; css=&#8221;&#8221;][\/vc_column][\/vc_row][vc_section full_width=&#8221;stretch_row&#8221; css=&#8221;.vc_custom_1707236036063{background-color: #00bab3 !important;}&#8221;][vc_row][vc_column css=&#8221;.vc_custom_1707239661132{margin-bottom: 0px !important;}&#8221;][vc_column_text css=&#8221;.vc_custom_1707240059708{margin-bottom: 0px !important;}&#8221;]<\/p>\n<h1><span style=\"color: #ffffff;\">Features<\/span><\/h1>\n<p>[\/vc_column_text][\/vc_column][\/vc_row][vc_row full_width=&#8221;stretch_row&#8221; equal_height=&#8221;yes&#8221; css=&#8221;.vc_custom_1707231915168{background-color: #00bab3 !important;}&#8221;][vc_column width=&#8221;1\/2&#8243; el_class=&#8221;puntato-bianco&#8221; css=&#8221;.vc_custom_1707239671058{padding-top: 0px !important;}&#8221;][vc_column_text css=&#8221;&#8221;]<\/p>\n<ul>\n<li>\u00dcr\u00fcn e\u011fimi:\u00a030\u00b0<\/li>\n<li>2 adet \u00d822 mm yuva:\u00a0konekt\u00f6rler\/d\u00fc\u011fmeler i\u00e7in<\/li>\n<li>Arka kapak:\u00a0kablo ge\u00e7i\u015fini gizlemek i\u00e7in<\/li>\n<li>Kapakta \u00d840 mm delik:\u00a0rakorlar ve k\u0131l\u0131flar i\u00e7in<\/li>\n<\/ul>\n<p>[\/vc_column_text][\/vc_column][vc_column width=&#8221;1\/2&#8243; el_class=&#8221;puntato-bianco&#8221; css=&#8221;.vc_custom_1707240047809{padding-top: 0px !important;}&#8221;][vc_column_text css=&#8221;&#8221;]<\/p>\n<ul>\n<li>Tabanda \u00d850 mm delik:\u00a0kablolar\u0131n alt k\u0131sma ge\u00e7i\u015fi i\u00e7in<\/li>\n<li>Malzeme:\u00a0SPCC \u00e7elik<\/li>\n<li>Koruma derecesi:\u00a0IP20<\/li>\n<\/ul>\n<p>[\/vc_column_text][\/vc_column][\/vc_row][\/vc_section][vc_row][vc_column][vc_empty_space][vc_empty_space height=&#8221;40px&#8221;][\/vc_column][\/vc_row]<\/p>\n<\/div>","protected":false},"excerpt":{"rendered":"<p>Lumia VESA i\u00e7in<\/p>\n","protected":false},"author":4,"featured_media":36400,"parent":11814,"menu_order":159,"comment_status":"open","ping_status":"closed","template":"tmpprodotti.php","meta":{"_acf_changed":false,"footnotes":""},"tags":[21],"class_list":["post-36402","page","type-page","status-publish","has-post-thumbnail","hentry","tag-prodotti"],"acf":[],"aioseo_notices":[],"_links":{"self":[{"href":"https:\/\/staging.esa-automation.com\/tr\/wp-json\/wp\/v2\/pages\/36402","targetHints":{"allow":["GET"]}}],"collection":[{"href":"https:\/\/staging.esa-automation.com\/tr\/wp-json\/wp\/v2\/pages"}],"about":[{"href":"https:\/\/staging.esa-automation.com\/tr\/wp-json\/wp\/v2\/types\/page"}],"author":[{"embeddable":true,"href":"https:\/\/staging.esa-automation.com\/tr\/wp-json\/wp\/v2\/users\/4"}],"replies":[{"embeddable":true,"href":"https:\/\/staging.esa-automation.com\/tr\/wp-json\/wp\/v2\/comments?post=36402"}],"version-history":[{"count":1,"href":"https:\/\/staging.esa-automation.com\/tr\/wp-json\/wp\/v2\/pages\/36402\/revisions"}],"predecessor-version":[{"id":36403,"href":"https:\/\/staging.esa-automation.com\/tr\/wp-json\/wp\/v2\/pages\/36402\/revisions\/36403"}],"up":[{"embeddable":true,"href":"https:\/\/staging.esa-automation.com\/tr\/wp-json\/wp\/v2\/pages\/11814"}],"wp:featuredmedia":[{"embeddable":true,"href":"https:\/\/staging.esa-automation.com\/tr\/wp-json\/wp\/v2\/media\/36400"}],"wp:attachment":[{"href":"https:\/\/staging.esa-automation.com\/tr\/wp-json\/wp\/v2\/media?parent=36402"}],"wp:term":[{"taxonomy":"post_tag","embeddable":true,"href":"https:\/\/staging.esa-automation.com\/tr\/wp-json\/wp\/v2\/tags?post=36402"}],"curies":[{"name":"wp","href":"https:\/\/api.w.org\/{rel}","templated":true}]}}